{"id":17738,"date":"2025-10-03T15:58:36","date_gmt":"2025-10-03T15:58:36","guid":{"rendered":"https:\/\/orkza.com\/product\/starfield-steam-account\/"},"modified":"2026-02-26T06:12:29","modified_gmt":"2026-02-26T06:12:29","slug":"starfield-steam-account","status":"publish","type":"product","link":"https:\/\/orkza.com\/de\/produkt\/starfield-steam-account\/","title":{"rendered":"Starfield Steam-Account"},"content":{"rendered":"<h2 data-start=\"157\" data-end=\"220\"><strong data-start=\"161\" data-end=\"220\">Starfield Steam-Account \u2013 Erkunden Sie die Weiten des Weltraums<\/strong><\/h2>\n<p class=\"\" data-start=\"222\" data-end=\"462\">Schalten Sie <a href=\"https:\/\/store.steampowered.com\/app\/1716740\/Starfield\/\" target=\"_blank\" rel=\"noopener\"><em data-start=\"229\" data-end=\"240\">Starfield<\/em><\/a> mit unserem Steam-Account frei und begeben Sie sich auf ein episches Weltraum-RPG von den Machern von Skyrim und Fallout 4. Im 24. Jahrhundert schlie\u00dfen Sie sich Constellation an \u2013 der letzten Gruppe von Weltraumerforschern \u2013 w\u00e4hrend die Menschheit nach den Sternen greift. <\/p>\n<h3 data-start=\"464\" data-end=\"502\"><strong data-start=\"469\" data-end=\"502\">Ein riesiges Universum zum Erkunden<\/strong><\/h3>\n<p class=\"\" data-start=\"504\" data-end=\"681\">Bereisen Sie \u00fcber 1.000 Planeten in mehr als 100 Sternensystemen. Landen Sie \u00fcberall, bauen Sie Ressourcen ab, interagieren Sie mit au\u00dferirdischen Zivilisationen und entdecken Sie Geheimnisse in der gesamten Galaxie. <\/p>\n<h3 data-start=\"683\" data-end=\"733\"><strong data-start=\"688\" data-end=\"733\">Anpassbare Raumschiffe und umfangreiches Crafting<\/strong><\/h3>\n<p class=\"\" data-start=\"735\" data-end=\"905\">Bauen, verbessern und steuern Sie Ihr eigenes Raumschiff. Passen Sie Module, Waffen, Triebwerke und Crew an. Nehmen Sie an Weltraumk\u00e4mpfen in der Schwerelosigkeit teil oder erkunden Sie verlassene Raumstationen nach Beute.  <\/p>\n<h3 data-start=\"907\" data-end=\"943\"><strong data-start=\"912\" data-end=\"943\">Packende Story und RPG-Elemente<\/strong><\/h3>\n<p class=\"\" data-start=\"945\" data-end=\"1118\">Erstellen Sie Ihren eigenen Charakter und treffen Sie Entscheidungen, die die Geschichte pr\u00e4gen. Steigen Sie auf, spezialisieren Sie sich auf F\u00e4higkeiten, treten Sie Fraktionen bei und navigieren Sie durch moralische Dilemmata, w\u00e4hrend Sie Ihr Verm\u00e4chtnis im Weltraum schmieden. <\/p>\n<h3>So nutzen Sie Ihren Starfield Steam-Account<\/h3>\n<p><img decoding=\"async\" class=\"alignnone wp-image-3511\" src=\"https:\/\/orkza.com\/wp-content\/uploads\/2024\/10\/STEAM-ACTIVATION-GUIDE-400x225.jpg\" alt=\"\" width=\"804\" height=\"453\" title=\"\" srcset=\"https:\/\/orkza.com\/wp-content\/uploads\/2024\/10\/STEAM-ACTIVATION-GUIDE-400x225.jpg 400w, https:\/\/orkza.com\/wp-content\/uploads\/2024\/10\/STEAM-ACTIVATION-GUIDE-430x242.jpg 430w, https:\/\/orkza.com\/wp-content\/uploads\/2024\/10\/STEAM-ACTIVATION-GUIDE-150x84.jpg 150w, https:\/\/orkza.com\/wp-content\/uploads\/2024\/10\/STEAM-ACTIVATION-GUIDE-700x394.jpg 700w, https:\/\/orkza.com\/wp-content\/uploads\/2024\/10\/STEAM-ACTIVATION-GUIDE-768x432.jpg 768w, https:\/\/orkza.com\/wp-content\/uploads\/2024\/10\/STEAM-ACTIVATION-GUIDE.jpg 1280w\" sizes=\"(max-width: 804px) 100vw, 804px\" \/><\/p>\n<p>Melde dich nach dem Kauf auf deinem PC mit dem bereitgestellten Steam-Konto an. Sobald du angemeldet bist, navigiere zu deiner Bibliothek, installiere das Spiel und klicke auf den Play-Button.  Nach ein paar Minuten beende das Spiel und schalte Steam in den Offline-Modus \u2013 und schon bist du bereit f\u00fcr stundenlangen, aufregenden Spielspa\u00df!<\/p>\n<p>F\u00fcr einen umfassenden Einrichtungsprozess lesen Sie bitte unsere <a href=\"https:\/\/orkza.com\/de\/steam-account-activation-guide\/\" target=\"_blank\" rel=\"noopener\">vollst\u00e4ndige Aktivierungsanleitung<\/a><\/p>\n<h3 data-start=\"1120\" data-end=\"1156\"><strong data-start=\"1125\" data-end=\"1156\">Minimale Systemanforderungen<\/strong><\/h3>\n<ul data-start=\"1158\" data-end=\"1338\">\n<li class=\"\" data-start=\"1158\" data-end=\"1185\">\n<p class=\"\" data-start=\"1160\" data-end=\"1185\">Betriebssystem: Windows 10 (64-Bit)<\/p>\n<\/li>\n<li class=\"\" data-start=\"1186\" data-end=\"1240\">\n<p class=\"\" data-start=\"1188\" data-end=\"1240\">Prozessor: AMD Ryzen 5 2600X \/ Intel Core i7-6800K<\/p>\n<\/li>\n<li class=\"\" data-start=\"1241\" data-end=\"1262\">\n<p class=\"\" data-start=\"1243\" data-end=\"1262\">Arbeitsspeicher: 16 GB RAM<\/p>\n<\/li>\n<li class=\"\" data-start=\"1263\" data-end=\"1316\">\n<p class=\"\" data-start=\"1265\" data-end=\"1316\">Grafik: AMD Radeon RX 5700 \/ NVIDIA GTX 1070 Ti<\/p>\n<\/li>\n<li class=\"\" data-start=\"1317\" data-end=\"1338\">\n<p class=\"\" data-start=\"1319\" data-end=\"1338\">Speicher: 125 GB SSD<\/p>\n<\/li>\n<\/ul>\n<h3 data-start=\"1340\" data-end=\"1380\"><strong data-start=\"1345\" data-end=\"1380\">Empfohlene Systemanforderungen<\/strong><\/h3>\n<ul data-start=\"1382\" data-end=\"1566\">\n<li class=\"\" data-start=\"1382\" data-end=\"1412\">\n<p class=\"\" data-start=\"1384\" data-end=\"1412\">OS: Windows 10\/11 (64-Bit)<\/p>\n<\/li>\n<li class=\"\" data-start=\"1413\" data-end=\"1468\">\n<p class=\"\" data-start=\"1415\" data-end=\"1468\">Prozessor: AMD Ryzen 5 3600X \/ Intel Core i5-10600K<\/p>\n<\/li>\n<li class=\"\" data-start=\"1469\" data-end=\"1490\">\n<p class=\"\" data-start=\"1471\" data-end=\"1490\">Arbeitsspeicher: 16 GB RAM<\/p>\n<\/li>\n<li class=\"\" data-start=\"1491\" data-end=\"1544\">\n<p class=\"\" data-start=\"1493\" data-end=\"1544\">Grafik: AMD Radeon RX 6800 XT \/ NVIDIA RTX 2080<\/p>\n<\/li>\n<li class=\"\" data-start=\"1545\" data-end=\"1566\">\n<p class=\"\" data-start=\"1547\" data-end=\"1566\">Speicher: 125 GB SSD<\/p>\n<\/li>\n<\/ul>\n<p>Entdecken Sie unsere neuesten <a href=\"https:\/\/orkza.com\/de\/produkt-kategorie\/pc-spiele\/\" target=\"_blank\" rel=\"noopener\">Spiel-Accounts<\/a><\/p>\n","protected":false},"excerpt":{"rendered":"<p>Erkunden Sie \u00fcber 1.000 Planeten, bauen Sie Ihr Schiff und gestalten Sie die Zukunft der Menschheit in diesem epischen Weltraum-RPG \u2013 verf\u00fcgbar mit unserem Steam-Account.<\/p>\n<p><img decoding=\"async\" class=\"alignnone wp-image-3526\" src=\"https:\/\/orkza.com\/wp-content\/uploads\/2024\/10\/Steam-Account-Notice-min-300x300.png\" alt=\"\" width=\"45\" height=\"45\" srcset=\"https:\/\/orkza.com\/wp-content\/uploads\/2024\/10\/Steam-Account-Notice-min-300x300.png 300w, https:\/\/orkza.com\/wp-content\/uploads\/2024\/10\/Steam-Account-Notice-min-scaled-430x430.png 430w, https:\/\/orkza.com\/wp-content\/uploads\/2024\/10\/Steam-Account-Notice-min-150x150.png 150w, https:\/\/orkza.com\/wp-content\/uploads\/2024\/10\/Steam-Account-Notice-min-scaled-700x700.png 700w, https:\/\/orkza.com\/wp-content\/uploads\/2024\/10\/Steam-Account-Notice-min-800x800.png 800w, https:\/\/orkza.com\/wp-content\/uploads\/2024\/10\/Steam-Account-Notice-min-768x768.png 768w, https:\/\/orkza.com\/wp-content\/uploads\/2024\/10\/Steam-Account-Notice-min-1536x1536.png 1536w, https:\/\/orkza.com\/wp-content\/uploads\/2024\/10\/Steam-Account-Notice-min-2048x2048.png 2048w\" sizes=\"(max-width: 45px) 100vw, 45px\" \/><strong>Hinweis: Kontodaten k\u00f6nnen nicht ge\u00e4ndert werden. Dies ist ein Steam-Konto mit lebenslangem Zugriff, nur f\u00fcr Offline-Spiele. <\/strong><\/p>\n","protected":false},"featured_media":17740,"comment_status":"open","ping_status":"closed","template":"","meta":[],"product_brand":[],"product_cat":[219],"product_tag":[249],"class_list":{"0":"post-17738","1":"product","2":"type-product","3":"status-publish","4":"has-post-thumbnail","6":"product_cat-rpg","7":"product_tag-steam","9":"first","10":"instock","11":"sale","12":"virtual","13":"purchasable","14":"product-type-simple"},"_links":{"self":[{"href":"https:\/\/orkza.com\/de\/wp-json\/wp\/v2\/product\/17738","targetHints":{"allow":["GET"]}}],"collection":[{"href":"https:\/\/orkza.com\/de\/wp-json\/wp\/v2\/product"}],"about":[{"href":"https:\/\/orkza.com\/de\/wp-json\/wp\/v2\/types\/product"}],"replies":[{"embeddable":true,"href":"https:\/\/orkza.com\/de\/wp-json\/wp\/v2\/comments?post=17738"}],"version-history":[{"count":0,"href":"https:\/\/orkza.com\/de\/wp-json\/wp\/v2\/product\/17738\/revisions"}],"wp:featuredmedia":[{"embeddable":true,"href":"https:\/\/orkza.com\/de\/wp-json\/wp\/v2\/media\/17740"}],"wp:attachment":[{"href":"https:\/\/orkza.com\/de\/wp-json\/wp\/v2\/media?parent=17738"}],"wp:term":[{"taxonomy":"product_brand","embeddable":true,"href":"https:\/\/orkza.com\/de\/wp-json\/wp\/v2\/product_brand?post=17738"},{"taxonomy":"product_cat","embeddable":true,"href":"https:\/\/orkza.com\/de\/wp-json\/wp\/v2\/product_cat?post=17738"},{"taxonomy":"product_tag","embeddable":true,"href":"https:\/\/orkza.com\/de\/wp-json\/wp\/v2\/product_tag?post=17738"}],"curies":[{"name":"wp","href":"https:\/\/api.w.org\/{rel}","templated":true}]}}