{"id":17727,"date":"2025-10-03T15:58:34","date_gmt":"2025-10-03T15:58:34","guid":{"rendered":"https:\/\/orkza.com\/product\/spider-man-remastered-steam-account\/"},"modified":"2026-02-26T06:11:17","modified_gmt":"2026-02-26T06:11:17","slug":"spider-man-remastered-steam-account","status":"publish","type":"product","link":"https:\/\/orkza.com\/de\/produkt\/spider-man-remastered-steam-account\/","title":{"rendered":"Spider-Man Remastered Steam-Account"},"content":{"rendered":"<h2 data-start=\"4349\" data-end=\"4441\"><strong data-start=\"4353\" data-end=\"4441\">Spider-Man Remastered Steam-Account \u2013 Schwingen Sie sich durch das ultimative Superhelden-Abenteuer<\/strong><\/h2>\n<p class=\"\" data-start=\"4443\" data-end=\"4634\">Holen Sie sich <em data-start=\"4447\" data-end=\"4479\">Marvel\u2019s <a href=\"https:\/\/store.steampowered.com\/app\/1817070\/Marvels_SpiderMan_Remastered\/\" target=\"_blank\" rel=\"noopener\">Spider-Man Remastered<\/a><\/em> mit unserem Steam-Account und erleben Sie das von Kritikern gefeierte Open-World-Superheldenspiel, das f\u00fcr PC mit verbesserter Grafik, Leistung und Funktionen neu entwickelt wurde.<\/p>\n<h3 data-start=\"4636\" data-end=\"4678\"><strong data-start=\"4641\" data-end=\"4678\">Fl\u00fcssiges Netzschwingen und Akrobatik<\/strong><\/h3>\n<p class=\"\" data-start=\"4680\" data-end=\"4846\">Durchqueren Sie Manhattan in atemberaubender Detailtreue mit fl\u00fcssiger Netzschwing-Mechanik. Vollf\u00fchren Sie Luftakrobatik, jagen Sie Verbrecher und schwingen Sie mit filmreifem Flair zwischen Wolkenkratzern. <\/p>\n<h3 data-start=\"4848\" data-end=\"4886\"><strong data-start=\"4853\" data-end=\"4886\">Tiefes Kampfsystem und Anpassung<\/strong><\/h3>\n<p class=\"\" data-start=\"4888\" data-end=\"5044\">Bek\u00e4mpfen Sie Gangs, Superschurken und Schl\u00e4ger mit Akrobatik, Gadgets und Umgebungsangriffen. Schalten Sie neue Anz\u00fcge, Upgrades und F\u00e4higkeiten frei, die zu Ihrem Spielstil passen. <\/p>\n<h3 data-start=\"5046\" data-end=\"5083\"><strong data-start=\"5051\" data-end=\"5083\">Tiefgr\u00fcndige Story und Nebenmissionen<\/strong><\/h3>\n<p class=\"\" data-start=\"5085\" data-end=\"5259\">Begleiten Sie Peter Parker, w\u00e4hrend er sein Leben als Superheld mit pers\u00f6nlichen Herausforderungen in einer emotionalen, actiongeladenen Erz\u00e4hlung in Einklang bringt. Schlie\u00dfen Sie Nebenquests ab und sammeln Sie Sammlerst\u00fccke f\u00fcr noch mehr Tiefe. <\/p>\n<h3>So nutzen Sie Ihren Spider-Man Remastered Steam-Account<\/h3>\n<p><img decoding=\"async\" class=\"alignnone wp-image-3511\" src=\"https:\/\/orkza.com\/wp-content\/uploads\/2024\/10\/STEAM-ACTIVATION-GUIDE-400x225.jpg\" alt=\"\" width=\"804\" height=\"453\" title=\"\" srcset=\"https:\/\/orkza.com\/wp-content\/uploads\/2024\/10\/STEAM-ACTIVATION-GUIDE-400x225.jpg 400w, https:\/\/orkza.com\/wp-content\/uploads\/2024\/10\/STEAM-ACTIVATION-GUIDE-430x242.jpg 430w, https:\/\/orkza.com\/wp-content\/uploads\/2024\/10\/STEAM-ACTIVATION-GUIDE-150x84.jpg 150w, https:\/\/orkza.com\/wp-content\/uploads\/2024\/10\/STEAM-ACTIVATION-GUIDE-700x394.jpg 700w, https:\/\/orkza.com\/wp-content\/uploads\/2024\/10\/STEAM-ACTIVATION-GUIDE-768x432.jpg 768w, https:\/\/orkza.com\/wp-content\/uploads\/2024\/10\/STEAM-ACTIVATION-GUIDE.jpg 1280w\" sizes=\"(max-width: 804px) 100vw, 804px\" \/><\/p>\n<p>Melde dich nach dem Kauf auf deinem PC mit dem bereitgestellten Steam-Konto an. Sobald du angemeldet bist, navigiere zu deiner Bibliothek, installiere das Spiel und klicke auf den Play-Button.  Nach ein paar Minuten beende das Spiel und schalte Steam in den Offline-Modus \u2013 und schon bist du bereit f\u00fcr stundenlangen, aufregenden Spielspa\u00df!<\/p>\n<p>F\u00fcr einen umfassenden Einrichtungsprozess lesen Sie bitte unsere <a href=\"https:\/\/orkza.com\/de\/steam-account-activation-guide\/\" target=\"_blank\" rel=\"noopener\">vollst\u00e4ndige Aktivierungsanleitung<\/a><\/p>\n<h3 data-start=\"5261\" data-end=\"5297\"><strong data-start=\"5266\" data-end=\"5297\">Minimale Systemanforderungen<\/strong><\/h3>\n<ul data-start=\"5299\" data-end=\"5468\">\n<li class=\"\" data-start=\"5299\" data-end=\"5326\">\n<p class=\"\" data-start=\"5301\" data-end=\"5326\">Betriebssystem: Windows 10 (64-Bit)<\/p>\n<\/li>\n<li class=\"\" data-start=\"5327\" data-end=\"5377\">\n<p class=\"\" data-start=\"5329\" data-end=\"5377\">Prozessor: Intel Core i3-4160 \/ AMD-\u00c4quivalent<\/p>\n<\/li>\n<li class=\"\" data-start=\"5378\" data-end=\"5398\">\n<p class=\"\" data-start=\"5380\" data-end=\"5398\">Arbeitsspeicher: 8 GB RAM<\/p>\n<\/li>\n<li class=\"\" data-start=\"5399\" data-end=\"5447\">\n<p class=\"\" data-start=\"5401\" data-end=\"5447\">Grafik: NVIDIA GTX 950 \/ AMD Radeon RX 470<\/p>\n<\/li>\n<li class=\"\" data-start=\"5448\" data-end=\"5468\">\n<p class=\"\" data-start=\"5450\" data-end=\"5468\">Speicherplatz: 75 GB SSD<\/p>\n<\/li>\n<\/ul>\n<h3 data-start=\"5470\" data-end=\"5510\"><strong data-start=\"5475\" data-end=\"5510\">Empfohlene Systemanforderungen<\/strong><\/h3>\n<ul data-start=\"5512\" data-end=\"5681\">\n<li class=\"\" data-start=\"5512\" data-end=\"5542\">\n<p class=\"\" data-start=\"5514\" data-end=\"5542\">OS: Windows 10\/11 (64-Bit)<\/p>\n<\/li>\n<li class=\"\" data-start=\"5543\" data-end=\"5595\">\n<p class=\"\" data-start=\"5545\" data-end=\"5595\">Prozessor: Intel Core i5-4670 \/ AMD Ryzen 5 1600<\/p>\n<\/li>\n<li class=\"\" data-start=\"5596\" data-end=\"5617\">\n<p class=\"\" data-start=\"5598\" data-end=\"5617\">Arbeitsspeicher: 16 GB RAM<\/p>\n<\/li>\n<li class=\"\" data-start=\"5618\" data-end=\"5660\">\n<p class=\"\" data-start=\"5620\" data-end=\"5660\">Grafikkarte: NVIDIA GTX 1060 \/ AMD RX 580<\/p>\n<\/li>\n<li class=\"\" data-start=\"5661\" data-end=\"5681\">\n<p class=\"\" data-start=\"5663\" data-end=\"5681\">Speicherplatz: 75 GB SSD<\/p>\n<\/li>\n<\/ul>\n<p>Entdecken Sie unsere neuesten <a href=\"https:\/\/orkza.com\/de\/produkt-kategorie\/pc-spiele\/\" target=\"_blank\" rel=\"noopener\">Spiel-Accounts<\/a><\/p>\n","protected":false},"excerpt":{"rendered":"<p>Schwingen Sie durch NYC, bek\u00e4mpfen Sie ikonische Schurken und erleben Sie das ultimative Spider-Man-Erlebnis \u2013 verf\u00fcgbar mit unserem Steam-Account.<\/p>\n<p><img decoding=\"async\" class=\"alignnone wp-image-3526\" src=\"https:\/\/orkza.com\/wp-content\/uploads\/2024\/10\/Steam-Account-Notice-min-300x300.png\" alt=\"\" width=\"45\" height=\"45\" srcset=\"https:\/\/orkza.com\/wp-content\/uploads\/2024\/10\/Steam-Account-Notice-min-300x300.png 300w, https:\/\/orkza.com\/wp-content\/uploads\/2024\/10\/Steam-Account-Notice-min-scaled-430x430.png 430w, https:\/\/orkza.com\/wp-content\/uploads\/2024\/10\/Steam-Account-Notice-min-150x150.png 150w, https:\/\/orkza.com\/wp-content\/uploads\/2024\/10\/Steam-Account-Notice-min-scaled-700x700.png 700w, https:\/\/orkza.com\/wp-content\/uploads\/2024\/10\/Steam-Account-Notice-min-800x800.png 800w, https:\/\/orkza.com\/wp-content\/uploads\/2024\/10\/Steam-Account-Notice-min-768x768.png 768w, https:\/\/orkza.com\/wp-content\/uploads\/2024\/10\/Steam-Account-Notice-min-1536x1536.png 1536w, https:\/\/orkza.com\/wp-content\/uploads\/2024\/10\/Steam-Account-Notice-min-2048x2048.png 2048w\" sizes=\"(max-width: 45px) 100vw, 45px\" \/><strong>Hinweis: Kontodaten k\u00f6nnen nicht ge\u00e4ndert werden. Dies ist ein Steam-Konto mit lebenslangem Zugriff, nur f\u00fcr Offline-Spiele. <\/strong><\/p>\n","protected":false},"featured_media":17728,"comment_status":"open","ping_status":"closed","template":"","meta":[],"product_brand":[],"product_cat":[216],"product_tag":[249],"class_list":{"0":"post-17727","1":"product","2":"type-product","3":"status-publish","4":"has-post-thumbnail","6":"product_cat-action","7":"product_tag-steam","9":"first","10":"instock","11":"sale","12":"virtual","13":"purchasable","14":"product-type-simple"},"_links":{"self":[{"href":"https:\/\/orkza.com\/de\/wp-json\/wp\/v2\/product\/17727","targetHints":{"allow":["GET"]}}],"collection":[{"href":"https:\/\/orkza.com\/de\/wp-json\/wp\/v2\/product"}],"about":[{"href":"https:\/\/orkza.com\/de\/wp-json\/wp\/v2\/types\/product"}],"replies":[{"embeddable":true,"href":"https:\/\/orkza.com\/de\/wp-json\/wp\/v2\/comments?post=17727"}],"version-history":[{"count":0,"href":"https:\/\/orkza.com\/de\/wp-json\/wp\/v2\/product\/17727\/revisions"}],"wp:featuredmedia":[{"embeddable":true,"href":"https:\/\/orkza.com\/de\/wp-json\/wp\/v2\/media\/17728"}],"wp:attachment":[{"href":"https:\/\/orkza.com\/de\/wp-json\/wp\/v2\/media?parent=17727"}],"wp:term":[{"taxonomy":"product_brand","embeddable":true,"href":"https:\/\/orkza.com\/de\/wp-json\/wp\/v2\/product_brand?post=17727"},{"taxonomy":"product_cat","embeddable":true,"href":"https:\/\/orkza.com\/de\/wp-json\/wp\/v2\/product_cat?post=17727"},{"taxonomy":"product_tag","embeddable":true,"href":"https:\/\/orkza.com\/de\/wp-json\/wp\/v2\/product_tag?post=17727"}],"curies":[{"name":"wp","href":"https:\/\/api.w.org\/{rel}","templated":true}]}}