{"id":17725,"date":"2025-10-03T15:58:45","date_gmt":"2025-10-03T15:58:45","guid":{"rendered":"https:\/\/orkza.com\/product\/the-witcher-3-steam-account\/"},"modified":"2026-02-26T06:11:06","modified_gmt":"2026-02-26T06:11:06","slug":"the-witcher-3-steam-account","status":"publish","type":"product","link":"https:\/\/orkza.com\/de\/produkt\/the-witcher-3-steam-account\/","title":{"rendered":"The Witcher 3: Wild Hunt Steam-Account"},"content":{"rendered":"<h2 data-start=\"171\" data-end=\"241\"><strong data-start=\"175\" data-end=\"241\">The Witcher 3: Wild Hunt Steam-Account \u2013 Ein episches RPG-Abenteuer<\/strong><\/h2>\n<p class=\"\" data-start=\"243\" data-end=\"539\">Schalten Sie <a href=\"https:\/\/store.steampowered.com\/app\/292030\/The_Witcher_3_Wild_Hunt\/\" target=\"_blank\" rel=\"noopener\"><em data-start=\"250\" data-end=\"276\">The Witcher 3: Wild Hunt<\/em> <\/a>mit unserem Steam-Account frei und schl\u00fcpfen Sie in die Rolle von Geralt von Riva, einem professionellen Monsterj\u00e4ger in einer detailreichen offenen Welt. Dieses Fantasy-RPG wurde mit \u00fcber 250 \u201eGame of the Year\u201c-Awards ausgezeichnet und bietet eine packende Story, strategische K\u00e4mpfe und atemberaubende Umgebungen. <\/p>\n<h3 data-start=\"541\" data-end=\"591\"><strong data-start=\"546\" data-end=\"591\">Fesselndes Storytelling und Weltenbau<\/strong><\/h3>\n<p class=\"\" data-start=\"593\" data-end=\"814\">Begleiten Sie Geralt auf der Suche nach seiner Adoptivtochter und navigieren Sie durch politische Intrigen, moralische Dilemmata und \u00fcbernat\u00fcrliche Bedrohungen. Jede Entscheidung formt die Welt um Sie herum, mit mehreren Enden und verzweigten Questreihen. <\/p>\n<h3 data-start=\"816\" data-end=\"851\"><strong data-start=\"821\" data-end=\"851\">Dynamische K\u00e4mpfe und Alchemie<\/strong><\/h3>\n<p class=\"\" data-start=\"853\" data-end=\"1029\">K\u00e4mpfen Sie in Echtzeit mit Schwertern, Magie (Zeichen), Tr\u00e4nken und monsterspezifischen Taktiken. Verbessern Sie Ihre F\u00e4higkeiten und stellen Sie m\u00e4chtige Ausr\u00fcstung her, um selbst den t\u00f6dlichsten Bestien die Stirn zu bieten. <\/p>\n<h3 data-start=\"1031\" data-end=\"1072\"><strong data-start=\"1036\" data-end=\"1072\">Next-Gen-Features und Erweiterungen<\/strong><\/h3>\n<p class=\"\" data-start=\"1074\" data-end=\"1246\">Enth\u00e4lt die Erweiterungen <em data-start=\"1087\" data-end=\"1103\">Blood and Wine<\/em> und <em data-start=\"1108\" data-end=\"1125\">Hearts of Stone<\/em> f\u00fcr \u00fcber 50 Stunden zus\u00e4tzliches Gameplay. Optimiert f\u00fcr moderne Systeme mit verbesserter Grafik und schnelleren Ladezeiten. <\/p>\n<h3>So nutzen Sie Ihren \u201eThe Witcher 3\u201c-Steam-Account<\/h3>\n<p><img decoding=\"async\" class=\"alignnone wp-image-3511\" src=\"https:\/\/orkza.com\/wp-content\/uploads\/2024\/10\/STEAM-ACTIVATION-GUIDE-400x225.jpg\" alt=\"\" width=\"804\" height=\"453\" title=\"\" srcset=\"https:\/\/orkza.com\/wp-content\/uploads\/2024\/10\/STEAM-ACTIVATION-GUIDE-400x225.jpg 400w, https:\/\/orkza.com\/wp-content\/uploads\/2024\/10\/STEAM-ACTIVATION-GUIDE-430x242.jpg 430w, https:\/\/orkza.com\/wp-content\/uploads\/2024\/10\/STEAM-ACTIVATION-GUIDE-150x84.jpg 150w, https:\/\/orkza.com\/wp-content\/uploads\/2024\/10\/STEAM-ACTIVATION-GUIDE-700x394.jpg 700w, https:\/\/orkza.com\/wp-content\/uploads\/2024\/10\/STEAM-ACTIVATION-GUIDE-768x432.jpg 768w, https:\/\/orkza.com\/wp-content\/uploads\/2024\/10\/STEAM-ACTIVATION-GUIDE.jpg 1280w\" sizes=\"(max-width: 804px) 100vw, 804px\" \/><\/p>\n<p>Melde dich nach dem Kauf auf deinem PC mit dem bereitgestellten Steam-Konto an. Sobald du angemeldet bist, navigiere zu deiner Bibliothek, installiere das Spiel und klicke auf den Play-Button.  Nach ein paar Minuten beende das Spiel und schalte Steam in den Offline-Modus \u2013 und schon bist du bereit f\u00fcr stundenlangen, aufregenden Spielspa\u00df!<\/p>\n<p>F\u00fcr einen umfassenden Einrichtungsprozess lesen Sie bitte unsere <a href=\"https:\/\/orkza.com\/de\/steam-account-activation-guide\/\" target=\"_blank\" rel=\"noopener\">vollst\u00e4ndige Aktivierungsanleitung<\/a><\/p>\n<h3 data-start=\"1248\" data-end=\"1284\"><strong data-start=\"1253\" data-end=\"1284\">Minimale Systemanforderungen<\/strong><\/h3>\n<ul data-start=\"1286\" data-end=\"1456\">\n<li class=\"\" data-start=\"1286\" data-end=\"1317\">\n<p class=\"\" data-start=\"1288\" data-end=\"1317\">Betriebssystem: Windows 7\/8\/10 (64-Bit)<\/p>\n<\/li>\n<li class=\"\" data-start=\"1318\" data-end=\"1375\">\n<p class=\"\" data-start=\"1320\" data-end=\"1375\">Prozessor: Intel Core i5-2500K \/ AMD Phenom II X4 940<\/p>\n<\/li>\n<li class=\"\" data-start=\"1376\" data-end=\"1396\">\n<p class=\"\" data-start=\"1378\" data-end=\"1396\">Arbeitsspeicher: 6 GB RAM<\/p>\n<\/li>\n<li class=\"\" data-start=\"1397\" data-end=\"1439\">\n<p class=\"\" data-start=\"1399\" data-end=\"1439\">Grafik: NVIDIA GTX 660 \/ AMD HD 7870<\/p>\n<\/li>\n<li class=\"\" data-start=\"1440\" data-end=\"1456\">\n<p class=\"\" data-start=\"1442\" data-end=\"1456\">Speicherplatz: 50 GB<\/p>\n<\/li>\n<\/ul>\n<h3 data-start=\"1458\" data-end=\"1498\"><strong data-start=\"1463\" data-end=\"1498\">Empfohlene Systemanforderungen<\/strong><\/h3>\n<ul data-start=\"1500\" data-end=\"1662\">\n<li class=\"\" data-start=\"1500\" data-end=\"1530\">\n<p class=\"\" data-start=\"1502\" data-end=\"1530\">OS: Windows 10\/11 (64-Bit)<\/p>\n<\/li>\n<li class=\"\" data-start=\"1531\" data-end=\"1578\">\n<p class=\"\" data-start=\"1533\" data-end=\"1578\">Prozessor: Intel Core i7-3770 \/ AMD FX-8350<\/p>\n<\/li>\n<li class=\"\" data-start=\"1579\" data-end=\"1599\">\n<p class=\"\" data-start=\"1581\" data-end=\"1599\">Arbeitsspeicher: 8 GB RAM<\/p>\n<\/li>\n<li class=\"\" data-start=\"1600\" data-end=\"1641\">\n<p class=\"\" data-start=\"1602\" data-end=\"1641\">Grafik: NVIDIA GTX 770 \/ AMD R9 290<\/p>\n<\/li>\n<li class=\"\" data-start=\"1642\" data-end=\"1662\">\n<p class=\"\" data-start=\"1644\" data-end=\"1662\">Speicher: 50 GB SSD<\/p>\n<\/li>\n<\/ul>\n<p>Entdecken Sie unsere neuesten <a href=\"https:\/\/orkza.com\/de\/produkt-kategorie\/pc-spiele\/\" target=\"_blank\" rel=\"noopener\">Spiel-Accounts<\/a><\/p>\n","protected":false},"excerpt":{"rendered":"<p class=\"\" data-start=\"83\" data-end=\"236\">Jagen Sie Monster, treffen Sie Entscheidungen und erkunden Sie als Geralt von Riva eine riesige Fantasy-Welt in diesem preisgekr\u00f6nten RPG \u2013 Steam-Account inklusive.<\/p>\n<p><img decoding=\"async\" class=\"alignnone wp-image-3526\" src=\"https:\/\/orkza.com\/wp-content\/uploads\/2024\/10\/Steam-Account-Notice-min-300x300.png\" alt=\"\" width=\"45\" height=\"45\" srcset=\"https:\/\/orkza.com\/wp-content\/uploads\/2024\/10\/Steam-Account-Notice-min-300x300.png 300w, https:\/\/orkza.com\/wp-content\/uploads\/2024\/10\/Steam-Account-Notice-min-scaled-430x430.png 430w, https:\/\/orkza.com\/wp-content\/uploads\/2024\/10\/Steam-Account-Notice-min-150x150.png 150w, https:\/\/orkza.com\/wp-content\/uploads\/2024\/10\/Steam-Account-Notice-min-scaled-700x700.png 700w, https:\/\/orkza.com\/wp-content\/uploads\/2024\/10\/Steam-Account-Notice-min-800x800.png 800w, https:\/\/orkza.com\/wp-content\/uploads\/2024\/10\/Steam-Account-Notice-min-768x768.png 768w, https:\/\/orkza.com\/wp-content\/uploads\/2024\/10\/Steam-Account-Notice-min-1536x1536.png 1536w, https:\/\/orkza.com\/wp-content\/uploads\/2024\/10\/Steam-Account-Notice-min-2048x2048.png 2048w\" sizes=\"(max-width: 45px) 100vw, 45px\" \/><strong>Hinweis: Kontodaten k\u00f6nnen nicht ge\u00e4ndert werden. Dies ist ein Steam-Konto mit lebenslangem Zugriff, nur f\u00fcr Offline-Spiele. <\/strong><\/p>\n","protected":false},"featured_media":17726,"comment_status":"open","ping_status":"closed","template":"","meta":[],"product_brand":[],"product_cat":[216],"product_tag":[249],"class_list":{"0":"post-17725","1":"product","2":"type-product","3":"status-publish","4":"has-post-thumbnail","6":"product_cat-action","7":"product_tag-steam","9":"first","10":"instock","11":"sale","12":"virtual","13":"purchasable","14":"product-type-simple"},"_links":{"self":[{"href":"https:\/\/orkza.com\/de\/wp-json\/wp\/v2\/product\/17725","targetHints":{"allow":["GET"]}}],"collection":[{"href":"https:\/\/orkza.com\/de\/wp-json\/wp\/v2\/product"}],"about":[{"href":"https:\/\/orkza.com\/de\/wp-json\/wp\/v2\/types\/product"}],"replies":[{"embeddable":true,"href":"https:\/\/orkza.com\/de\/wp-json\/wp\/v2\/comments?post=17725"}],"version-history":[{"count":0,"href":"https:\/\/orkza.com\/de\/wp-json\/wp\/v2\/product\/17725\/revisions"}],"wp:featuredmedia":[{"embeddable":true,"href":"https:\/\/orkza.com\/de\/wp-json\/wp\/v2\/media\/17726"}],"wp:attachment":[{"href":"https:\/\/orkza.com\/de\/wp-json\/wp\/v2\/media?parent=17725"}],"wp:term":[{"taxonomy":"product_brand","embeddable":true,"href":"https:\/\/orkza.com\/de\/wp-json\/wp\/v2\/product_brand?post=17725"},{"taxonomy":"product_cat","embeddable":true,"href":"https:\/\/orkza.com\/de\/wp-json\/wp\/v2\/product_cat?post=17725"},{"taxonomy":"product_tag","embeddable":true,"href":"https:\/\/orkza.com\/de\/wp-json\/wp\/v2\/product_tag?post=17725"}],"curies":[{"name":"wp","href":"https:\/\/api.w.org\/{rel}","templated":true}]}}