{"id":17721,"date":"2025-10-03T15:58:43","date_gmt":"2025-10-03T15:58:43","guid":{"rendered":"https:\/\/orkza.com\/product\/the-last-of-us-part-1-steam-account\/"},"modified":"2026-02-26T06:10:55","modified_gmt":"2026-02-26T06:10:55","slug":"the-last-of-us-part-1-steam-account","status":"publish","type":"product","link":"https:\/\/orkza.com\/de\/produkt\/the-last-of-us-part-1-steam-account\/","title":{"rendered":"The Last of Us Part 1 Steam-Account"},"content":{"rendered":"<h2 data-start=\"4287\" data-end=\"4361\"><strong data-start=\"4291\" data-end=\"4361\">The Last of Us Part I Steam-Account \u2013 Ein Meisterwerk neu f\u00fcr PC<\/strong><\/h2>\n<p class=\"\" data-start=\"4363\" data-end=\"4616\">Erleben Sie <a href=\"https:\/\/store.steampowered.com\/app\/1888930\/The_Last_of_Us_Part_I\/\" target=\"_blank\" rel=\"noopener\"><em data-start=\"4374\" data-end=\"4397\">The Last of Us Part I<\/em><\/a> mit unserem Steam-Account und folgen Sie Joel und Ellie auf ihrer emotionalen Reise durch die postapokalyptischen Vereinigten Staaten. Dieses PC-Remake des PlayStation-Klassikers bietet aktualisierte Grafik, verfeinerte Spielmechanik und verbesserte Immersion. <\/p>\n<h3 data-start=\"4618\" data-end=\"4650\"><strong data-start=\"4623\" data-end=\"4650\">Preisgekr\u00f6nte Handlung<\/strong><\/h3>\n<p class=\"\" data-start=\"4652\" data-end=\"4844\">Navigieren Sie durch eine Welt, die von Infektion und menschlicher Grausamkeit verw\u00fcstet wurde. Begegnen Sie \u00dcberlebenden, feindlichen Fraktionen und moralischen Dilemmata in einer kraftvollen, charaktergetriebenen Geschichte, die das Storytelling in Videospielen neu definiert hat. <\/p>\n<h3 data-start=\"4846\" data-end=\"4888\"><strong data-start=\"4851\" data-end=\"4888\">Verbesserte Grafik und Performance<\/strong><\/h3>\n<p class=\"\" data-start=\"4890\" data-end=\"5051\">Neu f\u00fcr PC entwickelt mit hochaufl\u00f6senden Texturen, Raytracing, Ultra-Wide-Unterst\u00fctzung und entsperrten Bildraten. Genie\u00dfen Sie die ausgefeilteste Version dieses ikonischen Abenteuers. <\/p>\n<h3 data-start=\"5053\" data-end=\"5092\"><strong data-start=\"5058\" data-end=\"5092\">Bonus-DLC Left Behind enthalten<\/strong><\/h3>\n<p class=\"\" data-start=\"5094\" data-end=\"5214\">Erleben Sie Ellies Vergangenheit und ihre Beziehung zu Riley im emotionalen Prequel-Kapitel, das in der Part I-Ver\u00f6ffentlichung enthalten ist.<\/p>\n<h3>So verwenden Sie Ihren The Last of Us Part 1 Steam-Account<\/h3>\n<p><img decoding=\"async\" class=\"alignnone wp-image-3511\" src=\"https:\/\/orkza.com\/wp-content\/uploads\/2024\/10\/STEAM-ACTIVATION-GUIDE-400x225.jpg\" alt=\"\" width=\"804\" height=\"453\" title=\"\" srcset=\"https:\/\/orkza.com\/wp-content\/uploads\/2024\/10\/STEAM-ACTIVATION-GUIDE-400x225.jpg 400w, https:\/\/orkza.com\/wp-content\/uploads\/2024\/10\/STEAM-ACTIVATION-GUIDE-430x242.jpg 430w, https:\/\/orkza.com\/wp-content\/uploads\/2024\/10\/STEAM-ACTIVATION-GUIDE-150x84.jpg 150w, https:\/\/orkza.com\/wp-content\/uploads\/2024\/10\/STEAM-ACTIVATION-GUIDE-700x394.jpg 700w, https:\/\/orkza.com\/wp-content\/uploads\/2024\/10\/STEAM-ACTIVATION-GUIDE-768x432.jpg 768w, https:\/\/orkza.com\/wp-content\/uploads\/2024\/10\/STEAM-ACTIVATION-GUIDE.jpg 1280w\" sizes=\"(max-width: 804px) 100vw, 804px\" \/><\/p>\n<p>Melde dich nach dem Kauf auf deinem PC mit dem bereitgestellten Steam-Konto an. Sobald du angemeldet bist, navigiere zu deiner Bibliothek, installiere das Spiel und klicke auf den Play-Button.  Nach ein paar Minuten beende das Spiel und schalte Steam in den Offline-Modus \u2013 und schon bist du bereit f\u00fcr stundenlangen, aufregenden Spielspa\u00df!<\/p>\n<p>F\u00fcr einen umfassenden Einrichtungsprozess lesen Sie bitte unsere <a href=\"https:\/\/orkza.com\/de\/steam-account-activation-guide\/\" target=\"_blank\" rel=\"noopener\">vollst\u00e4ndige Aktivierungsanleitung<\/a><\/p>\n<h3 data-start=\"5216\" data-end=\"5252\"><strong data-start=\"5221\" data-end=\"5252\">Minimale Systemanforderungen<\/strong><\/h3>\n<ul data-start=\"5254\" data-end=\"5422\">\n<li class=\"\" data-start=\"5254\" data-end=\"5281\">\n<p class=\"\" data-start=\"5256\" data-end=\"5281\">Betriebssystem: Windows 10 (64-Bit)<\/p>\n<\/li>\n<li class=\"\" data-start=\"5282\" data-end=\"5336\">\n<p class=\"\" data-start=\"5284\" data-end=\"5336\">Prozessor: AMD Ryzen 5 1500X \/ Intel Core i7-4770K<\/p>\n<\/li>\n<li class=\"\" data-start=\"5337\" data-end=\"5358\">\n<p class=\"\" data-start=\"5339\" data-end=\"5358\">Arbeitsspeicher: 16 GB RAM<\/p>\n<\/li>\n<li class=\"\" data-start=\"5359\" data-end=\"5400\">\n<p class=\"\" data-start=\"5361\" data-end=\"5400\">Grafik: AMD RX 470 \/ NVIDIA GTX 970<\/p>\n<\/li>\n<li class=\"\" data-start=\"5401\" data-end=\"5422\">\n<p class=\"\" data-start=\"5403\" data-end=\"5422\">Speicherplatz: 100 GB SSD<\/p>\n<\/li>\n<\/ul>\n<h3 data-start=\"5424\" data-end=\"5464\"><strong data-start=\"5429\" data-end=\"5464\">Empfohlene Systemanforderungen<\/strong><\/h3>\n<ul data-start=\"5466\" data-end=\"5641\">\n<li class=\"\" data-start=\"5466\" data-end=\"5496\">\n<p class=\"\" data-start=\"5468\" data-end=\"5496\">OS: Windows 10\/11 (64-Bit)<\/p>\n<\/li>\n<li class=\"\" data-start=\"5497\" data-end=\"5550\">\n<p class=\"\" data-start=\"5499\" data-end=\"5550\">Prozessor: AMD Ryzen 5 3600X \/ Intel Core i7-8700<\/p>\n<\/li>\n<li class=\"\" data-start=\"5551\" data-end=\"5572\">\n<p class=\"\" data-start=\"5553\" data-end=\"5572\">Arbeitsspeicher: 16 GB RAM<\/p>\n<\/li>\n<li class=\"\" data-start=\"5573\" data-end=\"5619\">\n<p class=\"\" data-start=\"5575\" data-end=\"5619\">Grafik: AMD RX 6600 XT \/ NVIDIA RTX 2070<\/p>\n<\/li>\n<li class=\"\" data-start=\"5620\" data-end=\"5641\">\n<p class=\"\" data-start=\"5622\" data-end=\"5641\">Speicherplatz: 100 GB SSD<\/p>\n<\/li>\n<\/ul>\n<p>Entdecken Sie unsere neuesten <a href=\"https:\/\/orkza.com\/de\/produkt-kategorie\/pc-spiele\/\" target=\"_blank\" rel=\"noopener\">Spiel-Accounts<\/a><\/p>\n","protected":false},"excerpt":{"rendered":"<p class=\"\" data-start=\"489\" data-end=\"638\">\u00dcberleben Sie in einer verw\u00fcsteten Welt in diesem emotionalen, remasterten Klassiker. Spielen Sie Joels und Ellies Reise \u00fcber unseren Steam-Account. <\/p>\n<p><img decoding=\"async\" class=\"alignnone wp-image-3526\" src=\"https:\/\/orkza.com\/wp-content\/uploads\/2024\/10\/Steam-Account-Notice-min-300x300.png\" alt=\"\" width=\"45\" height=\"45\" srcset=\"https:\/\/orkza.com\/wp-content\/uploads\/2024\/10\/Steam-Account-Notice-min-300x300.png 300w, https:\/\/orkza.com\/wp-content\/uploads\/2024\/10\/Steam-Account-Notice-min-scaled-430x430.png 430w, https:\/\/orkza.com\/wp-content\/uploads\/2024\/10\/Steam-Account-Notice-min-150x150.png 150w, https:\/\/orkza.com\/wp-content\/uploads\/2024\/10\/Steam-Account-Notice-min-scaled-700x700.png 700w, https:\/\/orkza.com\/wp-content\/uploads\/2024\/10\/Steam-Account-Notice-min-800x800.png 800w, https:\/\/orkza.com\/wp-content\/uploads\/2024\/10\/Steam-Account-Notice-min-768x768.png 768w, https:\/\/orkza.com\/wp-content\/uploads\/2024\/10\/Steam-Account-Notice-min-1536x1536.png 1536w, https:\/\/orkza.com\/wp-content\/uploads\/2024\/10\/Steam-Account-Notice-min-2048x2048.png 2048w\" sizes=\"(max-width: 45px) 100vw, 45px\" \/><strong>Hinweis: Kontodaten k\u00f6nnen nicht ge\u00e4ndert werden. Dies ist ein Steam-Konto mit lebenslangem Zugriff, nur f\u00fcr Offline-Spiele. <\/strong><\/p>\n","protected":false},"featured_media":17722,"comment_status":"open","ping_status":"closed","template":"","meta":[],"product_brand":[],"product_cat":[217],"product_tag":[249],"class_list":{"0":"post-17721","1":"product","2":"type-product","3":"status-publish","4":"has-post-thumbnail","6":"product_cat-abenteuer","7":"product_tag-steam","9":"first","10":"instock","11":"sale","12":"virtual","13":"purchasable","14":"product-type-simple"},"_links":{"self":[{"href":"https:\/\/orkza.com\/de\/wp-json\/wp\/v2\/product\/17721","targetHints":{"allow":["GET"]}}],"collection":[{"href":"https:\/\/orkza.com\/de\/wp-json\/wp\/v2\/product"}],"about":[{"href":"https:\/\/orkza.com\/de\/wp-json\/wp\/v2\/types\/product"}],"replies":[{"embeddable":true,"href":"https:\/\/orkza.com\/de\/wp-json\/wp\/v2\/comments?post=17721"}],"version-history":[{"count":0,"href":"https:\/\/orkza.com\/de\/wp-json\/wp\/v2\/product\/17721\/revisions"}],"wp:featuredmedia":[{"embeddable":true,"href":"https:\/\/orkza.com\/de\/wp-json\/wp\/v2\/media\/17722"}],"wp:attachment":[{"href":"https:\/\/orkza.com\/de\/wp-json\/wp\/v2\/media?parent=17721"}],"wp:term":[{"taxonomy":"product_brand","embeddable":true,"href":"https:\/\/orkza.com\/de\/wp-json\/wp\/v2\/product_brand?post=17721"},{"taxonomy":"product_cat","embeddable":true,"href":"https:\/\/orkza.com\/de\/wp-json\/wp\/v2\/product_cat?post=17721"},{"taxonomy":"product_tag","embeddable":true,"href":"https:\/\/orkza.com\/de\/wp-json\/wp\/v2\/product_tag?post=17721"}],"curies":[{"name":"wp","href":"https:\/\/api.w.org\/{rel}","templated":true}]}}