{"id":17683,"date":"2025-04-19T21:50:40","date_gmt":"2025-04-19T21:50:40","guid":{"rendered":"https:\/\/orkza.com\/product\/microsoft-office-2024-professional-plus-retail-key\/"},"modified":"2026-02-26T06:10:22","modified_gmt":"2026-02-26T06:10:22","slug":"microsoft-office-2024-professional-plus-retail-key","status":"publish","type":"product","link":"https:\/\/orkza.com\/de\/produkt\/microsoft-office-2024-professional-plus-retail-key\/","title":{"rendered":"Microsoft Office 2024 Professional Plus Retail Key"},"content":{"rendered":"<h2><strong data-start=\"167\" data-end=\"250\">Office 2024 Professional Plus \u2013 Die komplette Produktivit\u00e4tssuite f\u00fcr Windows<\/strong><\/h2>\n<p><a href=\"https:\/\/www.microsoft.com\/en-us\/microsoft-365\/get-started-with-office-2024\" target=\"_blank\" rel=\"noopener\"><em data-start=\"252\" data-end=\"283\">Office 2024 Professional Plus<\/em><\/a> ist Microsofts neueste und fortschrittlichste eigenst\u00e4ndige Produktivit\u00e4tssuite, entwickelt f\u00fcr Fachleute, Studenten und Unternehmen, die leistungsstarke, zuverl\u00e4ssige Tools ben\u00f6tigen, um produktiv zu bleiben, ohne ein wiederkehrendes Abonnement. Mit einer lebenslangen Lizenz und keiner erforderlichen Internetaktivierung nach der Einrichtung bietet dieser einmalige Kauf Zugriff auf die vollst\u00e4ndige Suite der wichtigsten Microsoft-Anwendungen, optimiert f\u00fcr Windows 10 und Windows 11. <\/p>\n<h2>Microsoft Office 2024 Professional Plus \u2013 Hauptmerkmale<\/h2>\n<p><a href=\"https:\/\/orkza.com\/wp-content\/uploads\/2025\/03\/Microsoft-Office-Key-Features.png\"><img decoding=\"async\" class=\"alignnone wp-image-4714\" src=\"https:\/\/orkza.com\/wp-content\/uploads\/2025\/03\/Microsoft-Office-Key-Features-400x223.png\" alt=\"Microsoft Office 2024 \u2013 Hauptmerkmale\" width=\"658\" height=\"367\" title=\"\" srcset=\"https:\/\/orkza.com\/wp-content\/uploads\/2025\/03\/Microsoft-Office-Key-Features-400x223.png 400w, https:\/\/orkza.com\/wp-content\/uploads\/2025\/03\/Microsoft-Office-Key-Features-430x239.png 430w, https:\/\/orkza.com\/wp-content\/uploads\/2025\/03\/Microsoft-Office-Key-Features-150x83.png 150w, https:\/\/orkza.com\/wp-content\/uploads\/2025\/03\/Microsoft-Office-Key-Features-700x389.png 700w, https:\/\/orkza.com\/wp-content\/uploads\/2025\/03\/Microsoft-Office-Key-Features-768x427.png 768w, https:\/\/orkza.com\/wp-content\/uploads\/2025\/03\/Microsoft-Office-Key-Features.png 800w\" sizes=\"(max-width: 658px) 100vw, 658px\" \/><\/a><\/p>\n<h3 data-start=\"704\" data-end=\"760\"><strong data-start=\"704\" data-end=\"760\">Was ist in Office 2024 Professional Plus enthalten?<\/strong><\/h3>\n<p class=\"\" data-start=\"762\" data-end=\"836\">Diese Version enth\u00e4lt die komplette Palette der klassischen Microsoft Office-Anwendungen:<\/p>\n<ul data-start=\"838\" data-end=\"1379\">\n<li class=\"\" data-start=\"838\" data-end=\"911\">\n<p class=\"\" data-start=\"840\" data-end=\"911\"><strong data-start=\"840\" data-end=\"853\">Word 2024<\/strong> \u2013 Erstellen Sie ausgefeilte Dokumente mit erweiterten Schreibwerkzeugen<\/p>\n<\/li>\n<li class=\"\" data-start=\"912\" data-end=\"993\">\n<p class=\"\" data-start=\"914\" data-end=\"993\"><strong data-start=\"914\" data-end=\"928\">Excel 2024<\/strong> \u2013 Analysieren und visualisieren Sie Daten mit verbesserten Formeln und Diagrammen<\/p>\n<\/li>\n<li class=\"\" data-start=\"994\" data-end=\"1084\">\n<p class=\"\" data-start=\"996\" data-end=\"1084\"><strong data-start=\"996\" data-end=\"1015\">PowerPoint 2024<\/strong> \u2013 Gestalten Sie wirkungsvolle Pr\u00e4sentationen mit modernen \u00dcberg\u00e4ngen und Tools<\/p>\n<\/li>\n<li class=\"\" data-start=\"1085\" data-end=\"1162\">\n<p class=\"\" data-start=\"1087\" data-end=\"1162\"><strong data-start=\"1087\" data-end=\"1103\">Outlook 2024<\/strong> \u2013 Verwalten Sie Ihre E-Mails, Kalender und Kontakte effizient<\/p>\n<\/li>\n<li class=\"\" data-start=\"1163\" data-end=\"1221\">\n<p class=\"\" data-start=\"1165\" data-end=\"1221\"><strong data-start=\"1165\" data-end=\"1180\">Access 2024<\/strong> \u2013 Erstellen und verwalten Sie Datenbanken mit Leichtigkeit<\/p>\n<\/li>\n<li class=\"\" data-start=\"1222\" data-end=\"1303\">\n<p class=\"\" data-start=\"1224\" data-end=\"1303\"><strong data-start=\"1224\" data-end=\"1242\">Publisher 2024<\/strong> \u2013 Erstellen Sie professionelle Marketingmaterialien und Publikationen<\/p>\n<\/li>\n<li class=\"\" data-start=\"1304\" data-end=\"1379\">\n<p class=\"\" data-start=\"1306\" data-end=\"1379\"><strong data-start=\"1306\" data-end=\"1335\">Teams (Basisintegration)<\/strong> \u2013 Effektiv zusammenarbeiten und kommunizieren<\/p>\n<\/li>\n<\/ul>\n<p class=\"\" data-start=\"1381\" data-end=\"1607\">Egal, ob Sie Berichte schreiben, Tabellen verwalten, Pr\u00e4sentationen vorbereiten oder den \u00dcberblick \u00fcber E-Mails behalten \u2013 Office 2024 Professional Plus wurde entwickelt, um all Ihre Aufgaben mit Geschwindigkeit, Stabilit\u00e4t und einer aktualisierten Benutzeroberfl\u00e4che zu bew\u00e4ltigen.<\/p>\n<h3 data-start=\"1609\" data-end=\"1655\"><strong data-start=\"1609\" data-end=\"1655\">Verbesserte Leistung und Kompatibilit\u00e4t<\/strong><\/h3>\n<p class=\"\" data-start=\"1657\" data-end=\"1958\">Office 2024 bietet Leistungsverbesserungen, schnellere Ladezeiten und neue Kollaborationsfunktionen bei voller Kompatibilit\u00e4t mit fr\u00fcheren Dateiformaten (.docx, .xlsx, .pptx). Es ist ideal f\u00fcr Offline- und vernetzte Umgebungen und bietet eine nahtlose Integration mit lokalen und cloudbasierten Dateien. <\/p>\n<h3 data-start=\"1960\" data-end=\"1999\"><strong data-start=\"1960\" data-end=\"1999\">Einmaliger Kauf, lebenslange Nutzung<\/strong><\/h3>\n<p class=\"\" data-start=\"2001\" data-end=\"2181\">Im Gegensatz zu Microsoft 365 ist <em data-start=\"2023\" data-end=\"2054\">Office 2024 Professional Plus<\/em> ein <strong data-start=\"2060\" data-end=\"2081\">einmaliger Kauf<\/strong> \u2013 keine monatlichen Geb\u00fchren, keine Verl\u00e4ngerungen. Nach der Aktivierung ist die Lizenz f\u00fcr die lebenslange Nutzung auf einem einzelnen PC g\u00fcltig. <\/p>\n<h3 data-start=\"2183\" data-end=\"2218\"><strong data-start=\"2183\" data-end=\"2218\">Minimale Systemanforderungen<\/strong><\/h3>\n<ul data-start=\"2220\" data-end=\"2480\">\n<li class=\"\" data-start=\"2220\" data-end=\"2265\">\n<p class=\"\" data-start=\"2222\" data-end=\"2265\"><strong data-start=\"2222\" data-end=\"2229\">Betriebssystem:<\/strong> Windows 10 oder Windows 11 (64-Bit)<\/p>\n<\/li>\n<li class=\"\" data-start=\"2266\" data-end=\"2313\">\n<p class=\"\" data-start=\"2268\" data-end=\"2313\"><strong data-start=\"2268\" data-end=\"2282\">Prozessor:<\/strong> 1,6 GHz oder schneller, Dual-Core<\/p>\n<\/li>\n<li class=\"\" data-start=\"2314\" data-end=\"2338\">\n<p class=\"\" data-start=\"2316\" data-end=\"2338\"><strong data-start=\"2316\" data-end=\"2327\">Arbeitsspeicher:<\/strong> 4 GB RAM<\/p>\n<\/li>\n<li class=\"\" data-start=\"2339\" data-end=\"2376\">\n<p class=\"\" data-start=\"2341\" data-end=\"2376\"><strong data-start=\"2341\" data-end=\"2353\">Speicher:<\/strong> 4 GB verf\u00fcgbarer Speicherplatz<\/p>\n<\/li>\n<li class=\"\" data-start=\"2377\" data-end=\"2415\">\n<p class=\"\" data-start=\"2379\" data-end=\"2415\"><strong data-start=\"2379\" data-end=\"2391\">Anzeige:<\/strong> 1280 x 768 Aufl\u00f6sung<\/p>\n<\/li>\n<li class=\"\" data-start=\"2416\" data-end=\"2480\">\n<p class=\"\" data-start=\"2418\" data-end=\"2480\"><strong data-start=\"2418\" data-end=\"2431\">Internet:<\/strong> Erforderlich f\u00fcr Installation und Erstaktivierung<\/p>\n<\/li>\n<\/ul>\n<h3 data-start=\"2482\" data-end=\"2521\"><strong data-start=\"2482\" data-end=\"2521\">Empfohlene Systemanforderungen<\/strong><\/h3>\n<ul data-start=\"2523\" data-end=\"2735\">\n<li class=\"\" data-start=\"2523\" data-end=\"2554\">\n<p class=\"\" data-start=\"2525\" data-end=\"2554\"><strong data-start=\"2525\" data-end=\"2532\">Betriebssystem:<\/strong> Windows 11 (64-Bit)<\/p>\n<\/li>\n<li class=\"\" data-start=\"2555\" data-end=\"2602\">\n<p class=\"\" data-start=\"2557\" data-end=\"2602\"><strong data-start=\"2557\" data-end=\"2571\">Prozessor:<\/strong> 2,0 GHz oder schneller, Quad-Core<\/p>\n<\/li>\n<li class=\"\" data-start=\"2603\" data-end=\"2637\">\n<p class=\"\" data-start=\"2605\" data-end=\"2637\"><strong data-start=\"2605\" data-end=\"2616\">Arbeitsspeicher:<\/strong> 8 GB RAM oder h\u00f6her<\/p>\n<\/li>\n<li class=\"\" data-start=\"2638\" data-end=\"2685\">\n<p class=\"\" data-start=\"2640\" data-end=\"2685\"><strong data-start=\"2640\" data-end=\"2652\">Speicher:<\/strong> SSD mit 10 GB verf\u00fcgbarem Speicherplatz<\/p>\n<\/li>\n<li class=\"\" data-start=\"2686\" data-end=\"2735\">\n<p class=\"\" data-start=\"2688\" data-end=\"2735\"><strong data-start=\"2688\" data-end=\"2700\">Anzeige:<\/strong> 1920 x 1080 oder h\u00f6here Aufl\u00f6sung<\/p>\n<\/li>\n<\/ul>\n<p><a href=\"https:\/\/drive.google.com\/file\/d\/19KXCzO4H0GC7_HxhXoNBo4Lx50lvkZoa\/view?usp=sharing\" target=\"_blank\" rel=\"nofollow noopener\">Office 2024 Professional Plus Download<\/a><\/p>\n<p><a href=\"https:\/\/orkza.com\/de\/microsoft-office-activation-guide\/\" target=\"_blank\" rel=\"noopener\">Microsoft Office Aktivierungsleitfaden<\/a><\/p>\n","protected":false},"excerpt":{"rendered":"<p>Office 2024 Professional Plus \u2013 Lebenslange Lizenz mit Word, Excel, PowerPoint, Outlook &amp; mehr. Einmaliger Kauf, kein Abonnement <\/p>\n<p><a href=\"https:\/\/appsource.microsoft.com\/en-us\/marketplace\/partner-dir\/7b9ef294-bfae-4476-9a8a-aadc60e54e5d\/overview\" target=\"_blank\" rel=\"noopener\"><img decoding=\"async\" class=\"ls-is-cached lazyloaded alignleft\" src=\"https:\/\/orkza.com\/wp-content\/smush-webp\/2023\/07\/Orkza-Microsoft-Certified-Partner-Badge.png.webp\" alt=\"Microsoft Certified Partner\" width=\"157\" height=\"43\" data-src=\"https:\/\/orkza.com\/wp-content\/smush-webp\/2023\/07\/Orkza-Microsoft-Certified-Partner-Badge.png.webp\"><\/a><a href=\"https:\/\/main.prod.marketplacepartnerdirectory.azure.com\/en\/partners\/7b9ef294-bfae-4476-9a8a-aadc60e54e5d\/overview\" target=\"_blank\" rel=\"noopener\"><img decoding=\"async\" class=\"ls-is-cached lazyloaded alignleft\" src=\"https:\/\/orkza.com\/wp-content\/smush-webp\/2023\/07\/microsoft-Azure-Partner.png.webp\" alt=\"Azure Partner\" width=\"153\" height=\"44\" data-src=\"https:\/\/orkza.com\/wp-content\/smush-webp\/2023\/07\/microsoft-Azure-Partner.png.webp\"><\/a><\/p>\n","protected":false},"featured_media":17684,"comment_status":"open","ping_status":"closed","template":"","meta":[],"product_brand":[],"product_cat":[236],"product_tag":[215],"class_list":{"0":"post-17683","1":"product","2":"type-product","3":"status-publish","4":"has-post-thumbnail","6":"product_cat-buro-business","7":"product_tag-office","9":"first","10":"instock","11":"virtual","12":"purchasable","13":"product-type-simple"},"_links":{"self":[{"href":"https:\/\/orkza.com\/de\/wp-json\/wp\/v2\/product\/17683","targetHints":{"allow":["GET"]}}],"collection":[{"href":"https:\/\/orkza.com\/de\/wp-json\/wp\/v2\/product"}],"about":[{"href":"https:\/\/orkza.com\/de\/wp-json\/wp\/v2\/types\/product"}],"replies":[{"embeddable":true,"href":"https:\/\/orkza.com\/de\/wp-json\/wp\/v2\/comments?post=17683"}],"version-history":[{"count":0,"href":"https:\/\/orkza.com\/de\/wp-json\/wp\/v2\/product\/17683\/revisions"}],"wp:featuredmedia":[{"embeddable":true,"href":"https:\/\/orkza.com\/de\/wp-json\/wp\/v2\/media\/17684"}],"wp:attachment":[{"href":"https:\/\/orkza.com\/de\/wp-json\/wp\/v2\/media?parent=17683"}],"wp:term":[{"taxonomy":"product_brand","embeddable":true,"href":"https:\/\/orkza.com\/de\/wp-json\/wp\/v2\/product_brand?post=17683"},{"taxonomy":"product_cat","embeddable":true,"href":"https:\/\/orkza.com\/de\/wp-json\/wp\/v2\/product_cat?post=17683"},{"taxonomy":"product_tag","embeddable":true,"href":"https:\/\/orkza.com\/de\/wp-json\/wp\/v2\/product_tag?post=17683"}],"curies":[{"name":"wp","href":"https:\/\/api.w.org\/{rel}","templated":true}]}}