{"id":17682,"date":"2025-03-08T14:58:30","date_gmt":"2025-03-08T14:58:30","guid":{"rendered":"https:\/\/orkza.com\/product\/microsoft-office-2019-professional-plus-retail-key\/"},"modified":"2026-02-26T06:10:12","modified_gmt":"2026-02-26T06:10:12","slug":"microsoft-office-2019-professional-plus-retail-key","status":"publish","type":"product","link":"https:\/\/orkza.com\/de\/produkt\/microsoft-office-2019-professional-plus-retail-key\/","title":{"rendered":"Microsoft Office 2019 Professional Plus Retail-Key"},"content":{"rendered":"<h2>Microsoft Office 2019 Professional Plus: Die komplette Produktivit\u00e4ts-Suite<\/h2>\n<p><a href=\"https:\/\/learn.microsoft.com\/en-us\/office\/2019\/overview\" target=\"_blank\" rel=\"noopener\">Microsoft Office 2019 Professional Plus<\/a> ist die platzsparende und ultimative Office-Suite, die den Anforderungen jedes Gesch\u00e4ftsmanns, Unternehmens und Power-Users gerecht wird. Sie bietet hochentwickelte Tools f\u00fcr die Dokumentenerstellung, Datenanalyse, Pr\u00e4sentationen, E-Mail-Verwaltung und Datenbankbearbeitung f\u00fcr h\u00f6chste Produktivit\u00e4t und Effizienz. <\/p>\n<p>Es ist frei von Abonnementgeb\u00fchren und ein einmaliger Kauf, der sicherstellt, dass Sie auf wichtige Anwendungen zugreifen k\u00f6nnen, ohne monatliche Zahlungen leisten zu m\u00fcssen.<\/p>\n<h2>Hauptmerkmale von Microsoft Office 2019 Professional Plus<\/h2>\n<p><a href=\"https:\/\/orkza.com\/wp-content\/uploads\/2025\/03\/Microsoft-Office-Key-Features.png\"><img decoding=\"async\" class=\"alignnone wp-image-4714\" src=\"https:\/\/orkza.com\/wp-content\/uploads\/2025\/03\/Microsoft-Office-Key-Features-400x223.png\" alt=\"Hauptmerkmale von Microsoft Office 2019\" width=\"658\" height=\"367\" title=\"\" srcset=\"https:\/\/orkza.com\/wp-content\/uploads\/2025\/03\/Microsoft-Office-Key-Features-400x223.png 400w, https:\/\/orkza.com\/wp-content\/uploads\/2025\/03\/Microsoft-Office-Key-Features-430x239.png 430w, https:\/\/orkza.com\/wp-content\/uploads\/2025\/03\/Microsoft-Office-Key-Features-150x83.png 150w, https:\/\/orkza.com\/wp-content\/uploads\/2025\/03\/Microsoft-Office-Key-Features-700x389.png 700w, https:\/\/orkza.com\/wp-content\/uploads\/2025\/03\/Microsoft-Office-Key-Features-768x427.png 768w, https:\/\/orkza.com\/wp-content\/uploads\/2025\/03\/Microsoft-Office-Key-Features.png 800w\" sizes=\"(max-width: 658px) 100vw, 658px\" \/><\/a><\/p>\n<h3>Vollst\u00e4ndige Office-Anwendungssuite<\/h3>\n<p>Microsoft Office Professional Plus 2019 enth\u00e4lt alle erforderlichen Microsoft Office-Programme:<\/p>\n<p>&#x2714; Microsoft Word 2019 \u2013 Ver\u00f6ffentlichen Sie Ihre Dokumente mit einem KI-Schreibassistenten, verbesserten Grafiken und den neuesten Freihand-Tools.<br \/>\n&#x2714; Microsoft Excel 2019 \u2013 Arbeiten Sie besser denn je mit Daten dank neuer Funktionen, verbessertem Power Query und neuen PowerPivot-Features.<br \/>\n&#x2714; Microsoft PowerPoint 2019 \u2013 Erstellen Sie gro\u00dfartige Pr\u00e4sentationen mithilfe von Morph-\u00dcberg\u00e4ngen, Zoom-Effekten und 3D-Modell-Integration.<br \/>\n&#x2714; Microsoft Outlook 2019 \u2013 Organisieren Sie E-Mails, Kontakte und Kalender mit einem fokussierten Posteingang und zus\u00e4tzlicher Sicherheit.<br \/>\n&#x2714; Microsoft Access 2019 \u2013 Verbessertes Datenmanagement mit der M\u00f6glichkeit, Datenbanken zu erstellen und zu verwalten.<br \/>\n&#x2714; Microsoft Publisher 2019 \u2013 Erstellen und bearbeiten Sie hochwertige Marketingmaterialien mit anpassbaren Vorlagen.<br \/>\n&#x2714; Microsoft OneNote 2019 \u2013 Notizen, Projektmanagement und ger\u00e4te\u00fcbergreifende Synchronisierung mit Cloud-Integration.<\/p>\n<h3>Einmaliger Kauf \u2013 kein Abonnement erforderlich<\/h3>\n<p>Sie zahlen keine monatlichen\/j\u00e4hrlichen Geb\u00fchren wie bei Microsoft 365, da Office 2019 Professional Plus ein einmaliger Kauf ist.<\/p>\n<h3>Neue Funktionen und Produktivit\u00e4tsverbesserungen<\/h3>\n<p>Word 2019 bietet Echtzeit-Zusammenarbeit, aktualisierte Freihand-Tools und einen neuen \u00dcbersetzer.<br \/>\nExcel 2019 enth\u00e4lt neue Funktionen wie TEXTKETTE, TEXTKOMBINIEREN, WENNS und ERSTERWERT f\u00fcr effektives Datenmanagement.<br \/>\nPowerPoint 2019 enth\u00e4lt neue Animationen, SVG-Unterst\u00fctzung und 3D-Objektbearbeitung.<\/p>\n<h3>Verbesserte Leistung &amp; Stabilit\u00e4t<\/h3>\n<p>Office 2019 Professional Plus ist auf hohe Verarbeitungsgeschwindigkeiten, bessere Kompatibilit\u00e4t mit Microsoft Windows 10\/11 und die optimale Nutzung von Systemressourcen ausgelegt.<\/p>\n<h3>Verbesserter Datenschutz<\/h3>\n<p>Es umfasst Dateisicherheit, Datenverschl\u00fcsselung, besseren E-Mail-Schutz in Outlook und viele weitere Funktionen, um Ihre Sicherheit bei der Kommunikation und Dokumentenverwaltung zu gew\u00e4hrleisten.<\/p>\n<h3>Warum Microsoft Office 2019 Professional Plus w\u00e4hlen?<\/h3>\n<p>&#x2714; Lebenslanger Zugriff \u2013 kein Jahresabonnement.<br \/>\n&#x2714; Alles, was Sie f\u00fcr Office ben\u00f6tigen, mit mehr Funktionen.<br \/>\n&#x2714; Verbesserte Geschwindigkeit, Sicherheit und KI-fokussierte Tools.<br \/>\n&#x2714; Ideal f\u00fcr Unternehmen, Profis und Power-User.<\/p>\n<p>Microsoft Office 2019 Professional Plus ist eine Produktivit\u00e4ts-Suite, die perfekt f\u00fcr Anwender geeignet ist, die eine leistungsstarke, zuverl\u00e4ssige und abonnementfreie L\u00f6sung f\u00fcr den gesch\u00e4ftlichen und professionellen Einsatz ben\u00f6tigen.<\/p>\n<p><a href=\"https:\/\/officecdn.microsoft.com\/db\/492350F6-3A01-4F97-B9C0-C7C6DDF67D60\/media\/en-US\/ProPlus2019Retail.img\" target=\"_blank\" rel=\"nofollow noopener\">Office 2019 Professional Plus Download<\/a><\/p>\n<p><a href=\"https:\/\/orkza.com\/de\/microsoft-office-activation-guide\/\" target=\"_blank\" rel=\"noopener\">Microsoft Office Aktivierungsleitfaden<\/a><\/p>\n","protected":false},"excerpt":{"rendered":"<p>Microsoft Office 2019 Professional Plus enth\u00e4lt Word, Excel, PowerPoint &amp; mehr. Sichern Sie sich einen einmaligen Kauf mit lebenslangem Zugriff und erweiterten Funktionen! <\/p>\n<p><a href=\"https:\/\/appsource.microsoft.com\/en-us\/marketplace\/partner-dir\/7b9ef294-bfae-4476-9a8a-aadc60e54e5d\/overview\" target=\"_blank\" rel=\"noopener\"><img decoding=\"async\" class=\"ls-is-cached lazyloaded alignleft\" src=\"https:\/\/orkza.com\/wp-content\/smush-webp\/2023\/07\/Orkza-Microsoft-Certified-Partner-Badge.png.webp\" alt=\"Microsoft Certified Partner\" width=\"157\" height=\"43\" data-src=\"https:\/\/orkza.com\/wp-content\/smush-webp\/2023\/07\/Orkza-Microsoft-Certified-Partner-Badge.png.webp\"><\/a><a href=\"https:\/\/main.prod.marketplacepartnerdirectory.azure.com\/en\/partners\/7b9ef294-bfae-4476-9a8a-aadc60e54e5d\/overview\" target=\"_blank\" rel=\"noopener\"><img decoding=\"async\" class=\"ls-is-cached lazyloaded alignleft\" src=\"https:\/\/orkza.com\/wp-content\/smush-webp\/2023\/07\/microsoft-Azure-Partner.png.webp\" alt=\"Azure Partner\" width=\"153\" height=\"44\" data-src=\"https:\/\/orkza.com\/wp-content\/smush-webp\/2023\/07\/microsoft-Azure-Partner.png.webp\"><\/a><\/p>\n","protected":false},"featured_media":17680,"comment_status":"open","ping_status":"closed","template":"","meta":[],"product_brand":[],"product_cat":[236],"product_tag":[215],"class_list":{"0":"post-17682","1":"product","2":"type-product","3":"status-publish","4":"has-post-thumbnail","6":"product_cat-buro-business","7":"product_tag-office","9":"first","10":"instock","11":"virtual","12":"purchasable","13":"product-type-simple"},"_links":{"self":[{"href":"https:\/\/orkza.com\/de\/wp-json\/wp\/v2\/product\/17682","targetHints":{"allow":["GET"]}}],"collection":[{"href":"https:\/\/orkza.com\/de\/wp-json\/wp\/v2\/product"}],"about":[{"href":"https:\/\/orkza.com\/de\/wp-json\/wp\/v2\/types\/product"}],"replies":[{"embeddable":true,"href":"https:\/\/orkza.com\/de\/wp-json\/wp\/v2\/comments?post=17682"}],"version-history":[{"count":0,"href":"https:\/\/orkza.com\/de\/wp-json\/wp\/v2\/product\/17682\/revisions"}],"wp:featuredmedia":[{"embeddable":true,"href":"https:\/\/orkza.com\/de\/wp-json\/wp\/v2\/media\/17680"}],"wp:attachment":[{"href":"https:\/\/orkza.com\/de\/wp-json\/wp\/v2\/media?parent=17682"}],"wp:term":[{"taxonomy":"product_brand","embeddable":true,"href":"https:\/\/orkza.com\/de\/wp-json\/wp\/v2\/product_brand?post=17682"},{"taxonomy":"product_cat","embeddable":true,"href":"https:\/\/orkza.com\/de\/wp-json\/wp\/v2\/product_cat?post=17682"},{"taxonomy":"product_tag","embeddable":true,"href":"https:\/\/orkza.com\/de\/wp-json\/wp\/v2\/product_tag?post=17682"}],"curies":[{"name":"wp","href":"https:\/\/api.w.org\/{rel}","templated":true}]}}