{"id":17679,"date":"2025-03-08T14:23:32","date_gmt":"2025-03-08T14:23:32","guid":{"rendered":"https:\/\/orkza.com\/product\/microsoft-office-2021-professional-plus-retail-key\/"},"modified":"2026-02-26T06:10:10","modified_gmt":"2026-02-26T06:10:10","slug":"microsoft-office-2021-professional-plus-retail-key","status":"publish","type":"product","link":"https:\/\/orkza.com\/de\/produkt\/microsoft-office-2021-professional-plus-retail-key\/","title":{"rendered":"Microsoft Office 2021 Professional Plus Retail Key"},"content":{"rendered":"<h2>Microsoft Office 2021 Professional Plus: Die ultimative Produktivit\u00e4ts-Suite<\/h2>\n<p>Seit der Version 2007 hat Microsoft verschiedene Programme integriert, um die Barrierefreiheit zu verbessern und eine benutzerfreundliche Oberfl\u00e4che zu schaffen. Dies macht <a href=\"https:\/\/support.microsoft.com\/en-us\/office\/what-s-new-in-office-2021-43848c29-665d-4b1b-bc12-acd2bfb3910a\" target=\"_blank\" rel=\"noopener\">Microsoft Office 2021<\/a> Professional Plus zu einer der besten Produktivit\u00e4ts-Suites f\u00fcr Gesch\u00e4ftsleute, Unternehmen und fortgeschrittene Anwender, die erstklassige Tools f\u00fcr Arbeit, Zusammenarbeit und Dokumentenmanagement suchen. Office 2021 Pro Plus ist ideal f\u00fcr alle, die eine schn\u00f6rkellose Office-Suite mit einer effizienteren, intuitiven Benutzeroberfl\u00e4che, besserer Leistung und einem einmaligen Kauf suchen.  <\/p>\n<h2>Microsoft Office 2021 Professional Plus \u2013 Hauptmerkmale<\/h2>\n<p><a href=\"https:\/\/orkza.com\/wp-content\/uploads\/2025\/03\/Microsoft-Office-Key-Features.png\"><img decoding=\"async\" class=\"alignnone wp-image-4714\" src=\"https:\/\/orkza.com\/wp-content\/uploads\/2025\/03\/Microsoft-Office-Key-Features-400x223.png\" alt=\"Microsoft Office 2021 \u2013 Hauptmerkmale\" width=\"658\" height=\"367\" title=\"\" srcset=\"https:\/\/orkza.com\/wp-content\/uploads\/2025\/03\/Microsoft-Office-Key-Features-400x223.png 400w, https:\/\/orkza.com\/wp-content\/uploads\/2025\/03\/Microsoft-Office-Key-Features-430x239.png 430w, https:\/\/orkza.com\/wp-content\/uploads\/2025\/03\/Microsoft-Office-Key-Features-150x83.png 150w, https:\/\/orkza.com\/wp-content\/uploads\/2025\/03\/Microsoft-Office-Key-Features-700x389.png 700w, https:\/\/orkza.com\/wp-content\/uploads\/2025\/03\/Microsoft-Office-Key-Features-768x427.png 768w, https:\/\/orkza.com\/wp-content\/uploads\/2025\/03\/Microsoft-Office-Key-Features.png 800w\" sizes=\"(max-width: 658px) 100vw, 658px\" \/><\/a><\/p>\n<h3>Enth\u00e4lt alle Office-Anwendungen<\/h3>\n<p><strong>Microsoft Office 2021 Professional Plus bietet Ihnen Zugriff auf die neuesten Produktivit\u00e4tsprogramme, darunter:<\/strong><\/p>\n<p>&#x2714; Microsoft Word 2021 \u2013 Erstellen und bearbeiten Sie Dokumente mit neuen Funktionen zur Zusammenarbeit und KI-gest\u00fctzten Bearbeitungstools.<br \/>\n&#x2714; Microsoft Excel 2021 \u2013 Nutzen Sie Funktionen wie dynamische Arrays, fortschrittliche Datenanalysetools und Power Query, um Tabellenkalkulationen effektiver zu verwalten.<br \/>\n&#x2714; Microsoft PowerPoint 2021 \u2013 Erstellen Sie ansprechende Pr\u00e4sentationen mit modernen Vorlagen, besseren \u00dcberg\u00e4ngen und optimierter Medienintegration.<br \/>\n&#x2714; Microsoft Outlook 2021 \u2013 E-Mail &amp; Kalender mit verbesserter Sicherheit und Leistung.<br \/>\n&#x2714; Microsoft Access 2021 \u2013 Erstellen und verwalten Sie Datenbanken mit verbesserten Datenverarbeitungs- und Analysefunktionen.<br \/>\n&#x2714; Microsoft Publisher 2021 \u2013 Gestalten Sie professionelle Marketingmaterialien.<br \/>\n&#x2714; Microsoft OneNote 2021 \u2013 Organisieren Sie Notizen, Ideen und Projekte mit Cloud-Synchronisierung und einfachem Ger\u00e4tezugriff.<\/p>\n<h3>Einmalkauf, kein Abonnement erforderlich<\/h3>\n<p>Office 2021 Professional Plus ist ein Einmalkauf ohne monatliche oder j\u00e4hrliche Abonnementgeb\u00fchren, anders als bei Microsoft 365. Sie k\u00f6nnen die Software lebenslang ohne wiederkehrende Kosten nutzen. <\/p>\n<h3>Verbesserte Zusammenarbeit &amp; Co-Authoring<\/h3>\n<p>Zusammenarbeit in Echtzeit erm\u00f6glicht es mehreren Benutzern, gleichzeitig an demselben Dokument zu arbeiten, was die Effektivit\u00e4t und Teamarbeit steigert. Cloud-Integration: Mit OneDrive und intelligentem Teilen k\u00f6nnen Sie von \u00fcberall auf Ihre Dateien zugreifen. <\/p>\n<h3>Verbesserte Leistung &amp; Stabilit\u00e4t<\/h3>\n<p>Office 2021 Pro Plus ist auf schnellere Leistung, Ressourcenoptimierung und Kompatibilit\u00e4t mit modernen Ger\u00e4ten ausgelegt. Dies sorgt f\u00fcr bessere Stabilit\u00e4t und einen reibungsloseren Betrieb, selbst bei der Verarbeitung gro\u00dfer Dokumente und komplexer Berechnungen. <\/p>\n<h3>Neue KI-gest\u00fctzte Funktionen &amp; Tools<\/h3>\n<p>Excel 2021 enth\u00e4lt eine Vielzahl neuer Funktionen, wie dynamische Arrays, die Funktionen XVERWEIS, LET und XVERGLEICH sowie verbesserte Power Query-Tools f\u00fcr die Arbeit mit Daten.<br \/>\nBei der Erstellung von Dokumenten bietet Word 2021 verbesserte Grammatik- und Stilvorschl\u00e4ge, um Ihre Dokumente professioneller wirken zu lassen.<br \/>\nSchlie\u00dfen Sie die L\u00fccke: PowerPoint 2021 bietet verbesserte Aufzeichnungstools und Folien\u00fcberg\u00e4nge f\u00fcr wirkungsvolle Pr\u00e4sentationen. <\/p>\n<h3>Erweiterte Sicherheit &amp; Datenschutz<\/h3>\n<p>Office 2021 Pro Plus bietet erweiterten Schutz vor Bedrohungen, E-Mail-Sicherheit in Outlook und Datenverschl\u00fcsselungsfunktionen, um die Sicherheit und Privatsph\u00e4re in der Kommunikation durch integrierte Sicherheitsverbesserungen zu erh\u00f6hen.<\/p>\n<h3>Warum Microsoft Office 2021 Professional Plus w\u00e4hlen?<\/h3>\n<p>&#x2714; Lebenslanger Zugriff \u2013 Einmal zahlen und dauerhaft nutzen!<br \/>\n&#x2714; Enth\u00e4lt alle Premium-Anwendungen.<br \/>\n&#x2714; Verbesserte Leistung, robuste Sicherheit und KI-gest\u00fctzte Funktionen.<br \/>\n&#x2714; Perfekt f\u00fcr Unternehmen, Firmen und fortgeschrittene Anwender.<\/p>\n<p>Office 2021 Professional Plus ist ideal f\u00fcr Unternehmen und Profis, die eine leistungsstarke, funktionsreiche und zuverl\u00e4ssige Produktivit\u00e4ts-Suite suchen.<\/p>\n<p><a href=\"https:\/\/officecdn.microsoft.com\/db\/492350F6-3A01-4F97-B9C0-C7C6DDF67D60\/media\/en-US\/ProPlus2021Retail.img\" target=\"_blank\" rel=\"nofollow noopener\">Office 2021 Professional Plus Download<\/a><\/p>\n<p><a href=\"https:\/\/orkza.com\/de\/microsoft-office-activation-guide\/\" target=\"_blank\" rel=\"noopener\">Microsoft Office Aktivierungsleitfaden<\/a><\/p>\n","protected":false},"excerpt":{"rendered":"<p>Microsoft Office 2021 Professional Plus bietet Word, Excel, PowerPoint, Outlook &amp; mehr. Sichern Sie sich einen Einmalkauf mit lebenslangem Zugriff und erweiterten Funktionen! <\/p>\n<p><a href=\"https:\/\/appsource.microsoft.com\/en-us\/marketplace\/partner-dir\/7b9ef294-bfae-4476-9a8a-aadc60e54e5d\/overview\" target=\"_blank\" rel=\"noopener\"><img decoding=\"async\" class=\"ls-is-cached lazyloaded alignleft\" src=\"https:\/\/orkza.com\/wp-content\/smush-webp\/2023\/07\/Orkza-Microsoft-Certified-Partner-Badge.png.webp\" alt=\"Microsoft Certified Partner\" width=\"157\" height=\"43\" data-src=\"https:\/\/orkza.com\/wp-content\/smush-webp\/2023\/07\/Orkza-Microsoft-Certified-Partner-Badge.png.webp\"><\/a><a href=\"https:\/\/main.prod.marketplacepartnerdirectory.azure.com\/en\/partners\/7b9ef294-bfae-4476-9a8a-aadc60e54e5d\/overview\" target=\"_blank\" rel=\"noopener\"><img decoding=\"async\" class=\"ls-is-cached lazyloaded alignleft\" src=\"https:\/\/orkza.com\/wp-content\/smush-webp\/2023\/07\/microsoft-Azure-Partner.png.webp\" alt=\"Azure Partner\" width=\"153\" height=\"44\" data-src=\"https:\/\/orkza.com\/wp-content\/smush-webp\/2023\/07\/microsoft-Azure-Partner.png.webp\"><\/a><\/p>\n","protected":false},"featured_media":17681,"comment_status":"open","ping_status":"closed","template":"","meta":[],"product_brand":[],"product_cat":[236],"product_tag":[215],"class_list":{"0":"post-17679","1":"product","2":"type-product","3":"status-publish","4":"has-post-thumbnail","6":"product_cat-buro-business","7":"product_tag-office","9":"first","10":"instock","11":"virtual","12":"purchasable","13":"product-type-simple"},"_links":{"self":[{"href":"https:\/\/orkza.com\/de\/wp-json\/wp\/v2\/product\/17679","targetHints":{"allow":["GET"]}}],"collection":[{"href":"https:\/\/orkza.com\/de\/wp-json\/wp\/v2\/product"}],"about":[{"href":"https:\/\/orkza.com\/de\/wp-json\/wp\/v2\/types\/product"}],"replies":[{"embeddable":true,"href":"https:\/\/orkza.com\/de\/wp-json\/wp\/v2\/comments?post=17679"}],"version-history":[{"count":0,"href":"https:\/\/orkza.com\/de\/wp-json\/wp\/v2\/product\/17679\/revisions"}],"wp:featuredmedia":[{"embeddable":true,"href":"https:\/\/orkza.com\/de\/wp-json\/wp\/v2\/media\/17681"}],"wp:attachment":[{"href":"https:\/\/orkza.com\/de\/wp-json\/wp\/v2\/media?parent=17679"}],"wp:term":[{"taxonomy":"product_brand","embeddable":true,"href":"https:\/\/orkza.com\/de\/wp-json\/wp\/v2\/product_brand?post=17679"},{"taxonomy":"product_cat","embeddable":true,"href":"https:\/\/orkza.com\/de\/wp-json\/wp\/v2\/product_cat?post=17679"},{"taxonomy":"product_tag","embeddable":true,"href":"https:\/\/orkza.com\/de\/wp-json\/wp\/v2\/product_tag?post=17679"}],"curies":[{"name":"wp","href":"https:\/\/api.w.org\/{rel}","templated":true}]}}