{"id":17678,"date":"2025-03-07T20:55:59","date_gmt":"2025-03-07T20:55:59","guid":{"rendered":"https:\/\/orkza.com\/product\/microsoft-windows-10-professional-retail-key\/"},"modified":"2026-02-26T06:10:09","modified_gmt":"2026-02-26T06:10:09","slug":"microsoft-windows-10-professional-retail-key","status":"publish","type":"product","link":"https:\/\/orkza.com\/de\/produkt\/microsoft-windows-10-professional-retail-key\/","title":{"rendered":"Microsoft Windows 10 Professional Retail-Key"},"content":{"rendered":"<h2>Microsoft Windows 10 Pro: Das leistungsst\u00e4rkste Business-Betriebssystem<\/h2>\n<p>Microsoft <a href=\"https:\/\/www.microsoft.com\/en-us\/software-download\/windows10\" target=\"_blank\" rel=\"noopener\">Windows 10<\/a> Professional richtet sich an Gesch\u00e4ftskunden, professionelle Anwender und Unternehmen, die ein sicheres, effizientes und funktionales Betriebssystem ben\u00f6tigen. Windows 10 Pro bietet eine zuverl\u00e4ssige Plattform f\u00fcr Arbeit und Produktivit\u00e4t \u2013 mit erweiterten Sicherheitsfunktionen, Remotedesktop-Funktion und Management-Tools auf Enterprise-Niveau. <\/p>\n<h2>Windows 10 Professional \u2013 Hauptfunktionen<\/h2>\n<p><a href=\"https:\/\/orkza.com\/wp-content\/uploads\/2025\/03\/Windows-Key-Features.jpg\"><img decoding=\"async\" class=\"alignnone wp-image-4690\" src=\"https:\/\/orkza.com\/wp-content\/uploads\/2025\/03\/Windows-Key-Features-400x188.jpg\" alt=\"Windows 10 Professional \u2013 Hauptfunktionen\" width=\"647\" height=\"304\" title=\"\" srcset=\"https:\/\/orkza.com\/wp-content\/uploads\/2025\/03\/Windows-Key-Features-400x188.jpg 400w, https:\/\/orkza.com\/wp-content\/uploads\/2025\/03\/Windows-Key-Features-430x202.jpg 430w, https:\/\/orkza.com\/wp-content\/uploads\/2025\/03\/Windows-Key-Features-150x71.jpg 150w, https:\/\/orkza.com\/wp-content\/uploads\/2025\/03\/Windows-Key-Features-700x329.jpg 700w, https:\/\/orkza.com\/wp-content\/uploads\/2025\/03\/Windows-Key-Features-768x361.jpg 768w, https:\/\/orkza.com\/wp-content\/uploads\/2025\/03\/Windows-Key-Features.jpg 1000w\" sizes=\"(max-width: 647px) 100vw, 647px\" \/><\/a><\/p>\n<h3>Verbesserter Schutz mit BitLocker-Verschl\u00fcsselung<\/h3>\n<p>Windows 10 Pro steht f\u00fcr zuverl\u00e4ssige Sicherheit. Reibungslose Performance und Schutz \u2013 die BitLocker-Verschl\u00fcsselung sorgt daf\u00fcr, dass sensible Dateien nicht eingesehen werden und der Zugriff blockiert wird, falls Ger\u00e4te verloren gehen oder gestohlen werden. Mit BitLocker bleiben Ihre Daten jederzeit verschl\u00fcsselt und sicher.  <\/p>\n<h3>Sicheres Anmelden mit Windows Hello &amp; Secure Boot<\/h3>\n<p>Windows Hello ist in Windows 10 Pro enthalten, sodass Sie sich per Gesichtserkennung, Fingerabdruckscan oder PIN anmelden k\u00f6nnen. In Kombination mit Secure Boot startet Ihr System nur vertrauensw\u00fcrdige Software \u2013 das reduziert das Risiko von Malware-Infektionen. <\/p>\n<h3>Von zu Hause verbinden per Remotedesktop \u2013 Garantiearbeit<\/h3>\n<p>Arbeiten Sie von \u00fcberall: mit Remotedesktop, verf\u00fcgbar in Windows 10 Pro. Diese Funktion erm\u00f6glicht das Arbeiten aus der Ferne und stellt sicher, dass Remote-Profis von jedem Standort aus sicher auf ihren PC zugreifen und arbeiten k\u00f6nnen. <\/p>\n<h3>Business-Verwaltung: Gruppenrichtlinien &amp; Dom\u00e4nenbeitritt<\/h3>\n<p>Windows 10 Professional ist f\u00fcr Unternehmen konzipiert und bietet Gruppenrichtlinien sowie Dom\u00e4nenbeitritt, um mehrere Ger\u00e4te zu verwalten, Sicherheitsrichtlinien festzulegen und die Compliance in einer Organisation durch IT-Administratoren durchzusetzen.<\/p>\n<h3>HYPER-V F\u00dcR VIRTUALISIERUNG &amp; TESTS<\/h3>\n<p>Das integrierte Virtualisierungstool Hyper-V erm\u00f6glicht Entwicklern und IT-Profis, verschiedene Betriebssysteme auf einem PC f\u00fcr Tests und Entwicklung auszuf\u00fchren.<\/p>\n<h3>Microsoft 365 &amp; Cloud-Services-Integrationen optimieren<\/h3>\n<p>Windows 10 Pro funktioniert perfekt mit Microsoft 365, OneDrive und Teams, sodass Sie sicher ger\u00e4te\u00fcbergreifend arbeiten und Dateien teilen k\u00f6nnen. Cloud-Speicher macht Ihre Arbeit von jedem Ort aus verf\u00fcgbar. <\/p>\n<h3>Virtuelle Desktops &amp; Snap Assist f\u00fcr effizientestes Multitasking<\/h3>\n<p>Snap Assist und virtuelle Desktops verbessern die F\u00e4higkeit der Nutzer, mehrere Aufgaben gleichzeitig zu bearbeiten \u2013 f\u00fcr mehr Workflow-Effizienz und Ordnung in Windows 10 Pro.<\/p>\n<h3>Optimiert f\u00fcr Kompatibilit\u00e4t &amp; Leistung<\/h3>\n<p>Das hochoptimierte System ist auf Leistung, Geschwindigkeit und Effizienz ausgelegt. Es sorgt daf\u00fcr, dass moderne Hardware, Business-Anwendungen und Enterprise-Software nahtlos zusammenarbeiten, und bietet ein reibungsloses Nutzererlebnis. <\/p>\n<h3>Warum Windows 10 Professional w\u00e4hlen?<\/h3>\n<p>Windows 10 Pro ist ideal f\u00fcr Business-Profis, IT-Administratoren und Power-User, die erweiterte Sicherheit, Remote-Zugriff und Produktivit\u00e4ts-Tools ben\u00f6tigen. Ob im B\u00fcro, im Homeoffice oder beim Betrieb vielf\u00e4ltiger Systeme \u2013 Windows 10 Professional liefert die n\u00f6tige Leistung, Sicherheit und Kontrolle. <\/p>\n<p><a href=\"https:\/\/www.microsoft.com\/en-us\/software-download\/windows10\" target=\"_blank\" rel=\"noopener\">Windows 10 Download<\/a><\/p>\n<p><a href=\"https:\/\/orkza.com\/de\/microsoft-windows-10-11-activation-guide\/\" target=\"_blank\" rel=\"noopener\">Windows-Aktivierungsanleitung<\/a><\/p>\n","protected":false},"excerpt":{"rendered":"<p>Windows 10 Professional bietet erweiterte Sicherheit, Remotedesktop, BitLocker-Verschl\u00fcsselung und Business-Tools. Steigern Sie Ihre Produktivit\u00e4t mit erweiterten Funktionen und nahtloser Performance! <\/p>\n<p><a href=\"https:\/\/appsource.microsoft.com\/en-us\/marketplace\/partner-dir\/7b9ef294-bfae-4476-9a8a-aadc60e54e5d\/overview\" target=\"_blank\" rel=\"noopener\"><img decoding=\"async\" class=\"ls-is-cached lazyloaded alignleft\" src=\"https:\/\/orkza.com\/wp-content\/smush-webp\/2023\/07\/Orkza-Microsoft-Certified-Partner-Badge.png.webp\" alt=\"Microsoft Certified Partner\" width=\"157\" height=\"43\" data-src=\"https:\/\/orkza.com\/wp-content\/smush-webp\/2023\/07\/Orkza-Microsoft-Certified-Partner-Badge.png.webp\"><\/a><a href=\"https:\/\/main.prod.marketplacepartnerdirectory.azure.com\/en\/partners\/7b9ef294-bfae-4476-9a8a-aadc60e54e5d\/overview\" target=\"_blank\" rel=\"noopener\"><img decoding=\"async\" class=\"ls-is-cached lazyloaded alignleft\" src=\"https:\/\/orkza.com\/wp-content\/smush-webp\/2023\/07\/microsoft-Azure-Partner.png.webp\" alt=\"Azure Partner\" width=\"153\" height=\"44\" data-src=\"https:\/\/orkza.com\/wp-content\/smush-webp\/2023\/07\/microsoft-Azure-Partner.png.webp\"><\/a><\/p>\n","protected":false},"featured_media":17448,"comment_status":"open","ping_status":"closed","template":"","meta":[],"product_brand":[],"product_cat":[237],"product_tag":[214],"class_list":{"0":"post-17678","1":"product","2":"type-product","3":"status-publish","4":"has-post-thumbnail","6":"product_cat-betriebssystem","7":"product_tag-windows","9":"first","10":"instock","11":"virtual","12":"purchasable","13":"product-type-simple"},"_links":{"self":[{"href":"https:\/\/orkza.com\/de\/wp-json\/wp\/v2\/product\/17678","targetHints":{"allow":["GET"]}}],"collection":[{"href":"https:\/\/orkza.com\/de\/wp-json\/wp\/v2\/product"}],"about":[{"href":"https:\/\/orkza.com\/de\/wp-json\/wp\/v2\/types\/product"}],"replies":[{"embeddable":true,"href":"https:\/\/orkza.com\/de\/wp-json\/wp\/v2\/comments?post=17678"}],"version-history":[{"count":0,"href":"https:\/\/orkza.com\/de\/wp-json\/wp\/v2\/product\/17678\/revisions"}],"wp:featuredmedia":[{"embeddable":true,"href":"https:\/\/orkza.com\/de\/wp-json\/wp\/v2\/media\/17448"}],"wp:attachment":[{"href":"https:\/\/orkza.com\/de\/wp-json\/wp\/v2\/media?parent=17678"}],"wp:term":[{"taxonomy":"product_brand","embeddable":true,"href":"https:\/\/orkza.com\/de\/wp-json\/wp\/v2\/product_brand?post=17678"},{"taxonomy":"product_cat","embeddable":true,"href":"https:\/\/orkza.com\/de\/wp-json\/wp\/v2\/product_cat?post=17678"},{"taxonomy":"product_tag","embeddable":true,"href":"https:\/\/orkza.com\/de\/wp-json\/wp\/v2\/product_tag?post=17678"}],"curies":[{"name":"wp","href":"https:\/\/api.w.org\/{rel}","templated":true}]}}