{"id":17672,"date":"2025-03-08T14:58:35","date_gmt":"2025-03-08T14:58:35","guid":{"rendered":"https:\/\/orkza.com\/product\/microsoft-office-2016-professional-plus-retail-key\/"},"modified":"2026-02-26T06:09:22","modified_gmt":"2026-02-26T06:09:22","slug":"microsoft-office-2016-professional-plus-retail-key","status":"publish","type":"product","link":"https:\/\/orkza.com\/de\/produkt\/microsoft-office-2016-professional-plus-retail-key\/","title":{"rendered":"Microsoft Office 2016 Professional Plus Retail-Key"},"content":{"rendered":"<h2>Microsoft Office 2016 Professional Plus: Die unverzichtbare Produktivit\u00e4ts-Suite<\/h2>\n<p><a href=\"https:\/\/www.office.com\/\" target=\"_blank\" rel=\"noopener\">Microsoft Office<\/a> 2016 Professional Plus ist eine vielseitige, leistungsstarke und hochwertige Office-Suite f\u00fcr Gesch\u00e4ftsleute, Unternehmen und Power-User. Sie bietet umfangreiche Desktop-Anwendungen wie Word, Excel, PowerPoint, Outlook und weitere Tools, um Dokumentenerstellung, Datenanalyse und Kommunikation zu optimieren \u2013 f\u00fcr mehr Produktivit\u00e4t. <\/p>\n<p>Diese Version ist ein Einmalkauf \u2013 daher fallen keine Abonnementgeb\u00fchren an. Ideal f\u00fcr alle, die eine dauerhafte, eigenst\u00e4ndige Office-Suite m\u00f6chten. <\/p>\n<h2>Microsoft Office 2016 Professional Plus \u2013 Hauptfunktionen<\/h2>\n<p><a href=\"https:\/\/orkza.com\/wp-content\/uploads\/2025\/03\/Microsoft-Office-Key-Features.png\"><img decoding=\"async\" class=\"alignnone wp-image-4714\" src=\"https:\/\/orkza.com\/wp-content\/uploads\/2025\/03\/Microsoft-Office-Key-Features-400x223.png\" alt=\"Microsoft Office 2016 \u2013 Hauptfunktionen\" width=\"658\" height=\"367\" title=\"\" srcset=\"https:\/\/orkza.com\/wp-content\/uploads\/2025\/03\/Microsoft-Office-Key-Features-400x223.png 400w, https:\/\/orkza.com\/wp-content\/uploads\/2025\/03\/Microsoft-Office-Key-Features-430x239.png 430w, https:\/\/orkza.com\/wp-content\/uploads\/2025\/03\/Microsoft-Office-Key-Features-150x83.png 150w, https:\/\/orkza.com\/wp-content\/uploads\/2025\/03\/Microsoft-Office-Key-Features-700x389.png 700w, https:\/\/orkza.com\/wp-content\/uploads\/2025\/03\/Microsoft-Office-Key-Features-768x427.png 768w, https:\/\/orkza.com\/wp-content\/uploads\/2025\/03\/Microsoft-Office-Key-Features.png 800w\" sizes=\"(max-width: 658px) 100vw, 658px\" \/><\/a><\/p>\n<h3>All-in-one-Suite mit unverzichtbaren Anwendungen<\/h3>\n<p><strong>Microsoft Office 2016 Professional Plus enth\u00e4lt alle wichtigen Informationen zu Microsoft Office-Apps:<\/strong><\/p>\n<p>&#x2714; Microsoft Word 2016 \u2013 Erstellen, bearbeiten und formatieren Sie Texte und nutzen Sie erweiterte Textbearbeitung, Smart Lookup sowie verbesserte Tools f\u00fcr die Zusammenarbeit.<br \/>\nVerleihen Sie Ihrer Arbeit das gewisse Extra und analysieren Sie auf einem ganz neuen Niveau \u2013 mit den neuen Diagrammtypen von Microsoft Excel 2016, Power Query, PowerPivot und zahlreichen Verbesserungen bei Formeln.<\/p>\n<p>&#x2714; Microsoft PowerPoint 2016 \u2013 Erstellen Sie professionelle Pr\u00e4sentationen mit neuen \u00dcberg\u00e4ngen, besseren Animationen und Zusammenarbeit in Echtzeit.<\/p>\n<p>&#x2714; Microsoft Outlook 2016 \u2013 Verwalten Sie E-Mails, Kalender und Kontakte mit verbesserter Suche und besserer E-Mail-Organisation.<\/p>\n<p>&#x2714;Microsoft Access 2016 \u2013 Entwerfen &amp; Verwalten mit erweiterten Datentools &amp; nahtloser Integration.<\/p>\n<p>&#x2714; Microsoft Publisher 2016 \u2013 Erstellen Sie professionelle Publikationen und Marketingmaterialien mit anpassbaren Vorlagen.<\/p>\n<p>&#x2714; Microsoft OneNote 2016 \u2013 Organisieren Sie Notizen und Ideen, synchronisieren Sie sie ger\u00e4te\u00fcbergreifend und arbeiten Sie einfach zusammen.<\/p>\n<h3>Einmalzahlung \u2013 kein Abonnement n\u00f6tig<\/h3>\n<p>Microsoft 365 ist ein wiederkehrender, abonnementbasierter Service, der Sie nach einem j\u00e4hrlichen Zyklus erneut belastet. Office 2016 Professional Plus hingegen ist als Download verf\u00fcgbar und kann dauerhaft auf Ihrem PC installiert werden \u2013 ohne Verl\u00e4ngerungskosten. <\/p>\n<h3>Updates: Neue Funktionen &amp; Produktivit\u00e4tsverbesserungen<\/h3>\n<p>Die Zusammenarbeit an Dokumenten in Echtzeit erm\u00f6glicht es mehreren Nutzern, Dokumente gleichzeitig zu bearbeiten. Zudem gibt es eine sofortige Online-Recherche in Word, Excel und PowerPoint.<br \/>\nNeue Excel-Funktionen wie TEXTJOIN und CONCAT sowie neue Diagramme zur Datenvisualisierung. Die PowerPoint-Referentenansicht ist ein Tool, mit dem Sie mehr Kontrolle \u00fcber Ihre Pr\u00e4sentationen haben und besser mit Ihrem Publikum harmonieren. Dar\u00fcber hinaus gibt es viele weitere M\u00f6glichkeiten, PowerPoint-Pr\u00e4sentationen zu erstellen \u2013 z. B. interaktive Pr\u00e4sentationen abh\u00e4ngig von den Reaktionen des Publikums, zeitgesteuerte Pr\u00e4sentationen usw.  <\/p>\n<h3>Bessere Sicherheit &amp; Leistung<\/h3>\n<p>Office 2016 Professional Plus bietet erh\u00f6hte Sicherheit mit Funktionen wie Data Loss Prevention (DLP) in Word, Excel und PowerPoint. Die Suite ist darauf ausgelegt, Geschwindigkeit und Effizienz zu verbessern, besseres Multitasking zu erm\u00f6glichen und mit Windows 7, 8 und 10 kompatibel zu sein. <\/p>\n<h2>Warum Microsoft Office 2016 Professional Plus w\u00e4hlen?<\/h2>\n<p>&#x2714; Kein Abonnement: einmal zahlen, dauerhaft nutzen.<br \/>\n&#x2714; Alle Office-Apps, die Sie f\u00fcr Business und professionellen Einsatz ben\u00f6tigen.<br \/>\n&#x2714; Komplexe Kollaborationssysteme und extreme Sicherheitsma\u00dfnahmen.<br \/>\n&#x2714; Schnelles, zuverl\u00e4ssiges und reibungsloses Workflow-Management.<\/p>\n<p>Microsoft Office 2016 Professional Plus bleibt eine Top-Wahl f\u00fcr Unternehmen und Profis, die eine kosteneffiziente, funktionsreiche Office-Suite suchen \u2013 mit leistungsstarken Produktivit\u00e4tstools ohne laufende Kosten.<\/p>\n<p><a href=\"https:\/\/officecdn.microsoft.com\/db\/492350F6-3A01-4F97-B9C0-C7C6DDF67D60\/media\/en-US\/ProPlusRetail.img\" target=\"_blank\" rel=\"nofollow noopener\">Office 2016 Professional Plus Download<\/a><\/p>\n<p><a href=\"https:\/\/orkza.com\/de\/microsoft-office-activation-guide\/\" target=\"_blank\" rel=\"noopener\">Microsoft Office Aktivierungsleitfaden<\/a><\/p>\n","protected":false},"excerpt":{"rendered":"<p>Microsoft Office 2016 Professional Plus enth\u00e4lt Word, Excel, PowerPoint &amp; mehr. Sichern Sie sich einen Einmalkauf mit lebenslangem Zugriff und erweiterten Produktivit\u00e4tstools! <\/p>\n<p><a href=\"https:\/\/appsource.microsoft.com\/en-us\/marketplace\/partner-dir\/7b9ef294-bfae-4476-9a8a-aadc60e54e5d\/overview\" target=\"_blank\" rel=\"noopener\"><img decoding=\"async\" class=\"ls-is-cached lazyloaded alignleft\" src=\"https:\/\/orkza.com\/wp-content\/smush-webp\/2023\/07\/Orkza-Microsoft-Certified-Partner-Badge.png.webp\" alt=\"Microsoft Certified Partner\" width=\"157\" height=\"43\" data-src=\"https:\/\/orkza.com\/wp-content\/smush-webp\/2023\/07\/Orkza-Microsoft-Certified-Partner-Badge.png.webp\"><\/a><a href=\"https:\/\/main.prod.marketplacepartnerdirectory.azure.com\/en\/partners\/7b9ef294-bfae-4476-9a8a-aadc60e54e5d\/overview\" target=\"_blank\" rel=\"noopener\"><img decoding=\"async\" class=\"ls-is-cached lazyloaded alignleft\" src=\"https:\/\/orkza.com\/wp-content\/smush-webp\/2023\/07\/microsoft-Azure-Partner.png.webp\" alt=\"Azure Partner\" width=\"153\" height=\"44\" data-src=\"https:\/\/orkza.com\/wp-content\/smush-webp\/2023\/07\/microsoft-Azure-Partner.png.webp\"><\/a><\/p>\n","protected":false},"featured_media":17673,"comment_status":"open","ping_status":"closed","template":"","meta":[],"product_brand":[],"product_cat":[236],"product_tag":[215],"class_list":{"0":"post-17672","1":"product","2":"type-product","3":"status-publish","4":"has-post-thumbnail","6":"product_cat-buro-business","7":"product_tag-office","9":"first","10":"instock","11":"virtual","12":"purchasable","13":"product-type-simple"},"_links":{"self":[{"href":"https:\/\/orkza.com\/de\/wp-json\/wp\/v2\/product\/17672","targetHints":{"allow":["GET"]}}],"collection":[{"href":"https:\/\/orkza.com\/de\/wp-json\/wp\/v2\/product"}],"about":[{"href":"https:\/\/orkza.com\/de\/wp-json\/wp\/v2\/types\/product"}],"replies":[{"embeddable":true,"href":"https:\/\/orkza.com\/de\/wp-json\/wp\/v2\/comments?post=17672"}],"version-history":[{"count":0,"href":"https:\/\/orkza.com\/de\/wp-json\/wp\/v2\/product\/17672\/revisions"}],"wp:featuredmedia":[{"embeddable":true,"href":"https:\/\/orkza.com\/de\/wp-json\/wp\/v2\/media\/17673"}],"wp:attachment":[{"href":"https:\/\/orkza.com\/de\/wp-json\/wp\/v2\/media?parent=17672"}],"wp:term":[{"taxonomy":"product_brand","embeddable":true,"href":"https:\/\/orkza.com\/de\/wp-json\/wp\/v2\/product_brand?post=17672"},{"taxonomy":"product_cat","embeddable":true,"href":"https:\/\/orkza.com\/de\/wp-json\/wp\/v2\/product_cat?post=17672"},{"taxonomy":"product_tag","embeddable":true,"href":"https:\/\/orkza.com\/de\/wp-json\/wp\/v2\/product_tag?post=17672"}],"curies":[{"name":"wp","href":"https:\/\/api.w.org\/{rel}","templated":true}]}}