{"id":17671,"date":"2025-03-07T20:56:30","date_gmt":"2025-03-07T20:56:30","guid":{"rendered":"https:\/\/orkza.com\/product\/microsoft-windows-10-home-retail-digital-key\/"},"modified":"2026-02-26T06:09:20","modified_gmt":"2026-02-26T06:09:20","slug":"microsoft-windows-10-home-retail-digital-key","status":"publish","type":"product","link":"https:\/\/orkza.com\/de\/produkt\/microsoft-windows-10-home-retail-digital-key\/","title":{"rendered":"Microsoft Windows 10 Home Retail Digital Key"},"content":{"rendered":"<h2>Microsoft Windows 10 Home: Ein zuverl\u00e4ssiges Betriebssystem f\u00fcr den Alltag<\/h2>\n<p>Microsoft <a href=\"https:\/\/www.microsoft.com\/en-us\/software-download\/windows10\" target=\"_blank\" rel=\"noopener\">Windows 10<\/a> Home ist ein Betriebssystem, das sich ideal f\u00fcr Privatanwender, Studierende und Gelegenheitsspieler eignet. Es bietet eine vertraute Oberfl\u00e4che, schnelle Leistung, integrierte Sicherheitsfunktionen und eine nahtlose Integration in Microsoft-Dienste. Windows 10 Home ist ideal zum Surfen im Web, Arbeiten und Spielen.  <\/p>\n<h2>Windows 10 Home Funktionen<\/h2>\n<p><a href=\"https:\/\/orkza.com\/wp-content\/uploads\/2025\/03\/Windows-Key-Features.jpg\"><img decoding=\"async\" class=\"alignnone wp-image-4690\" src=\"https:\/\/orkza.com\/wp-content\/uploads\/2025\/03\/Windows-Key-Features-400x188.jpg\" alt=\"Windows 10 Home \u2013 Hauptfunktionen\" width=\"647\" height=\"304\" title=\"\" srcset=\"https:\/\/orkza.com\/wp-content\/uploads\/2025\/03\/Windows-Key-Features-400x188.jpg 400w, https:\/\/orkza.com\/wp-content\/uploads\/2025\/03\/Windows-Key-Features-430x202.jpg 430w, https:\/\/orkza.com\/wp-content\/uploads\/2025\/03\/Windows-Key-Features-150x71.jpg 150w, https:\/\/orkza.com\/wp-content\/uploads\/2025\/03\/Windows-Key-Features-700x329.jpg 700w, https:\/\/orkza.com\/wp-content\/uploads\/2025\/03\/Windows-Key-Features-768x361.jpg 768w, https:\/\/orkza.com\/wp-content\/uploads\/2025\/03\/Windows-Key-Features.jpg 1000w\" sizes=\"(max-width: 647px) 100vw, 647px\" \/><\/a><\/p>\n<h3>Vertraute &amp; einfach zu bedienende Oberfl\u00e4che<\/h3>\n<p>Wie jede andere Windows-Edition verf\u00fcgt Windows 10 Home \u00fcber das klassische Startmen\u00fc, die Taskleiste und eine vertraute Navigation \u2013 das macht die Bedienung besonders einfach und benutzerfreundlich. Lazy Media hat den klassischen XP-Look erfolgreich \u00fcbernommen und als neue Option integriert \u2013 erg\u00e4nzt um einige neue Funktionen. <\/p>\n<h3>Cortana \u2013 Ihr virtueller pers\u00f6nlicher Assistent<\/h3>\n<p>Au\u00dferdem ist Cortana enthalten, Microsofts virtueller Assistent f\u00fcr Suchen, Erinnerungen, Kalenderereignisse und freih\u00e4ndige Sprachbefehle \u2013 f\u00fcr mehr Produktivit\u00e4t.<\/p>\n<h3>Microsoft Edge \u2014 Der Browser f\u00fcr Geschwindigkeit &amp; Sicherheit<\/h3>\n<p>Mit Windows 10 Home erhalten Sie Microsoft Edge, einen neuen Browser, der auf Geschwindigkeit, mehr Sicherheit und eine bessere Akkulaufzeit als \u00e4ltere Browser ausgelegt ist.<\/p>\n<h3>Windows Defender &amp; integrierte Sicherheit<\/h3>\n<p>Windows 10 Home enth\u00e4lt Windows Defender Antivirus und eine Firewall, die Ihr Ger\u00e4t vor Viren, Malware und Ransomware sch\u00fctzt. Zus\u00e4tzliche Drittanbieter-Software ist nicht erforderlich. <\/p>\n<h3>Schnelle Startzeiten &amp; Leistungs-Upgrade<\/h3>\n<p>Au\u00dferdem umfasst es mehrere Leistungsverbesserungen, z. B. schnellere Startzeiten, fl\u00fcssigeres Multitasking und eine effiziente Nutzung der Systemressourcen \u2013 f\u00fcr ein besseres Gesamterlebnis auf modernen Ger\u00e4ten ebenso wie auf \u00e4lteren PCs.<\/p>\n<h3>Windows Hello f\u00fcr sichere Anmeldung<\/h3>\n<p>Mit Windows Hello melden Sie sich per Gesichtserkennung, Fingerabdruck oder PIN an \u2013 f\u00fcr noch sichereren und schnelleren Zugriff.<\/p>\n<h3>Snap Assist &amp; virtuelle Desktops f\u00fcr Multitasking<\/h3>\n<p>Snap Assist und virtuelle Desktops helfen Ihnen, die Produktivit\u00e4t zu maximieren, indem Sie mehrere Apps nebeneinander anordnen und zwischen verschiedenen virtuellen Arbeitsbereichen wechseln.<\/p>\n<h3>DirectX 12: Leistungsplus beim Gaming<\/h3>\n<p>Es unterst\u00fctzt DirectX 12 \u2013 das bedeutet: schnellere Bildraten, bessere Grafik und Verbesserungen bei der Verwaltung von Systemressourcen beim Spielen. Au\u00dferdem erhalten Sie die Xbox Game Bar und den Game Mode f\u00fcr ein optimales Gaming-Erlebnis. <\/p>\n<h3>Microsoft 365 &amp; OneDrive-Integration<\/h3>\n<p>Microsoft 365 (ehemals Office 365) ist perfekt in den OneDrive-Cloudspeicher integriert \u2013 so k\u00f6nnen Sie jederzeit und von \u00fcberall auf Dateien zugreifen, um Zusammenarbeit und Produktivit\u00e4t zu steigern.<\/p>\n<h3>Warum Windows 10 Home w\u00e4hlen?<\/h3>\n<p>Wenn Sie Privatanwender, Studierende oder Gelegenheitsspieler sind, k\u00f6nnen Sie sich auf Windows 10 Home verlassen \u2013 ein leistungsstarkes, sicheres und schnelles Betriebssystem. Dank verbesserter Sicherheit, benutzerfreundlicher Oberfl\u00e4che und Gaming-Optimierungen geh\u00f6rt es weiterhin zu den besten Optionen f\u00fcr den Alltag und Unterhaltung. <\/p>\n<p><a href=\"https:\/\/www.microsoft.com\/en-us\/software-download\/windows10\" target=\"_blank\" rel=\"noopener\">Windows 10 Download<\/a><\/p>\n<p><a href=\"https:\/\/orkza.com\/de\/microsoft-windows-10-11-activation-guide\/\" target=\"_blank\" rel=\"noopener\">Windows-Aktivierungsanleitung<\/a><\/p>\n","protected":false},"excerpt":{"rendered":"<p>Windows 10 Home bietet schnelle Leistung, integrierte Sicherheit, Cortana und Gaming-Optimierungen. Genie\u00dfen Sie ein zuverl\u00e4ssiges, benutzerfreundliches Betriebssystem f\u00fcr Arbeit und Freizeit! <\/p>\n<p><a href=\"https:\/\/appsource.microsoft.com\/en-us\/marketplace\/partner-dir\/7b9ef294-bfae-4476-9a8a-aadc60e54e5d\/overview\" target=\"_blank\" rel=\"noopener\"><img decoding=\"async\" class=\"ls-is-cached lazyloaded alignleft\" src=\"https:\/\/orkza.com\/wp-content\/smush-webp\/2023\/07\/Orkza-Microsoft-Certified-Partner-Badge.png.webp\" alt=\"Microsoft Certified Partner\" width=\"157\" height=\"43\" data-src=\"https:\/\/orkza.com\/wp-content\/smush-webp\/2023\/07\/Orkza-Microsoft-Certified-Partner-Badge.png.webp\"><\/a><a href=\"https:\/\/main.prod.marketplacepartnerdirectory.azure.com\/en\/partners\/7b9ef294-bfae-4476-9a8a-aadc60e54e5d\/overview\" target=\"_blank\" rel=\"noopener\"><img decoding=\"async\" class=\"ls-is-cached lazyloaded alignleft\" src=\"https:\/\/orkza.com\/wp-content\/smush-webp\/2023\/07\/microsoft-Azure-Partner.png.webp\" alt=\"Azure Partner\" width=\"153\" height=\"44\" data-src=\"https:\/\/orkza.com\/wp-content\/smush-webp\/2023\/07\/microsoft-Azure-Partner.png.webp\"><\/a><\/p>\n","protected":false},"featured_media":17447,"comment_status":"open","ping_status":"closed","template":"","meta":[],"product_brand":[],"product_cat":[237],"product_tag":[214],"class_list":{"0":"post-17671","1":"product","2":"type-product","3":"status-publish","4":"has-post-thumbnail","6":"product_cat-betriebssystem","7":"product_tag-windows","9":"first","10":"instock","11":"virtual","12":"purchasable","13":"product-type-simple"},"_links":{"self":[{"href":"https:\/\/orkza.com\/de\/wp-json\/wp\/v2\/product\/17671","targetHints":{"allow":["GET"]}}],"collection":[{"href":"https:\/\/orkza.com\/de\/wp-json\/wp\/v2\/product"}],"about":[{"href":"https:\/\/orkza.com\/de\/wp-json\/wp\/v2\/types\/product"}],"replies":[{"embeddable":true,"href":"https:\/\/orkza.com\/de\/wp-json\/wp\/v2\/comments?post=17671"}],"version-history":[{"count":0,"href":"https:\/\/orkza.com\/de\/wp-json\/wp\/v2\/product\/17671\/revisions"}],"wp:featuredmedia":[{"embeddable":true,"href":"https:\/\/orkza.com\/de\/wp-json\/wp\/v2\/media\/17447"}],"wp:attachment":[{"href":"https:\/\/orkza.com\/de\/wp-json\/wp\/v2\/media?parent=17671"}],"wp:term":[{"taxonomy":"product_brand","embeddable":true,"href":"https:\/\/orkza.com\/de\/wp-json\/wp\/v2\/product_brand?post=17671"},{"taxonomy":"product_cat","embeddable":true,"href":"https:\/\/orkza.com\/de\/wp-json\/wp\/v2\/product_cat?post=17671"},{"taxonomy":"product_tag","embeddable":true,"href":"https:\/\/orkza.com\/de\/wp-json\/wp\/v2\/product_tag?post=17671"}],"curies":[{"name":"wp","href":"https:\/\/api.w.org\/{rel}","templated":true}]}}