{"id":17669,"date":"2025-04-19T20:48:21","date_gmt":"2025-04-19T20:48:21","guid":{"rendered":"https:\/\/orkza.com\/product\/adobe-creative-cloud-all-apps-1-month-subscription\/"},"modified":"2026-02-26T06:08:45","modified_gmt":"2026-02-26T06:08:45","slug":"adobe-creative-cloud-all-apps-1-month-subscription","status":"publish","type":"product","link":"https:\/\/orkza.com\/de\/produkt\/adobe-creative-cloud-all-apps-1-month-subscription\/","title":{"rendered":"Adobe Creative Cloud Alle Apps 1-Monats-Abonnement"},"content":{"rendered":"<h2>Adobe Creative Cloud Alle Apps \u2013 Die Komplettl\u00f6sung f\u00fcr Kreativprofis<\/h2>\n<p><em data-start=\"254\" data-end=\"285\"><a href=\"https:\/\/www.adobe.com\/mena_en\/creativecloud.html\" target=\"_blank\" rel=\"noopener\">Adobe Creative Cloud<\/a> Alle Apps<\/em> ist das ultimative Abonnementpaket f\u00fcr Kreativprofis und bietet Zugriff auf \u00fcber 20 branchenf\u00fchrende Anwendungen f\u00fcr Design, Fotografie, Videobearbeitung, Webentwicklung und mehr. Egal, ob Sie Grafikdesigner, Filmemacher, Fotograf, Marketingexperte oder Content Creator sind, diese All-in-One-Suite bietet Ihnen die Tools, um Ihre Ideen jederzeit und \u00fcberall zum Leben zu erwecken. <\/p>\n<p><a href=\"https:\/\/orkza.com\/wp-content\/uploads\/2025\/04\/Adobe-Creative-Cloud.jpg\"><img decoding=\"async\" class=\"alignnone wp-image-7067\" src=\"https:\/\/orkza.com\/wp-content\/uploads\/2025\/04\/Adobe-Creative-Cloud-400x240.jpg\" alt=\"Adobe Creative Cloud\" width=\"798\" height=\"479\" title=\"\" srcset=\"https:\/\/orkza.com\/wp-content\/uploads\/2025\/04\/Adobe-Creative-Cloud-400x240.jpg 400w, https:\/\/orkza.com\/wp-content\/uploads\/2025\/04\/Adobe-Creative-Cloud-430x258.jpg 430w, https:\/\/orkza.com\/wp-content\/uploads\/2025\/04\/Adobe-Creative-Cloud-150x90.jpg 150w, https:\/\/orkza.com\/wp-content\/uploads\/2025\/04\/Adobe-Creative-Cloud-700x420.jpg 700w, https:\/\/orkza.com\/wp-content\/uploads\/2025\/04\/Adobe-Creative-Cloud.jpg 758w\" sizes=\"(max-width: 798px) 100vw, 798px\" \/><\/a><\/p>\n<h3 data-start=\"655\" data-end=\"696\"><strong data-start=\"655\" data-end=\"696\">Voller Zugriff auf \u00fcber 28 Adobe-Apps<\/strong><\/h3>\n<p class=\"\" data-start=\"698\" data-end=\"783\">Mit dem Alle-Apps-Plan erhalten Sie Vollversionen wichtiger Adobe-Software, darunter:<\/p>\n<ul data-start=\"785\" data-end=\"1215\">\n<li class=\"\" data-start=\"785\" data-end=\"841\">\n<p class=\"\" data-start=\"787\" data-end=\"841\"><strong data-start=\"787\" data-end=\"800\">Photoshop<\/strong> \u2013 F\u00fcr Bildbearbeitung und Grafikdesign<\/p>\n<\/li>\n<li class=\"\" data-start=\"842\" data-end=\"898\">\n<p class=\"\" data-start=\"844\" data-end=\"898\"><strong data-start=\"844\" data-end=\"859\">Illustrator<\/strong> \u2013 F\u00fcr Vektorgrafiken und Logodesign<\/p>\n<\/li>\n<li class=\"\" data-start=\"899\" data-end=\"952\">\n<p class=\"\" data-start=\"901\" data-end=\"952\"><strong data-start=\"901\" data-end=\"917\">Premiere Pro<\/strong> \u2013 F\u00fcr professionelle Videobearbeitung<\/p>\n<\/li>\n<li class=\"\" data-start=\"953\" data-end=\"1015\">\n<p class=\"\" data-start=\"955\" data-end=\"1015\"><strong data-start=\"955\" data-end=\"972\">After Effects<\/strong> \u2013 F\u00fcr Motion Graphics und visuelle Effekte<\/p>\n<\/li>\n<li class=\"\" data-start=\"1016\" data-end=\"1060\">\n<p class=\"\" data-start=\"1018\" data-end=\"1060\"><strong data-start=\"1018\" data-end=\"1030\">InDesign<\/strong> \u2013 F\u00fcr Layout und Publishing<\/p>\n<\/li>\n<li class=\"\" data-start=\"1061\" data-end=\"1115\">\n<p class=\"\" data-start=\"1063\" data-end=\"1115\"><strong data-start=\"1063\" data-end=\"1076\">Lightroom<\/strong> \u2013 F\u00fcr Fotobearbeitung und -organisation<\/p>\n<\/li>\n<li class=\"\" data-start=\"1116\" data-end=\"1153\">\n<p class=\"\" data-start=\"1118\" data-end=\"1153\"><strong data-start=\"1118\" data-end=\"1124\">XD<\/strong> \u2013 F\u00fcr UI\/UX- und Webdesign<\/p>\n<\/li>\n<li class=\"\" data-start=\"1154\" data-end=\"1215\">\n<p class=\"\" data-start=\"1156\" data-end=\"1215\"><strong data-start=\"1156\" data-end=\"1171\">Acrobat Pro<\/strong> \u2013 F\u00fcr PDF-Bearbeitung und Dokumentenmanagement<\/p>\n<\/li>\n<\/ul>\n<p class=\"\" data-start=\"1217\" data-end=\"1347\">Ebenfalls enthalten sind Adobe Express, Bridge, Animate, Dreamweaver und mehr \u2013 alles, was Sie f\u00fcr Ihren kreativen Workflow ben\u00f6tigen.<\/p>\n<h3 data-start=\"1349\" data-end=\"1394\"><strong data-start=\"1349\" data-end=\"1394\">Cloud-Speicher und Kollaborationstools<\/strong><\/h3>\n<p class=\"\" data-start=\"1396\" data-end=\"1686\">Adobe Creative Cloud umfasst <strong data-start=\"1426\" data-end=\"1452\">100 GB Cloud-Speicher<\/strong>, sodass Sie von verschiedenen Ger\u00e4ten auf Ihre Projekte zugreifen und in Echtzeit mit Teamkollegen zusammenarbeiten k\u00f6nnen. Mit Funktionen wie Creative Cloud Libraries und Adobe Fonts k\u00f6nnen Sie Assets synchronisieren und ein konsistentes Branding \u00fcber alle Ihre Projekte hinweg beibehalten. <\/p>\n<h3 data-start=\"1688\" data-end=\"1747\"><strong data-start=\"1688\" data-end=\"1747\">Plattform\u00fcbergreifende Kompatibilit\u00e4t und kontinuierliche Updates<\/strong><\/h3>\n<p class=\"\" data-start=\"1749\" data-end=\"2047\">Die Creative Cloud Suite funktioniert nahtlos unter <strong data-start=\"1798\" data-end=\"1819\">Windows und macOS<\/strong>, und viele Apps sind auch auf mobilen Plattformen wie iOS und Android verf\u00fcgbar. Ihr Abonnement beinhaltet <strong data-start=\"1923\" data-end=\"1943\">regelm\u00e4\u00dfige Updates<\/strong>, die sicherstellen, dass Sie immer die neuesten Funktionen, Tools und Sicherheits-Patches ohne zus\u00e4tzliche Kosten erhalten. <\/p>\n<h3>Minimale Systemanforderungen<\/h3>\n<p>Betriebssystem: Windows 7, 8, 10 (64-Bit) oder macOS X v10.12 oder h\u00f6her<br \/>\nProzessor: 1,5 GHz oder schneller<br \/>\nRAM f\u00fcr Windows: 1 GB, RAM f\u00fcr macOS: 2 GB<br \/>\nSpeicher: 4,5 GB freier Speicherplatz<br \/>\nBildschirm: 1024&#215;768 Display <\/p>\n<h3>Mindestempfohlene Spezifikationen<\/h3>\n<p>Betriebssystem: Windows 10 (64-Bit) oder macOS X v10.13 oder h\u00f6her<br \/>\nProzessor: 2 GHz oder schneller<br \/>\nArbeitsspeicher: 2 GB RAM oder h\u00f6her<br \/>\nSpeicher: 4,5 GB freier Speicherplatz<br \/>\nGrafik: 1280&#215;800 Displayaufl\u00f6sung<\/p>\n<p>Entdecken Sie unsere neueste <a href=\"https:\/\/orkza.com\/de\/produkt-kategorie\/software\/\" target=\"_blank\" rel=\"noopener\">Software<\/a><\/p>\n","protected":false},"excerpt":{"rendered":"<p> <strong data-start=\"75\" data-end=\"96\"><img decoding=\"async\" class=\"alignnone wp-image-3526\" src=\"https:\/\/orkza.com\/wp-content\/uploads\/2024\/10\/Steam-Account-Notice-min-300x300.png\" alt=\"\" width=\"45\" height=\"45\" srcset=\"https:\/\/orkza.com\/wp-content\/uploads\/2024\/10\/Steam-Account-Notice-min-300x300.png 300w, https:\/\/orkza.com\/wp-content\/uploads\/2024\/10\/Steam-Account-Notice-min-scaled-430x430.png 430w, https:\/\/orkza.com\/wp-content\/uploads\/2024\/10\/Steam-Account-Notice-min-150x150.png 150w, https:\/\/orkza.com\/wp-content\/uploads\/2024\/10\/Steam-Account-Notice-min-scaled-700x700.png 700w, https:\/\/orkza.com\/wp-content\/uploads\/2024\/10\/Steam-Account-Notice-min-800x800.png 800w, https:\/\/orkza.com\/wp-content\/uploads\/2024\/10\/Steam-Account-Notice-min-768x768.png 768w, https:\/\/orkza.com\/wp-content\/uploads\/2024\/10\/Steam-Account-Notice-min-1536x1536.png 1536w, https:\/\/orkza.com\/wp-content\/uploads\/2024\/10\/Steam-Account-Notice-min-2048x2048.png 2048w\" sizes=\"(max-width: 45px) 100vw, 45px\" \/> Hinweis: <\/strong>Nach dem Kauf, um Ihr Abonnement zu aktivieren,<\/p>\n<p>senden Sie uns Ihre <strong>ADOBE E-MAIL <\/strong>an: <a href=\"https:\/\/api.whatsapp.com\/send?phone=447488847946\" target=\"_blank\" rel=\"noopener noreferrer\" aria-label=\"WhatsApp Support\"><img decoding=\"async\" src=\"https:\/\/upload.wikimedia.org\/wikipedia\/commons\/6\/6b\/WhatsApp.svg\" alt=\"WhatsApp\" width=\"30\" height=\"30\"> WhatsApp <\/a><strong>ODER<\/strong> <a href=\"https:\/\/t.me\/orkza\" target=\"_blank\" rel=\"noopener noreferrer\" aria-label=\"Telegram Support\"><img decoding=\"async\" src=\"https:\/\/upload.wikimedia.org\/wikipedia\/commons\/8\/82\/Telegram_logo.svg\" alt=\"Telegram\" width=\"30\" height=\"30\"> Telegram <\/a> <\/p>\n","protected":false},"featured_media":17670,"comment_status":"open","ping_status":"closed","template":"","meta":[],"product_brand":[],"product_cat":[231,235],"product_tag":[242],"class_list":{"0":"post-17669","1":"product","2":"type-product","3":"status-publish","4":"has-post-thumbnail","6":"product_cat-adobe","7":"product_cat-kreativ-multimedia","8":"product_tag-adobe","10":"first","11":"instock","12":"sale","13":"virtual","14":"purchasable","15":"product-type-simple"},"_links":{"self":[{"href":"https:\/\/orkza.com\/de\/wp-json\/wp\/v2\/product\/17669","targetHints":{"allow":["GET"]}}],"collection":[{"href":"https:\/\/orkza.com\/de\/wp-json\/wp\/v2\/product"}],"about":[{"href":"https:\/\/orkza.com\/de\/wp-json\/wp\/v2\/types\/product"}],"replies":[{"embeddable":true,"href":"https:\/\/orkza.com\/de\/wp-json\/wp\/v2\/comments?post=17669"}],"version-history":[{"count":0,"href":"https:\/\/orkza.com\/de\/wp-json\/wp\/v2\/product\/17669\/revisions"}],"wp:featuredmedia":[{"embeddable":true,"href":"https:\/\/orkza.com\/de\/wp-json\/wp\/v2\/media\/17670"}],"wp:attachment":[{"href":"https:\/\/orkza.com\/de\/wp-json\/wp\/v2\/media?parent=17669"}],"wp:term":[{"taxonomy":"product_brand","embeddable":true,"href":"https:\/\/orkza.com\/de\/wp-json\/wp\/v2\/product_brand?post=17669"},{"taxonomy":"product_cat","embeddable":true,"href":"https:\/\/orkza.com\/de\/wp-json\/wp\/v2\/product_cat?post=17669"},{"taxonomy":"product_tag","embeddable":true,"href":"https:\/\/orkza.com\/de\/wp-json\/wp\/v2\/product_tag?post=17669"}],"curies":[{"name":"wp","href":"https:\/\/api.w.org\/{rel}","templated":true}]}}