{"id":17666,"date":"2025-04-19T19:54:59","date_gmt":"2025-04-19T19:54:59","guid":{"rendered":"https:\/\/orkza.com\/product\/eset-home-security-essential-1-device-1-year-key\/"},"modified":"2026-02-26T06:08:44","modified_gmt":"2026-02-26T06:08:44","slug":"eset-home-security-essential-1-device-1-year-key","status":"publish","type":"product","link":"https:\/\/orkza.com\/de\/produkt\/eset-home-security-essential-1-device-1-year-key\/","title":{"rendered":"ESET Home Security Essential 1 Ger\u00e4t 1 Jahr Lizenzschl\u00fcssel"},"content":{"rendered":"<h2><strong data-start=\"166\" data-end=\"249\">ESET Home Security Essential \u2013 Intelligenter Schutz f\u00fcr die digitale Sicherheit im Alltag<\/strong><\/h2>\n<p><a href=\"https:\/\/www.eset.com\/us\/home\/protection-plans\/\" target=\"_blank\" rel=\"noopener\">ESET<\/a> Home Security Essential bietet leistungsstarken Echtzeitschutz, der Ihre Heimger\u00e4te vor den neuesten digitalen Bedrohungen sch\u00fctzt. Mit einem schlanken Design und einer preisgekr\u00f6nten Antivirus-Engine bietet diese L\u00f6sung wesentliche Sicherheitsfunktionen wie Malware-Erkennung, Anti-Phishing und Ransomware-Schutz \u2013 perfekt f\u00fcr Familien, Remote-Mitarbeiter und Einzelpersonen, die zuverl\u00e4ssige Cybersicherheit w\u00fcnschen, ohne ihr System zu verlangsamen. <\/p>\n<p><img decoding=\"async\" class=\"alignnone wp-image-3835\" src=\"https:\/\/orkza.com\/wp-content\/uploads\/2024\/11\/Eset-KEY-FEATURES-400x179.jpg\" alt=\"ESET HOME Security ESSENTIAL HAUPTMERKMALE\" width=\"820\" height=\"367\" title=\"\" srcset=\"https:\/\/orkza.com\/wp-content\/uploads\/2024\/11\/Eset-KEY-FEATURES-400x179.jpg 400w, https:\/\/orkza.com\/wp-content\/uploads\/2024\/11\/Eset-KEY-FEATURES-430x192.jpg 430w, https:\/\/orkza.com\/wp-content\/uploads\/2024\/11\/Eset-KEY-FEATURES-150x67.jpg 150w, https:\/\/orkza.com\/wp-content\/uploads\/2024\/11\/Eset-KEY-FEATURES-700x313.jpg 700w, https:\/\/orkza.com\/wp-content\/uploads\/2024\/11\/Eset-KEY-FEATURES-768x343.jpg 768w, https:\/\/orkza.com\/wp-content\/uploads\/2024\/11\/Eset-KEY-FEATURES.jpg 1200w\" sizes=\"(max-width: 820px) 100vw, 820px\" \/><\/p>\n<h3 data-start=\"700\" data-end=\"750\"><strong data-start=\"700\" data-end=\"750\">Erweiterter Malware- und Ransomware-Schutz<\/strong><\/h3>\n<p class=\"\" data-start=\"752\" data-end=\"1270\">Das Herzst\u00fcck von ESET Home Security Essential ist seine branchenweit anerkannte Antivirus-Technologie. Es erkennt und eliminiert Viren, Trojaner, W\u00fcrmer, Ransomware, Spyware und andere Malware-Bedrohungen in Echtzeit. Die proaktive Scan-Engine wird von der ESET LiveGrid\u00ae-Technologie angetrieben, die Bedrohungsdefinitionen st\u00e4ndig mithilfe globaler Bedrohungsinformationen aktualisiert, um neuen Angriffen einen Schritt voraus zu sein. Der mehrschichtige Schutz stellt sicher, dass selbst die raffiniertesten Ransomware-Versuche gestoppt werden, bevor sie Ihre Daten besch\u00e4digen k\u00f6nnen.   <\/p>\n<h3 data-start=\"1272\" data-end=\"1311\"><strong data-start=\"1272\" data-end=\"1311\">Sicheres Surfen und Anti-Phishing<\/strong><\/h3>\n<p class=\"\" data-start=\"1313\" data-end=\"1725\">ESET Home Security Essential sch\u00fctzt Ihre pers\u00f6nlichen Daten, w\u00e4hrend Sie online surfen, einkaufen oder Bankgesch\u00e4fte erledigen. Mit leistungsstarkem Anti-Phishing-Schutz blockiert die Software gef\u00e4lschte Websites und betr\u00fcgerische Links, die darauf abzielen, sensible Informationen wie Passw\u00f6rter oder Kreditkartennummern zu stehlen. Egal, ob Sie einen Desktop, Laptop oder ein verbundenes Ger\u00e4t verwenden, ESET arbeitet unauff\u00e4llig im Hintergrund, um ein sicheres digitales Erlebnis zu gew\u00e4hrleisten.  <\/p>\n<h3 data-start=\"1727\" data-end=\"1772\"><strong data-start=\"1727\" data-end=\"1772\">Geringe Systembelastung und einfache Verwaltung<\/strong><\/h3>\n<p class=\"\" data-start=\"1774\" data-end=\"2094\">Die optimierte Leistung von ESET sorgt daf\u00fcr, dass Ihr System schnell und reaktionsschnell bleibt. Mit minimalen Auswirkungen auf Startzeiten und Akkulaufzeit ist es ideal f\u00fcr Heim- und Arbeitsumgebungen. Das intuitive Dashboard erleichtert das Planen von Scans, das Anpassen von Einstellungen und das \u00dcberwachen des Sicherheitsstatus auf allen gesch\u00fctzten Ger\u00e4ten.  <\/p>\n<h3>Aktivierungsanleitung<\/h3>\n<p><img decoding=\"async\" class=\"alignnone wp-image-3785\" src=\"https:\/\/orkza.com\/wp-content\/uploads\/2024\/11\/Eset-Activation-Guide-400x210.jpg\" alt=\"ESET-Aktivierungsanleitung\" width=\"817\" height=\"429\" title=\"\" srcset=\"https:\/\/orkza.com\/wp-content\/uploads\/2024\/11\/Eset-Activation-Guide-400x210.jpg 400w, https:\/\/orkza.com\/wp-content\/uploads\/2024\/11\/Eset-Activation-Guide-430x226.jpg 430w, https:\/\/orkza.com\/wp-content\/uploads\/2024\/11\/Eset-Activation-Guide-150x79.jpg 150w, https:\/\/orkza.com\/wp-content\/uploads\/2024\/11\/Eset-Activation-Guide-700x368.jpg 700w, https:\/\/orkza.com\/wp-content\/uploads\/2024\/11\/Eset-Activation-Guide-768x403.jpg 768w, https:\/\/orkza.com\/wp-content\/uploads\/2024\/11\/Eset-Activation-Guide.jpg 1200w\" sizes=\"(max-width: 817px) 100vw, 817px\" \/><\/p>\n<p>Holen Sie das Beste aus ESET Smart Security heraus und entfesseln Sie die wahre Kraft des Online-Schutzes. Es bietet Ihnen Echtzeitschutz, Datenschutzfunktionen und automatische Updates, um Ihre Ger\u00e4te vor digitalen Bedrohungen zu sch\u00fctzen. Um Ihre Aktivierung abzuschlie\u00dfen, folgen Sie unserer schnellen und einfachen <a href=\"https:\/\/orkza.com\/de\/eset-activation-guide\/\" target=\"_blank\" rel=\"noopener\">ESET Aktivierungsanleitung<\/a>.  <\/p>\n<h3><strong>Minimale Systemanforderungen<\/strong><\/h3>\n<ul>\n<li>Betriebssystem: Windows 7, 8, 10, 11 (32- oder 64-Bit) oder macOS X v10.12 oder h\u00f6her<\/li>\n<li>Prozessor: 1 GHz oder schneller<\/li>\n<li>Arbeitsspeicher: 1 GB RAM f\u00fcr Windows; 2 GB RAM f\u00fcr macOS<\/li>\n<li>Speicherplatz: 600 MB verf\u00fcgbarer Speicherplatz<\/li>\n<\/ul>\n<h3><strong>Empfohlene Systemanforderungen<\/strong><\/h3>\n<ul>\n<li>Betriebssystem: Windows 10, 11 (64-Bit) oder macOS X v10.13 oder h\u00f6her<\/li>\n<li>Prozessor: 2 GHz oder schneller<\/li>\n<li>Arbeitsspeicher: 2 GB RAM f\u00fcr Windows; 4 GB RAM f\u00fcr macOS<\/li>\n<li>Speicherplatz: 600 MB verf\u00fcgbarer Speicherplatz<\/li>\n<\/ul>\n<p><strong>Schauen Sie sich unsere neuesten an:<\/strong> <a href=\"https:\/\/orkza.com\/de\/produkt-kategorie\/software\/\" target=\"_blank\" rel=\"noopener\">Software<\/a><\/p>\n<p><a href=\"https:\/\/orkza.com\/de\/produkt\/eset-nod32-antivirus-1-device-1-year-key\/\" target=\"_blank\" rel=\"noopener\">ESET Nod32 Antivirus<\/a> &amp; <a href=\"https:\/\/orkza.com\/de\/produkt\/eset-internet-security-1-device-1-year-key\/\" target=\"_blank\" rel=\"noopener\">ESET Internet Security<\/a><\/p>\n<p><a href=\"https:\/\/orkza.com\/de\/produkt\/eset-home-security-premium-1-device-1-year-key\/\" target=\"_blank\" rel=\"noopener\">ESET Home Security Premium<\/a> &amp; <a href=\"https:\/\/orkza.com\/de\/produkt\/eset-smart-security-1-device-1-year-key\/\" target=\"_blank\" rel=\"noopener\">ESET Smart Security<\/a><\/p>\n<p>&nbsp;<\/p>\n","protected":false},"excerpt":{"rendered":"<p>Sch\u00fctzen Sie Ihre Ger\u00e4te mit ESET Home Security Essential \u2013 Echtzeit-Antivirus, Anti-Phishing und schlanke Leistung in einem Paket.<\/p>\n","protected":false},"featured_media":17668,"comment_status":"open","ping_status":"closed","template":"","meta":[],"product_brand":[],"product_cat":[234],"product_tag":[245],"class_list":{"0":"post-17666","1":"product","2":"type-product","3":"status-publish","4":"has-post-thumbnail","6":"product_cat-antivirus-sicherheit","7":"product_tag-eset","9":"first","10":"instock","11":"sale","12":"virtual","13":"purchasable","14":"product-type-simple"},"_links":{"self":[{"href":"https:\/\/orkza.com\/de\/wp-json\/wp\/v2\/product\/17666","targetHints":{"allow":["GET"]}}],"collection":[{"href":"https:\/\/orkza.com\/de\/wp-json\/wp\/v2\/product"}],"about":[{"href":"https:\/\/orkza.com\/de\/wp-json\/wp\/v2\/types\/product"}],"replies":[{"embeddable":true,"href":"https:\/\/orkza.com\/de\/wp-json\/wp\/v2\/comments?post=17666"}],"version-history":[{"count":0,"href":"https:\/\/orkza.com\/de\/wp-json\/wp\/v2\/product\/17666\/revisions"}],"wp:featuredmedia":[{"embeddable":true,"href":"https:\/\/orkza.com\/de\/wp-json\/wp\/v2\/media\/17668"}],"wp:attachment":[{"href":"https:\/\/orkza.com\/de\/wp-json\/wp\/v2\/media?parent=17666"}],"wp:term":[{"taxonomy":"product_brand","embeddable":true,"href":"https:\/\/orkza.com\/de\/wp-json\/wp\/v2\/product_brand?post=17666"},{"taxonomy":"product_cat","embeddable":true,"href":"https:\/\/orkza.com\/de\/wp-json\/wp\/v2\/product_cat?post=17666"},{"taxonomy":"product_tag","embeddable":true,"href":"https:\/\/orkza.com\/de\/wp-json\/wp\/v2\/product_tag?post=17666"}],"curies":[{"name":"wp","href":"https:\/\/api.w.org\/{rel}","templated":true}]}}