{"id":17644,"date":"2025-09-24T02:13:35","date_gmt":"2025-09-24T02:13:35","guid":{"rendered":"https:\/\/orkza.com\/product\/sid-meiers-civilization-vii-settlers-edition-steam-account\/"},"modified":"2026-02-26T06:06:57","modified_gmt":"2026-02-26T06:06:57","slug":"sid-meiers-civilization-vii-settlers-edition-steam-account","status":"publish","type":"product","link":"https:\/\/orkza.com\/de\/produkt\/sid-meiers-civilization-vii-settlers-edition-steam-account\/","title":{"rendered":"Sid Meier&#8217;s Civilization VII Settler&#8217;s Edition Steam-Account"},"content":{"rendered":"<h2 data-start=\"2376\" data-end=\"2463\"><strong data-start=\"2379\" data-end=\"2463\">Sid Meier\u2019s Civilization VII: Settler\u2019s Steam-Account \u2013 Bauen, Erkunden, Herrschen<\/strong><\/h2>\n<p data-start=\"2465\" data-end=\"2911\">Spielen Sie <strong data-start=\"2470\" data-end=\"2587\"><a class=\"decorated-link cursor-pointer\" href=\"https:\/\/store.steampowered.com\/app\/1295660\/Sid_Meiers_Civilization_VII\/\" target=\"_new\" rel=\"noopener\" data-start=\"2472\" data-end=\"2585\">Sid Meier\u2019s Civilization VII: Settler\u2019s<\/a><\/strong> \u00fcber unseren Steam-Account und f\u00fchren Sie Ihr Volk von bescheidenen Anf\u00e4ngen zur Weltherrschaft. <em data-start=\"2704\" data-end=\"2715\">Settler\u2019s<\/em> f\u00fchrt eine verfeinerte Stadtverwaltung, tiefere Diplomatie und erweiterte Umweltsysteme ein, w\u00e4hrend die strategische Tiefe und der rundenbasierte Imperiumsaufbau, f\u00fcr die die Civilization-Serie bekannt ist, erhalten bleiben.<\/p>\n<p data-start=\"2913\" data-end=\"3523\">In <em data-start=\"2916\" data-end=\"2945\">Civilization VII: Settler\u2019s<\/em> beginnt jede Zivilisation mit dynamischeren Gel\u00e4ndeinteraktionen: Naturkatastrophen, \u00f6kologische Ver\u00e4nderungen, Handelsrouten mit Auswirkungen auf die Umwelt und das Gleichgewicht zwischen Industrie und Nachhaltigkeit. St\u00e4dtebauer werden die Verbesserungen bei der Distriktspezialisierung, der B\u00fcrgerzuweisung und der infrastrukturellen Entwicklung sch\u00e4tzen. Die Diplomatie ist reaktiver: Allianzen, Handelsabkommen und Drohungen entwickeln sich basierend auf dem Fortschritt, dem Ruf und den Entscheidungen Ihres Reiches. Die Kriegsf\u00fchrung bleibt umfassend und dennoch durchdacht, wobei Einheitenvielfalt, Gel\u00e4ndevorteile und logistische Unterst\u00fctzung eine entscheidende Rolle spielen.   <\/p>\n<p data-start=\"3525\" data-end=\"3867\">Das Gameplay bietet zudem neue Herausforderungen im Mid-Game \u2013 Migrationsstr\u00f6me, ideologischer Druck, Auswirkungen des Klimawandels \u2013, die Sie zwingen, Ihre langfristigen Strategien anzupassen. Die Grafik ist poliert: hochdetaillierte Kartenfelder, reichhaltigere Beleuchtung, fl\u00fcssigere Animationen und weitreichende Zoomstufen, mit denen Sie nahtlos von der Weltkarte bis zum Stadtdetail zoomen k\u00f6nnen. <\/p>\n<p data-start=\"3869\" data-end=\"4067\">Da <em data-start=\"3875\" data-end=\"3886\">Settler\u2019s<\/em> eine neuere Ver\u00f6ffentlichung ist, sind die offiziellen PC-Spezifikationen noch nicht vollst\u00e4ndig ver\u00f6ffentlicht. Basierend auf fr\u00fcheren Civilization-Titeln und aktuellen Standards f\u00fcr Strategiespiele sind hier jedoch die wahrscheinlichen Systemanforderungen: <\/p>\n<hr data-start=\"4069\" data-end=\"4072\">\n<h3 data-start=\"4074\" data-end=\"4109\">Systemanforderungen (Gesch\u00e4tzt)<\/h3>\n<p data-start=\"4111\" data-end=\"4137\"><strong data-start=\"4111\" data-end=\"4135\">Mindestanforderungen<\/strong><\/p>\n<ul data-start=\"4138\" data-end=\"4322\">\n<li data-start=\"4138\" data-end=\"4165\">\n<p data-start=\"4140\" data-end=\"4165\">Betriebssystem: Windows 10 (64-Bit)<\/p>\n<\/li>\n<li data-start=\"4166\" data-end=\"4226\">\n<p data-start=\"4168\" data-end=\"4226\">CPU: Moderner Quad-Core Intel\/AMD (z. B. Core i5 \/ Ryzen 5)<\/p>\n<\/li>\n<li data-start=\"4227\" data-end=\"4243\">\n<p data-start=\"4229\" data-end=\"4243\">RAM: 8\u201312 GB<\/p>\n<\/li>\n<li data-start=\"4244\" data-end=\"4295\">\n<p data-start=\"4246\" data-end=\"4295\">GPU: Dedizierte Grafikkarte (z. B. GTX 960 \/ RX 470 Klasse)<\/p>\n<\/li>\n<li data-start=\"4296\" data-end=\"4322\">\n<p data-start=\"4298\" data-end=\"4322\">Speicher: ~20\u201330 GB SSD<\/p>\n<\/li>\n<\/ul>\n<p data-start=\"4324\" data-end=\"4354\"><strong data-start=\"4324\" data-end=\"4352\">Empfohlene Anforderungen<\/strong><\/p>\n<ul data-start=\"4355\" data-end=\"4494\">\n<li data-start=\"4355\" data-end=\"4387\">\n<p data-start=\"4357\" data-end=\"4387\">CPU: Moderner 6- bis 8-Kern-Prozessor<\/p>\n<\/li>\n<li data-start=\"4388\" data-end=\"4410\">\n<p data-start=\"4390\" data-end=\"4410\">RAM: 16 GB oder mehr<\/p>\n<\/li>\n<li data-start=\"4411\" data-end=\"4477\">\n<p data-start=\"4413\" data-end=\"4477\">GPU: Mittel- bis Oberklasse-Grafikkarte (z. B. RTX 2060 \/ RX 5600 XT oder besser)<\/p>\n<\/li>\n<li data-start=\"4478\" data-end=\"4494\">\n<p data-start=\"4480\" data-end=\"4494\">Speicher: SSD<\/p>\n<\/li>\n<\/ul>\n<h3>So nutzen Sie Ihren Sid Meier\u2019s Civilization VII: Settler\u2019s Steam-Account<\/h3>\n<p><img decoding=\"async\" class=\"alignnone wp-image-3511\" src=\"https:\/\/orkza.com\/wp-content\/uploads\/2024\/10\/STEAM-ACTIVATION-GUIDE-400x225.jpg\" alt=\"\" width=\"804\" height=\"453\" title=\"\" srcset=\"https:\/\/orkza.com\/wp-content\/uploads\/2024\/10\/STEAM-ACTIVATION-GUIDE-400x225.jpg 400w, https:\/\/orkza.com\/wp-content\/uploads\/2024\/10\/STEAM-ACTIVATION-GUIDE-430x242.jpg 430w, https:\/\/orkza.com\/wp-content\/uploads\/2024\/10\/STEAM-ACTIVATION-GUIDE-150x84.jpg 150w, https:\/\/orkza.com\/wp-content\/uploads\/2024\/10\/STEAM-ACTIVATION-GUIDE-700x394.jpg 700w, https:\/\/orkza.com\/wp-content\/uploads\/2024\/10\/STEAM-ACTIVATION-GUIDE-768x432.jpg 768w, https:\/\/orkza.com\/wp-content\/uploads\/2024\/10\/STEAM-ACTIVATION-GUIDE.jpg 1280w\" sizes=\"(max-width: 804px) 100vw, 804px\" \/><\/p>\n<p>Melde dich nach dem Kauf auf deinem PC mit dem bereitgestellten Steam-Konto an. Sobald du angemeldet bist, navigiere zu deiner Bibliothek, installiere das Spiel und klicke auf den Play-Button.  Nach ein paar Minuten beende das Spiel und schalte Steam in den Offline-Modus \u2013 und schon bist du bereit f\u00fcr stundenlangen, aufregenden Spielspa\u00df!<\/p>\n<p>F\u00fcr eine umfassende Einrichtung lies dir unseren <a href=\"https:\/\/orkza.com\/de\/steam-account-activation-guide\/\" target=\"_blank\" rel=\"noopener\">Steam-Konto-Aktivierungsleitfaden<\/a> durch.<\/p>\n<p>Entdecke unsere neuesten <a href=\"https:\/\/orkza.com\/de\/produkt-kategorie\/pc-spiele\/\" target=\"_blank\" rel=\"noopener\">PC-SPIELE<\/a><\/p>\n","protected":false},"excerpt":{"rendered":"<p data-start=\"3152\" data-end=\"3301\">Formen Sie Ihre Zivilisation in <em data-start=\"4571\" data-end=\"4600\">Civilization VII: Settler\u2019s<\/em>. Bauen Sie St\u00e4dte, betreiben Sie Diplomatie, \u00fcberstehen Sie Katastrophen und beherrschen Sie Ihre Welt. <\/p>\n<p><img decoding=\"async\" class=\"alignnone wp-image-3526\" src=\"https:\/\/orkza.com\/wp-content\/uploads\/2024\/10\/Steam-Account-Notice-min-300x300.png\" alt=\"\" width=\"41\" height=\"41\" srcset=\"https:\/\/orkza.com\/wp-content\/uploads\/2024\/10\/Steam-Account-Notice-min-300x300.png 300w, https:\/\/orkza.com\/wp-content\/uploads\/2024\/10\/Steam-Account-Notice-min-scaled-430x430.png 430w, https:\/\/orkza.com\/wp-content\/uploads\/2024\/10\/Steam-Account-Notice-min-150x150.png 150w, https:\/\/orkza.com\/wp-content\/uploads\/2024\/10\/Steam-Account-Notice-min-scaled-700x700.png 700w, https:\/\/orkza.com\/wp-content\/uploads\/2024\/10\/Steam-Account-Notice-min-800x800.png 800w, https:\/\/orkza.com\/wp-content\/uploads\/2024\/10\/Steam-Account-Notice-min-768x768.png 768w, https:\/\/orkza.com\/wp-content\/uploads\/2024\/10\/Steam-Account-Notice-min-1536x1536.png 1536w, https:\/\/orkza.com\/wp-content\/uploads\/2024\/10\/Steam-Account-Notice-min-2048x2048.png 2048w\" sizes=\"(max-width: 41px) 100vw, 41px\" \/><strong>Hinweis: Kontodaten k\u00f6nnen nicht ge\u00e4ndert werden. Dies ist ein Steam-Konto mit lebenslangem Zugriff, nur f\u00fcr Offline-Spiele. <\/strong><\/p>\n","protected":false},"featured_media":17202,"comment_status":"open","ping_status":"closed","template":"","meta":[],"product_brand":[],"product_cat":[223],"product_tag":[249],"class_list":{"0":"post-17644","1":"product","2":"type-product","3":"status-publish","4":"has-post-thumbnail","6":"product_cat-strategiespiele","7":"product_tag-steam","9":"first","10":"instock","11":"sale","12":"virtual","13":"purchasable","14":"product-type-simple"},"_links":{"self":[{"href":"https:\/\/orkza.com\/de\/wp-json\/wp\/v2\/product\/17644","targetHints":{"allow":["GET"]}}],"collection":[{"href":"https:\/\/orkza.com\/de\/wp-json\/wp\/v2\/product"}],"about":[{"href":"https:\/\/orkza.com\/de\/wp-json\/wp\/v2\/types\/product"}],"replies":[{"embeddable":true,"href":"https:\/\/orkza.com\/de\/wp-json\/wp\/v2\/comments?post=17644"}],"version-history":[{"count":0,"href":"https:\/\/orkza.com\/de\/wp-json\/wp\/v2\/product\/17644\/revisions"}],"wp:featuredmedia":[{"embeddable":true,"href":"https:\/\/orkza.com\/de\/wp-json\/wp\/v2\/media\/17202"}],"wp:attachment":[{"href":"https:\/\/orkza.com\/de\/wp-json\/wp\/v2\/media?parent=17644"}],"wp:term":[{"taxonomy":"product_brand","embeddable":true,"href":"https:\/\/orkza.com\/de\/wp-json\/wp\/v2\/product_brand?post=17644"},{"taxonomy":"product_cat","embeddable":true,"href":"https:\/\/orkza.com\/de\/wp-json\/wp\/v2\/product_cat?post=17644"},{"taxonomy":"product_tag","embeddable":true,"href":"https:\/\/orkza.com\/de\/wp-json\/wp\/v2\/product_tag?post=17644"}],"curies":[{"name":"wp","href":"https:\/\/api.w.org\/{rel}","templated":true}]}}