{"id":17640,"date":"2025-09-24T02:13:36","date_gmt":"2025-09-24T02:13:36","guid":{"rendered":"https:\/\/orkza.com\/product\/avowed-premium-edition-steam-account\/"},"modified":"2026-02-26T06:06:31","modified_gmt":"2026-02-26T06:06:31","slug":"avowed-premium-edition-steam-account","status":"publish","type":"product","link":"https:\/\/orkza.com\/de\/produkt\/avowed-premium-edition-steam-account\/","title":{"rendered":"Avowed Premium Edition Steam-Account"},"content":{"rendered":"<h2 data-start=\"4681\" data-end=\"4760\"><strong data-start=\"4684\" data-end=\"4760\">Avowed Premium Edition Steam-Account \u2013 Magie, Klingen &amp; Mysterien von Eora<\/strong><\/h2>\n<p data-start=\"4762\" data-end=\"5137\">Spielen Sie <strong data-start=\"4767\" data-end=\"4847\"><a class=\"decorated-link\" href=\"https:\/\/store.steampowered.com\/app\/2457220\/Avowed\/?utm_source=chatgpt.com\" target=\"_new\" rel=\"noopener\" data-start=\"4769\" data-end=\"4845\">Avowed Premium Edition<\/a><\/strong> \u00fcber unseren Steam-Account und erkunden Sie die mystischen Lande von Eora in diesem First-Person-\/Third-Person-Action-RPG von Obsidian. F\u00fchren Sie zwei Schwerter, wirken Sie Zauber oder kombinieren Sie beides, um sich Ihren Weg durch politische Intrigen, uralte Magie und epische K\u00e4mpfe zu bahnen. <\/p>\n<p data-start=\"5139\" data-end=\"5637\">In <em data-start=\"5142\" data-end=\"5150\">Avowed<\/em> erwachen Sie in den Living Lands \u2013 einer Region, die von einer seltsamen Seuche namens Dream Scourge zerrissen wird. Als Gesandter des Aedyr-Imperiums gestalten Sie die Geschichte durch Entscheidungen, Gespr\u00e4che und Allianzen. Das Kampfsystem ist flexibel: Wechseln Sie zwischen Nahkampf, Fernkampf, Magie und Schild \u2013 mit tiefen Skill-Trees, Waffen-Upgrades und dynamischem Gegnerverhalten. Die Welt ist in Zonen unterteilt, jede mit einzigartigen Umgebungen, Nebenquests, Lore und Erkundungsm\u00f6glichkeiten.   <\/p>\n<p data-start=\"5639\" data-end=\"5928\">Die Premium Edition bietet Bonusinhalte: Early Access, exklusive kosmetische Items, digitales Artbook und Soundtrack sowie je nach Edition zum Release ggf. Erweiterungen oder DLC. Sie erhalten Priorit\u00e4t f\u00fcr einen fr\u00fcheren Spielstart und Bonusbelohnungen. <\/p>\n<p data-start=\"5930\" data-end=\"6264\">Visuell bringt der PC-Port Verbesserungen: hochaufl\u00f6sende Texturen, Raytracing-Unterst\u00fctzung, freigeschaltete Framerates, Ultrawide-Monitor-Kompatibilit\u00e4t und Performance-Tuning. Die Optimierung wurde seit dem Launch verbessert \u2013 mit besserer Steam-Deck-Performance und Einstellungen, die Grafik und Bildrate ausbalancieren. <\/p>\n<hr data-start=\"6266\" data-end=\"6269\">\n<h3 data-start=\"6271\" data-end=\"6296\">Systemanforderungen<\/h3>\n<p data-start=\"6298\" data-end=\"6331\"><strong data-start=\"6298\" data-end=\"6329\">Minimale Systemanforderungen<\/strong><\/p>\n<ul data-start=\"6332\" data-end=\"6705\">\n<li data-start=\"6332\" data-end=\"6413\">\n<p data-start=\"6334\" data-end=\"6413\">OS: Windows 10\/11 mit den neuesten Updates<\/p>\n<\/li>\n<li data-start=\"6414\" data-end=\"6495\">\n<p data-start=\"6416\" data-end=\"6495\">CPU: AMD Ryzen 5 2600 \/ Intel i5-8400<\/p>\n<\/li>\n<li data-start=\"6496\" data-end=\"6550\">\n<p data-start=\"6498\" data-end=\"6550\">RAM: 16 GB<\/p>\n<\/li>\n<li data-start=\"6551\" data-end=\"6646\">\n<p data-start=\"6553\" data-end=\"6646\">GPU: AMD RX 5700 \/ NVIDIA GTX 1070 \/ Intel Arc A580<\/p>\n<\/li>\n<li data-start=\"6551\" data-end=\"6646\">\n<p data-start=\"6553\" data-end=\"6646\">Speicher: 75 GB<\/p>\n<\/li>\n<\/ul>\n<p data-start=\"6707\" data-end=\"6744\"><strong data-start=\"6707\" data-end=\"6742\">Empfohlene Systemanforderungen<\/strong><\/p>\n<ul data-start=\"6745\" data-end=\"6911\">\n<li data-start=\"6745\" data-end=\"6829\">\n<p data-start=\"6747\" data-end=\"6829\">CPU: AMD Ryzen 5 5600X \/ Intel i7-10700K<\/p>\n<\/li>\n<li data-start=\"6830\" data-end=\"6911\">\n<p data-start=\"6832\" data-end=\"6911\">GPU: AMD RX 6800 XT \/ NVIDIA RTX 3080<\/p>\n<\/li>\n<\/ul>\n<h3>So nutzen Sie Ihren Avowed Steam-Account<\/h3>\n<p><img decoding=\"async\" class=\"alignnone wp-image-3511\" src=\"https:\/\/orkza.com\/wp-content\/uploads\/2024\/10\/STEAM-ACTIVATION-GUIDE-400x225.jpg\" alt=\"\" width=\"804\" height=\"453\" title=\"\" srcset=\"https:\/\/orkza.com\/wp-content\/uploads\/2024\/10\/STEAM-ACTIVATION-GUIDE-400x225.jpg 400w, https:\/\/orkza.com\/wp-content\/uploads\/2024\/10\/STEAM-ACTIVATION-GUIDE-430x242.jpg 430w, https:\/\/orkza.com\/wp-content\/uploads\/2024\/10\/STEAM-ACTIVATION-GUIDE-150x84.jpg 150w, https:\/\/orkza.com\/wp-content\/uploads\/2024\/10\/STEAM-ACTIVATION-GUIDE-700x394.jpg 700w, https:\/\/orkza.com\/wp-content\/uploads\/2024\/10\/STEAM-ACTIVATION-GUIDE-768x432.jpg 768w, https:\/\/orkza.com\/wp-content\/uploads\/2024\/10\/STEAM-ACTIVATION-GUIDE.jpg 1280w\" sizes=\"(max-width: 804px) 100vw, 804px\" \/><\/p>\n<p>Melde dich nach dem Kauf auf deinem PC mit dem bereitgestellten Steam-Konto an. Sobald du angemeldet bist, navigiere zu deiner Bibliothek, installiere das Spiel und klicke auf den Play-Button.  Nach ein paar Minuten beende das Spiel und schalte Steam in den Offline-Modus \u2013 und schon bist du bereit f\u00fcr stundenlangen, aufregenden Spielspa\u00df!<\/p>\n<p>F\u00fcr eine umfassende Einrichtung lies dir unseren <a href=\"https:\/\/orkza.com\/de\/steam-account-activation-guide\/\" target=\"_blank\" rel=\"noopener\">Steam-Konto-Aktivierungsleitfaden<\/a> durch.<\/p>\n<p>Entdecke unsere neuesten <a href=\"https:\/\/orkza.com\/de\/produkt-kategorie\/pc-spiele\/\" target=\"_blank\" rel=\"noopener\">PC-SPIELE<\/a><\/p>\n","protected":false},"excerpt":{"rendered":"<p data-start=\"6918\" data-end=\"7082\">Entdecken Sie Eoras Schicksal in <em data-start=\"6987\" data-end=\"7011\">Avowed Premium Edition<\/em>. Magie, Klingen-Kampf, entscheidungsgetriebene Story und Bonusinhalte inklusive. <\/p>\n<p><img decoding=\"async\" class=\"alignnone wp-image-3526\" src=\"https:\/\/orkza.com\/wp-content\/uploads\/2024\/10\/Steam-Account-Notice-min-300x300.png\" alt=\"\" width=\"41\" height=\"41\" srcset=\"https:\/\/orkza.com\/wp-content\/uploads\/2024\/10\/Steam-Account-Notice-min-300x300.png 300w, https:\/\/orkza.com\/wp-content\/uploads\/2024\/10\/Steam-Account-Notice-min-scaled-430x430.png 430w, https:\/\/orkza.com\/wp-content\/uploads\/2024\/10\/Steam-Account-Notice-min-150x150.png 150w, https:\/\/orkza.com\/wp-content\/uploads\/2024\/10\/Steam-Account-Notice-min-scaled-700x700.png 700w, https:\/\/orkza.com\/wp-content\/uploads\/2024\/10\/Steam-Account-Notice-min-800x800.png 800w, https:\/\/orkza.com\/wp-content\/uploads\/2024\/10\/Steam-Account-Notice-min-768x768.png 768w, https:\/\/orkza.com\/wp-content\/uploads\/2024\/10\/Steam-Account-Notice-min-1536x1536.png 1536w, https:\/\/orkza.com\/wp-content\/uploads\/2024\/10\/Steam-Account-Notice-min-2048x2048.png 2048w\" sizes=\"(max-width: 41px) 100vw, 41px\" \/><strong>Hinweis: Kontodaten k\u00f6nnen nicht ge\u00e4ndert werden. Dies ist ein Steam-Konto mit lebenslangem Zugriff, nur f\u00fcr Offline-Spiele. <\/strong><\/p>\n","protected":false},"featured_media":17203,"comment_status":"open","ping_status":"closed","template":"","meta":[],"product_brand":[],"product_cat":[219],"product_tag":[249],"class_list":{"0":"post-17640","1":"product","2":"type-product","3":"status-publish","4":"has-post-thumbnail","6":"product_cat-rpg","7":"product_tag-steam","9":"first","10":"instock","11":"sale","12":"virtual","13":"purchasable","14":"product-type-simple"},"_links":{"self":[{"href":"https:\/\/orkza.com\/de\/wp-json\/wp\/v2\/product\/17640","targetHints":{"allow":["GET"]}}],"collection":[{"href":"https:\/\/orkza.com\/de\/wp-json\/wp\/v2\/product"}],"about":[{"href":"https:\/\/orkza.com\/de\/wp-json\/wp\/v2\/types\/product"}],"replies":[{"embeddable":true,"href":"https:\/\/orkza.com\/de\/wp-json\/wp\/v2\/comments?post=17640"}],"version-history":[{"count":0,"href":"https:\/\/orkza.com\/de\/wp-json\/wp\/v2\/product\/17640\/revisions"}],"wp:featuredmedia":[{"embeddable":true,"href":"https:\/\/orkza.com\/de\/wp-json\/wp\/v2\/media\/17203"}],"wp:attachment":[{"href":"https:\/\/orkza.com\/de\/wp-json\/wp\/v2\/media?parent=17640"}],"wp:term":[{"taxonomy":"product_brand","embeddable":true,"href":"https:\/\/orkza.com\/de\/wp-json\/wp\/v2\/product_brand?post=17640"},{"taxonomy":"product_cat","embeddable":true,"href":"https:\/\/orkza.com\/de\/wp-json\/wp\/v2\/product_cat?post=17640"},{"taxonomy":"product_tag","embeddable":true,"href":"https:\/\/orkza.com\/de\/wp-json\/wp\/v2\/product_tag?post=17640"}],"curies":[{"name":"wp","href":"https:\/\/api.w.org\/{rel}","templated":true}]}}