{"id":17638,"date":"2025-09-24T02:13:39","date_gmt":"2025-09-24T02:13:39","guid":{"rendered":"https:\/\/orkza.com\/product\/monster-hunter-wilds-premium-deluxe-edition-steam-account\/"},"modified":"2026-02-26T06:06:18","modified_gmt":"2026-02-26T06:06:18","slug":"monster-hunter-wilds-premium-deluxe-edition-steam-account","status":"publish","type":"product","link":"https:\/\/orkza.com\/de\/produkt\/monster-hunter-wilds-premium-deluxe-edition-steam-account\/","title":{"rendered":"Monster Hunter Wilds Premium Deluxe Edition Steam-Konto"},"content":{"rendered":"<h2 data-start=\"2306\" data-end=\"2389\"><strong data-start=\"2309\" data-end=\"2387\">Monster Hunter Wilds Premium Edition Steam-Konto \u2013 Jagen Sie jenseits des Bekannten<\/strong><\/h2>\n<p data-start=\"2391\" data-end=\"2686\">Spielen Sie <strong data-start=\"2396\" data-end=\"2488\"><a class=\"decorated-link\" href=\"https:\/\/store.steampowered.com\/app\/2246340\/Monster_Hunter_Wilds\/?utm_source=chatgpt.com\" target=\"_new\" rel=\"noopener\" data-start=\"2398\" data-end=\"2486\">Monster Hunter Wilds<\/a><\/strong> \u00fcber unser Steam-Konto und erleben Sie die n\u00e4chste Evolution des Franchises. Die Premium Edition umfasst das Basisspiel, Deluxe-Inhalte und kosmetische DLC-Pakete. <\/p>\n<p data-start=\"2688\" data-end=\"3025\">In <em data-start=\"2691\" data-end=\"2698\">Wilds<\/em> begeben sich J\u00e4ger in weitl\u00e4ufige, ungez\u00e4hmte \u00d6kosysteme, in denen Monsterverhalten, Umgebung und Wetter dynamisch interagieren. Jagen Sie allein oder schlie\u00dfen Sie sich in Gruppen von bis zu 4 Spielern zusammen, um kolossale Bestien zu erlegen, sich an Gefahren des Lebensraums anzupassen und seltene Materialien zu sammeln, um \u00fcberlegene Waffen und R\u00fcstungen herzustellen. <\/p>\n<p data-start=\"3027\" data-end=\"3337\">Deluxe- und Premium-Editionen gew\u00e4hren Bonusinhalte: spezielle Schichtr\u00fcstungen, Gesten, kosmetische Gegenst\u00e4nde und sp\u00e4ter ver\u00f6ffentlichte Erweiterungen. Einige Community-Diskussionen weisen darauf hin, dass die zus\u00e4tzlichen Editionen gr\u00f6\u00dftenteils kosmetische und nicht Pay-to-Win-Inhalte sind. <\/p>\n<p data-start=\"3339\" data-end=\"3603\">Das Spiel unterst\u00fctzt plattform\u00fcbergreifenden Multiplayer, und seine grundlegenden Mechaniken f\u00f6rdern sowohl die Spielerfertigkeit als auch das Umweltbewusstsein. Seien Sie vorsichtig: Einige Spieler meldeten Leistungsprobleme in \u00fcberf\u00fcllten Aktionszonen auf weniger leistungsstarker Hardware. <\/p>\n<hr data-start=\"3605\" data-end=\"3608\">\n<h3 data-start=\"3610\" data-end=\"3635\">Systemanforderungen<\/h3>\n<p data-start=\"3637\" data-end=\"3663\"><strong data-start=\"3637\" data-end=\"3661\">Mindestanforderungen<\/strong><\/p>\n<ul data-start=\"3664\" data-end=\"3829\">\n<li data-start=\"3664\" data-end=\"3689\">\n<p data-start=\"3666\" data-end=\"3689\">Betriebssystem: Windows 10 64-Bit<\/p>\n<\/li>\n<li data-start=\"3690\" data-end=\"3747\">\n<p data-start=\"3692\" data-end=\"3747\">CPU: Moderner 4-Kern (z. B. Intel Core i5 oder gleichwertig)<\/p>\n<\/li>\n<li data-start=\"3748\" data-end=\"3761\">\n<p data-start=\"3750\" data-end=\"3761\">RAM: 8 GB<\/p>\n<\/li>\n<li data-start=\"3762\" data-end=\"3809\">\n<p data-start=\"3764\" data-end=\"3809\">GPU: GTX 1060 \/ RX 580 (6 GB) oder gleichwertig<\/p>\n<\/li>\n<li data-start=\"3810\" data-end=\"3829\">\n<p data-start=\"3812\" data-end=\"3829\">Speicherplatz: ~40 GB<\/p>\n<\/li>\n<\/ul>\n<p data-start=\"3831\" data-end=\"3861\"><strong data-start=\"3831\" data-end=\"3859\">Empfohlene Anforderungen<\/strong><\/p>\n<ul data-start=\"3862\" data-end=\"3979\">\n<li data-start=\"3862\" data-end=\"3909\">\n<p data-start=\"3864\" data-end=\"3909\">CPU: Moderner 6-Kern (z. B. Ryzen 5 oder besser)<\/p>\n<\/li>\n<li data-start=\"3910\" data-end=\"3924\">\n<p data-start=\"3912\" data-end=\"3924\">RAM: 16 GB<\/p>\n<\/li>\n<li data-start=\"3925\" data-end=\"3962\">\n<p data-start=\"3927\" data-end=\"3962\">GPU: RTX 2070 \/ RX 5700 oder besser<\/p>\n<\/li>\n<li data-start=\"3963\" data-end=\"3979\">\n<p data-start=\"3965\" data-end=\"3979\">Speicherplatz: SSD<\/p>\n<\/li>\n<\/ul>\n<h3>So nutzen Sie Ihr Monster Hunter Wilds Steam-Konto<\/h3>\n<p><img decoding=\"async\" class=\"alignnone wp-image-3511\" src=\"https:\/\/orkza.com\/wp-content\/uploads\/2024\/10\/STEAM-ACTIVATION-GUIDE-400x225.jpg\" alt=\"\" width=\"804\" height=\"453\" title=\"\" srcset=\"https:\/\/orkza.com\/wp-content\/uploads\/2024\/10\/STEAM-ACTIVATION-GUIDE-400x225.jpg 400w, https:\/\/orkza.com\/wp-content\/uploads\/2024\/10\/STEAM-ACTIVATION-GUIDE-430x242.jpg 430w, https:\/\/orkza.com\/wp-content\/uploads\/2024\/10\/STEAM-ACTIVATION-GUIDE-150x84.jpg 150w, https:\/\/orkza.com\/wp-content\/uploads\/2024\/10\/STEAM-ACTIVATION-GUIDE-700x394.jpg 700w, https:\/\/orkza.com\/wp-content\/uploads\/2024\/10\/STEAM-ACTIVATION-GUIDE-768x432.jpg 768w, https:\/\/orkza.com\/wp-content\/uploads\/2024\/10\/STEAM-ACTIVATION-GUIDE.jpg 1280w\" sizes=\"(max-width: 804px) 100vw, 804px\" \/><\/p>\n<p>Melde dich nach dem Kauf auf deinem PC mit dem bereitgestellten Steam-Konto an. Sobald du angemeldet bist, navigiere zu deiner Bibliothek, installiere das Spiel und klicke auf den Play-Button.  Nach ein paar Minuten beende das Spiel und schalte Steam in den Offline-Modus \u2013 und schon bist du bereit f\u00fcr stundenlangen, aufregenden Spielspa\u00df!<\/p>\n<p>F\u00fcr eine umfassende Einrichtung lies dir unseren <a href=\"https:\/\/orkza.com\/de\/steam-account-activation-guide\/\" target=\"_blank\" rel=\"noopener\">Steam-Konto-Aktivierungsleitfaden<\/a> durch.<\/p>\n<p>Entdecke unsere neuesten <a href=\"https:\/\/orkza.com\/de\/produkt-kategorie\/pc-spiele\/\" target=\"_blank\" rel=\"noopener\">PC-SPIELE<\/a><\/p>\n","protected":false},"excerpt":{"rendered":"<p data-start=\"3986\" data-end=\"4148\">Jagen Sie legend\u00e4re Monster in <em data-start=\"4056\" data-end=\"4086\">Monster Hunter Wilds Premium<\/em>. Massive \u00d6kosysteme, dynamische Begegnungen und epische Ausr\u00fcstung erwarten Sie. <\/p>\n<p><img decoding=\"async\" class=\"alignnone wp-image-3526\" src=\"https:\/\/orkza.com\/wp-content\/uploads\/2024\/10\/Steam-Account-Notice-min-300x300.png\" alt=\"\" width=\"41\" height=\"41\" srcset=\"https:\/\/orkza.com\/wp-content\/uploads\/2024\/10\/Steam-Account-Notice-min-300x300.png 300w, https:\/\/orkza.com\/wp-content\/uploads\/2024\/10\/Steam-Account-Notice-min-scaled-430x430.png 430w, https:\/\/orkza.com\/wp-content\/uploads\/2024\/10\/Steam-Account-Notice-min-150x150.png 150w, https:\/\/orkza.com\/wp-content\/uploads\/2024\/10\/Steam-Account-Notice-min-scaled-700x700.png 700w, https:\/\/orkza.com\/wp-content\/uploads\/2024\/10\/Steam-Account-Notice-min-800x800.png 800w, https:\/\/orkza.com\/wp-content\/uploads\/2024\/10\/Steam-Account-Notice-min-768x768.png 768w, https:\/\/orkza.com\/wp-content\/uploads\/2024\/10\/Steam-Account-Notice-min-1536x1536.png 1536w, https:\/\/orkza.com\/wp-content\/uploads\/2024\/10\/Steam-Account-Notice-min-2048x2048.png 2048w\" sizes=\"(max-width: 41px) 100vw, 41px\" \/><strong>Hinweis: Kontodaten k\u00f6nnen nicht ge\u00e4ndert werden. Dies ist ein Steam-Konto mit lebenslangem Zugriff, nur f\u00fcr Offline-Spiele. <\/strong><\/p>\n","protected":false},"featured_media":17205,"comment_status":"open","ping_status":"closed","template":"","meta":[],"product_brand":[],"product_cat":[216],"product_tag":[249],"class_list":{"0":"post-17638","1":"product","2":"type-product","3":"status-publish","4":"has-post-thumbnail","6":"product_cat-action","7":"product_tag-steam","9":"first","10":"instock","11":"sale","12":"virtual","13":"purchasable","14":"product-type-simple"},"_links":{"self":[{"href":"https:\/\/orkza.com\/de\/wp-json\/wp\/v2\/product\/17638","targetHints":{"allow":["GET"]}}],"collection":[{"href":"https:\/\/orkza.com\/de\/wp-json\/wp\/v2\/product"}],"about":[{"href":"https:\/\/orkza.com\/de\/wp-json\/wp\/v2\/types\/product"}],"replies":[{"embeddable":true,"href":"https:\/\/orkza.com\/de\/wp-json\/wp\/v2\/comments?post=17638"}],"version-history":[{"count":0,"href":"https:\/\/orkza.com\/de\/wp-json\/wp\/v2\/product\/17638\/revisions"}],"wp:featuredmedia":[{"embeddable":true,"href":"https:\/\/orkza.com\/de\/wp-json\/wp\/v2\/media\/17205"}],"wp:attachment":[{"href":"https:\/\/orkza.com\/de\/wp-json\/wp\/v2\/media?parent=17638"}],"wp:term":[{"taxonomy":"product_brand","embeddable":true,"href":"https:\/\/orkza.com\/de\/wp-json\/wp\/v2\/product_brand?post=17638"},{"taxonomy":"product_cat","embeddable":true,"href":"https:\/\/orkza.com\/de\/wp-json\/wp\/v2\/product_cat?post=17638"},{"taxonomy":"product_tag","embeddable":true,"href":"https:\/\/orkza.com\/de\/wp-json\/wp\/v2\/product_tag?post=17638"}],"curies":[{"name":"wp","href":"https:\/\/api.w.org\/{rel}","templated":true}]}}