{"id":17635,"date":"2025-09-24T02:13:44","date_gmt":"2025-09-24T02:13:44","guid":{"rendered":"https:\/\/orkza.com\/product\/dead-island-2-ultimate-edition-steam-account\/"},"modified":"2026-02-26T06:05:55","modified_gmt":"2026-02-26T06:05:55","slug":"dead-island-2-ultimate-edition-steam-account","status":"publish","type":"product","link":"https:\/\/orkza.com\/de\/produkt\/dead-island-2-ultimate-edition-steam-account\/","title":{"rendered":"Dead Island 2 Ultimate Edition Steam-Account"},"content":{"rendered":"<h2 data-start=\"2107\" data-end=\"2189\"><strong data-start=\"2110\" data-end=\"2189\">Dead Island 2 Ultimate Edition Steam-Account \u2013 Bek\u00e4mpfen Sie die Infektion mit Stil<\/strong><\/h2>\n<p data-start=\"2191\" data-end=\"2551\">Spielen Sie <strong data-start=\"2196\" data-end=\"2273\"><a class=\"decorated-link\" href=\"https:\/\/store.steampowered.com\/app\/934700\/Dead_Island_2\/?utm_source=chatgpt.com\" target=\"_new\" rel=\"noopener\" data-start=\"2198\" data-end=\"2271\">Dead Island 2<\/a><\/strong> \u00fcber unseren Steam-Account und tauchen Sie in ein von Zombies \u00fcberranntes, ultra-brutales Abenteuer in den sonnigen Stra\u00dfen von Los Angeles ein. Die Ultimate Edition enth\u00e4lt Bonus-Cosmetic-Packs, vorzeitige Freischaltungen und zus\u00e4tzliche In-Game-Inhalte (Goldene-Waffen-Paket usw.). <\/p>\n<h3 data-start=\"2553\" data-end=\"2577\">Was es auszeichnet<\/h3>\n<p data-start=\"2578\" data-end=\"2881\">Sie befinden sich in einer weitl\u00e4ufigen, von Untoten \u00fcberrannten Open World, in der Ihr \u00dcberleben von Kreativit\u00e4t und Brutalit\u00e4t abh\u00e4ngt. Bewegen Sie sich durch neonbeleuchtete Stadtlandschaften, Ruinen von Einkaufszentren und K\u00fcstenabschnitte, w\u00e4hrend Sie Waffen herstellen, Kombinationen anpassen und t\u00f6dliche Ereignisse erkunden. Die Missionen f\u00f6rdern sowohl Stealth als auch Aggression.  <\/p>\n<p data-start=\"2883\" data-end=\"3105\">Die <em data-start=\"2887\" data-end=\"2905\">Ultimate Edition<\/em> gew\u00e4hrt Ihnen Zugriff auf goldene Waffen, zus\u00e4tzliche Ausr\u00fcstung und exklusive Cosmetics. Diese Boni helfen Ihnen, sich abzuheben \u2013 ohne jedoch das Kern-Gameplay zu dominieren. <\/p>\n<p data-start=\"3107\" data-end=\"3327\">Grafisch unterst\u00fctzt die PC-Version h\u00f6here Aufl\u00f6sungen und detaillierte Texturen. Doch das Spiel ist anspruchsvoll: Viele Spieler haben die mangelhafte CPU-Optimierung und Performance-Probleme kritisiert. <\/p>\n<h3 data-start=\"3329\" data-end=\"3354\">Systemanforderungen<\/h3>\n<p data-start=\"3356\" data-end=\"3382\"><strong data-start=\"3356\" data-end=\"3380\">Mindestanforderungen<\/strong><\/p>\n<ul data-start=\"3383\" data-end=\"3725\">\n<li data-start=\"3383\" data-end=\"3448\">\n<p data-start=\"3385\" data-end=\"3448\">Betriebssystem: Windows 10 (64-Bit)<\/p>\n<\/li>\n<li data-start=\"3449\" data-end=\"3530\">\n<p data-start=\"3451\" data-end=\"3530\">CPU: AMD FX-9590 \/ Intel Core i7-7700HQ<\/p>\n<\/li>\n<li data-start=\"3531\" data-end=\"3583\">\n<p data-start=\"3533\" data-end=\"3583\">RAM: 10 GB<\/p>\n<\/li>\n<li data-start=\"3584\" data-end=\"3666\">\n<p data-start=\"3586\" data-end=\"3666\">GPU: Radeon R9 390X \/ GeForce GTX 1060<\/p>\n<\/li>\n<li data-start=\"3667\" data-end=\"3725\">\n<p data-start=\"3669\" data-end=\"3725\">Speicherplatz: 70 GB<\/p>\n<\/li>\n<\/ul>\n<p data-start=\"3727\" data-end=\"3757\"><strong data-start=\"3727\" data-end=\"3755\">Empfohlene Anforderungen<\/strong><\/p>\n<ul data-start=\"3758\" data-end=\"3972\">\n<li data-start=\"3758\" data-end=\"3842\">\n<p data-start=\"3760\" data-end=\"3842\">CPU: Ryzen 5 5600X \/ Intel Core i9-9900K<\/p>\n<\/li>\n<li data-start=\"3843\" data-end=\"3934\">\n<p data-start=\"3845\" data-end=\"3934\">GPU: Radeon RX 6800 XT \/ GeForce RTX 2070 Super<\/p>\n<\/li>\n<li data-start=\"3935\" data-end=\"3949\">\n<p data-start=\"3937\" data-end=\"3949\">RAM: 10 GB<\/p>\n<\/li>\n<li data-start=\"3950\" data-end=\"3972\">\n<p data-start=\"3952\" data-end=\"3972\">Speicherplatz: 70 GB SSD<\/p>\n<\/li>\n<\/ul>\n<h3>So nutzen Sie Ihren Dead Island 2 Steam-Account<\/h3>\n<p><img decoding=\"async\" class=\"alignnone wp-image-3511\" src=\"https:\/\/orkza.com\/wp-content\/uploads\/2024\/10\/STEAM-ACTIVATION-GUIDE-400x225.jpg\" alt=\"\" width=\"804\" height=\"453\" title=\"\" srcset=\"https:\/\/orkza.com\/wp-content\/uploads\/2024\/10\/STEAM-ACTIVATION-GUIDE-400x225.jpg 400w, https:\/\/orkza.com\/wp-content\/uploads\/2024\/10\/STEAM-ACTIVATION-GUIDE-430x242.jpg 430w, https:\/\/orkza.com\/wp-content\/uploads\/2024\/10\/STEAM-ACTIVATION-GUIDE-150x84.jpg 150w, https:\/\/orkza.com\/wp-content\/uploads\/2024\/10\/STEAM-ACTIVATION-GUIDE-700x394.jpg 700w, https:\/\/orkza.com\/wp-content\/uploads\/2024\/10\/STEAM-ACTIVATION-GUIDE-768x432.jpg 768w, https:\/\/orkza.com\/wp-content\/uploads\/2024\/10\/STEAM-ACTIVATION-GUIDE.jpg 1280w\" sizes=\"(max-width: 804px) 100vw, 804px\" \/><\/p>\n<p>Melde dich nach dem Kauf auf deinem PC mit dem bereitgestellten Steam-Konto an. Sobald du angemeldet bist, navigiere zu deiner Bibliothek, installiere das Spiel und klicke auf den Play-Button.  Nach ein paar Minuten beende das Spiel und schalte Steam in den Offline-Modus \u2013 und schon bist du bereit f\u00fcr stundenlangen, aufregenden Spielspa\u00df!<\/p>\n<p>F\u00fcr eine umfassende Einrichtung lies dir unseren <a href=\"https:\/\/orkza.com\/de\/steam-account-activation-guide\/\" target=\"_blank\" rel=\"noopener\">Steam-Konto-Aktivierungsleitfaden<\/a> durch.<\/p>\n<p>Entdecke unsere neuesten <a href=\"https:\/\/orkza.com\/de\/produkt-kategorie\/pc-spiele\/\" target=\"_blank\" rel=\"noopener\">PC-SPIELE<\/a><\/p>\n","protected":false},"excerpt":{"rendered":"<p data-start=\"3979\" data-end=\"4145\">Metzeln Sie Infizierte in der <em data-start=\"4039\" data-end=\"4071\">Dead Island 2 Ultimate Edition<\/em> nieder. Bonus-Ausr\u00fcstung, Cosmetics &amp; ultra-brutales Zombie-Gameplay im sonnigen LA erwarten Sie. <\/p>\n<p><img decoding=\"async\" class=\"alignnone wp-image-3526\" src=\"https:\/\/orkza.com\/wp-content\/uploads\/2024\/10\/Steam-Account-Notice-min-300x300.png\" alt=\"\" width=\"41\" height=\"41\" srcset=\"https:\/\/orkza.com\/wp-content\/uploads\/2024\/10\/Steam-Account-Notice-min-300x300.png 300w, https:\/\/orkza.com\/wp-content\/uploads\/2024\/10\/Steam-Account-Notice-min-scaled-430x430.png 430w, https:\/\/orkza.com\/wp-content\/uploads\/2024\/10\/Steam-Account-Notice-min-150x150.png 150w, https:\/\/orkza.com\/wp-content\/uploads\/2024\/10\/Steam-Account-Notice-min-scaled-700x700.png 700w, https:\/\/orkza.com\/wp-content\/uploads\/2024\/10\/Steam-Account-Notice-min-800x800.png 800w, https:\/\/orkza.com\/wp-content\/uploads\/2024\/10\/Steam-Account-Notice-min-768x768.png 768w, https:\/\/orkza.com\/wp-content\/uploads\/2024\/10\/Steam-Account-Notice-min-1536x1536.png 1536w, https:\/\/orkza.com\/wp-content\/uploads\/2024\/10\/Steam-Account-Notice-min-2048x2048.png 2048w\" sizes=\"(max-width: 41px) 100vw, 41px\" \/><strong>Hinweis: Kontodaten k\u00f6nnen nicht ge\u00e4ndert werden. Dies ist ein Steam-Konto mit lebenslangem Zugriff, nur f\u00fcr Offline-Spiele. <\/strong><\/p>\n","protected":false},"featured_media":17208,"comment_status":"open","ping_status":"closed","template":"","meta":[],"product_brand":[],"product_cat":[216],"product_tag":[249],"class_list":{"0":"post-17635","1":"product","2":"type-product","3":"status-publish","4":"has-post-thumbnail","6":"product_cat-action","7":"product_tag-steam","9":"first","10":"instock","11":"sale","12":"virtual","13":"purchasable","14":"product-type-simple"},"_links":{"self":[{"href":"https:\/\/orkza.com\/de\/wp-json\/wp\/v2\/product\/17635","targetHints":{"allow":["GET"]}}],"collection":[{"href":"https:\/\/orkza.com\/de\/wp-json\/wp\/v2\/product"}],"about":[{"href":"https:\/\/orkza.com\/de\/wp-json\/wp\/v2\/types\/product"}],"replies":[{"embeddable":true,"href":"https:\/\/orkza.com\/de\/wp-json\/wp\/v2\/comments?post=17635"}],"version-history":[{"count":0,"href":"https:\/\/orkza.com\/de\/wp-json\/wp\/v2\/product\/17635\/revisions"}],"wp:featuredmedia":[{"embeddable":true,"href":"https:\/\/orkza.com\/de\/wp-json\/wp\/v2\/media\/17208"}],"wp:attachment":[{"href":"https:\/\/orkza.com\/de\/wp-json\/wp\/v2\/media?parent=17635"}],"wp:term":[{"taxonomy":"product_brand","embeddable":true,"href":"https:\/\/orkza.com\/de\/wp-json\/wp\/v2\/product_brand?post=17635"},{"taxonomy":"product_cat","embeddable":true,"href":"https:\/\/orkza.com\/de\/wp-json\/wp\/v2\/product_cat?post=17635"},{"taxonomy":"product_tag","embeddable":true,"href":"https:\/\/orkza.com\/de\/wp-json\/wp\/v2\/product_tag?post=17635"}],"curies":[{"name":"wp","href":"https:\/\/api.w.org\/{rel}","templated":true}]}}