{"id":17634,"date":"2025-09-24T02:13:50","date_gmt":"2025-09-24T02:13:50","guid":{"rendered":"https:\/\/orkza.com\/product\/granblue-fantasy-relink-special-edition-steam-account\/"},"modified":"2026-02-26T06:05:44","modified_gmt":"2026-02-26T06:05:44","slug":"granblue-fantasy-relink-special-edition-steam-account","status":"publish","type":"product","link":"https:\/\/orkza.com\/de\/produkt\/granblue-fantasy-relink-special-edition-steam-account\/","title":{"rendered":"GRANBLUE FANTASY Relink Special Edition Steam-Account"},"content":{"rendered":"<h2 data-start=\"3948\" data-end=\"4020\"><strong data-start=\"3951\" data-end=\"4020\">GRANBLUE FANTASY Relink Steam-Account \u2013 Fantasy-Action neu interpretiert<\/strong><\/h2>\n<p data-start=\"4022\" data-end=\"4383\">Spielen Sie <strong data-start=\"4027\" data-end=\"4125\"><a class=\"decorated-link\" href=\"https:\/\/store.steampowered.com\/app\/881020\/Granblue_Fantasy_Relink\/?utm_source=chatgpt.com\" target=\"_new\" rel=\"noopener\" data-start=\"4029\" data-end=\"4123\">GRANBLUE FANTASY: Relink<\/a><\/strong> \u00fcber unseren Steam-Account und tauchen Sie ein in temporeiche Action-RPG-K\u00e4mpfe in der \u00fcppigen Welt von Granblue. Dieser Titel vereint wuchtige Combos, Co-op-Multiplayer und umfangreiche Story-Inhalte in einem visuell beeindruckenden Paket. <\/p>\n<p data-start=\"4385\" data-end=\"4733\">Das Kampfsystem erm\u00f6glicht Angriffsketten, Charakterwechsel, Luftkombos und m\u00e4chtige Spezialf\u00e4higkeiten. Gruppen-Synergie und Timing sind entscheidend \u2013 Bossk\u00e4mpfe fordern Ihre Reflexe und Zusammenstellung heraus. Die handlungsreiche Story erstreckt sich \u00fcber mehrere Inseln, K\u00f6nigreiche und magische Geheimnisse und stellt die charaktergetriebene Erz\u00e4hlung in den Vordergrund.  <\/p>\n<p data-start=\"4735\" data-end=\"5135\">Die PC-Portierung verlangt einiges. Die <strong data-start=\"4772\" data-end=\"4796\">Mindestanforderungen<\/strong> erfordern einen i3-9100 \/ Ryzen 3 3200G, 16 GB RAM und eine GTX 1060 \/ RX 580 Klasse GPU, mit 90 GB Speicherplatz. F\u00fcr <strong data-start=\"4951\" data-end=\"4972\">empfohlene Spezifikationen<\/strong> schlagen die Entwickler i7-8700 \/ Ryzen 5 3600 und eine RTX 2080 \/ RX 6700 XT GPU f\u00fcr 1080p\/60fps-Leistung bei Ultra-Einstellungen vor.  <\/p>\n<p data-start=\"5137\" data-end=\"5328\">Mehrere Community-Nutzer berichten, dass das Erf\u00fcllen nur der Mindestanforderungen zu Rucklern in intensiven Szenen f\u00fchrt; solide Performance erfordert generell st\u00e4rkere Hardware.<\/p>\n<h3 data-start=\"5330\" data-end=\"5355\">Systemanforderungen<\/h3>\n<p data-start=\"5357\" data-end=\"5383\"><strong data-start=\"5357\" data-end=\"5381\">Mindestanforderungen<\/strong><\/p>\n<ul data-start=\"5384\" data-end=\"5524\">\n<li data-start=\"5384\" data-end=\"5409\">\n<p data-start=\"5386\" data-end=\"5409\">Betriebssystem: Windows 10 64-Bit<\/p>\n<\/li>\n<li data-start=\"5410\" data-end=\"5452\">\n<p data-start=\"5412\" data-end=\"5452\">CPU: Intel i3-9100 \/ AMD Ryzen 3 3200G<\/p>\n<\/li>\n<li data-start=\"5453\" data-end=\"5467\">\n<p data-start=\"5455\" data-end=\"5467\">RAM: 16 GB<\/p>\n<\/li>\n<li data-start=\"5468\" data-end=\"5505\">\n<p data-start=\"5470\" data-end=\"5505\">GPU: NVIDIA GTX 1060 \/ AMD RX 580<\/p>\n<\/li>\n<li data-start=\"5506\" data-end=\"5524\">\n<p data-start=\"5508\" data-end=\"5524\">Speicher: 90 GB<\/p>\n<\/li>\n<\/ul>\n<p data-start=\"5526\" data-end=\"5556\"><strong data-start=\"5526\" data-end=\"5554\">Empfohlene Anforderungen<\/strong><\/p>\n<ul data-start=\"5557\" data-end=\"5661\">\n<li data-start=\"5557\" data-end=\"5598\">\n<p data-start=\"5559\" data-end=\"5598\">CPU: Intel i7-8700 \/ AMD Ryzen 5 3600<\/p>\n<\/li>\n<li data-start=\"5599\" data-end=\"5613\">\n<p data-start=\"5601\" data-end=\"5613\">RAM: 16 GB<\/p>\n<\/li>\n<li data-start=\"5614\" data-end=\"5644\">\n<p data-start=\"5616\" data-end=\"5644\">GPU: RTX 2080 \/ RX 6700 XT<\/p>\n<\/li>\n<li data-start=\"5645\" data-end=\"5661\">\n<p data-start=\"5647\" data-end=\"5661\">Speicher: SSD<\/p>\n<\/li>\n<\/ul>\n<h3>So verwenden Sie Ihren GRANBLUE FANTASY Relink Steam-Account<\/h3>\n<p><img decoding=\"async\" class=\"alignnone wp-image-3511\" src=\"https:\/\/orkza.com\/wp-content\/uploads\/2024\/10\/STEAM-ACTIVATION-GUIDE-400x225.jpg\" alt=\"\" width=\"804\" height=\"453\" title=\"\" srcset=\"https:\/\/orkza.com\/wp-content\/uploads\/2024\/10\/STEAM-ACTIVATION-GUIDE-400x225.jpg 400w, https:\/\/orkza.com\/wp-content\/uploads\/2024\/10\/STEAM-ACTIVATION-GUIDE-430x242.jpg 430w, https:\/\/orkza.com\/wp-content\/uploads\/2024\/10\/STEAM-ACTIVATION-GUIDE-150x84.jpg 150w, https:\/\/orkza.com\/wp-content\/uploads\/2024\/10\/STEAM-ACTIVATION-GUIDE-700x394.jpg 700w, https:\/\/orkza.com\/wp-content\/uploads\/2024\/10\/STEAM-ACTIVATION-GUIDE-768x432.jpg 768w, https:\/\/orkza.com\/wp-content\/uploads\/2024\/10\/STEAM-ACTIVATION-GUIDE.jpg 1280w\" sizes=\"(max-width: 804px) 100vw, 804px\" \/><\/p>\n<p>Melde dich nach dem Kauf auf deinem PC mit dem bereitgestellten Steam-Konto an. Sobald du angemeldet bist, navigiere zu deiner Bibliothek, installiere das Spiel und klicke auf den Play-Button.  Nach ein paar Minuten beende das Spiel und schalte Steam in den Offline-Modus \u2013 und schon bist du bereit f\u00fcr stundenlangen, aufregenden Spielspa\u00df!<\/p>\n<p>F\u00fcr eine umfassende Einrichtung lies dir unseren <a href=\"https:\/\/orkza.com\/de\/steam-account-activation-guide\/\" target=\"_blank\" rel=\"noopener\">Steam-Konto-Aktivierungsleitfaden<\/a> durch.<\/p>\n<p>Entdecke unsere neuesten <a href=\"https:\/\/orkza.com\/de\/produkt-kategorie\/pc-spiele\/\" target=\"_blank\" rel=\"noopener\">PC-SPIELE<\/a><\/p>\n","protected":false},"excerpt":{"rendered":"<p data-start=\"5663\" data-end=\"5832\">K\u00e4mpfen Sie sich durch Fantasy in <em data-start=\"5731\" data-end=\"5756\">GRANBLUE FANTASY Relink<\/em>. Rasante Combos, packende Story und Co-op-Action in einer atemberaubenden Welt. <\/p>\n<p><img decoding=\"async\" class=\"alignnone wp-image-3526\" src=\"https:\/\/orkza.com\/wp-content\/uploads\/2024\/10\/Steam-Account-Notice-min-300x300.png\" alt=\"\" width=\"41\" height=\"41\" srcset=\"https:\/\/orkza.com\/wp-content\/uploads\/2024\/10\/Steam-Account-Notice-min-300x300.png 300w, https:\/\/orkza.com\/wp-content\/uploads\/2024\/10\/Steam-Account-Notice-min-scaled-430x430.png 430w, https:\/\/orkza.com\/wp-content\/uploads\/2024\/10\/Steam-Account-Notice-min-150x150.png 150w, https:\/\/orkza.com\/wp-content\/uploads\/2024\/10\/Steam-Account-Notice-min-scaled-700x700.png 700w, https:\/\/orkza.com\/wp-content\/uploads\/2024\/10\/Steam-Account-Notice-min-800x800.png 800w, https:\/\/orkza.com\/wp-content\/uploads\/2024\/10\/Steam-Account-Notice-min-768x768.png 768w, https:\/\/orkza.com\/wp-content\/uploads\/2024\/10\/Steam-Account-Notice-min-1536x1536.png 1536w, https:\/\/orkza.com\/wp-content\/uploads\/2024\/10\/Steam-Account-Notice-min-2048x2048.png 2048w\" sizes=\"(max-width: 41px) 100vw, 41px\" \/><strong>Hinweis: Kontodaten k\u00f6nnen nicht ge\u00e4ndert werden. Dies ist ein Steam-Konto mit lebenslangem Zugriff, nur f\u00fcr Offline-Spiele. <\/strong><\/p>\n","protected":false},"featured_media":17212,"comment_status":"open","ping_status":"closed","template":"","meta":[],"product_brand":[],"product_cat":[216],"product_tag":[249],"class_list":{"0":"post-17634","1":"product","2":"type-product","3":"status-publish","4":"has-post-thumbnail","6":"product_cat-action","7":"product_tag-steam","9":"first","10":"instock","11":"sale","12":"virtual","13":"purchasable","14":"product-type-simple"},"_links":{"self":[{"href":"https:\/\/orkza.com\/de\/wp-json\/wp\/v2\/product\/17634","targetHints":{"allow":["GET"]}}],"collection":[{"href":"https:\/\/orkza.com\/de\/wp-json\/wp\/v2\/product"}],"about":[{"href":"https:\/\/orkza.com\/de\/wp-json\/wp\/v2\/types\/product"}],"replies":[{"embeddable":true,"href":"https:\/\/orkza.com\/de\/wp-json\/wp\/v2\/comments?post=17634"}],"version-history":[{"count":0,"href":"https:\/\/orkza.com\/de\/wp-json\/wp\/v2\/product\/17634\/revisions"}],"wp:featuredmedia":[{"embeddable":true,"href":"https:\/\/orkza.com\/de\/wp-json\/wp\/v2\/media\/17212"}],"wp:attachment":[{"href":"https:\/\/orkza.com\/de\/wp-json\/wp\/v2\/media?parent=17634"}],"wp:term":[{"taxonomy":"product_brand","embeddable":true,"href":"https:\/\/orkza.com\/de\/wp-json\/wp\/v2\/product_brand?post=17634"},{"taxonomy":"product_cat","embeddable":true,"href":"https:\/\/orkza.com\/de\/wp-json\/wp\/v2\/product_cat?post=17634"},{"taxonomy":"product_tag","embeddable":true,"href":"https:\/\/orkza.com\/de\/wp-json\/wp\/v2\/product_tag?post=17634"}],"curies":[{"name":"wp","href":"https:\/\/api.w.org\/{rel}","templated":true}]}}