{"id":17632,"date":"2025-09-24T02:13:47","date_gmt":"2025-09-24T02:13:47","guid":{"rendered":"https:\/\/orkza.com\/product\/like-a-dragon-infinite-wealth-ultimate-edition-steam-account\/"},"modified":"2026-02-26T06:05:32","modified_gmt":"2026-02-26T06:05:32","slug":"like-a-dragon-infinite-wealth-ultimate-edition-steam-account","status":"publish","type":"product","link":"https:\/\/orkza.com\/de\/produkt\/like-a-dragon-infinite-wealth-ultimate-edition-steam-account\/","title":{"rendered":"Like a Dragon Infinite Wealth &#8211; Ultimate Edition Steam-Konto"},"content":{"rendered":"<h2 data-start=\"41\" data-end=\"126\"><strong data-start=\"44\" data-end=\"126\">Like a Dragon: Infinite Wealth Steam-Konto \u2013 Zwei Helden, ein gro\u00dfes Abenteuer<\/strong><\/h2>\n<p data-start=\"128\" data-end=\"570\">Spielen Sie <strong data-start=\"133\" data-end=\"244\"><a class=\"decorated-link\" href=\"https:\/\/store.steampowered.com\/app\/2072450\/Like_a_Dragon_Infinite_Wealth\/?utm_source=chatgpt.com\" target=\"_new\" rel=\"noopener\" data-start=\"135\" data-end=\"242\">Like a Dragon: Infinite Wealth<\/a><\/strong> \u00fcber unser Steam-Konto und erleben Sie das n\u00e4chste Kapitel der Like a Dragon-Saga. Dieses epische RPG vereint die Serienlieblinge Ichiban Kasuga und Kazuma Kiryu auf ihrer Reise durch Japan und Hawaii und kombiniert rundenbasierte K\u00e4mpfe mit neuen Mechaniken, dramatischen Story-Momenten und umfassender Freiheit. <\/p>\n<p data-start=\"572\" data-end=\"1035\">In <em data-start=\"575\" data-end=\"592\">Infinite Wealth<\/em> ist das Schlachtfeld Ihr Werkzeug. Das neue <strong data-start=\"632\" data-end=\"652\">Live-Command-RPG<\/strong>-System erm\u00f6glicht es Charakteren, sich mitten im Kampf neu zu positionieren und je nach Ihrer Position zu Objekten und Gegnern Positionsangriffe, R\u00fcckst\u00f6\u00dfe und Synergien auszul\u00f6sen. Dar\u00fcber hinaus erh\u00e4lt Kiryu einen charakteristischen \u201eDragoon\u201c-Stil, der hybride Echtzeit- und Runden-\u00dcberg\u00e4nge erlaubt und Ihnen dramatische Flexibilit\u00e4t im Kampf bietet.  <\/p>\n<p data-start=\"1037\" data-end=\"1539\">Story-technisch reist Ichiban nach Honolulu, um seine Mutter zu finden, w\u00e4hrend Kiryu gegen seine eigene Sterblichkeit und eine Verschw\u00f6rung k\u00e4mpft, die Japans Unterwelt mit hawaiianischen Kulten verbindet. Ihre Wege kreuzen sich in Yokohamas Isezaki Ijincho, Kamurocho und an den sonnigen K\u00fcsten Hawaiis. Das Spiel bringt auch beliebte Minispiele zur\u00fcck (Crazy Delivery, Sujimon, Miss Match) und f\u00fchrt <em data-start=\"1438\" data-end=\"1454\">Dondoko Island<\/em> ein, eine Life-Sim-Insel, die Sie aufbauen und verwalten k\u00f6nnen.  <\/p>\n<p data-start=\"1541\" data-end=\"1790\">Visuell unterst\u00fctzt die PC-Version entsperrte Bildraten, Ultrawide-Aufl\u00f6sungen und moderne Verbesserungen wie hochaufl\u00f6sende Texturen. Einige Spieler merken an, dass das Spiel moderne GPUs erfordert, um sein Potenzial voll auszusch\u00f6pfen. <\/p>\n<h3 data-start=\"1792\" data-end=\"1817\">Systemanforderungen<\/h3>\n<p data-start=\"1819\" data-end=\"1845\"><strong data-start=\"1819\" data-end=\"1843\">Mindestanforderungen<\/strong><\/p>\n<ul data-start=\"1846\" data-end=\"2011\">\n<li data-start=\"1846\" data-end=\"1871\">\n<p data-start=\"1848\" data-end=\"1871\">Betriebssystem: Windows 10 64-Bit<\/p>\n<\/li>\n<li data-start=\"1872\" data-end=\"1918\">\n<p data-start=\"1874\" data-end=\"1918\">CPU: Ryzen 5 \/ Core i5-Klasse oder gleichwertig<\/p>\n<\/li>\n<li data-start=\"1919\" data-end=\"1933\">\n<p data-start=\"1921\" data-end=\"1933\">RAM: 16 GB<\/p>\n<\/li>\n<li data-start=\"1934\" data-end=\"1986\">\n<p data-start=\"1936\" data-end=\"1986\">GPU: Entspricht NVIDIA RTX 2060 \/ AMD RX 6600<\/p>\n<\/li>\n<li data-start=\"1987\" data-end=\"2011\">\n<p data-start=\"1989\" data-end=\"2011\">Speicher: ~155 GB SSD<\/p>\n<\/li>\n<\/ul>\n<p data-start=\"2013\" data-end=\"2043\"><strong data-start=\"2013\" data-end=\"2041\">Empfohlene Anforderungen<\/strong><\/p>\n<ul data-start=\"2044\" data-end=\"2168\">\n<li data-start=\"2044\" data-end=\"2087\">\n<p data-start=\"2046\" data-end=\"2087\">CPU: Ryzen 5 5600 \/ Intel Core i7-Klasse<\/p>\n<\/li>\n<li data-start=\"2088\" data-end=\"2110\">\n<p data-start=\"2090\" data-end=\"2110\">RAM: 16 GB oder mehr<\/p>\n<\/li>\n<li data-start=\"2111\" data-end=\"2151\">\n<p data-start=\"2113\" data-end=\"2151\">GPU: RTX 2070 \/ RX 6700 XT oder besser<\/p>\n<\/li>\n<li data-start=\"2152\" data-end=\"2168\">\n<p data-start=\"2154\" data-end=\"2168\">Speicher: SSD<\/p>\n<\/li>\n<\/ul>\n<h3>So verwenden Sie Ihr Like a Dragon Infinite Wealth Steam-Konto<\/h3>\n<p><img decoding=\"async\" class=\"alignnone wp-image-3511\" src=\"https:\/\/orkza.com\/wp-content\/uploads\/2024\/10\/STEAM-ACTIVATION-GUIDE-400x225.jpg\" alt=\"\" width=\"804\" height=\"453\" title=\"\" srcset=\"https:\/\/orkza.com\/wp-content\/uploads\/2024\/10\/STEAM-ACTIVATION-GUIDE-400x225.jpg 400w, https:\/\/orkza.com\/wp-content\/uploads\/2024\/10\/STEAM-ACTIVATION-GUIDE-430x242.jpg 430w, https:\/\/orkza.com\/wp-content\/uploads\/2024\/10\/STEAM-ACTIVATION-GUIDE-150x84.jpg 150w, https:\/\/orkza.com\/wp-content\/uploads\/2024\/10\/STEAM-ACTIVATION-GUIDE-700x394.jpg 700w, https:\/\/orkza.com\/wp-content\/uploads\/2024\/10\/STEAM-ACTIVATION-GUIDE-768x432.jpg 768w, https:\/\/orkza.com\/wp-content\/uploads\/2024\/10\/STEAM-ACTIVATION-GUIDE.jpg 1280w\" sizes=\"(max-width: 804px) 100vw, 804px\" \/><\/p>\n<p>Melde dich nach dem Kauf auf deinem PC mit dem bereitgestellten Steam-Konto an. Sobald du angemeldet bist, navigiere zu deiner Bibliothek, installiere das Spiel und klicke auf den Play-Button.  Nach ein paar Minuten beende das Spiel und schalte Steam in den Offline-Modus \u2013 und schon bist du bereit f\u00fcr stundenlangen, aufregenden Spielspa\u00df!<\/p>\n<p>F\u00fcr eine umfassende Einrichtung lies dir unseren <a href=\"https:\/\/orkza.com\/de\/steam-account-activation-guide\/\" target=\"_blank\" rel=\"noopener\">Steam-Konto-Aktivierungsleitfaden<\/a> durch.<\/p>\n<p>Entdecke unsere neuesten <a href=\"https:\/\/orkza.com\/de\/produkt-kategorie\/pc-spiele\/\" target=\"_blank\" rel=\"noopener\">PC-SPIELE<\/a><\/p>\n","protected":false},"excerpt":{"rendered":"<p data-start=\"2170\" data-end=\"2338\">Ichiban und Kiryu vereinen sich in <em data-start=\"2240\" data-end=\"2272\">Like a Dragon: Infinite Wealth<\/em>. Episches RPG mit dynamischem Kampfsystem, Story und atemberaubenden Schaupl\u00e4tzen erwartet Sie. <\/p>\n<p><img decoding=\"async\" class=\"alignnone wp-image-3526\" src=\"https:\/\/orkza.com\/wp-content\/uploads\/2024\/10\/Steam-Account-Notice-min-300x300.png\" alt=\"\" width=\"41\" height=\"41\" srcset=\"https:\/\/orkza.com\/wp-content\/uploads\/2024\/10\/Steam-Account-Notice-min-300x300.png 300w, https:\/\/orkza.com\/wp-content\/uploads\/2024\/10\/Steam-Account-Notice-min-scaled-430x430.png 430w, https:\/\/orkza.com\/wp-content\/uploads\/2024\/10\/Steam-Account-Notice-min-150x150.png 150w, https:\/\/orkza.com\/wp-content\/uploads\/2024\/10\/Steam-Account-Notice-min-scaled-700x700.png 700w, https:\/\/orkza.com\/wp-content\/uploads\/2024\/10\/Steam-Account-Notice-min-800x800.png 800w, https:\/\/orkza.com\/wp-content\/uploads\/2024\/10\/Steam-Account-Notice-min-768x768.png 768w, https:\/\/orkza.com\/wp-content\/uploads\/2024\/10\/Steam-Account-Notice-min-1536x1536.png 1536w, https:\/\/orkza.com\/wp-content\/uploads\/2024\/10\/Steam-Account-Notice-min-2048x2048.png 2048w\" sizes=\"(max-width: 41px) 100vw, 41px\" \/><strong>Hinweis: Kontodaten k\u00f6nnen nicht ge\u00e4ndert werden. Dies ist ein Steam-Konto mit lebenslangem Zugriff, nur f\u00fcr Offline-Spiele. <\/strong><\/p>\n","protected":false},"featured_media":17210,"comment_status":"open","ping_status":"closed","template":"","meta":[],"product_brand":[],"product_cat":[219],"product_tag":[249],"class_list":{"0":"post-17632","1":"product","2":"type-product","3":"status-publish","4":"has-post-thumbnail","6":"product_cat-rpg","7":"product_tag-steam","9":"first","10":"instock","11":"sale","12":"virtual","13":"purchasable","14":"product-type-simple"},"_links":{"self":[{"href":"https:\/\/orkza.com\/de\/wp-json\/wp\/v2\/product\/17632","targetHints":{"allow":["GET"]}}],"collection":[{"href":"https:\/\/orkza.com\/de\/wp-json\/wp\/v2\/product"}],"about":[{"href":"https:\/\/orkza.com\/de\/wp-json\/wp\/v2\/types\/product"}],"replies":[{"embeddable":true,"href":"https:\/\/orkza.com\/de\/wp-json\/wp\/v2\/comments?post=17632"}],"version-history":[{"count":0,"href":"https:\/\/orkza.com\/de\/wp-json\/wp\/v2\/product\/17632\/revisions"}],"wp:featuredmedia":[{"embeddable":true,"href":"https:\/\/orkza.com\/de\/wp-json\/wp\/v2\/media\/17210"}],"wp:attachment":[{"href":"https:\/\/orkza.com\/de\/wp-json\/wp\/v2\/media?parent=17632"}],"wp:term":[{"taxonomy":"product_brand","embeddable":true,"href":"https:\/\/orkza.com\/de\/wp-json\/wp\/v2\/product_brand?post=17632"},{"taxonomy":"product_cat","embeddable":true,"href":"https:\/\/orkza.com\/de\/wp-json\/wp\/v2\/product_cat?post=17632"},{"taxonomy":"product_tag","embeddable":true,"href":"https:\/\/orkza.com\/de\/wp-json\/wp\/v2\/product_tag?post=17632"}],"curies":[{"name":"wp","href":"https:\/\/api.w.org\/{rel}","templated":true}]}}