{"id":17625,"date":"2025-09-24T02:13:58","date_gmt":"2025-09-24T02:13:58","guid":{"rendered":"https:\/\/orkza.com\/product\/expeditions-a-mudrunner-game-supreme-edition-steam-account\/"},"modified":"2026-02-26T06:04:46","modified_gmt":"2026-02-26T06:04:46","slug":"expeditions-a-mudrunner-game-supreme-edition-steam-account","status":"publish","type":"product","link":"https:\/\/orkza.com\/de\/produkt\/expeditions-a-mudrunner-game-supreme-edition-steam-account\/","title":{"rendered":"Expeditions A MudRunner Game &#8211; Supreme Edition Steam-Konto"},"content":{"rendered":"<h2 data-start=\"55\" data-end=\"141\"><strong data-start=\"58\" data-end=\"141\">Expeditions: A MudRunner Game Steam-Konto \u2013 Reise in die Offroad-Erkundung<\/strong><\/h2>\n<p data-start=\"143\" data-end=\"511\">Spielen Sie <strong data-start=\"148\" data-end=\"257\"><a class=\"decorated-link\" href=\"https:\/\/store.steampowered.com\/app\/2477340\/Expeditions_A_MudRunner_Game\/?utm_source=chatgpt.com\" target=\"_new\" rel=\"noopener\" data-start=\"150\" data-end=\"255\">Expeditions: A MudRunner Game<\/a><\/strong> \u00fcber unser Steam-Konto und begeben Sie sich auf eine neue Art von Offroad-Abenteuer. Dieser Ableger der MudRunner\/SnowRunner-Reihe legt den Schwerpunkt auf Erkundung, Forschung und wissenschaftliche Expeditionen statt auf reinen G\u00fctertransport. <\/p>\n<p data-start=\"513\" data-end=\"988\">In <em data-start=\"516\" data-end=\"529\">Expeditions<\/em> f\u00fchren Sie ein Team von Spezialisten in entlegene Wildnisgebiete \u2013 Arizonas trockene W\u00fcste, die zerkl\u00fcfteten H\u00e4nge der Karpaten und Little Colorado. Jede Region stellt geologische, \u00f6kologische und physische Herausforderungen dar. W\u00e4hrend Sie unerforschtes Terrain durchqueren, m\u00fcssen Sie Ihre Crew verwalten, Ihre Gel\u00e4ndefahrzeuge warten und aufr\u00fcsten sowie fortschrittliche Werkzeuge wie Drohnen, Metalldetektoren und Sonar einsetzen, um Geheimnisse unter der Oberfl\u00e4che aufzudecken.  <\/p>\n<p data-start=\"990\" data-end=\"1379\">Im Gegensatz zu fr\u00fcheren Titeln f\u00f6rdert dieses Spiel strategische Planung: W\u00e4hlen Sie, welche Spezialisten Sie einstellen, entscheiden Sie, wie Sie Ihre Basis erweitern, und verteilen Sie Forschungsbem\u00fchungen. Jede Entscheidung beeinflusst Ihre F\u00e4higkeit, die Herausforderungen der Natur zu meistern. Das physikbasierte Terrain und die Fahrzeugmechanik bewahren das Gef\u00fchl von Kampf und Zufriedenheit beim \u00dcberwinden von Hindernissen, das die Serie auszeichnet.  <\/p>\n<p data-start=\"1381\" data-end=\"1589\">Urspr\u00fcnglich wurde <em data-start=\"1393\" data-end=\"1406\">Expeditions<\/em> ohne Koop-Modus ver\u00f6ffentlicht, aber ein kostenloses Update nach der Ver\u00f6ffentlichung f\u00fcgte einen Online-Koop-Modus f\u00fcr bis zu 4 Spieler hinzu \u2013 jetzt k\u00f6nnen Freunde in Echtzeit an Ihren Expeditionen teilnehmen.<\/p>\n<hr data-start=\"1591\" data-end=\"1594\">\n<h3 data-start=\"1596\" data-end=\"1621\">Systemanforderungen<\/h3>\n<p data-start=\"1623\" data-end=\"1649\"><strong data-start=\"1623\" data-end=\"1647\">Mindestanforderungen<\/strong><\/p>\n<ul data-start=\"1650\" data-end=\"1838\">\n<li data-start=\"1650\" data-end=\"1677\">\n<p data-start=\"1652\" data-end=\"1677\">Betriebssystem: Windows 10 (64-Bit)<\/p>\n<\/li>\n<li data-start=\"1678\" data-end=\"1723\">\n<p data-start=\"1680\" data-end=\"1723\">CPU: Moderner Multicore-Prozessor der Mittelklasse<\/p>\n<\/li>\n<li data-start=\"1724\" data-end=\"1737\">\n<p data-start=\"1726\" data-end=\"1737\">RAM: 8 GB<\/p>\n<\/li>\n<li data-start=\"1738\" data-end=\"1818\">\n<p data-start=\"1740\" data-end=\"1818\">GPU: Dedizierte Grafikkarte (entspricht GTX 960 \/ RX 470 Klasse oder besser)<\/p>\n<\/li>\n<li data-start=\"1819\" data-end=\"1838\">\n<p data-start=\"1821\" data-end=\"1838\">Speicherplatz: ~20 GB<\/p>\n<\/li>\n<\/ul>\n<p data-start=\"1840\" data-end=\"1870\"><strong data-start=\"1840\" data-end=\"1868\">Empfohlene Anforderungen<\/strong><\/p>\n<ul data-start=\"1871\" data-end=\"1967\">\n<li data-start=\"1871\" data-end=\"1896\">\n<p data-start=\"1873\" data-end=\"1896\">CPU: 6-Kern oder besser<\/p>\n<\/li>\n<li data-start=\"1897\" data-end=\"1911\">\n<p data-start=\"1899\" data-end=\"1911\">RAM: 16 GB<\/p>\n<\/li>\n<li data-start=\"1912\" data-end=\"1950\">\n<p data-start=\"1914\" data-end=\"1950\">GPU: GTX 1060 \/ RX 580 oder st\u00e4rker<\/p>\n<\/li>\n<li data-start=\"1951\" data-end=\"1967\">\n<p data-start=\"1953\" data-end=\"1967\">Speicherplatz: SSD<\/p>\n<\/li>\n<\/ul>\n<h3>So nutzen Sie Ihr Expeditions A MudRunner Game Steam-Konto<\/h3>\n<p><img decoding=\"async\" class=\"alignnone wp-image-3511\" src=\"https:\/\/orkza.com\/wp-content\/uploads\/2024\/10\/STEAM-ACTIVATION-GUIDE-400x225.jpg\" alt=\"\" width=\"804\" height=\"453\" title=\"\" srcset=\"https:\/\/orkza.com\/wp-content\/uploads\/2024\/10\/STEAM-ACTIVATION-GUIDE-400x225.jpg 400w, https:\/\/orkza.com\/wp-content\/uploads\/2024\/10\/STEAM-ACTIVATION-GUIDE-430x242.jpg 430w, https:\/\/orkza.com\/wp-content\/uploads\/2024\/10\/STEAM-ACTIVATION-GUIDE-150x84.jpg 150w, https:\/\/orkza.com\/wp-content\/uploads\/2024\/10\/STEAM-ACTIVATION-GUIDE-700x394.jpg 700w, https:\/\/orkza.com\/wp-content\/uploads\/2024\/10\/STEAM-ACTIVATION-GUIDE-768x432.jpg 768w, https:\/\/orkza.com\/wp-content\/uploads\/2024\/10\/STEAM-ACTIVATION-GUIDE.jpg 1280w\" sizes=\"(max-width: 804px) 100vw, 804px\" \/><\/p>\n<p>Melde dich nach dem Kauf auf deinem PC mit dem bereitgestellten Steam-Konto an. Sobald du angemeldet bist, navigiere zu deiner Bibliothek, installiere das Spiel und klicke auf den Play-Button.  Nach ein paar Minuten beende das Spiel und schalte Steam in den Offline-Modus \u2013 und schon bist du bereit f\u00fcr stundenlangen, aufregenden Spielspa\u00df!<\/p>\n<p>F\u00fcr eine umfassende Einrichtung lies dir unseren <a href=\"https:\/\/orkza.com\/de\/steam-account-activation-guide\/\" target=\"_blank\" rel=\"noopener\">Steam-Konto-Aktivierungsleitfaden<\/a> durch.<\/p>\n<p>Entdecke unsere neuesten <a href=\"https:\/\/orkza.com\/de\/produkt-kategorie\/pc-spiele\/\" target=\"_blank\" rel=\"noopener\">PC-SPIELE<\/a><\/p>\n","protected":false},"excerpt":{"rendered":"<p data-start=\"1974\" data-end=\"2140\">Leiten Sie wilde wissenschaftliche Offroad-Expeditionen in <em data-start=\"2059\" data-end=\"2090\">Expeditions: A MudRunner Game<\/em>. Fahren, erkunden, forschen, \u00fcberleben und entdecken Sie. <\/p>\n<p><img decoding=\"async\" class=\"alignnone wp-image-3526\" src=\"https:\/\/orkza.com\/wp-content\/uploads\/2024\/10\/Steam-Account-Notice-min-300x300.png\" alt=\"\" width=\"41\" height=\"41\" srcset=\"https:\/\/orkza.com\/wp-content\/uploads\/2024\/10\/Steam-Account-Notice-min-300x300.png 300w, https:\/\/orkza.com\/wp-content\/uploads\/2024\/10\/Steam-Account-Notice-min-scaled-430x430.png 430w, https:\/\/orkza.com\/wp-content\/uploads\/2024\/10\/Steam-Account-Notice-min-150x150.png 150w, https:\/\/orkza.com\/wp-content\/uploads\/2024\/10\/Steam-Account-Notice-min-scaled-700x700.png 700w, https:\/\/orkza.com\/wp-content\/uploads\/2024\/10\/Steam-Account-Notice-min-800x800.png 800w, https:\/\/orkza.com\/wp-content\/uploads\/2024\/10\/Steam-Account-Notice-min-768x768.png 768w, https:\/\/orkza.com\/wp-content\/uploads\/2024\/10\/Steam-Account-Notice-min-1536x1536.png 1536w, https:\/\/orkza.com\/wp-content\/uploads\/2024\/10\/Steam-Account-Notice-min-2048x2048.png 2048w\" sizes=\"(max-width: 41px) 100vw, 41px\" \/><strong>Hinweis: Kontodaten k\u00f6nnen nicht ge\u00e4ndert werden. Dies ist ein Steam-Konto mit lebenslangem Zugriff, nur f\u00fcr Offline-Spiele. <\/strong><\/p>\n","protected":false},"featured_media":17216,"comment_status":"open","ping_status":"closed","template":"","meta":[],"product_brand":[],"product_cat":[224],"product_tag":[249],"class_list":{"0":"post-17625","1":"product","2":"type-product","3":"status-publish","4":"has-post-thumbnail","6":"product_cat-simulation","7":"product_tag-steam","9":"first","10":"instock","11":"sale","12":"virtual","13":"purchasable","14":"product-type-simple"},"_links":{"self":[{"href":"https:\/\/orkza.com\/de\/wp-json\/wp\/v2\/product\/17625","targetHints":{"allow":["GET"]}}],"collection":[{"href":"https:\/\/orkza.com\/de\/wp-json\/wp\/v2\/product"}],"about":[{"href":"https:\/\/orkza.com\/de\/wp-json\/wp\/v2\/types\/product"}],"replies":[{"embeddable":true,"href":"https:\/\/orkza.com\/de\/wp-json\/wp\/v2\/comments?post=17625"}],"version-history":[{"count":0,"href":"https:\/\/orkza.com\/de\/wp-json\/wp\/v2\/product\/17625\/revisions"}],"wp:featuredmedia":[{"embeddable":true,"href":"https:\/\/orkza.com\/de\/wp-json\/wp\/v2\/media\/17216"}],"wp:attachment":[{"href":"https:\/\/orkza.com\/de\/wp-json\/wp\/v2\/media?parent=17625"}],"wp:term":[{"taxonomy":"product_brand","embeddable":true,"href":"https:\/\/orkza.com\/de\/wp-json\/wp\/v2\/product_brand?post=17625"},{"taxonomy":"product_cat","embeddable":true,"href":"https:\/\/orkza.com\/de\/wp-json\/wp\/v2\/product_cat?post=17625"},{"taxonomy":"product_tag","embeddable":true,"href":"https:\/\/orkza.com\/de\/wp-json\/wp\/v2\/product_tag?post=17625"}],"curies":[{"name":"wp","href":"https:\/\/api.w.org\/{rel}","templated":true}]}}