{"id":17604,"date":"2024-10-11T17:03:29","date_gmt":"2024-10-11T17:03:29","guid":{"rendered":"https:\/\/orkza.com\/product\/avast-pro-antivirus-multi-device-digital-key\/"},"modified":"2026-02-26T06:03:59","modified_gmt":"2026-02-26T06:03:59","slug":"avast-pro-antivirus-multi-device-digital-key","status":"publish","type":"product","link":"https:\/\/orkza.com\/de\/produkt\/avast-pro-antivirus-multi-device-digital-key\/","title":{"rendered":"Avast Pro Antivirus Multi-Device Digital Key"},"content":{"rendered":"<h2 style=\"text-align: left;\">Avast Pro Antivirus: Umfassende Sicherheit f\u00fcr Ihr digitales Leben<\/h2>\n<h2 style=\"text-align: left;\">Maximale Sicherheit: Unterst\u00fctzung beim Schutz Ihrer Ger\u00e4te<\/h2>\n<p style=\"text-align: left;\"><a href=\"https:\/\/www.avast.com\/free-antivirus-download#pc\" target=\"_blank\" rel=\"noopener\">Avast Pro Antivirus<\/a> wurde entwickelt, um Ihnen maximale Sicherheit f\u00fcr all Ihre Ger\u00e4te zu bieten und Sie vor Viren, Malware, Ransomware und anderen Online-Gefahren zu sch\u00fctzen. Diese Funktionen werden sehr gesch\u00e4tzt, und wann immer die Sorge vor Missbrauch der Privatsph\u00e4re und Datenbetrug besteht, k\u00f6nnen Sie sich sicher f\u00fchlen. <\/p>\n<p style=\"text-align: left;\"><img decoding=\"async\" class=\"wp-image-3128 alignnone\" src=\"https:\/\/orkza.com\/wp-content\/uploads\/2024\/10\/Avast-Key-Features-400x147.jpg\" alt=\"Avast Hauptfunktionen\" width=\"612\" height=\"225\" title=\"\" srcset=\"https:\/\/orkza.com\/wp-content\/uploads\/2024\/10\/Avast-Key-Features-400x147.jpg 400w, https:\/\/orkza.com\/wp-content\/uploads\/2024\/10\/Avast-Key-Features-430x158.jpg 430w, https:\/\/orkza.com\/wp-content\/uploads\/2024\/10\/Avast-Key-Features-150x55.jpg 150w, https:\/\/orkza.com\/wp-content\/uploads\/2024\/10\/Avast-Key-Features-700x257.jpg 700w, https:\/\/orkza.com\/wp-content\/uploads\/2024\/10\/Avast-Key-Features-768x282.jpg 768w, https:\/\/orkza.com\/wp-content\/uploads\/2024\/10\/Avast-Key-Features.jpg 1200w\" sizes=\"(max-width: 612px) 100vw, 612px\" \/><\/p>\n<h3 style=\"text-align: left;\">Hauptfunktionen<\/h3>\n<h4 style=\"text-align: left;\">Echtzeit-Schutz<\/h4>\n<p style=\"text-align: left;\">Mit dem Echtzeit-Scan \u00fcberwacht Avast Pro Antivirus, wie der Computer genutzt wird, und erkennt, wenn Aktionen mit potenziell sch\u00e4dlicher Software ausgef\u00fchrt werden. Alles an Avast Pro Antivirus ist darauf ausgerichtet, Bedrohungen zu stoppen; Cyberkriminelle sollten es so sehr hassen wie Schwei\u00df am menschlichen K\u00f6rper. <\/p>\n<h4 style=\"text-align: left;\">Intelligente Firewall<\/h4>\n<p style=\"text-align: left;\">Neben der intelligenten Firewall gibt es klassische Firewalls, die den ein- und ausgehenden Datenverkehr steuern. Robuster Schutz zwingt Cyberangreifer dazu, ihre Hacking-Tools aufzugeben und den Schutz sensibler Informationen nicht zu gef\u00e4hrden. <\/p>\n<h4 style=\"text-align: left;\">Sicheres Surfen<\/h4>\n<p style=\"text-align: left;\">Avast Pro Antivirus bietet eine Option f\u00fcr sicheres Surfen, die die Online-Risiken f\u00fcr Nutzer reduziert. Sch\u00fctzt vor gef\u00e4hrlichen Websites und vor Taktiken wie Phishing, die von Angreifern eingesetzt werden. <\/p>\n<h4 style=\"text-align: left;\">System-Update<\/h4>\n<p style=\"text-align: left;\">Nicht zuletzt sind Updates wichtig, die nicht \u2013 oder besser: nicht sollten \u2013 deaktiviert werden. Das macht manuelle Updates \u00fcberfl\u00fcssig und liefert automatisch aktuelle Virendefinitionen sowie weitere Sicherheitsfunktionen. <\/p>\n<h3 style=\"text-align: left;\">Benutzerfreundliche Oberfl\u00e4che<\/h3>\n<p style=\"text-align: left;\">Die Oberfl\u00e4che von Avast Pro Antivirus ist sehr einfach zu bedienen, und Sie k\u00f6nnen Ihre Sicherheitsoptionen m\u00fchelos verwalten. Ob Einsteiger oder Profi: Mit dieser Software ist es kinderleicht, denn Sie m\u00fcssen sich nur auf das Wesentliche konzentrieren. <\/p>\n<h3 style=\"text-align: left;\">Warum Avast Pro Antivirus w\u00e4hlen?<\/h3>\n<p style=\"text-align: left;\">Wenn Sie sich f\u00fcr Avast Pro Antivirus entscheiden, erhalten Sie zuverl\u00e4ssigen, effizienten Schutz. Dank der vielen n\u00fctzlichen und wirksamen Schutzfunktionen sind Sie beim Surfen im Internet, beim Herunterladen von Dateien und beim Speichern wichtiger Informationen bestens abgesichert. <\/p>\n<p style=\"text-align: left;\">Download-Link: <a href=\"https:\/\/www.avast.com\/free-antivirus-download#pc\" target=\"_blank\" rel=\"noopener\">https:\/\/www.avast.com\/free-antivirus-download#pc<\/a><\/p>\n<p><a href=\"https:\/\/orkza.com\/de\/avast-activation-guide\/\" target=\"_blank\" rel=\"noopener\">Avast Aktivierungsanleitung<\/a><\/p>\n","protected":false},"excerpt":{"rendered":"<p>Avast Pro Antivirus bietet leistungsstarken Schutz vor Viren, Malware und Online-Bedrohungen. Mit Echtzeit-Scan, intelligenter Firewall und Funktionen f\u00fcr sicheres Surfen bleiben Ihre Ger\u00e4te gesch\u00fctzt, w\u00e4hrend Sie im Web unterwegs sind. Genie\u00dfen Sie ein gutes Gef\u00fchl mit einfach zu bedienender Sicherheit, die sich automatisch aktualisiert, um neue Gefahren abzuwehren.  <\/p>\n","protected":false},"featured_media":17608,"comment_status":"open","ping_status":"closed","template":"","meta":[],"product_brand":[],"product_cat":[234],"product_tag":[250],"class_list":{"0":"post-17604","1":"product","2":"type-product","3":"status-publish","4":"has-post-thumbnail","6":"product_cat-antivirus-sicherheit","7":"product_tag-avast","9":"first","10":"instock","11":"shipping-taxable","12":"purchasable","13":"product-type-variable"},"_links":{"self":[{"href":"https:\/\/orkza.com\/de\/wp-json\/wp\/v2\/product\/17604","targetHints":{"allow":["GET"]}}],"collection":[{"href":"https:\/\/orkza.com\/de\/wp-json\/wp\/v2\/product"}],"about":[{"href":"https:\/\/orkza.com\/de\/wp-json\/wp\/v2\/types\/product"}],"replies":[{"embeddable":true,"href":"https:\/\/orkza.com\/de\/wp-json\/wp\/v2\/comments?post=17604"}],"version-history":[{"count":0,"href":"https:\/\/orkza.com\/de\/wp-json\/wp\/v2\/product\/17604\/revisions"}],"wp:featuredmedia":[{"embeddable":true,"href":"https:\/\/orkza.com\/de\/wp-json\/wp\/v2\/media\/17608"}],"wp:attachment":[{"href":"https:\/\/orkza.com\/de\/wp-json\/wp\/v2\/media?parent=17604"}],"wp:term":[{"taxonomy":"product_brand","embeddable":true,"href":"https:\/\/orkza.com\/de\/wp-json\/wp\/v2\/product_brand?post=17604"},{"taxonomy":"product_cat","embeddable":true,"href":"https:\/\/orkza.com\/de\/wp-json\/wp\/v2\/product_cat?post=17604"},{"taxonomy":"product_tag","embeddable":true,"href":"https:\/\/orkza.com\/de\/wp-json\/wp\/v2\/product_tag?post=17604"}],"curies":[{"name":"wp","href":"https:\/\/api.w.org\/{rel}","templated":true}]}}