{"id":17602,"date":"2024-11-02T23:33:24","date_gmt":"2024-11-02T23:33:24","guid":{"rendered":"https:\/\/orkza.com\/product\/eset-nod32-antivirus-1-device-1-year-key\/"},"modified":"2026-02-26T06:03:48","modified_gmt":"2026-02-26T06:03:48","slug":"eset-nod32-antivirus-1-device-1-year-key","status":"publish","type":"product","link":"https:\/\/orkza.com\/de\/produkt\/eset-nod32-antivirus-1-device-1-year-key\/","title":{"rendered":"Eset Nod32 Antivirus 1 Ger\u00e4t 1 Jahr Key"},"content":{"rendered":"<h2>ESET NOD32 Antivirus \u2013 Schneller, zuverl\u00e4ssiger Schutz vor Online-Bedrohungen<\/h2>\n<p><a href=\"https:\/\/www.eset.com\/me\/home\/antivirus\/\" target=\"_blank\" rel=\"noopener\">ESET<\/a> NOD32 Antivirus ist eine bew\u00e4hrte, preisgekr\u00f6nte Sicherheitsl\u00f6sung, die robusten Echtzeitschutz vor Malware, Ransomware, Phishing und anderen Online-Bedrohungen bietet. Sie ist schnell und ressourcenschonend und arbeitet im Hintergrund, ohne Ihr System auszubremsen. Die fortschrittliche Erkennungstechnologie und intuitive Benutzeroberfl\u00e4che machen sie perfekt f\u00fcr Privatanwender und Gesch\u00e4ftskunden, die eine einfache, aber leistungsstarke Antivirus-L\u00f6sung ben\u00f6tigen.  <\/p>\n<p><img decoding=\"async\" class=\"alignnone wp-image-3835\" src=\"https:\/\/orkza.com\/wp-content\/uploads\/2024\/11\/Eset-KEY-FEATURES-400x179.jpg\" alt=\"ESET NOD32 Antivirus HAUPTFUNKTIONEN\" width=\"809\" height=\"362\" title=\"\" srcset=\"https:\/\/orkza.com\/wp-content\/uploads\/2024\/11\/Eset-KEY-FEATURES-400x179.jpg 400w, https:\/\/orkza.com\/wp-content\/uploads\/2024\/11\/Eset-KEY-FEATURES-430x192.jpg 430w, https:\/\/orkza.com\/wp-content\/uploads\/2024\/11\/Eset-KEY-FEATURES-150x67.jpg 150w, https:\/\/orkza.com\/wp-content\/uploads\/2024\/11\/Eset-KEY-FEATURES-700x313.jpg 700w, https:\/\/orkza.com\/wp-content\/uploads\/2024\/11\/Eset-KEY-FEATURES-768x343.jpg 768w, https:\/\/orkza.com\/wp-content\/uploads\/2024\/11\/Eset-KEY-FEATURES.jpg 1200w\" sizes=\"(max-width: 809px) 100vw, 809px\" \/><\/p>\n<p>&nbsp;<\/p>\n<h3>Erweiterte Bedrohungserkennung und mehrschichtiger Schutz<\/h3>\n<p>ESET NOD32 Antivirus bietet mehrschichtige Sicherheit mit heuristischem Scannen und maschinellem Lernen sowie einem globalen Bedrohungsintelligenz-Netzwerk, das Bedrohungen blockiert, bevor sie Schaden anrichten k\u00f6nnen. Dieser proaktive Ansatz hilft ESET, neue und bekannte Malware zu erkennen \u2013 Viren, Spyware, Ransomware usw. Mit dem ESET Anti-Phishing-Schutz werden gef\u00e4lschte Webseiten und Phishing-Betrug blockiert, sodass Cyberkriminelle nicht an Ihre Passw\u00f6rter, Zahlungsdaten und andere pers\u00f6nlich sensible Informationen gelangen k\u00f6nnen.  <\/p>\n<h3>Ressourcenschonend und optimierte Leistung<\/h3>\n<p>ESET NOD32 Antivirus ist daf\u00fcr bekannt, besonders schonend mit Systemressourcen umzugehen. Die Software hat nur geringe Auswirkungen auf die Systemleistung, sodass Sie arbeiten, surfen oder Spiele spielen k\u00f6nnen, ohne Verlangsamungen zu erleben. Die hochoptimierte Scan-Engine liefert schnelle Scan-Ergebnisse und ist gleichzeitig ressourcenfreundlich, sodass Sie andere Programme parallel ausf\u00fchren k\u00f6nnen. ESET NOD32 bietet hervorragenden Schutz und h\u00e4lt Ihr Ger\u00e4t gleichzeitig schnell.   <\/p>\n<h3>Benutzerfreundliche Oberfl\u00e4che mit anpassbaren Einstellungen<\/h3>\n<p>ESET NOD32 Antivirus ist auf Benutzerfreundlichkeit ausgelegt und bietet eine intuitive Oberfl\u00e4che, \u00fcber die Sie schnell auf die Kernfunktionen zugreifen k\u00f6nnen. Fortgeschrittene Benutzer k\u00f6nnen Sicherheitseinstellungen anpassen, Scan-Optionen \u00e4ndern und wiederkehrende Scans nach ihren Pr\u00e4ferenzen planen. Automatische Updates: Die Software erh\u00e4lt automatisch die neuesten Bedrohungsdefinitionen f\u00fcr kontinuierlichen Schutz und erfordert keine manuellen Updates.  <\/p>\n<h3>Aktivierungsanleitung<\/h3>\n<p><img decoding=\"async\" class=\"alignnone wp-image-3785\" src=\"https:\/\/orkza.com\/wp-content\/uploads\/2024\/11\/Eset-Activation-Guide-400x210.jpg\" alt=\"ESET-Aktivierungsanleitung\" width=\"817\" height=\"429\" title=\"\" srcset=\"https:\/\/orkza.com\/wp-content\/uploads\/2024\/11\/Eset-Activation-Guide-400x210.jpg 400w, https:\/\/orkza.com\/wp-content\/uploads\/2024\/11\/Eset-Activation-Guide-430x226.jpg 430w, https:\/\/orkza.com\/wp-content\/uploads\/2024\/11\/Eset-Activation-Guide-150x79.jpg 150w, https:\/\/orkza.com\/wp-content\/uploads\/2024\/11\/Eset-Activation-Guide-700x368.jpg 700w, https:\/\/orkza.com\/wp-content\/uploads\/2024\/11\/Eset-Activation-Guide-768x403.jpg 768w, https:\/\/orkza.com\/wp-content\/uploads\/2024\/11\/Eset-Activation-Guide.jpg 1200w\" sizes=\"(max-width: 817px) 100vw, 817px\" \/><\/p>\n<p>Die Aktivierung von ESET NOD32 Antivirus ist unerl\u00e4sslich, um die vollst\u00e4ndigen Schutzfunktionen freizuschalten und sicherzustellen, dass Ihr Ger\u00e4t vor Malware, Ransomware und anderen Cyber-Bedrohungen gesch\u00fctzt ist. Mit einem einfachen Aktivierungsprozess erhalten Sie Zugang zu Echtzeitschutz und automatischen Updates, um Ihr System sicher zu halten. Folgen Sie unserer schnellen und einfachen Anleitung <a href=\"https:\/\/orkza.com\/de\/eset-activation-guide\/\" target=\"_blank\" rel=\"noopener\">Eset Aktivierungsanleitung<\/a>  <\/p>\n<h3>Minimale Systemanforderungen<\/h3>\n<p>Betriebssystem: Windows 7, 8, 10, 11 (32-Bit oder 64-Bit) oder macOS X v10.12 oder h\u00f6her<br \/>\nProzessor: 1 GHz oder schneller<br \/>\nRAM: 512 MB f\u00fcr Windows; 1 GB f\u00fcr macOS<br \/>\nSpeicher: 500 MB freier Speicherplatz <\/p>\n<h3>Empfohlene Systemanforderungen<\/h3>\n<p>Betriebssystem: Windows 10, 11 (64-Bit) oder macOS X v10.13 oder h\u00f6her<br \/>\nProzessor: 2 GHz oder schneller<br \/>\nRAM: 1 GB RAM (Windows); 2 GB RAM (macOS)<br \/>\nSpeicher: 500 MB freier Speicherplatz <\/p>\n<p>Sehen Sie sich unsere neueste <a href=\"https:\/\/orkza.com\/de\/produkt-kategorie\/software\/\" target=\"_blank\" rel=\"noopener\">Software<\/a> an<\/p>\n<p><a href=\"https:\/\/orkza.com\/de\/produkt\/eset-smart-security-1-device-1-year-key\/\" target=\"_blank\" rel=\"noopener\">Eset Smart Security<\/a> &amp; <a href=\"https:\/\/orkza.com\/de\/produkt\/eset-internet-security-1-device-1-year-key\/\" target=\"_blank\" rel=\"noopener\">Eset Internet Security<\/a><\/p>\n","protected":false},"excerpt":{"rendered":"<p>Sch\u00fctzen Sie Ihr Ger\u00e4t mit ESET NOD32 Antivirus! Erhalten Sie schnelle, zuverl\u00e4ssige Sicherheit gegen Malware, Phishing und Online-Bedrohungen. <\/p>\n","protected":false},"featured_media":17603,"comment_status":"open","ping_status":"closed","template":"","meta":[],"product_brand":[],"product_cat":[234],"product_tag":[245],"class_list":{"0":"post-17602","1":"product","2":"type-product","3":"status-publish","4":"has-post-thumbnail","6":"product_cat-antivirus-sicherheit","7":"product_tag-eset","9":"first","10":"instock","11":"sale","12":"virtual","13":"purchasable","14":"product-type-simple"},"_links":{"self":[{"href":"https:\/\/orkza.com\/de\/wp-json\/wp\/v2\/product\/17602","targetHints":{"allow":["GET"]}}],"collection":[{"href":"https:\/\/orkza.com\/de\/wp-json\/wp\/v2\/product"}],"about":[{"href":"https:\/\/orkza.com\/de\/wp-json\/wp\/v2\/types\/product"}],"replies":[{"embeddable":true,"href":"https:\/\/orkza.com\/de\/wp-json\/wp\/v2\/comments?post=17602"}],"version-history":[{"count":0,"href":"https:\/\/orkza.com\/de\/wp-json\/wp\/v2\/product\/17602\/revisions"}],"wp:featuredmedia":[{"embeddable":true,"href":"https:\/\/orkza.com\/de\/wp-json\/wp\/v2\/media\/17603"}],"wp:attachment":[{"href":"https:\/\/orkza.com\/de\/wp-json\/wp\/v2\/media?parent=17602"}],"wp:term":[{"taxonomy":"product_brand","embeddable":true,"href":"https:\/\/orkza.com\/de\/wp-json\/wp\/v2\/product_brand?post=17602"},{"taxonomy":"product_cat","embeddable":true,"href":"https:\/\/orkza.com\/de\/wp-json\/wp\/v2\/product_cat?post=17602"},{"taxonomy":"product_tag","embeddable":true,"href":"https:\/\/orkza.com\/de\/wp-json\/wp\/v2\/product_tag?post=17602"}],"curies":[{"name":"wp","href":"https:\/\/api.w.org\/{rel}","templated":true}]}}