{"id":17601,"date":"2025-09-24T02:14:01","date_gmt":"2025-09-24T02:14:01","guid":{"rendered":"https:\/\/orkza.com\/product\/horizon-forbidden-west-complete-edition-steam-account\/"},"modified":"2026-02-26T06:03:28","modified_gmt":"2026-02-26T06:03:28","slug":"horizon-forbidden-west-complete-edition-steam-account","status":"publish","type":"product","link":"https:\/\/orkza.com\/de\/produkt\/horizon-forbidden-west-complete-edition-steam-account\/","title":{"rendered":"Horizon Forbidden West Complete Edition Steam-Konto"},"content":{"rendered":"<h2 data-start=\"3597\" data-end=\"3684\"><strong data-start=\"3600\" data-end=\"3684\">Horizon Forbidden West (Complete Edition) Steam-Konto \u2013 Eine wunderbare wilde Welt<\/strong><\/h2>\n<p data-start=\"3686\" data-end=\"4053\">Spielen Sie <strong data-start=\"3691\" data-end=\"3821\"><a class=\"decorated-link\" href=\"https:\/\/store.steampowered.com\/app\/2420110\/Horizon_Forbidden_West_Complete_Edition\/?utm_source=chatgpt.com\" target=\"_new\" rel=\"noopener\" data-start=\"3693\" data-end=\"3819\">Horizon Forbidden West Complete Edition<\/a><\/strong> \u00fcber unser Steam-Konto und setzen Sie Aloys Reise in einer \u00fcppigen, gef\u00e4hrlichen Welt fort, in der die Natur sich die Technologie zur\u00fcckerobert. Die Complete Edition enth\u00e4lt das Hauptspiel sowie alle Erweiterungen und zus\u00e4tzliche Inhalte. <\/p>\n<p data-start=\"4055\" data-end=\"4329\">Aloy erkundet versunkene St\u00e4dte, hohe Gipfel und verborgene Dschungel voller mechanischer Bestien. Die PC-Version unterst\u00fctzt Ultrawide, unbegrenzte Bildraten und erhebliche grafische Verbesserungen. Sony hat die Systemanforderungen vor dem Launch ver\u00f6ffentlicht.  <\/p>\n<hr data-start=\"4331\" data-end=\"4334\">\n<h3 data-start=\"4336\" data-end=\"4361\">Systemanforderungen<\/h3>\n<p data-start=\"4363\" data-end=\"4389\"><strong data-start=\"4363\" data-end=\"4387\">Mindestanforderungen<\/strong><\/p>\n<ul data-start=\"4390\" data-end=\"4598\">\n<li data-start=\"4390\" data-end=\"4440\">\n<p data-start=\"4392\" data-end=\"4440\">Betriebssystem: Windows 10 64-bit (Version 1909 oder h\u00f6her)<\/p>\n<\/li>\n<li data-start=\"4441\" data-end=\"4494\">\n<p data-start=\"4443\" data-end=\"4494\">Prozessor: Intel Core i3-8100 \/ AMD Ryzen 3 1300X<\/p>\n<\/li>\n<li data-start=\"4495\" data-end=\"4516\">\n<p data-start=\"4497\" data-end=\"4516\">Arbeitsspeicher: 16 GB RAM<\/p>\n<\/li>\n<li data-start=\"4517\" data-end=\"4578\">\n<p data-start=\"4519\" data-end=\"4578\">Grafikkarte: NVIDIA GeForce GTX 1650 \/ AMD Radeon RX 5500 XT<\/p>\n<\/li>\n<li data-start=\"4579\" data-end=\"4598\">\n<p data-start=\"4581\" data-end=\"4598\">Speicherplatz: 150 GB<\/p>\n<\/li>\n<\/ul>\n<p data-start=\"4600\" data-end=\"4630\"><strong data-start=\"4600\" data-end=\"4628\">Empfohlene Anforderungen<\/strong><\/p>\n<ul data-start=\"4631\" data-end=\"4812\">\n<li data-start=\"4631\" data-end=\"4707\">\n<p data-start=\"4633\" data-end=\"4707\">F\u00fcr 1080p 60 FPS: Intel Core i5-8600 \/ Ryzen 5 3600 + RTX 3060 \/ RX 5700<\/p>\n<\/li>\n<li data-start=\"4708\" data-end=\"4812\">\n<p data-start=\"4710\" data-end=\"4812\">F\u00fcr h\u00f6here Aufl\u00f6sungen (1440p, 4K): leistungsst\u00e4rkere CPU\/GPU-Kombinationen<\/p>\n<\/li>\n<\/ul>\n<h3>So verwenden Sie Ihr Horizon Forbidden West Complete Edition Steam-Konto<\/h3>\n<p><img decoding=\"async\" class=\"alignnone wp-image-3511\" src=\"https:\/\/orkza.com\/wp-content\/uploads\/2024\/10\/STEAM-ACTIVATION-GUIDE-400x225.jpg\" alt=\"\" width=\"804\" height=\"453\" title=\"\" srcset=\"https:\/\/orkza.com\/wp-content\/uploads\/2024\/10\/STEAM-ACTIVATION-GUIDE-400x225.jpg 400w, https:\/\/orkza.com\/wp-content\/uploads\/2024\/10\/STEAM-ACTIVATION-GUIDE-430x242.jpg 430w, https:\/\/orkza.com\/wp-content\/uploads\/2024\/10\/STEAM-ACTIVATION-GUIDE-150x84.jpg 150w, https:\/\/orkza.com\/wp-content\/uploads\/2024\/10\/STEAM-ACTIVATION-GUIDE-700x394.jpg 700w, https:\/\/orkza.com\/wp-content\/uploads\/2024\/10\/STEAM-ACTIVATION-GUIDE-768x432.jpg 768w, https:\/\/orkza.com\/wp-content\/uploads\/2024\/10\/STEAM-ACTIVATION-GUIDE.jpg 1280w\" sizes=\"(max-width: 804px) 100vw, 804px\" \/><\/p>\n<p>Melde dich nach dem Kauf auf deinem PC mit dem bereitgestellten Steam-Konto an. Sobald du angemeldet bist, navigiere zu deiner Bibliothek, installiere das Spiel und klicke auf den Play-Button.  Nach ein paar Minuten beende das Spiel und schalte Steam in den Offline-Modus \u2013 und schon bist du bereit f\u00fcr stundenlangen, aufregenden Spielspa\u00df!<\/p>\n<p>F\u00fcr eine umfassende Einrichtung lies dir unseren <a href=\"https:\/\/orkza.com\/de\/steam-account-activation-guide\/\" target=\"_blank\" rel=\"noopener\">Steam-Konto-Aktivierungsleitfaden<\/a> durch.<\/p>\n<p>Entdecke unsere neuesten <a href=\"https:\/\/orkza.com\/de\/produkt-kategorie\/pc-spiele\/\" target=\"_blank\" rel=\"noopener\">PC-SPIELE<\/a><\/p>\n","protected":false},"excerpt":{"rendered":"<p data-start=\"4819\" data-end=\"4971\">Setzen Sie Aloys Epos in <em data-start=\"4886\" data-end=\"4910\">Horizon Forbidden West<\/em> fort. Eine lebendige Welt, erweiterte Inhalte und PC-Verbesserungen erwarten Sie. <\/p>\n<p><img decoding=\"async\" class=\"alignnone wp-image-3526\" src=\"https:\/\/orkza.com\/wp-content\/uploads\/2024\/10\/Steam-Account-Notice-min-300x300.png\" alt=\"\" width=\"41\" height=\"41\" srcset=\"https:\/\/orkza.com\/wp-content\/uploads\/2024\/10\/Steam-Account-Notice-min-300x300.png 300w, https:\/\/orkza.com\/wp-content\/uploads\/2024\/10\/Steam-Account-Notice-min-scaled-430x430.png 430w, https:\/\/orkza.com\/wp-content\/uploads\/2024\/10\/Steam-Account-Notice-min-150x150.png 150w, https:\/\/orkza.com\/wp-content\/uploads\/2024\/10\/Steam-Account-Notice-min-scaled-700x700.png 700w, https:\/\/orkza.com\/wp-content\/uploads\/2024\/10\/Steam-Account-Notice-min-800x800.png 800w, https:\/\/orkza.com\/wp-content\/uploads\/2024\/10\/Steam-Account-Notice-min-768x768.png 768w, https:\/\/orkza.com\/wp-content\/uploads\/2024\/10\/Steam-Account-Notice-min-1536x1536.png 1536w, https:\/\/orkza.com\/wp-content\/uploads\/2024\/10\/Steam-Account-Notice-min-2048x2048.png 2048w\" sizes=\"(max-width: 41px) 100vw, 41px\" \/><strong>Hinweis: Kontodaten k\u00f6nnen nicht ge\u00e4ndert werden. Dies ist ein Steam-Konto mit lebenslangem Zugriff, nur f\u00fcr Offline-Spiele. <\/strong><\/p>\n","protected":false},"featured_media":17218,"comment_status":"open","ping_status":"closed","template":"","meta":[],"product_brand":[],"product_cat":[216],"product_tag":[249],"class_list":{"0":"post-17601","1":"product","2":"type-product","3":"status-publish","4":"has-post-thumbnail","6":"product_cat-action","7":"product_tag-steam","9":"first","10":"instock","11":"sale","12":"virtual","13":"purchasable","14":"product-type-simple"},"_links":{"self":[{"href":"https:\/\/orkza.com\/de\/wp-json\/wp\/v2\/product\/17601","targetHints":{"allow":["GET"]}}],"collection":[{"href":"https:\/\/orkza.com\/de\/wp-json\/wp\/v2\/product"}],"about":[{"href":"https:\/\/orkza.com\/de\/wp-json\/wp\/v2\/types\/product"}],"replies":[{"embeddable":true,"href":"https:\/\/orkza.com\/de\/wp-json\/wp\/v2\/comments?post=17601"}],"version-history":[{"count":0,"href":"https:\/\/orkza.com\/de\/wp-json\/wp\/v2\/product\/17601\/revisions"}],"wp:featuredmedia":[{"embeddable":true,"href":"https:\/\/orkza.com\/de\/wp-json\/wp\/v2\/media\/17218"}],"wp:attachment":[{"href":"https:\/\/orkza.com\/de\/wp-json\/wp\/v2\/media?parent=17601"}],"wp:term":[{"taxonomy":"product_brand","embeddable":true,"href":"https:\/\/orkza.com\/de\/wp-json\/wp\/v2\/product_brand?post=17601"},{"taxonomy":"product_cat","embeddable":true,"href":"https:\/\/orkza.com\/de\/wp-json\/wp\/v2\/product_cat?post=17601"},{"taxonomy":"product_tag","embeddable":true,"href":"https:\/\/orkza.com\/de\/wp-json\/wp\/v2\/product_tag?post=17601"}],"curies":[{"name":"wp","href":"https:\/\/api.w.org\/{rel}","templated":true}]}}