{"id":17584,"date":"2025-03-02T14:53:50","date_gmt":"2025-03-02T14:53:50","guid":{"rendered":"https:\/\/orkza.com\/product\/avast-secureline-vpn-multi-device-digital-key\/"},"modified":"2026-02-26T06:03:26","modified_gmt":"2026-02-26T06:03:26","slug":"avast-secureline-vpn-multi-device-digital-key","status":"publish","type":"product","link":"https:\/\/orkza.com\/de\/produkt\/avast-secureline-vpn-multi-device-digital-key\/","title":{"rendered":"Avast SecureLine VPN Multi-Device Digital Key"},"content":{"rendered":"<h2 data-nodeid=\"1\">Avast SecureLine VPN: Sicheres &amp; schnelles Surfen f\u00fcr Ihre Online-Privatsph\u00e4re<\/h2>\n<p data-pm-slice=\"1 1 []\">Angesichts der Bedeutung von Online-Privatsph\u00e4re und -Sicherheit in unserem vollst\u00e4ndig digitalen Leben m\u00fcssen wir den entscheidenden Schritt weitergehen. <a href=\"https:\/\/www.avast.com\/secureline-vpn\" target=\"_blank\" rel=\"noopener\">Avast SecureLine VPN<\/a> ist ein leistungsstarkes virtuelles privates Netzwerk (VPN), das Ihre Internetverbindung verschl\u00fcsselt und Ihr Surfen privat h\u00e4lt, w\u00e4hrend Sie weltweit auf eingeschr\u00e4nkte Inhalte zugreifen k\u00f6nnen. Es bietet erstklassige Sicherheit mit ultraschnellen Servern, Verschl\u00fcsselung auf Bankniveau und einem Aktivit\u00e4tsprotokoll ohne Aufzeichnung \u2013 f\u00fcr ein sicheres, grenzenloses Interneterlebnis. <\/p>\n<p data-nodeid=\"1\"><img decoding=\"async\" class=\"alignnone wp-image-3128\" src=\"https:\/\/orkza.com\/wp-content\/uploads\/2024\/10\/Avast-Key-Features-400x147.jpg\" alt=\"Avast SecureLine VPN\" width=\"473\" height=\"174\" title=\"\" srcset=\"https:\/\/orkza.com\/wp-content\/uploads\/2024\/10\/Avast-Key-Features-400x147.jpg 400w, https:\/\/orkza.com\/wp-content\/uploads\/2024\/10\/Avast-Key-Features-430x158.jpg 430w, https:\/\/orkza.com\/wp-content\/uploads\/2024\/10\/Avast-Key-Features-150x55.jpg 150w, https:\/\/orkza.com\/wp-content\/uploads\/2024\/10\/Avast-Key-Features-700x257.jpg 700w, https:\/\/orkza.com\/wp-content\/uploads\/2024\/10\/Avast-Key-Features-768x282.jpg 768w, https:\/\/orkza.com\/wp-content\/uploads\/2024\/10\/Avast-Key-Features.jpg 1200w\" sizes=\"(max-width: 473px) 100vw, 473px\" \/><\/p>\n<h3>Verschl\u00fcsselung in Milit\u00e4rqualit\u00e4t f\u00fcr sicheres Surfen<\/h3>\n<p>Avast SecureLine VPN nutzt AES-256-Bit-Verschl\u00fcsselung \u2013 ein Sicherheitsniveau, das Banken und Beh\u00f6rden verwenden. So bleiben Ihre Daten, Passw\u00f6rter und Internetaktivit\u00e4ten vor Hackern, ISPs und Dritten gesch\u00fctzt \u2013 selbst in \u00f6ffentlichen WLAN-Netzwerken. <\/p>\n<h3>Verbergen Sie Ihre IP-Adresse und bleiben Sie anonym<\/h3>\n<p>Ihre IP-Adresse verr\u00e4t Ihren Standort und Ihre Online-Identit\u00e4t. Avast SecureLine VPN maskiert Ihre IP-Adresse, sodass Sie anonym surfen und verhindern k\u00f6nnen, dass Websites Ihr Online-Verhalten nachverfolgen. <\/p>\n<h3>Entsperren Sie Geo-Blockierte Inhalte von \u00fcberall<\/h3>\n<p>Viele Websites, Streaming-Dienste und andere Services haben standortbasierte Inhaltsbeschr\u00e4nkungen. Avast SecureLine VPN umgeht Geo-Blocks, sodass Sie von \u00fcberall und jederzeit auf gesperrte Websites zugreifen, Streaming-Dienste nutzen und soziale Medien verwenden k\u00f6nnen. <\/p>\n<h3>VPN-Server mit hoher Geschwindigkeit<\/h3>\n<p>Es bietet Highspeed-Server in \u00fcber 30 L\u00e4ndern \u2013 im Gegensatz zu kostenlosen VPNs, die Ihre Internetgeschwindigkeit ausbremsen. Das erm\u00f6glicht nahtloses Streaming, Gaming ohne Lag und schnelles Surfen ohne Ruckeln. <\/p>\n<h3>Sichere \u00f6ffentliche WLAN-Verbindungen<\/h3>\n<p>\u00d6ffentliche WLAN-Netzwerke in Caf\u00e9s, Flugh\u00e4fen und Hotels sind meist weder sicher noch gesch\u00fctzt und k\u00f6nnen von Hackern angegriffen werden. Um Ihre sensiblen Daten, Login-Daten und Bankinformationen vor Cyberbedrohungen zu sch\u00fctzen, sichert Avast SecureLine VPN Ihre Verbindung. <\/p>\n<h3>Eine No-Logs-Richtlinie f\u00fcr echte Privatsph\u00e4re<\/h3>\n<p>Im Gegensatz zu einigen VPN-Angeboten ist Avast SecureLine VPN ein Zero-Logs-VPN \u2013 das hei\u00dft, es \u00fcberwacht Ihre Online-Aktivit\u00e4ten nicht und speichert keine Aufzeichnungen. So bleiben Ihre Suchen vollst\u00e4ndig privat.<\/p>\n<h3>VPN-Aktivierung mit einem Klick<\/h3>\n<p>Die Nutzung ist einfach \u2013 mit Aktivierung per Klick. Verbinden Sie sich sofort mit einem Sicherheitsserver und sch\u00fctzen Sie Ihre Daten, egal ob Sie Windows, Mac, Android oder iOS verwenden. <\/p>\n<p data-nodeid=\"7\"><a href=\"https:\/\/www.avast.com\/secureline-vpn\" target=\"_blank\" rel=\"noopener\">Avast-Download-Link<\/a><\/p>\n<p data-nodeid=\"7\"><a href=\"https:\/\/orkza.com\/de\/avast-activation-guide\/\" target=\"_blank\" rel=\"noopener\">Avast Aktivierungsanleitung<\/a><\/p>\n","protected":false},"excerpt":{"rendered":"<p>Avast SecureLine VPN verschl\u00fcsselt Ihre Verbindung, verbirgt Ihre IP und entsperrt geografisch eingeschr\u00e4nkte Inhalte. Bleiben Sie privat und sicher und surfen Sie online frei! <\/p>\n","protected":false},"featured_media":17585,"comment_status":"open","ping_status":"closed","template":"","meta":[],"product_brand":[],"product_cat":[234,232],"product_tag":[250],"class_list":{"0":"post-17584","1":"product","2":"type-product","3":"status-publish","4":"has-post-thumbnail","6":"product_cat-antivirus-sicherheit","7":"product_cat-vpn","8":"product_tag-avast","10":"first","11":"instock","12":"shipping-taxable","13":"purchasable","14":"product-type-variable"},"_links":{"self":[{"href":"https:\/\/orkza.com\/de\/wp-json\/wp\/v2\/product\/17584","targetHints":{"allow":["GET"]}}],"collection":[{"href":"https:\/\/orkza.com\/de\/wp-json\/wp\/v2\/product"}],"about":[{"href":"https:\/\/orkza.com\/de\/wp-json\/wp\/v2\/types\/product"}],"replies":[{"embeddable":true,"href":"https:\/\/orkza.com\/de\/wp-json\/wp\/v2\/comments?post=17584"}],"version-history":[{"count":0,"href":"https:\/\/orkza.com\/de\/wp-json\/wp\/v2\/product\/17584\/revisions"}],"wp:featuredmedia":[{"embeddable":true,"href":"https:\/\/orkza.com\/de\/wp-json\/wp\/v2\/media\/17585"}],"wp:attachment":[{"href":"https:\/\/orkza.com\/de\/wp-json\/wp\/v2\/media?parent=17584"}],"wp:term":[{"taxonomy":"product_brand","embeddable":true,"href":"https:\/\/orkza.com\/de\/wp-json\/wp\/v2\/product_brand?post=17584"},{"taxonomy":"product_cat","embeddable":true,"href":"https:\/\/orkza.com\/de\/wp-json\/wp\/v2\/product_cat?post=17584"},{"taxonomy":"product_tag","embeddable":true,"href":"https:\/\/orkza.com\/de\/wp-json\/wp\/v2\/product_tag?post=17584"}],"curies":[{"name":"wp","href":"https:\/\/api.w.org\/{rel}","templated":true}]}}