{"id":17565,"date":"2024-10-13T15:52:22","date_gmt":"2024-10-13T15:52:22","guid":{"rendered":"https:\/\/orkza.com\/product\/avast-internet-security-multi-device-digital-key\/"},"modified":"2026-02-26T06:03:13","modified_gmt":"2026-02-26T06:03:13","slug":"avast-internet-security-multi-device-digital-key","status":"publish","type":"product","link":"https:\/\/orkza.com\/de\/produkt\/avast-internet-security-multi-device-digital-key\/","title":{"rendered":"Avast Internet Security Multi-Device Digital Key"},"content":{"rendered":"<h2 data-nodeid=\"1\">Avast Internet Security \u2013 Vollst\u00e4ndiger Schutz f\u00fcr Ihr digitales Leben<\/h2>\n<p data-nodeid=\"1\">Die <a href=\"https:\/\/www.avast.com\/free-antivirus-download#pc\" target=\"_blank\" rel=\"noopener\">Avast Internet Security<\/a>-Suite ist eine All-in-One-L\u00f6sung zum Schutz Ihres PCs, Ihres Heimnetzwerks sowie aller anderen Ger\u00e4te im Haushalt vor Online-Bedrohungen wie Viren. Avast ist funktionsreich und bietet viele n\u00fctzliche Tools, verlangsamt das System jedoch \u00fcberhaupt nicht \u2013 ideal f\u00fcr die private oder gesch\u00e4ftliche Nutzung. <\/p>\n<p data-nodeid=\"1\"><img decoding=\"async\" class=\"alignnone wp-image-3128\" src=\"https:\/\/orkza.com\/wp-content\/uploads\/2024\/10\/Avast-Key-Features-400x147.jpg\" alt=\"Avast Internet Security\" width=\"473\" height=\"174\" title=\"\" srcset=\"https:\/\/orkza.com\/wp-content\/uploads\/2024\/10\/Avast-Key-Features-400x147.jpg 400w, https:\/\/orkza.com\/wp-content\/uploads\/2024\/10\/Avast-Key-Features-430x158.jpg 430w, https:\/\/orkza.com\/wp-content\/uploads\/2024\/10\/Avast-Key-Features-150x55.jpg 150w, https:\/\/orkza.com\/wp-content\/uploads\/2024\/10\/Avast-Key-Features-700x257.jpg 700w, https:\/\/orkza.com\/wp-content\/uploads\/2024\/10\/Avast-Key-Features-768x282.jpg 768w, https:\/\/orkza.com\/wp-content\/uploads\/2024\/10\/Avast-Key-Features.jpg 1200w\" sizes=\"(max-width: 473px) 100vw, 473px\" \/><\/p>\n<h3 data-nodeid=\"2\">Umfassender Schutz vor Viren und Malware<\/h3>\n<p data-nodeid=\"2\">Echtzeitschutz vor bekannter und unbekannter Malware \u2013 \u00fcberall, auf jedem Ger\u00e4t. Die Avast Internet Security-Engine erkennt und verhindert Malware besonders zuverl\u00e4ssig. Vom Surfen im Web bis zum Herunterladen von Dateien, von Online-Transaktionen und dem Empfangen von E-Mails bis hin zu Echtzeit-Sicherheitsdiensten, die Sie vor neu auftretenden Viren sch\u00fctzen.  <\/p>\n<h3 data-nodeid=\"3\">Erweiterte Sicherheit mit Firewall<\/h3>\n<p data-nodeid=\"3\">Top-Funktionen: Eine starke, leistungsstarke Firewall dient als Barriere zwischen Ihrem Computer und unbefugtem Zugriff. Sie \u00fcberwacht Ihren Netzwerkverkehr eingehend und ausgehend, um so gut wie m\u00f6glich sicherzustellen, dass Hacker oder Malware weder auf pers\u00f6nliche Informationen noch auf Systemdateien zugreifen k\u00f6nnen. <\/p>\n<h3 data-nodeid=\"4\">Ransomware-Schutz<\/h3>\n<p data-nodeid=\"4\">Da Ransomware immer h\u00e4ufiger wird, bietet Avast Internet Security jetzt einen speziellen Ransomware-Schutz, der Ihre pers\u00f6nlichsten Dateien und Fotos sch\u00fctzt. So bleiben Ihre wichtigen Daten kontinuierlich vor unerw\u00fcnschten \u00c4nderungen durch Verschl\u00fcsselung oder andere nicht autorisierte Software gesch\u00fctzt \u2013 und Sie k\u00f6nnen bei Angriffen ruhig bleiben. <\/p>\n<h3 data-nodeid=\"5\">Online-Shopping und Banking<\/h3>\n<p data-nodeid=\"5\">Enth\u00e4lt die SafeZone-Funktion mit einem Online-Banking-Modus, der Ihre Finanztransaktionen sch\u00fctzt. Ob Sie online einkaufen oder auf Ihr Konto zugreifen: Avast erstellt eine verschl\u00fcsselte Umgebung, die Ihre privaten Informationen vor Hackern und Keyloggern sch\u00fctzt. <\/p>\n<h3 data-nodeid=\"6\">E-Mail- und Phishing-Schutz<\/h3>\n<p data-nodeid=\"6\">Ihre ein- und ausgehenden E-Mails werden von Avast Internet Security dank integriertem E-Mail-Schutz auf potenzielle Bedrohungen gepr\u00fcft. Das hilft, Phishing, Spam und virusinfizierte Anh\u00e4nge zu blockieren. <\/p>\n<h3 class=\"toastui-editor-md-preview-highlight\" data-nodeid=\"7\">Automatische Software-Updates<\/h3>\n<p class=\"toastui-editor-md-preview-highlight\" data-nodeid=\"7\">Es ist \u00e4u\u00dferst wichtig, Ihre Softwareumgebung aktuell zu halten, damit sie zur ersten Verteidigungslinie wird. Eine Funktion von Avast Internet Security ist der automatische Software-Updater, der sicherstellt, dass Ihre Apps mit den neuesten Patches und Fixes auf dem aktuellen Stand sind \u2013 und so potenzielle Schwachstellen reduziert. <\/p>\n<p data-nodeid=\"7\">Download-Link: <a href=\"https:\/\/www.avast.com\/free-antivirus-download#pc\" target=\"_blank\" rel=\"noopener\">Hier klicken<\/a><\/p>\n<p data-nodeid=\"7\"><a href=\"https:\/\/orkza.com\/de\/avast-activation-guide\/\" target=\"_blank\" rel=\"noopener\">Avast Aktivierungsanleitung<\/a><\/p>\n","protected":false},"excerpt":{"rendered":"<p>Avast Internet Security sch\u00fctzt Ihren PC mit erweiterten Funktionen f\u00fcr sicheres Surfen und Privatsph\u00e4re vor Viren, Malware und Online-Bedrohungen.<\/p>\n","protected":false},"featured_media":17567,"comment_status":"open","ping_status":"closed","template":"","meta":[],"product_brand":[],"product_cat":[234],"product_tag":[250],"class_list":{"0":"post-17565","1":"product","2":"type-product","3":"status-publish","4":"has-post-thumbnail","6":"product_cat-antivirus-sicherheit","7":"product_tag-avast","9":"first","10":"instock","11":"shipping-taxable","12":"purchasable","13":"product-type-variable"},"_links":{"self":[{"href":"https:\/\/orkza.com\/de\/wp-json\/wp\/v2\/product\/17565","targetHints":{"allow":["GET"]}}],"collection":[{"href":"https:\/\/orkza.com\/de\/wp-json\/wp\/v2\/product"}],"about":[{"href":"https:\/\/orkza.com\/de\/wp-json\/wp\/v2\/types\/product"}],"replies":[{"embeddable":true,"href":"https:\/\/orkza.com\/de\/wp-json\/wp\/v2\/comments?post=17565"}],"version-history":[{"count":0,"href":"https:\/\/orkza.com\/de\/wp-json\/wp\/v2\/product\/17565\/revisions"}],"wp:featuredmedia":[{"embeddable":true,"href":"https:\/\/orkza.com\/de\/wp-json\/wp\/v2\/media\/17567"}],"wp:attachment":[{"href":"https:\/\/orkza.com\/de\/wp-json\/wp\/v2\/media?parent=17565"}],"wp:term":[{"taxonomy":"product_brand","embeddable":true,"href":"https:\/\/orkza.com\/de\/wp-json\/wp\/v2\/product_brand?post=17565"},{"taxonomy":"product_cat","embeddable":true,"href":"https:\/\/orkza.com\/de\/wp-json\/wp\/v2\/product_cat?post=17565"},{"taxonomy":"product_tag","embeddable":true,"href":"https:\/\/orkza.com\/de\/wp-json\/wp\/v2\/product_tag?post=17565"}],"curies":[{"name":"wp","href":"https:\/\/api.w.org\/{rel}","templated":true}]}}