{"id":17555,"date":"2024-08-26T12:01:25","date_gmt":"2024-08-26T12:01:25","guid":{"rendered":"https:\/\/orkza.com\/product\/kaspersky-total-security-1-device-1-year-key\/"},"modified":"2026-02-26T06:03:12","modified_gmt":"2026-02-26T06:03:12","slug":"kaspersky-total-security-1-device-1-year-key","status":"publish","type":"product","link":"https:\/\/orkza.com\/de\/produkt\/kaspersky-total-security-1-device-1-year-key\/","title":{"rendered":"Kaspersky Total Security 1 Ger\u00e4t 1 Jahr Lizenzschl\u00fcssel"},"content":{"rendered":"<h2>Kaspersky Total Security: Ultimativer Schutz f\u00fcr all Ihre Ger\u00e4te<\/h2>\n<p>deckt alle Aspekte Ihres digitalen Lebens mit einer voll ausgestatteten Sicherheits-Suite ab. Es sch\u00fctzt Ihre Ger\u00e4te vor einer Vielzahl von Bedrohungen wie Viren, Malware, Phishing-Angriffen und Ransomware. Als komplettes Sicherheitspaket, das Passwortverwaltung, Kindersicherung und Dateiverschl\u00fcsselung umfasst, stellt Kaspersky Total Security sicher, dass Ihre Daten und Ihre Privatsph\u00e4re vollst\u00e4ndig gesch\u00fctzt sind.  <\/p>\n<h3><img decoding=\"async\" class=\"alignnone wp-image-3164\" src=\"https:\/\/orkza.com\/wp-content\/uploads\/2024\/08\/kaspersky-total-security-400x293.png\" alt=\"Kaspersky Total Security Dashboard\" width=\"803\" height=\"588\" title=\"\" srcset=\"https:\/\/orkza.com\/wp-content\/uploads\/2024\/08\/kaspersky-total-security-400x293.png 400w, https:\/\/orkza.com\/wp-content\/uploads\/2024\/08\/kaspersky-total-security-430x315.png 430w, https:\/\/orkza.com\/wp-content\/uploads\/2024\/08\/kaspersky-total-security-150x110.png 150w, https:\/\/orkza.com\/wp-content\/uploads\/2024\/08\/kaspersky-total-security-700x513.png 700w, https:\/\/orkza.com\/wp-content\/uploads\/2024\/08\/kaspersky-total-security-768x563.png 768w, https:\/\/orkza.com\/wp-content\/uploads\/2024\/08\/kaspersky-total-security.png 772w\" sizes=\"(max-width: 803px) 100vw, 803px\" \/><br \/>\nBester verf\u00fcgbarer Antiviren- und Malware-Schutz<\/h3>\n<p><a href=\"https:\/\/www.kaspersky.com\/\" target=\"_blank\" rel=\"noopener\">Kaspersky<\/a> Total Security beinhaltet einen preisgekr\u00f6nten Antivirenschutz, der Ihre Ger\u00e4te vor Viren, Spyware und Malware sch\u00fctzt. Es diagnostiziert und blockiert Bedrohungen in Echtzeit, sodass Sie sicher sein k\u00f6nnen, wenn Sie Ihren Computer, Mac oder Ihr Mobilger\u00e4t mit jedem Browser \u00fcber das Internet nutzen. <\/p>\n<h3>Ger\u00e4te\u00fcbergreifender Schutz<\/h3>\n<p>Egal, ob Sie einen PC, Mac, Android- oder iOS-Ger\u00e4t verwenden, Kaspersky Total Security bietet umfassenden Schutz f\u00fcr all Ihre Ger\u00e4te. Mit einer einzigen Lizenz k\u00f6nnen Sie Ihr gesamtes digitales \u00d6kosystem absichern und gew\u00e4hrleisten, dass alle Ihre Ger\u00e4te vor den neuesten Cyberbedrohungen gesch\u00fctzt sind. <\/p>\n<h3>Ransomware- und Phishing-Schutz<\/h3>\n<p>Kaspersky Total Security sch\u00fctzt Sie mit erstklassigem Anti-Ransomware-Schutz vor Versuchen, einen erheblichen Teil Ihrer pers\u00f6nlichen Dateien zu verschl\u00fcsseln. Es blockiert Phishing-Versuche von gef\u00e4lschten Websites und verd\u00e4chtigen E-Mails, wodurch verhindert wird, dass sensible Informationen (Passw\u00f6rter oder Finanzdaten) von Cyberkriminellen gestohlen werden. <\/p>\n<h3>Sicherheit beim Online-Banking und -Shopping<\/h3>\n<p>Die Safe Money-Technologie von Kaspersky macht Ihr Online-Shopping &amp; Banking sicher und gesch\u00fctzt. Immer wenn Sie Zahlungsinformationen hinzuf\u00fcgen oder Ihr Bankkonto verwenden, wird durch diese Funktion eine verschl\u00fcsselte Umgebung geschaffen, die Cyberkriminelle von Ihren Finanzdaten fernh\u00e4lt. <\/p>\n<h3>Einziger Passwort-Manager f\u00fcr sofortigen Zugriff<\/h3>\n<p>Ein Passwort-Manager in Kaspersky Total Security speichert Ihre Passw\u00f6rter und gibt sie bei Bedarf automatisch ein. Er generiert und speichert sichere, einzigartige Passw\u00f6rter f\u00fcr all Ihre Konten und meldet Sie auf jedem Ger\u00e4t sicher an. <\/p>\n<h3>Kindersicherung f\u00fcr Familiensicherheit<\/h3>\n<p>Sch\u00fctzen Sie Ihre Familie mit der Kindersicherung von Kaspersky vor Online-Risiken. Damit k\u00f6nnen Sie \u00fcberwachen, was Ihr Kind online tut, und die Bildschirmzeit begrenzen. Es verf\u00fcgt auch \u00fcber ein integriertes System zur Blockierung unangemessener Inhalte, das ein sichereres digitales Erlebnis f\u00fcr Ihre Kinder gew\u00e4hrleistet.  <\/p>\n<h3>Dateisicherung + Verschl\u00fcsselung<\/h3>\n<p>Kaspersky Total Security bietet Verschl\u00fcsselung und Sicherung von Dateien, um die Sicherheit pers\u00f6nlicher Informationen zu gew\u00e4hrleisten. Es erm\u00f6glicht Benutzern auch, sensible Dateien zu verschl\u00fcsseln und wichtige Daten zu sichern, falls ein Ger\u00e4t verloren geht oder ein System ausf\u00e4llt, haben Sie eine zus\u00e4tzliche Sicherheitsebene f\u00fcr Ihre wertvollsten Informationen. <\/p>\n<p><a href=\"https:\/\/www.kaspersky.com\/downloads\/total-security\" target=\"_blank\" rel=\"noopener\">Kaspersky Download-Link<\/a><\/p>\n<p>Sehen Sie sich unsere anderen <a href=\"https:\/\/orkza.com\/de\/produkt-kategorie\/software\/antivirus-sicherheit\/\" target=\"_blank\" rel=\"noopener\">Antivirenprogramme<\/a> an<\/p>\n","protected":false},"excerpt":{"rendered":"<p><strong>Kaspersky Total Security<\/strong> ist eine umfassende Cybersicherheitsl\u00f6sung, die entwickelt wurde, um Ihr digitales Leben auf mehreren Ger\u00e4ten zu sch\u00fctzen, einschlie\u00dflich Windows, macOS, Android und iOS. Es bietet erweiterten Schutz vor einer Vielzahl von Bedrohungen, darunter Viren, Malware, Ransomware, Phishing-Angriffe und mehr. <\/p>\n","protected":false},"featured_media":17564,"comment_status":"open","ping_status":"closed","template":"","meta":[],"product_brand":[],"product_cat":[234],"product_tag":[247],"class_list":{"0":"post-17555","1":"product","2":"type-product","3":"status-publish","4":"has-post-thumbnail","6":"product_cat-antivirus-sicherheit","7":"product_tag-kaspersky","9":"first","10":"instock","11":"sale","12":"virtual","13":"purchasable","14":"product-type-simple"},"_links":{"self":[{"href":"https:\/\/orkza.com\/de\/wp-json\/wp\/v2\/product\/17555","targetHints":{"allow":["GET"]}}],"collection":[{"href":"https:\/\/orkza.com\/de\/wp-json\/wp\/v2\/product"}],"about":[{"href":"https:\/\/orkza.com\/de\/wp-json\/wp\/v2\/types\/product"}],"replies":[{"embeddable":true,"href":"https:\/\/orkza.com\/de\/wp-json\/wp\/v2\/comments?post=17555"}],"version-history":[{"count":0,"href":"https:\/\/orkza.com\/de\/wp-json\/wp\/v2\/product\/17555\/revisions"}],"wp:featuredmedia":[{"embeddable":true,"href":"https:\/\/orkza.com\/de\/wp-json\/wp\/v2\/media\/17564"}],"wp:attachment":[{"href":"https:\/\/orkza.com\/de\/wp-json\/wp\/v2\/media?parent=17555"}],"wp:term":[{"taxonomy":"product_brand","embeddable":true,"href":"https:\/\/orkza.com\/de\/wp-json\/wp\/v2\/product_brand?post=17555"},{"taxonomy":"product_cat","embeddable":true,"href":"https:\/\/orkza.com\/de\/wp-json\/wp\/v2\/product_cat?post=17555"},{"taxonomy":"product_tag","embeddable":true,"href":"https:\/\/orkza.com\/de\/wp-json\/wp\/v2\/product_tag?post=17555"}],"curies":[{"name":"wp","href":"https:\/\/api.w.org\/{rel}","templated":true}]}}