{"id":17553,"date":"2024-11-02T06:14:25","date_gmt":"2024-11-02T06:14:25","guid":{"rendered":"https:\/\/orkza.com\/product\/adobe-acrobat-pro-dc-2019-1-pc-lifetime-key\/"},"modified":"2026-02-26T06:02:52","modified_gmt":"2026-02-26T06:02:52","slug":"adobe-acrobat-pro-dc-2019-1-pc-lifetime-key","status":"publish","type":"product","link":"https:\/\/orkza.com\/de\/produkt\/adobe-acrobat-pro-dc-2019-1-pc-lifetime-key\/","title":{"rendered":"Adobe Acrobat Pro DC 2019 &#8211; 1 PC Lebenslange Lizenz"},"content":{"rendered":"<h2>Adobe Acrobat Pro DC 2019: Die beste PDF-L\u00f6sung f\u00fcr Profis<\/h2>\n<p><a href=\"https:\/\/www.adobe.com\/mena_en\/acrobat.html\" target=\"_blank\" rel=\"noopener\">Adobe Acrobat<\/a> Pro DC 2019 ist das branchen\u00fcbliche Tool zum Erstellen, Bearbeiten und Verwalten von PDF-Dokumenten, auf das sich Fachleute weltweit verlassen. Es ist funktionsreich und bietet Benutzern eine All-in-One-PDF-L\u00f6sung, die f\u00fcr Gesch\u00e4ftsleute, P\u00e4dagogen und alle Personen geeignet ist, die Dokumenten-Workflows optimieren m\u00f6chten. Adobe Acrobat Pro DC 2019 verf\u00fcgt \u00fcber eine n\u00fctzliche Cloud-Funktion. Mit seiner benutzerorientierten Oberfl\u00e4che k\u00f6nnen Sie von \u00fcberall im B\u00fcro oder unterwegs einfach auf Ihre Dokumente zugreifen.   <\/p>\n<p><img decoding=\"async\" class=\"alignnone wp-image-3832\" src=\"https:\/\/orkza.com\/wp-content\/uploads\/2024\/11\/Adobe-Acrobat-Pro-DC-2019-Tools-400x267.jpg\" alt=\"Adobe Acrobat Pro DC 2019 Tools\" width=\"810\" height=\"541\" title=\"\" srcset=\"https:\/\/orkza.com\/wp-content\/uploads\/2024\/11\/Adobe-Acrobat-Pro-DC-2019-Tools-400x267.jpg 400w, https:\/\/orkza.com\/wp-content\/uploads\/2024\/11\/Adobe-Acrobat-Pro-DC-2019-Tools-430x287.jpg 430w, https:\/\/orkza.com\/wp-content\/uploads\/2024\/11\/Adobe-Acrobat-Pro-DC-2019-Tools-150x100.jpg 150w, https:\/\/orkza.com\/wp-content\/uploads\/2024\/11\/Adobe-Acrobat-Pro-DC-2019-Tools-700x467.jpg 700w, https:\/\/orkza.com\/wp-content\/uploads\/2024\/11\/Adobe-Acrobat-Pro-DC-2019-Tools-1200x800.jpg 1200w, https:\/\/orkza.com\/wp-content\/uploads\/2024\/11\/Adobe-Acrobat-Pro-DC-2019-Tools-768x512.jpg 768w, https:\/\/orkza.com\/wp-content\/uploads\/2024\/11\/Adobe-Acrobat-Pro-DC-2019-Tools.jpg 1413w\" sizes=\"(max-width: 810px) 100vw, 810px\" \/><\/p>\n<h3>PDF-Dateien einfach erstellen, bearbeiten und konvertieren<\/h3>\n<p>Adobe Acrobat Pro DC 2019 bietet viele Tools zum Erstellen und Bearbeiten von PDF-Dokumenten. Es kann viele Dateiformate \u2013 von Word-, Excel- und PowerPoint-Dateien bis hin zu Bildern \u2013 in hochwertige PDFs umwandeln, die Schriftarten, Fotos und Layouts beibehalten. Sie k\u00f6nnen PDF-Text und -Bilder einfach bearbeiten, Seiten neu anordnen und neues Material einf\u00fcgen. Die OCR-Funktion hilft Ihnen, gescannte Dokumente zu konvertieren und zug\u00e4ngliche und durchsuchbare PDFs zu erstellen, wodurch alle Ihre Dokumente bearbeitbar und nutzbar bleiben.   <\/p>\n<h3>Dokumente sicher signieren und sch\u00fctzen<\/h3>\n<p>Adobe Acrobat Pro DC 2019 bietet eine einfache M\u00f6glichkeit, Ihre Dokumente zu sch\u00fctzen. Sch\u00fctzen Sie Ihre Dateien, indem Sie Passw\u00f6rter hinzuf\u00fcgen, Berechtigungen festlegen und sensible Informationen schw\u00e4rzen. Sie k\u00f6nnen Adobe Acrobat Pro DC auch zum Erstellen und Verwalten elektronischer Signaturen verwenden; dies erleichtert Dokumentengenehmigungen, ohne Papierkopien hin und her senden zu m\u00fcssen. Diese Sicherheits- und E-Signatur-Funktionen machen diese Acrobat Pro DC 2019-Version perfekt f\u00fcr Unternehmen und Fachleute mit Anforderungen an die konforme Dokumentenverwaltung.   <\/p>\n<h3>Adobe Acrobat Pro DC 2019 Aktivierungsanleitung<\/h3>\n<p><img decoding=\"async\" class=\"alignnone wp-image-3792\" src=\"https:\/\/orkza.com\/wp-content\/uploads\/2024\/11\/Adobe-Acrobat-pro-dc-2019-ACTIVAITON-GUIDE-400x208.png\" alt=\"\" width=\"808\" height=\"420\" title=\"\" srcset=\"https:\/\/orkza.com\/wp-content\/uploads\/2024\/11\/Adobe-Acrobat-pro-dc-2019-ACTIVAITON-GUIDE-400x208.png 400w, https:\/\/orkza.com\/wp-content\/uploads\/2024\/11\/Adobe-Acrobat-pro-dc-2019-ACTIVAITON-GUIDE-430x224.png 430w, https:\/\/orkza.com\/wp-content\/uploads\/2024\/11\/Adobe-Acrobat-pro-dc-2019-ACTIVAITON-GUIDE-150x78.png 150w, https:\/\/orkza.com\/wp-content\/uploads\/2024\/11\/Adobe-Acrobat-pro-dc-2019-ACTIVAITON-GUIDE-700x364.png 700w, https:\/\/orkza.com\/wp-content\/uploads\/2024\/11\/Adobe-Acrobat-pro-dc-2019-ACTIVAITON-GUIDE-768x400.png 768w, https:\/\/orkza.com\/wp-content\/uploads\/2024\/11\/Adobe-Acrobat-pro-dc-2019-ACTIVAITON-GUIDE.png 982w\" sizes=\"(max-width: 808px) 100vw, 808px\" \/><\/p>\n<p>Die Aktivierung von Adobe Acrobat Pro DC 2019 ist ein unkomplizierter Prozess, der alle Premium-Funktionen freischaltet und Ihnen vollen Zugriff auf seine leistungsstarken PDF-Tools erm\u00f6glicht. Nach dem Kauf der Software m\u00fcssen Sie diese aktivieren, um ein echtes und sicheres Erlebnis zu gew\u00e4hrleisten. <\/p>\n<p>Um es zu aktivieren, folgen Sie einfach den Schritten in diesem Artikel <a href=\"https:\/\/orkza.com\/de\/adobe-acrobat-pro-dc-2019-activation-guide\/\" target=\"_blank\" rel=\"noopener\">Adobe Aktivierungsanleitung<\/a><\/p>\n<h3>Minimale Systemanforderungen<\/h3>\n<p>Betriebssystem: Windows 7, 8, 10 (64-Bit) oder macOS X v10.12 oder h\u00f6her<br \/>\nProzessor: 1,5 GHz oder schneller<br \/>\nRAM f\u00fcr Windows ist 1 GB, RAM f\u00fcr macOS ist 2 GB<br \/>\nSpeicher: 4,5 GB freier Speicherplatz<br \/>\nBildschirm: 1024&#215;768 Display <\/p>\n<h3>Mindestempfohlene Spezifikationen<\/h3>\n<p>Betriebssystem: Windows 10 (64 Bit) oder macOS X v10.13 oder h\u00f6her<br \/>\nProzessor: 2 GHz oder schneller<br \/>\nArbeitsspeicher: 2 GB RAM oder h\u00f6her<br \/>\nSpeicher: 4,5 GB freier Speicherplatz<br \/>\nGrafik: 1280&#215;800 Displayaufl\u00f6sung<\/p>\n<p>Schauen Sie sich unsere neueste <a href=\"https:\/\/orkza.com\/de\/produkt-kategorie\/software\/\" target=\"_blank\" rel=\"noopener\">Software<\/a> an<\/p>\n","protected":false},"excerpt":{"rendered":"<p>Verwalten Sie PDFs m\u00fchelos mit Adobe Acrobat Pro DC 2019. Erstellen, bearbeiten, sichern und teilen Sie Dokumente mit leistungsstarken, professionellen Tools. <\/p>\n","protected":false},"featured_media":17554,"comment_status":"open","ping_status":"closed","template":"","meta":[],"product_brand":[],"product_cat":[236],"product_tag":[242],"class_list":{"0":"post-17553","1":"product","2":"type-product","3":"status-publish","4":"has-post-thumbnail","6":"product_cat-buro-business","7":"product_tag-adobe","9":"first","10":"instock","11":"sale","12":"virtual","13":"purchasable","14":"product-type-simple"},"_links":{"self":[{"href":"https:\/\/orkza.com\/de\/wp-json\/wp\/v2\/product\/17553","targetHints":{"allow":["GET"]}}],"collection":[{"href":"https:\/\/orkza.com\/de\/wp-json\/wp\/v2\/product"}],"about":[{"href":"https:\/\/orkza.com\/de\/wp-json\/wp\/v2\/types\/product"}],"replies":[{"embeddable":true,"href":"https:\/\/orkza.com\/de\/wp-json\/wp\/v2\/comments?post=17553"}],"version-history":[{"count":0,"href":"https:\/\/orkza.com\/de\/wp-json\/wp\/v2\/product\/17553\/revisions"}],"wp:featuredmedia":[{"embeddable":true,"href":"https:\/\/orkza.com\/de\/wp-json\/wp\/v2\/media\/17554"}],"wp:attachment":[{"href":"https:\/\/orkza.com\/de\/wp-json\/wp\/v2\/media?parent=17553"}],"wp:term":[{"taxonomy":"product_brand","embeddable":true,"href":"https:\/\/orkza.com\/de\/wp-json\/wp\/v2\/product_brand?post=17553"},{"taxonomy":"product_cat","embeddable":true,"href":"https:\/\/orkza.com\/de\/wp-json\/wp\/v2\/product_cat?post=17553"},{"taxonomy":"product_tag","embeddable":true,"href":"https:\/\/orkza.com\/de\/wp-json\/wp\/v2\/product_tag?post=17553"}],"curies":[{"name":"wp","href":"https:\/\/api.w.org\/{rel}","templated":true}]}}