{"id":17551,"date":"2024-11-03T00:31:29","date_gmt":"2024-11-03T00:31:29","guid":{"rendered":"https:\/\/orkza.com\/product\/eset-smart-security-1-device-1-year-key\/"},"modified":"2026-02-26T06:02:42","modified_gmt":"2026-02-26T06:02:42","slug":"eset-smart-security-1-device-1-year-key","status":"publish","type":"product","link":"https:\/\/orkza.com\/de\/produkt\/eset-smart-security-1-device-1-year-key\/","title":{"rendered":"Eset Smart Security 1 Ger\u00e4t 1 Jahr Key"},"content":{"rendered":"<h2>ESET Smart Security \u2013 Rundum-Schutz f\u00fcr Ihr digitales Leben<\/h2>\n<p>ESET Smart Security ist eine Rundum-Schutzl\u00f6sung mit erweitertem intelligenten Schutz vor Malware, Phishing, Ransomware und anderen Online-Bedrohungen. <a href=\"https:\/\/www.eset.com\/me\/home\/antivirus\/\" target=\"_blank\" rel=\"noopener\">ESET<\/a> Smart Security wird f\u00fcr dauerhaften Echtzeit-Ger\u00e4teschutz empfohlen. Es kombiniert eine preisgekr\u00f6nte ESET-Antivirus-Engine mit zus\u00e4tzlichen Funktionen wie Netzwerkschutz, Anti-Diebstahl, Kindersicherung und weiteren. Diese umfassende Suite von Sicherheitstools erm\u00f6glicht es Ihnen, Ihre Informationen, Privatsph\u00e4re und Surfgewohnheiten nahtlos sicher zu halten.   <\/p>\n<p><img decoding=\"async\" class=\"alignnone wp-image-3835\" src=\"https:\/\/orkza.com\/wp-content\/uploads\/2024\/11\/Eset-KEY-FEATURES-400x179.jpg\" alt=\"ESET Smart Security HAUPTFUNKTIONEN\" width=\"820\" height=\"367\" title=\"\" srcset=\"https:\/\/orkza.com\/wp-content\/uploads\/2024\/11\/Eset-KEY-FEATURES-400x179.jpg 400w, https:\/\/orkza.com\/wp-content\/uploads\/2024\/11\/Eset-KEY-FEATURES-430x192.jpg 430w, https:\/\/orkza.com\/wp-content\/uploads\/2024\/11\/Eset-KEY-FEATURES-150x67.jpg 150w, https:\/\/orkza.com\/wp-content\/uploads\/2024\/11\/Eset-KEY-FEATURES-700x313.jpg 700w, https:\/\/orkza.com\/wp-content\/uploads\/2024\/11\/Eset-KEY-FEATURES-768x343.jpg 768w, https:\/\/orkza.com\/wp-content\/uploads\/2024\/11\/Eset-KEY-FEATURES.jpg 1200w\" sizes=\"(max-width: 820px) 100vw, 820px\" \/><\/p>\n<h3>Mehrschichtige Sicherheit f\u00fcr umfassenden Schutz<\/h3>\n<p>ESET Smart Security bietet robusten, mehrschichtigen Schutz durch die Kombination von Antivirus-, Antispyware- und Firewall-Funktionen zum Schutz vor den meisten Internetbedrohungen. Egal ob Sie surfen, einkaufen oder online Banking betreiben \u2013 die Echtzeit-\u00dcberpr\u00fcfung und heuristische Erkennung des Systems \u00fcberwachen und neutralisieren sofort eingehende Malware, Spyware und Ransomware, die andernfalls unentdeckt bleiben w\u00fcrden. Mit Anti-Phishing blockiert ESET verd\u00e4chtige Websites, die versuchen, Ihre Zugangsdaten zu stehlen, und sch\u00fctzt Ihre Daten vor Cyberkriminellen.  <\/p>\n<h3>Netzwerkschutz und erweiterte Online-Privatsph\u00e4re<\/h3>\n<p>ESET Smart Security umfasst erweiterte Netzwerkschutzfunktionen, die Ihnen helfen, Ihre Internetverbindung und die verbundenen Ger\u00e4te zu sichern. Der Heimnetzwerk-Monitor erkennt jeden Versuch, sich in Ihr WLAN einzuklinken, w\u00e4hrend die Firewall eine zus\u00e4tzliche Schutzebene durch Regulierung des Netzwerkverkehrs bietet. Der Webcam-Schutz erm\u00f6glicht es Benutzern, den Zugriff auf die Kamera zu blockieren und neugierige Blicke fernzuhalten. Banking- &amp; Zahlungsschutz bietet einen sicheren Browser f\u00fcr alle Finanztransaktionen, sodass Ihre sensiblen Daten privat bleiben.   <\/p>\n<h3>Erweiterte Sicherheitsfunktionen: Anti-Diebstahl &amp; Kindersicherung<\/h3>\n<p>ESET Smart Security ist mit Anti-Diebstahl-Technologie ausgestattet, die Ihnen hilft, verlorene oder gestohlene Ger\u00e4te zu lokalisieren, zu verfolgen und zu sperren und Ihre Daten aus der Ferne zu sch\u00fctzen. Die Kindersicherungsfunktion ist ebenfalls verf\u00fcgbar, mit anpassbaren Einstellungen, die es Eltern erm\u00f6glichen, Online-Inhalte f\u00fcr j\u00fcngere Benutzer zu kontrollieren oder zu filtern. In Kombination mit seiner hervorragenden Malware-Erkennung macht diese Suite von Tools ESET Smart Security zu einer starken Wahl f\u00fcr Familien und Einzelpersonen, denen die Sicherheit all ihrer Ger\u00e4te am Herzen liegt.  <\/p>\n<h3>Aktivierungsanleitung<\/h3>\n<p><img decoding=\"async\" class=\"alignnone wp-image-3785\" src=\"https:\/\/orkza.com\/wp-content\/uploads\/2024\/11\/Eset-Activation-Guide-400x210.jpg\" alt=\"ESET-Aktivierungsanleitung\" width=\"817\" height=\"429\" title=\"\" srcset=\"https:\/\/orkza.com\/wp-content\/uploads\/2024\/11\/Eset-Activation-Guide-400x210.jpg 400w, https:\/\/orkza.com\/wp-content\/uploads\/2024\/11\/Eset-Activation-Guide-430x226.jpg 430w, https:\/\/orkza.com\/wp-content\/uploads\/2024\/11\/Eset-Activation-Guide-150x79.jpg 150w, https:\/\/orkza.com\/wp-content\/uploads\/2024\/11\/Eset-Activation-Guide-700x368.jpg 700w, https:\/\/orkza.com\/wp-content\/uploads\/2024\/11\/Eset-Activation-Guide-768x403.jpg 768w, https:\/\/orkza.com\/wp-content\/uploads\/2024\/11\/Eset-Activation-Guide.jpg 1200w\" sizes=\"(max-width: 817px) 100vw, 817px\" \/><\/p>\n<p>Holen Sie das Beste aus Eset Smart Security heraus und entfesseln Sie die wahre Kraft des Online-Schutzes. Sie erhalten Echtzeit-Schutz, Datenschutzfunktionen und automatische Updates, um Ihre Ger\u00e4te vor digitalen Bedrohungen zu sch\u00fctzen. Um Ihre Aktivierung abzuschlie\u00dfen, folgen Sie unserer schnellen und einfachen <a href=\"https:\/\/orkza.com\/de\/eset-activation-guide\/\" target=\"_blank\" rel=\"noopener\">Eset-Aktivierungsanleitung<\/a>  <\/p>\n<h3><strong>Minimale Systemanforderungen<\/strong><\/h3>\n<ul>\n<li>Betriebssystem: Windows 7, 8, 10, 11 (32- oder 64-Bit) oder macOS X v10.12 oder h\u00f6her<\/li>\n<li>Prozessor: 1 GHz oder schneller<\/li>\n<li>Arbeitsspeicher: 1 GB RAM f\u00fcr Windows; 2 GB RAM f\u00fcr macOS<\/li>\n<li>Speicherplatz: 600 MB verf\u00fcgbarer Speicherplatz<\/li>\n<\/ul>\n<h3><strong>Empfohlene Systemanforderungen<\/strong><\/h3>\n<ul>\n<li>Betriebssystem: Windows 10, 11 (64-Bit) oder macOS X v10.13 oder h\u00f6her<\/li>\n<li>Prozessor: 2 GHz oder schneller<\/li>\n<li>Arbeitsspeicher: 2 GB RAM f\u00fcr Windows; 4 GB RAM f\u00fcr macOS<\/li>\n<li>Speicherplatz: 600 MB verf\u00fcgbarer Speicherplatz<\/li>\n<\/ul>\n<p><strong>Sehen Sie sich unsere neueste<\/strong> <a href=\"https:\/\/orkza.com\/de\/produkt-kategorie\/software\/\" target=\"_blank\" rel=\"noopener\">Software<\/a> an<\/p>\n<p><a href=\"https:\/\/orkza.com\/de\/produkt\/eset-nod32-antivirus-1-device-1-year-key\/\" target=\"_blank\" rel=\"noopener\">Eset Nod32 Antivirus<\/a> &amp; <a href=\"https:\/\/orkza.com\/de\/produkt\/eset-internet-security-1-device-1-year-key\/\" target=\"_blank\" rel=\"noopener\">Eset Internet Security<\/a><\/p>\n","protected":false},"excerpt":{"rendered":"<p>Sch\u00fctzen Sie Ihre Ger\u00e4te mit ESET Smart Security! Erhalten Sie erweiterten Virenschutz, Netzwerkschutz und Anti-Diebstahl-Funktionen f\u00fcr umfassende Sicherheit. <\/p>\n","protected":false},"featured_media":17552,"comment_status":"open","ping_status":"closed","template":"","meta":[],"product_brand":[],"product_cat":[234],"product_tag":[245],"class_list":{"0":"post-17551","1":"product","2":"type-product","3":"status-publish","4":"has-post-thumbnail","6":"product_cat-antivirus-sicherheit","7":"product_tag-eset","9":"first","10":"instock","11":"sale","12":"virtual","13":"purchasable","14":"product-type-simple"},"_links":{"self":[{"href":"https:\/\/orkza.com\/de\/wp-json\/wp\/v2\/product\/17551","targetHints":{"allow":["GET"]}}],"collection":[{"href":"https:\/\/orkza.com\/de\/wp-json\/wp\/v2\/product"}],"about":[{"href":"https:\/\/orkza.com\/de\/wp-json\/wp\/v2\/types\/product"}],"replies":[{"embeddable":true,"href":"https:\/\/orkza.com\/de\/wp-json\/wp\/v2\/comments?post=17551"}],"version-history":[{"count":0,"href":"https:\/\/orkza.com\/de\/wp-json\/wp\/v2\/product\/17551\/revisions"}],"wp:featuredmedia":[{"embeddable":true,"href":"https:\/\/orkza.com\/de\/wp-json\/wp\/v2\/media\/17552"}],"wp:attachment":[{"href":"https:\/\/orkza.com\/de\/wp-json\/wp\/v2\/media?parent=17551"}],"wp:term":[{"taxonomy":"product_brand","embeddable":true,"href":"https:\/\/orkza.com\/de\/wp-json\/wp\/v2\/product_brand?post=17551"},{"taxonomy":"product_cat","embeddable":true,"href":"https:\/\/orkza.com\/de\/wp-json\/wp\/v2\/product_cat?post=17551"},{"taxonomy":"product_tag","embeddable":true,"href":"https:\/\/orkza.com\/de\/wp-json\/wp\/v2\/product_tag?post=17551"}],"curies":[{"name":"wp","href":"https:\/\/api.w.org\/{rel}","templated":true}]}}