{"id":17549,"date":"2024-11-03T00:08:33","date_gmt":"2024-11-03T00:08:33","guid":{"rendered":"https:\/\/orkza.com\/product\/eset-internet-security-1-device-1-year-key\/"},"modified":"2026-02-26T06:02:32","modified_gmt":"2026-02-26T06:02:32","slug":"eset-internet-security-1-device-1-year-key","status":"publish","type":"product","link":"https:\/\/orkza.com\/de\/produkt\/eset-internet-security-1-device-1-year-key\/","title":{"rendered":"ESET Internet Security 1 Ger\u00e4t 1 Jahr Key"},"content":{"rendered":"<h2>ESET Internet Security \u2013 Umfassender Schutz f\u00fcr all Ihre Online-Aktivit\u00e4ten<\/h2>\n<p>Diese Funktionen machen ESET Internet Security zu einer exzellenten Wahl f\u00fcr alle Nutzer, die soliden Schutz beim Surfen, Banking, Shopping und mehr suchen. Die Version <a href=\"https:\/\/www.eset.com\/me\/home\/antivirus\/\" target=\"_blank\" rel=\"noopener\">ESET<\/a> Internet Security wurde entwickelt, um Ihre Android- oder Windows-Ger\u00e4te mit vertrauensw\u00fcrdiger Antiviren-Technologie, proaktiver Bedrohungserkennung, zus\u00e4tzlichem Anti-Phishing, Netzwerkschutz und Kindersicherungsfunktionen zu sch\u00fctzen. <\/p>\n<p><img decoding=\"async\" class=\"alignnone wp-image-3835\" src=\"https:\/\/orkza.com\/wp-content\/uploads\/2024\/11\/Eset-KEY-FEATURES-400x179.jpg\" alt=\"ESET Internet Security HAUPTMERKMALE\" width=\"818\" height=\"366\" title=\"\" srcset=\"https:\/\/orkza.com\/wp-content\/uploads\/2024\/11\/Eset-KEY-FEATURES-400x179.jpg 400w, https:\/\/orkza.com\/wp-content\/uploads\/2024\/11\/Eset-KEY-FEATURES-430x192.jpg 430w, https:\/\/orkza.com\/wp-content\/uploads\/2024\/11\/Eset-KEY-FEATURES-150x67.jpg 150w, https:\/\/orkza.com\/wp-content\/uploads\/2024\/11\/Eset-KEY-FEATURES-700x313.jpg 700w, https:\/\/orkza.com\/wp-content\/uploads\/2024\/11\/Eset-KEY-FEATURES-768x343.jpg 768w, https:\/\/orkza.com\/wp-content\/uploads\/2024\/11\/Eset-KEY-FEATURES.jpg 1200w\" sizes=\"(max-width: 818px) 100vw, 818px\" \/><\/p>\n<h3>Abwehr von Online-Bedrohungen durch mehrschichtigen Schutz<\/h3>\n<p>ESET Internet Security ist eine Antivirus- und Antispyware-L\u00f6sung mit Technologien gegen Phishing, Ransomware und Spyware. Zu nennen sind auch das Anti-Phishing, das den Besuch b\u00f6sartiger Websites zum Datendiebstahl verhindert, sowie der Bankwesen- &amp; Zahlungsschutz, der einen sicheren Browser f\u00fcr Online-Transaktionen bereitstellt, um Ihre Finanzdaten vor Cyberkriminellen zu sch\u00fctzen. Durch Echtzeit-Scanning und proaktive Erkennung neutralisiert ESET Bedrohungen sofort und gew\u00e4hrleistet so die Sicherheit Ihres Ger\u00e4ts ohne Unterbrechungen.  <\/p>\n<h3>Netzwerkschutz und verbesserte Privatsph\u00e4re<\/h3>\n<p>Mit fortschrittlichen Tools f\u00fcr den Heimnetzwerkschutz sch\u00fctzt ESET Internet Security jedes mit Ihrem Heimnetzwerk verbundene Smart-Ger\u00e4t vor Eindringlingen. Der Heimnetzwerk-Monitor \u00fcberwacht alle verbundenen Ger\u00e4te und informiert Sie bei Unregelm\u00e4\u00dfigkeiten. Der Webcam-Schutz stellt sicher, dass niemand auf Ihre Kamera zugreifen kann. Die Anti-Theft-Funktion hilft Ihnen, verlorene oder gestohlene Ger\u00e4te aufzusp\u00fcren, um Ihre Daten und Privatsph\u00e4re zu retten. Es ist die Komplettl\u00f6sung f\u00fcr Nutzer, die Wert auf digitale Sicherheit legen.    <\/p>\n<h3>Benutzerfreundliche Oberfl\u00e4che und anpassbare Einstellungen<\/h3>\n<p>Die Benutzeroberfl\u00e4che von ESET Internet Security ist einfach und benutzerfreundlich gestaltet, sodass alle Hauptfunktionen leicht zug\u00e4nglich sind. Fortgeschrittene Nutzer k\u00f6nnen Einstellungen nach Bedarf anpassen, Sicherheitspr\u00e4ferenzen festlegen, Scans planen und Schutzfunktionen individuell zuschneiden. Dank automatischer Updates verf\u00fcgt Ihre Software immer \u00fcber die neuesten Sicherheitsdefinitionen, sodass keine manuelle Installation erforderlich ist; der Schutz wirkt sofort.  <\/p>\n<h3>Aktivierungsanleitung<\/h3>\n<p><img decoding=\"async\" class=\"alignnone wp-image-3785\" src=\"https:\/\/orkza.com\/wp-content\/uploads\/2024\/11\/Eset-Activation-Guide-400x210.jpg\" alt=\"ESET-Aktivierungsanleitung\" width=\"817\" height=\"429\" title=\"\" srcset=\"https:\/\/orkza.com\/wp-content\/uploads\/2024\/11\/Eset-Activation-Guide-400x210.jpg 400w, https:\/\/orkza.com\/wp-content\/uploads\/2024\/11\/Eset-Activation-Guide-430x226.jpg 430w, https:\/\/orkza.com\/wp-content\/uploads\/2024\/11\/Eset-Activation-Guide-150x79.jpg 150w, https:\/\/orkza.com\/wp-content\/uploads\/2024\/11\/Eset-Activation-Guide-700x368.jpg 700w, https:\/\/orkza.com\/wp-content\/uploads\/2024\/11\/Eset-Activation-Guide-768x403.jpg 768w, https:\/\/orkza.com\/wp-content\/uploads\/2024\/11\/Eset-Activation-Guide.jpg 1200w\" sizes=\"(max-width: 817px) 100vw, 817px\" \/><\/p>\n<p>Holen Sie das Beste aus ESET Internet Security heraus und entfesseln Sie die volle Kraft des Online-Schutzes mit Echtzeitschutz, Privatsph\u00e4re-Funktionen und automatischen Updates. Um Ihre Aktivierung abzuschlie\u00dfen, folgen Sie unserem schnellen und einfachen <a href=\"https:\/\/orkza.com\/de\/eset-activation-guide\/\" target=\"_blank\" rel=\"noopener\">Eset Aktivierungs-Leitfaden<\/a>.  <\/p>\n<h3><strong>Minimale Systemanforderungen<\/strong><\/h3>\n<ul>\n<li>BS: Windows 7, 8, 10, 11 (32- oder 64-Bit) oder macOS X v10.12 oder h\u00f6her<\/li>\n<li>Prozessor: 1 GHz oder schneller<\/li>\n<li>Arbeitsspeicher: 1 GB RAM f\u00fcr Windows; 2 GB RAM f\u00fcr macOS<\/li>\n<li>Speicherplatz: 600 MB verf\u00fcgbarer Speicher<\/li>\n<\/ul>\n<h3><strong>Empfohlene Systemanforderungen<\/strong><\/h3>\n<ul>\n<li>BS: Windows 10, 11 (64-Bit) oder macOS X v10.13 oder h\u00f6her<\/li>\n<li>Prozessor: 2 GHz oder schneller<\/li>\n<li>Arbeitsspeicher: 2 GB RAM f\u00fcr Windows; 4 GB RAM f\u00fcr macOS<\/li>\n<li>Speicherplatz: 600 MB verf\u00fcgbarer Speicher<\/li>\n<\/ul>\n<p><strong>Entdecken Sie unsere neueste:<\/strong> <a href=\"https:\/\/orkza.com\/de\/produkt-kategorie\/software\/\" target=\"_blank\" rel=\"noopener\">Software<\/a><\/p>\n<p><a href=\"https:\/\/orkza.com\/de\/produkt\/eset-nod32-antivirus-1-device-1-year-key\/\" target=\"_blank\" rel=\"noopener\">Eset Nod32 Antivirus<\/a> &amp; <a href=\"https:\/\/orkza.com\/de\/produkt\/eset-smart-security-1-device-1-year-key\/\" target=\"_blank\" rel=\"noopener\">Eset Smart Security<\/a><\/p>\n","protected":false},"excerpt":{"rendered":"<p>Sichern Sie Ihre Online-Welt mit ESET Internet Security! Sch\u00fctzen Sie sich vor Bedrohungen, wahren Sie Ihre Privatsph\u00e4re und sichern Sie Ihr Netzwerk auf allen Ger\u00e4ten. <\/p>\n","protected":false},"featured_media":17550,"comment_status":"open","ping_status":"closed","template":"","meta":[],"product_brand":[],"product_cat":[234],"product_tag":[245],"class_list":{"0":"post-17549","1":"product","2":"type-product","3":"status-publish","4":"has-post-thumbnail","6":"product_cat-antivirus-sicherheit","7":"product_tag-eset","9":"first","10":"instock","11":"sale","12":"virtual","13":"purchasable","14":"product-type-simple"},"_links":{"self":[{"href":"https:\/\/orkza.com\/de\/wp-json\/wp\/v2\/product\/17549","targetHints":{"allow":["GET"]}}],"collection":[{"href":"https:\/\/orkza.com\/de\/wp-json\/wp\/v2\/product"}],"about":[{"href":"https:\/\/orkza.com\/de\/wp-json\/wp\/v2\/types\/product"}],"replies":[{"embeddable":true,"href":"https:\/\/orkza.com\/de\/wp-json\/wp\/v2\/comments?post=17549"}],"version-history":[{"count":0,"href":"https:\/\/orkza.com\/de\/wp-json\/wp\/v2\/product\/17549\/revisions"}],"wp:featuredmedia":[{"embeddable":true,"href":"https:\/\/orkza.com\/de\/wp-json\/wp\/v2\/media\/17550"}],"wp:attachment":[{"href":"https:\/\/orkza.com\/de\/wp-json\/wp\/v2\/media?parent=17549"}],"wp:term":[{"taxonomy":"product_brand","embeddable":true,"href":"https:\/\/orkza.com\/de\/wp-json\/wp\/v2\/product_brand?post=17549"},{"taxonomy":"product_cat","embeddable":true,"href":"https:\/\/orkza.com\/de\/wp-json\/wp\/v2\/product_cat?post=17549"},{"taxonomy":"product_tag","embeddable":true,"href":"https:\/\/orkza.com\/de\/wp-json\/wp\/v2\/product_tag?post=17549"}],"curies":[{"name":"wp","href":"https:\/\/api.w.org\/{rel}","templated":true}]}}