{"id":17538,"date":"2024-11-06T00:38:59","date_gmt":"2024-11-06T00:38:59","guid":{"rendered":"https:\/\/orkza.com\/product\/panda-dome-complete-antivirus-multi-device-key\/"},"modified":"2026-02-26T06:02:21","modified_gmt":"2026-02-26T06:02:21","slug":"panda-dome-complete-antivirus-multi-device-key","status":"publish","type":"product","link":"https:\/\/orkza.com\/de\/produkt\/panda-dome-complete-antivirus-multi-device-key\/","title":{"rendered":"Panda Dome Complete Antivirus Multi-Device Key"},"content":{"rendered":"<h2>Panda Dome Complete \u2013 Umfassender Schutz f\u00fcr all Ihre digitalen Bed\u00fcrfnisse<\/h2>\n<p><a href=\"https:\/\/www.pandasecurity.com\/en\/homeusers\/\" target=\"_blank\" rel=\"noopener\">Panda Dome<\/a> Complete ist alles, was eine Security-Suite sein sollte: Sie bietet umfassenden Schutz vor verschiedensten Bedrohungen. Von Malware- und Ransomware-Schutz \u00fcber Identit\u00e4tsschutz und sicheres Surfen bis hin zu Tools zur Ger\u00e4teoptimierung \u2013 dies ist eine leistungsstarke, fortschrittliche Antiviren-L\u00f6sung. Entwickelt f\u00fcr alle, die maximalen Schutz w\u00fcnschen, h\u00e4lt Panda Dome Complete Ihr Online-Erlebnis auf all Ihren Ger\u00e4ten sicher und privat, ideal f\u00fcr den pers\u00f6nlichen Gebrauch und die Familie.  <\/p>\n<p><img decoding=\"async\" class=\"alignnone wp-image-3906\" src=\"https:\/\/orkza.com\/wp-content\/uploads\/2024\/11\/Panda-Dome-KEY-FEATURES-400x225.jpg\" alt=\"Panda Dome Complete HAUPTMERKMALE\" width=\"804\" height=\"452\" title=\"\" srcset=\"https:\/\/orkza.com\/wp-content\/uploads\/2024\/11\/Panda-Dome-KEY-FEATURES-400x225.jpg 400w, https:\/\/orkza.com\/wp-content\/uploads\/2024\/11\/Panda-Dome-KEY-FEATURES-430x242.jpg 430w, https:\/\/orkza.com\/wp-content\/uploads\/2024\/11\/Panda-Dome-KEY-FEATURES-150x84.jpg 150w, https:\/\/orkza.com\/wp-content\/uploads\/2024\/11\/Panda-Dome-KEY-FEATURES-700x394.jpg 700w, https:\/\/orkza.com\/wp-content\/uploads\/2024\/11\/Panda-Dome-KEY-FEATURES-768x432.jpg 768w, https:\/\/orkza.com\/wp-content\/uploads\/2024\/11\/Panda-Dome-KEY-FEATURES.jpg 1280w\" sizes=\"(max-width: 804px) 100vw, 804px\" \/><\/p>\n<h3>Mehrschichtiger Schutz vor Bedrohungen<\/h3>\n<p>Durch sein mehrschichtiges Abwehrsystem stellt der Echtzeit-Virenschutz von Panda Dome Complete sicher, dass Ihre Ger\u00e4te vor Malware, Ransomware, Spyware und anderen Cyber-Bedrohungen gesch\u00fctzt sind. Die Software verf\u00fcgt \u00fcber eine fortschrittliche Anti-Phishing-Technologie, die b\u00f6sartige Websites automatisch deaktiviert, damit Hacker nicht auf Ihre pers\u00f6nlichen und finanziellen Daten zugreifen k\u00f6nnen. Die Ransomware-Schutzfunktion erkennt unbefugte Versuche, Dateien auf Ihrem Ger\u00e4t zu verschl\u00fcsseln, und stoppt diese, um Ihre wichtigsten Daten zu sch\u00fctzen.  <\/p>\n<h3>Identit\u00e4tsschutz und Datenschutz-Tools<\/h3>\n<p>Panda Dome Complete bietet mehr als nur Standard-Virenschutz, da Sie auch Funktionen zum Identit\u00e4tsschutz erhalten, um Ihre sensiblen Daten vor unbefugtem Zugriff zu bewahren. Enth\u00e4lt ein VPN (mit begrenztem Datenvolumen), um Ihr Surfen im Internet privat und Ihre Daten bei der Nutzung von \u00f6ffentlichem WLAN sicher zu halten. Panda \u2013 sicherer Passwort-Manager zum Speichern und Verwalten Ihrer Zugangsdaten an einem Ort f\u00fcr einfachen Website-Zugriff und Schutz vor unbefugtem Zugriff auf Ihre Konten!  <\/p>\n<h3>Kindersicherung und Ger\u00e4teoptimierung<\/h3>\n<p>Panda Dome Complete bietet integrierte Kindersicherungsfunktionen, die Eltern helfen, die Online-Aktivit\u00e4ten ihrer Kinder zu verwalten, einschlie\u00dflich Inhaltsfilterung und -blockierung, Zeitbeschr\u00e4nkungen und \u00dcberwachung der Online-Aktivit\u00e4ten. Die Panda-Tools zur Ger\u00e4teoptimierung helfen zudem beim Bereinigen von Junk-Dateien, geben Speicherplatz frei und optimieren Ihr Ger\u00e4t, um dessen Leistung zu verbessern, damit es \u00fcber einen l\u00e4ngeren Zeitraum reibungslos und effizient l\u00e4uft. <\/p>\n<h3>Benutzerfreundliche Oberfl\u00e4che mit anpassbaren Optionen<\/h3>\n<p>Mit einer leicht navigierbaren Benutzeroberfl\u00e4che ist Panda Dome Complete so konzipiert, dass Benutzer mit unterschiedlichen Kenntnissen auf die wichtigsten Funktionen zugreifen k\u00f6nnen. Sie k\u00f6nnen Scans planen, Sicherheitseinstellungen steuern und automatische Updates einrichten, um einen Rund-um-die-Uhr-Schutz zu gew\u00e4hrleisten, ohne Ihren Arbeitsablauf zu st\u00f6ren. <\/p>\n<h3>Aktivierungsanleitung<\/h3>\n<p><img decoding=\"async\" class=\"alignnone wp-image-3905\" src=\"https:\/\/orkza.com\/wp-content\/uploads\/2024\/11\/Panda-Dome-Activation-GUIDE55-1-400x225.jpg\" alt=\"\" width=\"802\" height=\"451\" title=\"\" srcset=\"https:\/\/orkza.com\/wp-content\/uploads\/2024\/11\/Panda-Dome-Activation-GUIDE55-1-400x225.jpg 400w, https:\/\/orkza.com\/wp-content\/uploads\/2024\/11\/Panda-Dome-Activation-GUIDE55-1-430x242.jpg 430w, https:\/\/orkza.com\/wp-content\/uploads\/2024\/11\/Panda-Dome-Activation-GUIDE55-1-150x84.jpg 150w, https:\/\/orkza.com\/wp-content\/uploads\/2024\/11\/Panda-Dome-Activation-GUIDE55-1-700x394.jpg 700w, https:\/\/orkza.com\/wp-content\/uploads\/2024\/11\/Panda-Dome-Activation-GUIDE55-1-768x432.jpg 768w, https:\/\/orkza.com\/wp-content\/uploads\/2024\/11\/Panda-Dome-Activation-GUIDE55-1.jpg 1280w\" sizes=\"(max-width: 802px) 100vw, 802px\" \/><\/p>\n<p>Aktivieren Sie es, um leistungsstarke Antiviren- und Sicherheitsfunktionen freizuschalten, die Ihre Ger\u00e4te vor Malware, Ransomware und Online-Bedrohungen sch\u00fctzen. Sie erhalten Zugriff auf Echtzeitschutz, Firewall-Einstellungen und mehr. Folgen Sie unserer schnellen und einfachen <a href=\"https:\/\/orkza.com\/de\/panda-dome-activation-guide\/\" target=\"_blank\" rel=\"noopener\"><strong>Panda Dome Aktivierungsanleitung<\/strong><\/a>  <\/p>\n<h3><strong>Minimale Systemanforderungen<\/strong><\/h3>\n<ul>\n<li>BS: Windows 7, 8, 10, 11 (32- oder 64-Bit), macOS X v10.10 oder h\u00f6her, Android 5.0 oder h\u00f6her, iOS 9.0 oder h\u00f6her<\/li>\n<li>Prozessor: 1 GHz oder schneller<\/li>\n<li>Arbeitsspeicher: 512 MB RAM f\u00fcr Windows; 1 GB RAM f\u00fcr macOS, Android und iOS<\/li>\n<li>Speicherplatz: 200 MB verf\u00fcgbarer Speicherplatz<\/li>\n<\/ul>\n<h3><strong>Empfohlene Systemanforderungen<\/strong><\/h3>\n<ul>\n<li>BS: Windows 10, 11 (64-Bit), macOS X v10.12 oder h\u00f6her, Android 6.0 oder h\u00f6her, iOS 10.0 oder h\u00f6her<\/li>\n<li>Prozessor: 2 GHz oder schneller<\/li>\n<li>Arbeitsspeicher: 1 GB RAM oder mehr<\/li>\n<li>Speicherplatz: 200 MB verf\u00fcgbarer Speicherplatz<\/li>\n<\/ul>\n<p><strong>Entdecken Sie unsere neueste:<\/strong> <a href=\"https:\/\/orkza.com\/de\/produkt-kategorie\/software\/\" target=\"_blank\" rel=\"noopener\">Software<\/a><\/p>\n<p><a href=\"https:\/\/orkza.com\/de\/produkt\/panda-dome-essential-antivirus-multi-device-key\/\" target=\"_blank\" rel=\"noopener\">Panda Dome Essential<\/a> &amp; <a href=\"https:\/\/orkza.com\/de\/produkt\/panda-dome-advanced-antivirus-multi-device-key\/\" target=\"_blank\" rel=\"noopener\">Panda Dome Advanced<\/a><\/p>\n<p>&nbsp;<\/p>\n","protected":false},"excerpt":{"rendered":"<p>Holen Sie sich All-in-One-Sicherheit mit Panda Dome Complete! Sch\u00fctzen Sie sich vor Bedrohungen, verwalten Sie Passw\u00f6rter und optimieren Sie Ger\u00e4te f\u00fcr Spitzenleistung. <\/p>\n","protected":false},"featured_media":17487,"comment_status":"open","ping_status":"closed","template":"","meta":[],"product_brand":[],"product_cat":[234],"product_tag":[248],"class_list":{"0":"post-17538","1":"product","2":"type-product","3":"status-publish","4":"has-post-thumbnail","6":"product_cat-antivirus-sicherheit","7":"product_tag-panda-dome","9":"first","10":"outofstock","11":"shipping-taxable","12":"purchasable","13":"product-type-variable"},"_links":{"self":[{"href":"https:\/\/orkza.com\/de\/wp-json\/wp\/v2\/product\/17538","targetHints":{"allow":["GET"]}}],"collection":[{"href":"https:\/\/orkza.com\/de\/wp-json\/wp\/v2\/product"}],"about":[{"href":"https:\/\/orkza.com\/de\/wp-json\/wp\/v2\/types\/product"}],"replies":[{"embeddable":true,"href":"https:\/\/orkza.com\/de\/wp-json\/wp\/v2\/comments?post=17538"}],"version-history":[{"count":0,"href":"https:\/\/orkza.com\/de\/wp-json\/wp\/v2\/product\/17538\/revisions"}],"wp:featuredmedia":[{"embeddable":true,"href":"https:\/\/orkza.com\/de\/wp-json\/wp\/v2\/media\/17487"}],"wp:attachment":[{"href":"https:\/\/orkza.com\/de\/wp-json\/wp\/v2\/media?parent=17538"}],"wp:term":[{"taxonomy":"product_brand","embeddable":true,"href":"https:\/\/orkza.com\/de\/wp-json\/wp\/v2\/product_brand?post=17538"},{"taxonomy":"product_cat","embeddable":true,"href":"https:\/\/orkza.com\/de\/wp-json\/wp\/v2\/product_cat?post=17538"},{"taxonomy":"product_tag","embeddable":true,"href":"https:\/\/orkza.com\/de\/wp-json\/wp\/v2\/product_tag?post=17538"}],"curies":[{"name":"wp","href":"https:\/\/api.w.org\/{rel}","templated":true}]}}