{"id":17534,"date":"2024-11-04T00:05:31","date_gmt":"2024-11-04T00:05:31","guid":{"rendered":"https:\/\/orkza.com\/product\/hma-pro-vpn-unlimited-devices-1-year-key\/"},"modified":"2026-02-26T06:02:10","modified_gmt":"2026-02-26T06:02:10","slug":"hma-pro-vpn-unlimited-devices-1-year-key","status":"publish","type":"product","link":"https:\/\/orkza.com\/de\/produkt\/hma-pro-vpn-unlimited-devices-1-year-key\/","title":{"rendered":"HMA! Pro VPN Unbegrenzte Ger\u00e4te 1 Jahr Key"},"content":{"rendered":"<h2>HMA! Pro VPN &#8211; Sicherer, privater und uneingeschr\u00e4nkter Internetzugang <\/h2>\n<p>HMA! Pro VPN (Hide My Ass!) Diese VPN-L\u00f6sung ist schnell, zuverl\u00e4ssig und entwickelt, um Ihnen zu helfen, online anonym zu bleiben, Ihre Verbindung zu verschl\u00fcsseln und jede Website und jeden Inhalt \u00fcberall auf der Welt freizuschalten. Sie verf\u00fcgt \u00fcber eine umfangreiche Server-Flotte, die \u00fcber 190 L\u00e4nder abdeckt, und leistungsstarke Verschl\u00fcsselung.  <a href=\"https:\/\/www.hidemyass.com\/index\" target=\"_blank\" rel=\"noopener\">HMA! Pro VPN <\/a>  hilft Ihnen, Ihre Browsing-Daten privat zu halten und gleichzeitig regionale Beschr\u00e4nkungen oder Zensur im Internet zu umgehen. HMA! f\u00fcr den reisenden Globetrotter, den Remote-Worker oder jeden, der Wert auf Privatsph\u00e4re im Internet legt. <\/p>\n<p><img decoding=\"async\" class=\"alignnone wp-image-3889\" src=\"https:\/\/orkza.com\/wp-content\/uploads\/2024\/11\/HMA-VPN-KEY-FEATURES-400x201.jpg\" alt=\"HMA! Pro VPN HAUPTMERKMALE\" width=\"824\" height=\"414\" title=\"\" srcset=\"https:\/\/orkza.com\/wp-content\/uploads\/2024\/11\/HMA-VPN-KEY-FEATURES-400x201.jpg 400w, https:\/\/orkza.com\/wp-content\/uploads\/2024\/11\/HMA-VPN-KEY-FEATURES-430x216.jpg 430w, https:\/\/orkza.com\/wp-content\/uploads\/2024\/11\/HMA-VPN-KEY-FEATURES-150x75.jpg 150w, https:\/\/orkza.com\/wp-content\/uploads\/2024\/11\/HMA-VPN-KEY-FEATURES-700x351.jpg 700w, https:\/\/orkza.com\/wp-content\/uploads\/2024\/11\/HMA-VPN-KEY-FEATURES-1300x652.jpg 1300w, https:\/\/orkza.com\/wp-content\/uploads\/2024\/11\/HMA-VPN-KEY-FEATURES-768x385.jpg 768w, https:\/\/orkza.com\/wp-content\/uploads\/2024\/11\/HMA-VPN-KEY-FEATURES.jpg 1396w\" sizes=\"(max-width: 824px) 100vw, 824px\" \/><\/p>\n<h3>Umfassender Sicherheits- und Datenschutz<\/h3>\n<p>HMA! Pro VPN sch\u00fctzt Ihre Daten vor Hackern, Internetanbietern und anderen Online-Bedrohungen mit milit\u00e4rischer AES-256-Verschl\u00fcsselung. Die Verwendung eines VPN verbirgt Ihre IP-Adresse und macht es nahezu unm\u00f6glich, dass Dritte Ihre Online-Aktivit\u00e4ten oder Ihren genauen Standort nachverfolgen k\u00f6nnen. Weitere Schutzfunktionen umfassen einen Kill Switch, der Ihre Internetverbindung trennt, falls Ihr VPN unerwartet vom Server getrennt wird, und IP Shuffle, das Ihre IP-Adresse regelm\u00e4\u00dfig \u00e4ndert, um Tracking zu verhindern.   <\/p>\n<h3>Globale Verf\u00fcgbarkeit + Schnelle \/ Zuverl\u00e4ssige Verbindungen<\/h3>\n<p>HMA! Pro VPN verf\u00fcgt \u00fcber ein umfangreiches Netzwerk von Servern in \u00fcber 190 L\u00e4ndern. Mit Pro VPN k\u00f6nnen Sie dank schneller und zuverl\u00e4ssiger Verbindungen ohne Unterbrechungen streamen, surfen und herunterladen. Mit IP-Auswahl w\u00e4hlt das VPN die schnellstm\u00f6gliche Adresse f\u00fcr Ihre aktuelle Verbindung. Es verf\u00fcgt \u00fcber spezielle Server f\u00fcr Streaming, sodass selbst regional gesperrte Inhalte auf Diensten wie Netflix problemlos zug\u00e4nglich sind. HMA! Pro VPN erm\u00f6glicht sogar P2P-Filesharing, sodass Sie es f\u00fcr verschiedene Online-Aktivit\u00e4ten nutzen k\u00f6nnen.      <\/p>\n<h3>Benutzerfreundliche Oberfl\u00e4che und Multi-Ger\u00e4te-Kompatibilit\u00e4t<\/h3>\n<p>HMA! Pro VPN ist benutzerfreundlich und verf\u00fcgt \u00fcber eine \u00fcbersichtliche Oberfl\u00e4che, die es Nutzern erm\u00f6glicht, sich mit einem einzigen Klick zu verbinden. Pro VPN ist kompatibel mit Windows, macOS, Android, iOS und Linux. Nutzer k\u00f6nnen bis zu 5 Ger\u00e4te damit verbinden. Die einfache Konfiguration und automatische Verbindungsoptionen machen es f\u00fcr jeden \u2013 Anf\u00e4nger oder Experte \u2013 nutzbar.    <\/p>\n<h3>Aktivierungsanleitung<\/h3>\n<p><img decoding=\"async\" class=\"alignnone wp-image-3771\" src=\"https:\/\/orkza.com\/wp-content\/uploads\/2024\/11\/HMA-VPN-ACTIVAITON-GUIDE-400x201.jpg\" alt=\"\" width=\"826\" height=\"415\" title=\"\" srcset=\"https:\/\/orkza.com\/wp-content\/uploads\/2024\/11\/HMA-VPN-ACTIVAITON-GUIDE-400x201.jpg 400w, https:\/\/orkza.com\/wp-content\/uploads\/2024\/11\/HMA-VPN-ACTIVAITON-GUIDE-430x216.jpg 430w, https:\/\/orkza.com\/wp-content\/uploads\/2024\/11\/HMA-VPN-ACTIVAITON-GUIDE-150x75.jpg 150w, https:\/\/orkza.com\/wp-content\/uploads\/2024\/11\/HMA-VPN-ACTIVAITON-GUIDE-700x351.jpg 700w, https:\/\/orkza.com\/wp-content\/uploads\/2024\/11\/HMA-VPN-ACTIVAITON-GUIDE-1300x652.jpg 1300w, https:\/\/orkza.com\/wp-content\/uploads\/2024\/11\/HMA-VPN-ACTIVAITON-GUIDE-768x385.jpg 768w, https:\/\/orkza.com\/wp-content\/uploads\/2024\/11\/HMA-VPN-ACTIVAITON-GUIDE.jpg 1396w\" sizes=\"(max-width: 826px) 100vw, 826px\" \/><\/p>\n<p>Aktivieren Sie HMA, um sicheres, privates Surfen mit uneingeschr\u00e4nktem Internetzugang zu genie\u00dfen. Mit einem aktiven Abonnement schalten Sie Premium-VPN-Funktionen frei, einschlie\u00dflich anonymem Surfen, Datenverschl\u00fcsselung und Zugriff auf globale Server. Folgen Sie unserer einfachen   <a href=\"https:\/\/orkza.com\/de\/hma-pro-vpn-activation-guide\/\" target=\"_blank\" rel=\"noopener\">HMA! Pro VPN Aktivierungsanleitung <\/a><\/p>\n<h3><strong>Minimale Systemanforderungen<\/strong><\/h3>\n<ul>\n<li>Betriebssystem: Windows 7, 8, 10, 11 (32- oder 64-Bit), macOS 10.10 oder h\u00f6her, iOS 12.0 oder h\u00f6her, Android 5.0 oder h\u00f6her<\/li>\n<li>Prozessor: 1 GHz oder schneller<\/li>\n<li>Arbeitsspeicher: 1 GB RAM f\u00fcr Windows und macOS; 512 MB RAM f\u00fcr Android und iOS<\/li>\n<li>Speicherplatz: 200 MB verf\u00fcgbarer Speicherplatz<\/li>\n<\/ul>\n<h3><strong>Empfohlene Systemanforderungen<\/strong><\/h3>\n<ul>\n<li>Betriebssystem: Windows 10, 11 (64-Bit), macOS 10.12 oder h\u00f6her, iOS 13.0 oder h\u00f6her, Android 6.0 oder h\u00f6her<\/li>\n<li>Prozessor: 2 GHz oder schneller<\/li>\n<li>Arbeitsspeicher: 2 GB RAM<\/li>\n<li>Speicherplatz: 200 MB verf\u00fcgbarer Speicherplatz<\/li>\n<\/ul>\n<p><strong>Sehen Sie sich unsere neuesten an:<\/strong> <a href=\"https:\/\/orkza.com\/de\/produkt-kategorie\/software\/\" target=\"_blank\" rel=\"noopener\">Software<\/a><\/p>\n","protected":false},"excerpt":{"rendered":"<p>Bleiben Sie online privat mit HMA! Pro VPN. Genie\u00dfen Sie sicheres Surfen, globalen Zugriff und schnelle Verbindungen auf unbegrenzten Ger\u00e4ten.  <\/p>\n","protected":false},"featured_media":17535,"comment_status":"open","ping_status":"closed","template":"","meta":[],"product_brand":[],"product_cat":[232],"product_tag":[246],"class_list":{"0":"post-17534","1":"product","2":"type-product","3":"status-publish","4":"has-post-thumbnail","6":"product_cat-vpn","7":"product_tag-hma","9":"first","10":"instock","11":"sale","12":"shipping-taxable","13":"purchasable","14":"product-type-variable"},"_links":{"self":[{"href":"https:\/\/orkza.com\/de\/wp-json\/wp\/v2\/product\/17534","targetHints":{"allow":["GET"]}}],"collection":[{"href":"https:\/\/orkza.com\/de\/wp-json\/wp\/v2\/product"}],"about":[{"href":"https:\/\/orkza.com\/de\/wp-json\/wp\/v2\/types\/product"}],"replies":[{"embeddable":true,"href":"https:\/\/orkza.com\/de\/wp-json\/wp\/v2\/comments?post=17534"}],"version-history":[{"count":0,"href":"https:\/\/orkza.com\/de\/wp-json\/wp\/v2\/product\/17534\/revisions"}],"wp:featuredmedia":[{"embeddable":true,"href":"https:\/\/orkza.com\/de\/wp-json\/wp\/v2\/media\/17535"}],"wp:attachment":[{"href":"https:\/\/orkza.com\/de\/wp-json\/wp\/v2\/media?parent=17534"}],"wp:term":[{"taxonomy":"product_brand","embeddable":true,"href":"https:\/\/orkza.com\/de\/wp-json\/wp\/v2\/product_brand?post=17534"},{"taxonomy":"product_cat","embeddable":true,"href":"https:\/\/orkza.com\/de\/wp-json\/wp\/v2\/product_cat?post=17534"},{"taxonomy":"product_tag","embeddable":true,"href":"https:\/\/orkza.com\/de\/wp-json\/wp\/v2\/product_tag?post=17534"}],"curies":[{"name":"wp","href":"https:\/\/api.w.org\/{rel}","templated":true}]}}