{"id":17523,"date":"2024-11-06T00:28:05","date_gmt":"2024-11-06T00:28:05","guid":{"rendered":"https:\/\/orkza.com\/product\/panda-dome-advanced-antivirus-multi-device-key\/"},"modified":"2026-02-26T06:01:58","modified_gmt":"2026-02-26T06:01:58","slug":"panda-dome-advanced-antivirus-multi-device-key","status":"publish","type":"product","link":"https:\/\/orkza.com\/de\/produkt\/panda-dome-advanced-antivirus-multi-device-key\/","title":{"rendered":"Panda Dome Advanced Antivirus Multi-Device Key"},"content":{"rendered":"<h2>Panda Dome Advanced \u2013 Erweiterte Sicherheit f\u00fcr umfassenden digitalen Schutz<\/h2>\n<p><a href=\"https:\/\/www.pandasecurity.com\/en\/homeusers\/\" target=\"_blank\" rel=\"noopener\">Panda Dome<\/a> Advanced \u00fcbernimmt die Funktionen von Panda Dome Essential und erweitert sie um fortschrittlichere Sicherheit gegen Online-Bedrohungen. Dieser erstklassige Virenschutz bietet zus\u00e4tzliche Sicherheitsebenen zum Schutz vor Malware, Ransomware und Phishing-Angriffen. Er umfasst zudem Module f\u00fcr Identit\u00e4tsschutz und Kindersicherung. Panda Dome Advanced bietet Familien, Remote-Mitarbeitern und allen, die Leistung, Komfort und Sicherheit auf allen Ger\u00e4ten suchen, optimale Sorgenfreiheit.   <\/p>\n<p><img decoding=\"async\" class=\"alignnone wp-image-3906\" src=\"https:\/\/orkza.com\/wp-content\/uploads\/2024\/11\/Panda-Dome-KEY-FEATURES-400x225.jpg\" alt=\"Panda Dome Advanced HAUPTMERKMALE\" width=\"804\" height=\"452\" title=\"\" srcset=\"https:\/\/orkza.com\/wp-content\/uploads\/2024\/11\/Panda-Dome-KEY-FEATURES-400x225.jpg 400w, https:\/\/orkza.com\/wp-content\/uploads\/2024\/11\/Panda-Dome-KEY-FEATURES-430x242.jpg 430w, https:\/\/orkza.com\/wp-content\/uploads\/2024\/11\/Panda-Dome-KEY-FEATURES-150x84.jpg 150w, https:\/\/orkza.com\/wp-content\/uploads\/2024\/11\/Panda-Dome-KEY-FEATURES-700x394.jpg 700w, https:\/\/orkza.com\/wp-content\/uploads\/2024\/11\/Panda-Dome-KEY-FEATURES-768x432.jpg 768w, https:\/\/orkza.com\/wp-content\/uploads\/2024\/11\/Panda-Dome-KEY-FEATURES.jpg 1280w\" sizes=\"(max-width: 804px) 100vw, 804px\" \/><\/p>\n<h3>Erweiterte Bedrohungserkennung und Ransomware-Schutz<\/h3>\n<p>Echtzeit-Virenschutz \u2013 Panda Dome Advanced enth\u00e4lt eine leistungsstarke Antiviren-Engine, die Ihre Ger\u00e4te vor Viren, Malware, Spyware und Ransomware sch\u00fctzt. Die Software sucht aktiv nach verd\u00e4chtigen Aktivit\u00e4ten, die Ihre Dateien verschl\u00fcsseln k\u00f6nnten, und verhindert solche Versuche proaktiv, um Ihre pers\u00f6nlichen Daten zu sch\u00fctzen. Dank cloudbasierter Technologie bietet das System regelm\u00e4\u00dfige Updates, um neueste Cyber-Bedrohungen zu bek\u00e4mpfen.  <\/p>\n<h3>Identit\u00e4tsschutz und sicheres Surfen<\/h3>\n<p>Panda Dome Advanced bietet Schutztools, um Ihre pers\u00f6nlichen und finanziellen Daten beim Surfen, Shoppen oder Online-Banking zu sichern. Die Anti-Phishing-Funktion verhindert das \u00d6ffnen sch\u00e4dlicher Websites und Links, wodurch das Risiko von Identit\u00e4tsdiebstahl sinkt. F\u00fcr noch mehr Privatsph\u00e4re enth\u00e4lt Panda Dome Advanced ein kosteng\u00fcnstiges VPN mit begrenzter Bandbreite f\u00fcr anonymes Surfen in \u00f6ffentlichen WLAN-Netzwerken.   <\/p>\n<h3>Kindersicherung f\u00fcr ein sicheres Online-Erlebnis<\/h3>\n<p>Ein weiteres Merkmal von Panda Dome Advanced ist die Kindersicherung, mit der Eltern die Online-Aktivit\u00e4ten ihrer Kinder verwalten und \u00fcberwachen k\u00f6nnen. Sie k\u00f6nnen ungeeignete Inhalte blockieren, die Bildschirmzeit begrenzen und Berichte zur Internetnutzung einsehen, um eine sichere Browser-Umgebung zu gew\u00e4hrleisten. <\/p>\n<p>Panda Dome Advanced verf\u00fcgt \u00fcber eine intuitive Benutzeroberfl\u00e4che. Sie k\u00f6nnen die App einfach \u00f6ffnen und Sicherheitseinstellungen verwalten. Planen Sie Scans, automatisieren Sie Ihren Schutz und greifen Sie schnell auf die wichtigsten Funktionen zu. Automatische Updates halten Ihren Schutz stets auf dem neuesten Stand und sch\u00fctzen Sie vor aktuellen Bedrohungen.   <\/p>\n<h3>Aktivierungsanleitung<\/h3>\n<p><img decoding=\"async\" class=\"alignnone wp-image-3905\" src=\"https:\/\/orkza.com\/wp-content\/uploads\/2024\/11\/Panda-Dome-Activation-GUIDE55-1-400x225.jpg\" alt=\"\" width=\"802\" height=\"451\" title=\"\" srcset=\"https:\/\/orkza.com\/wp-content\/uploads\/2024\/11\/Panda-Dome-Activation-GUIDE55-1-400x225.jpg 400w, https:\/\/orkza.com\/wp-content\/uploads\/2024\/11\/Panda-Dome-Activation-GUIDE55-1-430x242.jpg 430w, https:\/\/orkza.com\/wp-content\/uploads\/2024\/11\/Panda-Dome-Activation-GUIDE55-1-150x84.jpg 150w, https:\/\/orkza.com\/wp-content\/uploads\/2024\/11\/Panda-Dome-Activation-GUIDE55-1-700x394.jpg 700w, https:\/\/orkza.com\/wp-content\/uploads\/2024\/11\/Panda-Dome-Activation-GUIDE55-1-768x432.jpg 768w, https:\/\/orkza.com\/wp-content\/uploads\/2024\/11\/Panda-Dome-Activation-GUIDE55-1.jpg 1280w\" sizes=\"(max-width: 802px) 100vw, 802px\" \/><\/p>\n<p>Aktivieren Sie das Produkt, um leistungsstarke Antiviren- und Sicherheitsfunktionen freizuschalten, die Ihre Ger\u00e4te vor Malware, Ransomware und Online-Bedrohungen sch\u00fctzen. Sie erhalten Zugriff auf Echtzeitschutz, Firewall-Einstellungen und mehr. Folgen Sie unserer schnellen und einfachen <a href=\"https:\/\/orkza.com\/de\/panda-dome-activation-guide\/\" target=\"_blank\" rel=\"noopener\"><strong>Panda Dome Aktivierungsanleitung<\/strong><\/a>  <\/p>\n<h3><strong>Minimale Systemanforderungen<\/strong><\/h3>\n<ul>\n<li>BS: Windows 7, 8, 10, 11 (32- oder 64-Bit), macOS X v10.10 oder h\u00f6her, Android 5.0 oder h\u00f6her, iOS 9.0 oder h\u00f6her<\/li>\n<li>Prozessor: 1 GHz oder schneller<\/li>\n<li>Arbeitsspeicher: 512 MB RAM f\u00fcr Windows; 1 GB RAM f\u00fcr macOS, Android und iOS<\/li>\n<li>Speicherplatz: 200 MB verf\u00fcgbarer Speicher<\/li>\n<\/ul>\n<h3><strong>Empfohlene Systemanforderungen<\/strong><\/h3>\n<ul>\n<li>BS: Windows 10, 11 (64-Bit), macOS X v10.12 oder h\u00f6her, Android 6.0 oder h\u00f6her, iOS 10.0 oder h\u00f6her<\/li>\n<li>Prozessor: 2 GHz oder schneller<\/li>\n<li>Arbeitsspeicher: 1 GB RAM oder mehr<\/li>\n<li>Speicherplatz: 200 MB verf\u00fcgbarer Speicher<\/li>\n<\/ul>\n<p><strong>Entdecken Sie unsere neueste:<\/strong> <a href=\"https:\/\/orkza.com\/de\/produkt-kategorie\/software\/\" target=\"_blank\" rel=\"noopener\">Software<\/a><\/p>\n<p><a href=\"https:\/\/orkza.com\/de\/produkt\/panda-dome-essential-antivirus-multi-device-key\/\" target=\"_blank\" rel=\"noopener\">Panda Dome Essential<\/a> &amp; <a href=\"https:\/\/orkza.com\/de\/produkt\/panda-dome-complete-antivirus-multi-device-key\/\" target=\"_blank\" rel=\"noopener\">Panda Dome Complete<\/a><\/p>\n","protected":false},"excerpt":{"rendered":"<p>Bleiben Sie sicher mit Panda Dome Advanced! Erhalten Sie erweiterten Virenschutz, Identit\u00e4tsschutz und Kindersicherung f\u00fcr sichereres Surfen im Internet. <\/p>\n","protected":false},"featured_media":17486,"comment_status":"open","ping_status":"closed","template":"","meta":[],"product_brand":[],"product_cat":[234],"product_tag":[248],"class_list":{"0":"post-17523","1":"product","2":"type-product","3":"status-publish","4":"has-post-thumbnail","6":"product_cat-antivirus-sicherheit","7":"product_tag-panda-dome","9":"first","10":"outofstock","11":"shipping-taxable","12":"purchasable","13":"product-type-variable"},"_links":{"self":[{"href":"https:\/\/orkza.com\/de\/wp-json\/wp\/v2\/product\/17523","targetHints":{"allow":["GET"]}}],"collection":[{"href":"https:\/\/orkza.com\/de\/wp-json\/wp\/v2\/product"}],"about":[{"href":"https:\/\/orkza.com\/de\/wp-json\/wp\/v2\/types\/product"}],"replies":[{"embeddable":true,"href":"https:\/\/orkza.com\/de\/wp-json\/wp\/v2\/comments?post=17523"}],"version-history":[{"count":0,"href":"https:\/\/orkza.com\/de\/wp-json\/wp\/v2\/product\/17523\/revisions"}],"wp:featuredmedia":[{"embeddable":true,"href":"https:\/\/orkza.com\/de\/wp-json\/wp\/v2\/media\/17486"}],"wp:attachment":[{"href":"https:\/\/orkza.com\/de\/wp-json\/wp\/v2\/media?parent=17523"}],"wp:term":[{"taxonomy":"product_brand","embeddable":true,"href":"https:\/\/orkza.com\/de\/wp-json\/wp\/v2\/product_brand?post=17523"},{"taxonomy":"product_cat","embeddable":true,"href":"https:\/\/orkza.com\/de\/wp-json\/wp\/v2\/product_cat?post=17523"},{"taxonomy":"product_tag","embeddable":true,"href":"https:\/\/orkza.com\/de\/wp-json\/wp\/v2\/product_tag?post=17523"}],"curies":[{"name":"wp","href":"https:\/\/api.w.org\/{rel}","templated":true}]}}