{"id":17517,"date":"2024-11-03T22:30:41","date_gmt":"2024-11-03T22:30:41","guid":{"rendered":"https:\/\/orkza.com\/product\/ccleaner-pro-plus-multi-device-1-year-key\/"},"modified":"2026-02-26T06:01:56","modified_gmt":"2026-02-26T06:01:56","slug":"ccleaner-pro-plus-multi-device-1-year-key","status":"publish","type":"product","link":"https:\/\/orkza.com\/de\/produkt\/ccleaner-pro-plus-multi-device-1-year-key\/","title":{"rendered":"CCleaner Pro Plus Multi-Device 1-Jahres-Key"},"content":{"rendered":"<h2>CCleaner Pro Plus \u2013 All-in-One-PC-Optimierung f\u00fcr Geschwindigkeit, Sicherheit und Leistung<\/h2>\n<p>CCleaner Pro Plus ist das ultimative PC-Optimierungs-Toolkit \u2013 als praktische Suite mit leistungsstarken Funktionen f\u00fcr Reinigung, Performance und Sicherheit. Es ist das Schweizer Taschenmesser f\u00fcr die PC-Reinigung und wird weltweit von Millionen Nutzerinnen und Nutzern gesch\u00e4tzt. <a href=\"https:\/\/www.ccleaner.com\/ccleaner\" target=\"_blank\" rel=\"noopener\">CCleaner<\/a> Pro Plus verbessert die Ger\u00e4tegesundheit dank einfacher Bedienung, entfernt Junk-Dateien, beschleunigt das System, sch\u00fctzt die Privatsph\u00e4re und vieles mehr. <\/p>\n<p><img decoding=\"async\" class=\"alignnone wp-image-3880\" src=\"https:\/\/orkza.com\/wp-content\/uploads\/2024\/11\/ccleaner-KEY-FEATURES-400x195.png\" alt=\"CCleaner Pro Plus \u2013 Hauptfunktionen\" width=\"804\" height=\"392\" title=\"\" srcset=\"https:\/\/orkza.com\/wp-content\/uploads\/2024\/11\/ccleaner-KEY-FEATURES-400x195.png 400w, https:\/\/orkza.com\/wp-content\/uploads\/2024\/11\/ccleaner-KEY-FEATURES-430x210.png 430w, https:\/\/orkza.com\/wp-content\/uploads\/2024\/11\/ccleaner-KEY-FEATURES-150x73.png 150w, https:\/\/orkza.com\/wp-content\/uploads\/2024\/11\/ccleaner-KEY-FEATURES-700x342.png 700w, https:\/\/orkza.com\/wp-content\/uploads\/2024\/11\/ccleaner-KEY-FEATURES-768x375.png 768w, https:\/\/orkza.com\/wp-content\/uploads\/2024\/11\/ccleaner-KEY-FEATURES.png 1024w\" sizes=\"(max-width: 804px) 100vw, 804px\" \/><\/p>\n<h3>PC-Leistung bereinigen und steigern<\/h3>\n<p>CCleaner Pro Plus scannt und entfernt unerw\u00fcnschte Dateien, Datenm\u00fcll, tempor\u00e4re Daten und \u00fcber die Zeit angesammelte Reste, die die Leistung Ihres PCs beeintr\u00e4chtigen. Eine Kernfunktion ist, dass es Ihnen hilft, Speicherplatz freizugeben, die Systemlast zu reduzieren und so bessere Leistung zu erm\u00f6glichen. Der enthaltene Autostart-Manager gibt Ihnen Kontrolle dar\u00fcber, wie und warum Startprozesse ausgef\u00fchrt werden, damit der Bootvorgang schneller wird. Der Registry Cleaner repariert fehlerhafte Eintr\u00e4ge und entfernt veraltete Registry-Elemente, um Abst\u00fcrze und Einfrieren zu vermeiden.   <\/p>\n<h3>Verbesserte Sicherheit und Schutz der Privatsph\u00e4re<\/h3>\n<p>Neben der Leistungsoptimierung enth\u00e4lt CCleaner Pro Plus auch Datenschutz-Tools, die Ihre Nutzerdaten sch\u00fctzen. Datenschutz: L\u00f6scht Ihren Browserverlauf, Cache und Cookies in allen g\u00e4ngigen Browsern, damit niemand Ihre Online-Aktivit\u00e4ten nachverfolgen kann. Der Datei-Schredder: Mit CCleaner k\u00f6nnen Sie sensible Dateien dauerhaft l\u00f6schen, die niemand wiederherstellen soll. Solche Tools sind f\u00fcr Nutzerinnen und Nutzer, die besonderen Wert auf Privatsph\u00e4re legen und ihre Daten in den richtigen H\u00e4nden wissen m\u00f6chten.   <\/p>\n<h3>Zus\u00e4tzliche Tools f\u00fcr umfassendes Systemmanagement<\/h3>\n<p>Mit CCleaner Pro Plus erhalten Sie au\u00dferdem zus\u00e4tzliche Tools, um Ihr System zu verwalten und zu warten. Der Software Updater aktualisiert Anwendungen auf die neuesten Versionen, um Sicherheitsl\u00fccken zu vermeiden, und Drive Wiper \u00fcberschreibt ungenutzten Speicherplatz, um Datenwiederherstellung zu verhindern. Mit diesen Zusatzfunktionen haben Sie die volle Kontrolle \u00fcber die PC-Wartung \u2013 alles, was Ihr System gesund und sicher h\u00e4lt.  <\/p>\n<h3>Aktivierungsanleitung<\/h3>\n<p><img decoding=\"async\" class=\"alignnone wp-image-3778\" src=\"https:\/\/orkza.com\/wp-content\/uploads\/2024\/11\/ccleaner-ACTIVAITON-GUIDE-400x195.png\" alt=\"\" width=\"810\" height=\"395\" title=\"\" srcset=\"https:\/\/orkza.com\/wp-content\/uploads\/2024\/11\/ccleaner-ACTIVAITON-GUIDE-400x195.png 400w, https:\/\/orkza.com\/wp-content\/uploads\/2024\/11\/ccleaner-ACTIVAITON-GUIDE-430x210.png 430w, https:\/\/orkza.com\/wp-content\/uploads\/2024\/11\/ccleaner-ACTIVAITON-GUIDE-150x73.png 150w, https:\/\/orkza.com\/wp-content\/uploads\/2024\/11\/ccleaner-ACTIVAITON-GUIDE-700x342.png 700w, https:\/\/orkza.com\/wp-content\/uploads\/2024\/11\/ccleaner-ACTIVAITON-GUIDE-768x375.png 768w, https:\/\/orkza.com\/wp-content\/uploads\/2024\/11\/ccleaner-ACTIVAITON-GUIDE.png 1024w\" sizes=\"(max-width: 810px) 100vw, 810px\" \/><\/p>\n<p>Aktivieren Sie CCleaner Pro Plus, um erweiterte Reinigungs- und Optimierungsfunktionen freizuschalten, die Ihr System reibungslos und effizient laufen lassen. Mit einer aktivierten Version profitieren Sie von besserer Leistung, Echtzeit-\u00dcberwachung und automatischen Updates f\u00fcr optimale Ger\u00e4tegesundheit. Folgen Sie unserer einfachen <a href=\"https:\/\/orkza.com\/de\/ccleaner-activation-guide\/\" target=\"_blank\" rel=\"noopener\">Ccleaner-Aktivierungsanleitung<\/a>.  <\/p>\n<h3><strong>Minimale Systemanforderungen<\/strong><\/h3>\n<ul>\n<li>OS: Windows 7, 8, 10, 11 (32- oder 64-Bit)<\/li>\n<li>Prozessor: 1 GHz oder schneller<\/li>\n<li>Arbeitsspeicher: 1 GB RAM<\/li>\n<li>Speicher: 200 MB verf\u00fcgbarer Speicherplatz<\/li>\n<\/ul>\n<h3><strong>Empfohlene Systemanforderungen<\/strong><\/h3>\n<ul>\n<li>OS: Windows 10, 11 (64-Bit)<\/li>\n<li>Prozessor: 2 GHz oder schneller<\/li>\n<li>Arbeitsspeicher: 2 GB RAM oder mehr<\/li>\n<li>Speicher: 200 MB verf\u00fcgbarer Speicherplatz<\/li>\n<\/ul>\n<p><strong>Sehen Sie sich unser Neuestes an:<\/strong> <a href=\"https:\/\/orkza.com\/de\/produkt-kategorie\/software\/\" target=\"_blank\" rel=\"noopener\">Software<\/a><\/p>\n","protected":false},"excerpt":{"rendered":"<p>Optimieren Sie Ihren PC mit CCleaner Pro Plus! Entfernen Sie Datenm\u00fcll, steigern Sie die Geschwindigkeit, sch\u00fctzen Sie Ihre Privatsph\u00e4re und verwalten Sie Updates f\u00fcr maximale Leistung. <\/p>\n","protected":false},"featured_media":17518,"comment_status":"open","ping_status":"closed","template":"","meta":[],"product_brand":[],"product_cat":[238],"product_tag":[244],"class_list":{"0":"post-17517","1":"product","2":"type-product","3":"status-publish","4":"has-post-thumbnail","6":"product_cat-dienstprogramme","7":"product_tag-ccleaner","9":"first","10":"instock","11":"sale","12":"shipping-taxable","13":"purchasable","14":"product-type-variable"},"_links":{"self":[{"href":"https:\/\/orkza.com\/de\/wp-json\/wp\/v2\/product\/17517","targetHints":{"allow":["GET"]}}],"collection":[{"href":"https:\/\/orkza.com\/de\/wp-json\/wp\/v2\/product"}],"about":[{"href":"https:\/\/orkza.com\/de\/wp-json\/wp\/v2\/types\/product"}],"replies":[{"embeddable":true,"href":"https:\/\/orkza.com\/de\/wp-json\/wp\/v2\/comments?post=17517"}],"version-history":[{"count":0,"href":"https:\/\/orkza.com\/de\/wp-json\/wp\/v2\/product\/17517\/revisions"}],"wp:featuredmedia":[{"embeddable":true,"href":"https:\/\/orkza.com\/de\/wp-json\/wp\/v2\/media\/17518"}],"wp:attachment":[{"href":"https:\/\/orkza.com\/de\/wp-json\/wp\/v2\/media?parent=17517"}],"wp:term":[{"taxonomy":"product_brand","embeddable":true,"href":"https:\/\/orkza.com\/de\/wp-json\/wp\/v2\/product_brand?post=17517"},{"taxonomy":"product_cat","embeddable":true,"href":"https:\/\/orkza.com\/de\/wp-json\/wp\/v2\/product_cat?post=17517"},{"taxonomy":"product_tag","embeddable":true,"href":"https:\/\/orkza.com\/de\/wp-json\/wp\/v2\/product_tag?post=17517"}],"curies":[{"name":"wp","href":"https:\/\/api.w.org\/{rel}","templated":true}]}}