{"id":17499,"date":"2025-03-02T14:52:36","date_gmt":"2025-03-02T14:52:36","guid":{"rendered":"https:\/\/orkza.com\/product\/avast-premium-security-multi-device-digital-key\/"},"modified":"2026-02-26T06:01:23","modified_gmt":"2026-02-26T06:01:23","slug":"avast-premium-security-multi-device-digital-key","status":"publish","type":"product","link":"https:\/\/orkza.com\/de\/produkt\/avast-premium-security-multi-device-digital-key\/","title":{"rendered":"Avast Premium Security Multi-Device Digital Key"},"content":{"rendered":"<h2 data-nodeid=\"1\">Avast Premium Security: Ultimativer Schutz f\u00fcr Ihre Online-Welt<\/h2>\n<p data-pm-slice=\"1 1 []\"><a href=\"https:\/\/www.avast.com\/premium-security\" target=\"_blank\" rel=\"noopener\">Avast Premium Security<\/a> ist ein vielseitiges Cybersicherheits-Tool, das Ihre Ger\u00e4te vor Viren, Malware, Phishing-Angriffen und Ransomware sch\u00fctzt. Es verf\u00fcgt \u00fcber mehrschichtige Sicherheitsfunktionen zum Schutz Ihrer pers\u00f6nlichen Daten, Passw\u00f6rter und Online-Aktivit\u00e4ten. Avast Premium Security sch\u00fctzt Sie in Echtzeit vor digitalen Bedrohungen, egal was Sie online tun \u2013 Surfen, Shoppen oder Banking.  <\/p>\n<p data-nodeid=\"1\"><img decoding=\"async\" class=\"alignnone wp-image-3128\" src=\"https:\/\/orkza.com\/wp-content\/uploads\/2024\/10\/Avast-Key-Features-400x147.jpg\" alt=\"Avast Premium Security\" width=\"473\" height=\"174\" title=\"\" srcset=\"https:\/\/orkza.com\/wp-content\/uploads\/2024\/10\/Avast-Key-Features-400x147.jpg 400w, https:\/\/orkza.com\/wp-content\/uploads\/2024\/10\/Avast-Key-Features-430x158.jpg 430w, https:\/\/orkza.com\/wp-content\/uploads\/2024\/10\/Avast-Key-Features-150x55.jpg 150w, https:\/\/orkza.com\/wp-content\/uploads\/2024\/10\/Avast-Key-Features-700x257.jpg 700w, https:\/\/orkza.com\/wp-content\/uploads\/2024\/10\/Avast-Key-Features-768x282.jpg 768w, https:\/\/orkza.com\/wp-content\/uploads\/2024\/10\/Avast-Key-Features.jpg 1200w\" sizes=\"(max-width: 473px) 100vw, 473px\" \/><\/p>\n<h3>Echtzeit-Virenschutz<\/h3>\n<p>Avast Premium Security ist auf fortschrittliche Antiviren-Technologie spezialisiert, die Malware, Spyware und Ransomware in Echtzeit erkennt und entfernt. Die KI-basierte Scan-Engine verhindert aktiv, dass Bedrohungen Ihr Ger\u00e4t angreifen, bevor sie Schaden anrichten k\u00f6nnen. <\/p>\n<h3>Schutz vor Ransomware und Phishing<\/h3>\n<p>Ransomware ist eine Form von Cyberbedrohung, die Ihre Dateien verschl\u00fcsseln und dann ein L\u00f6segeld f\u00fcr den Zugriff verlangen kann. Avast Premium Security bietet einen Ransomware-Schutz, der verhindert, dass unbefugte Programme Ihre Dokumente \u00e4ndern oder verschl\u00fcsseln. Zudem verf\u00fcgt es \u00fcber Anti-Phishing-Technologie, um den Zugriff auf betr\u00fcgerische Websites und Links zu verhindern und Ihre sensiblen Daten zu sch\u00fctzen.  <\/p>\n<h3>Sicheres Online-Shopping und Banking<\/h3>\n<p>Nutzen Sie den SafeZone-Browser von Avast, um sicher online einzukaufen und Bankgesch\u00e4fte zu t\u00e4tigen. Die isolierte Umgebung ist verschl\u00fcsselt und sch\u00fctzt Ihr Geld sowie Ihre Zahlungsinformationen vor Keyloggern und Cyberdieben. <\/p>\n<h3>Erweiterte Firewall f\u00fcr verbesserten Schutz<\/h3>\n<p>Avast Premium Security ist mit einer proaktiven Firewall ausgestattet, die Ihr Ger\u00e4t vor Cyberkriminellen sch\u00fctzt. Sie \u00fcberwacht den ein- und ausgehenden Datenverkehr Ihres Computers, unterbindet unbefugten Zugriff und verhindert, dass Hacker Ihre Daten stehlen. <\/p>\n<h3>WLAN-Sicherheitsscanner<\/h3>\n<p>Egal ob in einem \u00f6ffentlichen oder privaten Netzwerk \u2013 Sie k\u00f6nnen Ziel von Cyberangriffen werden. Mit dem WLAN-Inspektor scannt Avast Ihr Netzwerk auf Schwachstellen und informiert Sie \u00fcber Sicherheitsrisiken, damit Sie besser vor Hackern gesch\u00fctzt sind. <\/p>\n<h3>Webcam-Schutz f\u00fcr die Privatsph\u00e4re<\/h3>\n<p>Webcams k\u00f6nnen gehackt werden, um Benutzer zu \u00fcberwachen. Der Webcam-Schutz ist in Avast Premium Security enthalten und benachrichtigt Sie, wenn eine Anwendung versucht, auf Ihre Webcam zuzugreifen, und sch\u00fctzt Sie so vor unerw\u00fcnschter Spionage. <\/p>\n<h3>Automatische Software-Updates<\/h3>\n<p>Veraltete Software kann Sicherheitsl\u00fccken aufweisen. Mit dem Software-Updater von Avast werden Ihre Anwendungen immer auf die neuesten Versionen aktualisiert, was hilft, Malware-Infektionen und Cyberangriffe zu vermeiden. <\/p>\n<p data-nodeid=\"7\"><a href=\"https:\/\/www.avast.com\/premium-security\" target=\"_blank\" rel=\"noopener\">Avast Download-Link<\/a><\/p>\n<p data-nodeid=\"7\"><a href=\"https:\/\/orkza.com\/de\/avast-activation-guide\/\" target=\"_blank\" rel=\"noopener\">Avast Aktivierungsanleitung<\/a><\/p>\n","protected":false},"excerpt":{"rendered":"<p>Avast Premium Security bietet fortschrittlichen Schutz vor Viren, Ransomware und Phishing. Bleiben Sie online sicher mit leistungsstarken Firewall- und Datenschutzfunktionen. <\/p>\n","protected":false},"featured_media":17501,"comment_status":"open","ping_status":"closed","template":"","meta":[],"product_brand":[],"product_cat":[234],"product_tag":[250],"class_list":{"0":"post-17499","1":"product","2":"type-product","3":"status-publish","4":"has-post-thumbnail","6":"product_cat-antivirus-sicherheit","7":"product_tag-avast","9":"first","10":"instock","11":"shipping-taxable","12":"purchasable","13":"product-type-variable"},"_links":{"self":[{"href":"https:\/\/orkza.com\/de\/wp-json\/wp\/v2\/product\/17499","targetHints":{"allow":["GET"]}}],"collection":[{"href":"https:\/\/orkza.com\/de\/wp-json\/wp\/v2\/product"}],"about":[{"href":"https:\/\/orkza.com\/de\/wp-json\/wp\/v2\/types\/product"}],"replies":[{"embeddable":true,"href":"https:\/\/orkza.com\/de\/wp-json\/wp\/v2\/comments?post=17499"}],"version-history":[{"count":0,"href":"https:\/\/orkza.com\/de\/wp-json\/wp\/v2\/product\/17499\/revisions"}],"wp:featuredmedia":[{"embeddable":true,"href":"https:\/\/orkza.com\/de\/wp-json\/wp\/v2\/media\/17501"}],"wp:attachment":[{"href":"https:\/\/orkza.com\/de\/wp-json\/wp\/v2\/media?parent=17499"}],"wp:term":[{"taxonomy":"product_brand","embeddable":true,"href":"https:\/\/orkza.com\/de\/wp-json\/wp\/v2\/product_brand?post=17499"},{"taxonomy":"product_cat","embeddable":true,"href":"https:\/\/orkza.com\/de\/wp-json\/wp\/v2\/product_cat?post=17499"},{"taxonomy":"product_tag","embeddable":true,"href":"https:\/\/orkza.com\/de\/wp-json\/wp\/v2\/product_tag?post=17499"}],"curies":[{"name":"wp","href":"https:\/\/api.w.org\/{rel}","templated":true}]}}