{"id":17485,"date":"2024-11-06T00:23:10","date_gmt":"2024-11-06T00:23:10","guid":{"rendered":"https:\/\/orkza.com\/product\/panda-dome-essential-antivirus-multi-device-key\/"},"modified":"2026-02-26T06:01:21","modified_gmt":"2026-02-26T06:01:21","slug":"panda-dome-essential-antivirus-multi-device-key","status":"publish","type":"product","link":"https:\/\/orkza.com\/de\/produkt\/panda-dome-essential-antivirus-multi-device-key\/","title":{"rendered":"Panda Dome Essential Antivirus Multi-Device-Key"},"content":{"rendered":"<h2>Panda Dome Essential \u2013 Basisschutz f\u00fcr Ihr digitales Leben<\/h2>\n<p><a href=\"https:\/\/www.pandasecurity.com\/en\/homeusers\/\" target=\"_blank\" rel=\"noopener\">Panda Dome<\/a> Essential ist eine effiziente, schlanke Antivirus-L\u00f6sung, die starken Echtzeit-Schutz vor verschiedensten Online-Bedrohungen bietet. Ideal f\u00fcr den t\u00e4glichen Schutz: Diese Software sch\u00fctzt Ihre Daten und bewahrt Sie vor Cyberbedrohungen wie Malware, Ransomware, Phishing-Betrug und mehr \u2013 und sichert dabei Ihr System. Panda Dome Essential bietet eine einfache, \u00fcbersichtliche Oberfl\u00e4che und einen unkomplizierten Einrichtungsprozess \u2013 die perfekte Wahl f\u00fcr Nutzer, die einen einfachen, aber wirksamen Schutz f\u00fcr ihre Ger\u00e4te suchen.  <\/p>\n<p><img decoding=\"async\" class=\"alignnone wp-image-3906\" src=\"https:\/\/orkza.com\/wp-content\/uploads\/2024\/11\/Panda-Dome-KEY-FEATURES-400x225.jpg\" alt=\"Panda Dome Essential \u2013 HAUPTFUNKTIONEN\" width=\"804\" height=\"452\" title=\"\" srcset=\"https:\/\/orkza.com\/wp-content\/uploads\/2024\/11\/Panda-Dome-KEY-FEATURES-400x225.jpg 400w, https:\/\/orkza.com\/wp-content\/uploads\/2024\/11\/Panda-Dome-KEY-FEATURES-430x242.jpg 430w, https:\/\/orkza.com\/wp-content\/uploads\/2024\/11\/Panda-Dome-KEY-FEATURES-150x84.jpg 150w, https:\/\/orkza.com\/wp-content\/uploads\/2024\/11\/Panda-Dome-KEY-FEATURES-700x394.jpg 700w, https:\/\/orkza.com\/wp-content\/uploads\/2024\/11\/Panda-Dome-KEY-FEATURES-768x432.jpg 768w, https:\/\/orkza.com\/wp-content\/uploads\/2024\/11\/Panda-Dome-KEY-FEATURES.jpg 1280w\" sizes=\"(max-width: 804px) 100vw, 804px\" \/><\/p>\n<h3>Echtzeit-Antivirus- und Anti-Phishing-Schutz<\/h3>\n<p>Panda Dome Essential verf\u00fcgt \u00fcber eine leistungsstarke Echtzeit-Antivirus-Engine, die stets im Hintergrund l\u00e4uft und Malware, Viren, Spyware und Ransomware scannt und erkennt. Die fortschrittliche Anti-Phishing-Technologie verhindert automatisch, dass Kriminelle beim Surfen oder Online-Shopping auf Ihre Daten zugreifen, indem gef\u00e4hrliche Websites und Links blockiert werden. Pandas cloudbasierte Scan-Technologie h\u00e4lt Ihr System schlank und reaktionsschnell und liefert Updates, die Sie kontinuierlich vor den neuesten Bedrohungen sch\u00fctzen.  <\/p>\n<h3>WLAN-Schutz und sicheres Surfen<\/h3>\n<p>Panda Dome Essential ist f\u00fcr die Sicherheit in Heim- und \u00f6ffentlichen WLANs konzipiert und enth\u00e4lt WLAN-Schutz, der Ihr Netzwerk vor unbefugtem Zugriff sch\u00fctzt. Diese Funktion warnt Sie vor m\u00f6glichen Schwachstellen und verhindert, dass Hacker auf Ihre Daten zugreifen. Zus\u00e4tzlich k\u00f6nnen Sie eine VPN-Funktion (mit begrenztem Datenvolumen) nutzen, um anonym im Internet zu surfen und Ihre Privatsph\u00e4re zu sch\u00fctzen.  <\/p>\n<h3>Benutzerfreundliche Oberfl\u00e4che mit schneller Einrichtung<\/h3>\n<p>Panda Dome Essential bietet ein vereinfachtes Design, das selbst unerfahrenen Nutzern den Zugriff auf Sicherheitsfunktionen erleichtert. Die schnelle Konfiguration und automatisierte Scan-Modi erm\u00f6glichen es Ihnen, den Schutz an Ihre Bed\u00fcrfnisse anzupassen, ohne die Nutzung zu beeintr\u00e4chtigen. Automatische Updates sorgen daf\u00fcr, dass die Software stets aktuell ist \u2013 so sind Sie immer mit den neuesten Sicherheits-Signaturen gesch\u00fctzt, ohne manuell etwas tun zu m\u00fcssen.  <\/p>\n<h3>Aktivierungsanleitung<\/h3>\n<p><img decoding=\"async\" class=\"alignnone wp-image-3905\" src=\"https:\/\/orkza.com\/wp-content\/uploads\/2024\/11\/Panda-Dome-Activation-GUIDE55-1-400x225.jpg\" alt=\"\" width=\"802\" height=\"451\" title=\"\" srcset=\"https:\/\/orkza.com\/wp-content\/uploads\/2024\/11\/Panda-Dome-Activation-GUIDE55-1-400x225.jpg 400w, https:\/\/orkza.com\/wp-content\/uploads\/2024\/11\/Panda-Dome-Activation-GUIDE55-1-430x242.jpg 430w, https:\/\/orkza.com\/wp-content\/uploads\/2024\/11\/Panda-Dome-Activation-GUIDE55-1-150x84.jpg 150w, https:\/\/orkza.com\/wp-content\/uploads\/2024\/11\/Panda-Dome-Activation-GUIDE55-1-700x394.jpg 700w, https:\/\/orkza.com\/wp-content\/uploads\/2024\/11\/Panda-Dome-Activation-GUIDE55-1-768x432.jpg 768w, https:\/\/orkza.com\/wp-content\/uploads\/2024\/11\/Panda-Dome-Activation-GUIDE55-1.jpg 1280w\" sizes=\"(max-width: 802px) 100vw, 802px\" \/><\/p>\n<p>Aktivieren Sie es, um leistungsstarke Antivirus- und Sicherheitsfunktionen freizuschalten, die Ihre Ger\u00e4te vor Malware, Ransomware und Online-Bedrohungen sch\u00fctzen. Sie erhalten Zugriff auf Echtzeit-Schutz, Firewall-Einstellungen und mehr. Folgen Sie unserer schnellen und einfachen <a href=\"https:\/\/orkza.com\/de\/panda-dome-activation-guide\/\" target=\"_blank\" rel=\"noopener\"><strong>Panda-Dome-Aktivierungsanleitung<\/strong><\/a>.  <\/p>\n<h3><strong>Minimale Systemanforderungen<\/strong><\/h3>\n<ul>\n<li>OS: Windows 7, 8, 10, 11 (32- oder 64-Bit), macOS X v10.10 oder h\u00f6her, Android 5.0 oder h\u00f6her, iOS 9.0 oder h\u00f6her<\/li>\n<li>Prozessor: 1 GHz oder schneller<\/li>\n<li>Arbeitsspeicher: 512 MB RAM f\u00fcr Windows; 1 GB RAM f\u00fcr macOS, Android und iOS<\/li>\n<li>Speicher: 200 MB verf\u00fcgbarer Speicherplatz<\/li>\n<\/ul>\n<h3><strong>Empfohlene Systemanforderungen<\/strong><\/h3>\n<ul>\n<li>OS: Windows 10, 11 (64-Bit), macOS X v10.12 oder h\u00f6her, Android 6.0 oder h\u00f6her, iOS 10.0 oder h\u00f6her<\/li>\n<li>Prozessor: 2 GHz oder schneller<\/li>\n<li>Arbeitsspeicher: 1 GB RAM oder mehr<\/li>\n<li>Speicher: 200 MB verf\u00fcgbarer Speicherplatz<\/li>\n<\/ul>\n<p><strong>Sehen Sie sich unsere neuesten an:<\/strong> <a href=\"https:\/\/orkza.com\/de\/produkt-kategorie\/software\/\" target=\"_blank\" rel=\"noopener\">Software<\/a><\/p>\n<p><a href=\"https:\/\/orkza.com\/de\/produkt\/panda-dome-advanced-antivirus-multi-device-key\/\" target=\"_blank\" rel=\"noopener\">Panda Dome Advanced<\/a> &amp; <a href=\"https:\/\/orkza.com\/de\/produkt\/panda-dome-complete-antivirus-multi-device-key\/\" target=\"_blank\" rel=\"noopener\">Panda Dome Complete<\/a><\/p>\n","protected":false},"excerpt":{"rendered":"<p>Sch\u00fctzen Sie Ihre Ger\u00e4te mit Panda Dome Essential! Profitieren Sie von Echtzeit-Antivirus, WLAN-Sicherheit und sicherem Surfen \u2013 f\u00fcr ein sicheres digitales Leben. <\/p>\n","protected":false},"featured_media":17488,"comment_status":"open","ping_status":"closed","template":"","meta":[],"product_brand":[],"product_cat":[234],"product_tag":[248],"class_list":{"0":"post-17485","1":"product","2":"type-product","3":"status-publish","4":"has-post-thumbnail","6":"product_cat-antivirus-sicherheit","7":"product_tag-panda-dome","9":"first","10":"outofstock","11":"shipping-taxable","12":"purchasable","13":"product-type-variable"},"_links":{"self":[{"href":"https:\/\/orkza.com\/de\/wp-json\/wp\/v2\/product\/17485","targetHints":{"allow":["GET"]}}],"collection":[{"href":"https:\/\/orkza.com\/de\/wp-json\/wp\/v2\/product"}],"about":[{"href":"https:\/\/orkza.com\/de\/wp-json\/wp\/v2\/types\/product"}],"replies":[{"embeddable":true,"href":"https:\/\/orkza.com\/de\/wp-json\/wp\/v2\/comments?post=17485"}],"version-history":[{"count":0,"href":"https:\/\/orkza.com\/de\/wp-json\/wp\/v2\/product\/17485\/revisions"}],"wp:featuredmedia":[{"embeddable":true,"href":"https:\/\/orkza.com\/de\/wp-json\/wp\/v2\/media\/17488"}],"wp:attachment":[{"href":"https:\/\/orkza.com\/de\/wp-json\/wp\/v2\/media?parent=17485"}],"wp:term":[{"taxonomy":"product_brand","embeddable":true,"href":"https:\/\/orkza.com\/de\/wp-json\/wp\/v2\/product_brand?post=17485"},{"taxonomy":"product_cat","embeddable":true,"href":"https:\/\/orkza.com\/de\/wp-json\/wp\/v2\/product_cat?post=17485"},{"taxonomy":"product_tag","embeddable":true,"href":"https:\/\/orkza.com\/de\/wp-json\/wp\/v2\/product_tag?post=17485"}],"curies":[{"name":"wp","href":"https:\/\/api.w.org\/{rel}","templated":true}]}}