{"id":17468,"date":"2025-03-02T14:52:42","date_gmt":"2025-03-02T14:52:42","guid":{"rendered":"https:\/\/orkza.com\/product\/avast-ultimate-multi-device-digital-key\/"},"modified":"2026-02-26T06:01:10","modified_gmt":"2026-02-26T06:01:10","slug":"avast-ultimate-multi-device-digital-key","status":"publish","type":"product","link":"https:\/\/orkza.com\/de\/produkt\/avast-ultimate-multi-device-digital-key\/","title":{"rendered":"Avast Ultimate Multi-Device Digital Key"},"content":{"rendered":"<h2 data-nodeid=\"1\">Avast Ultimate: Die umfassende Sicherheits- und Leistungsl\u00f6sung<\/h2>\n<p data-pm-slice=\"1 1 []\"><a href=\"https:\/\/www.avast.com\/free-antivirus-download\" target=\"_blank\" rel=\"noopener\">Avast Ultimate<\/a> Fortschrittlicher Antivirus, Datenschutz und PC-Leistungstools in einer Suite. Es vereint Avasts Flaggschiff-Software, einschlie\u00dflich Avast Premium Security, Avast Cleanup Premium, Avast SecureLine VPN und Avast AntiTrack, f\u00fcr un\u00fcbertroffene Sicherheit, Datenschutz und Geschwindigkeit Ihrer Ger\u00e4te. <\/p>\n<p data-nodeid=\"1\"><img decoding=\"async\" class=\"alignnone wp-image-3128\" src=\"https:\/\/orkza.com\/wp-content\/uploads\/2024\/10\/Avast-Key-Features-400x147.jpg\" alt=\"Avast Ultimate\" width=\"473\" height=\"174\" title=\"\" srcset=\"https:\/\/orkza.com\/wp-content\/uploads\/2024\/10\/Avast-Key-Features-400x147.jpg 400w, https:\/\/orkza.com\/wp-content\/uploads\/2024\/10\/Avast-Key-Features-430x158.jpg 430w, https:\/\/orkza.com\/wp-content\/uploads\/2024\/10\/Avast-Key-Features-150x55.jpg 150w, https:\/\/orkza.com\/wp-content\/uploads\/2024\/10\/Avast-Key-Features-700x257.jpg 700w, https:\/\/orkza.com\/wp-content\/uploads\/2024\/10\/Avast-Key-Features-768x282.jpg 768w, https:\/\/orkza.com\/wp-content\/uploads\/2024\/10\/Avast-Key-Features.jpg 1200w\" sizes=\"(max-width: 473px) 100vw, 473px\" \/><\/p>\n<h3>Hochwertige Antivirus-Schutz mit Avast Premium Security<\/h3>\n<p>Avast Ultimate beinhaltet Avast Premium Security, eine robuste Antivirus-L\u00f6sung, die Benutzer vor Viren, Malware, Phishing und Ransomware sch\u00fctzt. Dies umfasst Echtzeitschutz, eine intelligente Firewall und Anti-Ransomware-Funktionen, die alle darauf ausgelegt sind, Ihre Daten vor Online-Bedrohungen zu sch\u00fctzen. <\/p>\n<h3>Bereinigung f\u00fcr Leistung und Systempr\u00fcfungen mit Avast Cleanup Premium<\/h3>\n<p>Ihr Computer wird im Laufe der Jahre durch Datenm\u00fcll, Bloatware und veraltete Einstellungen langsamer. Avast Cleanup Premium \u2013 Teil von Avast Ultimate \u2013 bereinigt unn\u00f6tige Dateien, optimiert die Leistung Ihres PCs und verl\u00e4ngert sogar die Akkulaufzeit mit dem patentierten Ruhemodus, damit Sie schneller und reibungsloser surfen k\u00f6nnen. <\/p>\n<h3>Sicheres und privates Surfen mit Avast SecureLine VPN<\/h3>\n<p>Im Internetzeitalter ist Online-Privatsph\u00e4re das Wichtigste. Avast SecureLine VPN verschl\u00fcsselt Ihre Internetverbindung, damit Ihr Surfen, Ihre Bank- und pers\u00f6nlichen Daten nicht gehackt oder verfolgt werden k\u00f6nnen. Greifen Sie auf sichere Server weltweit zu mit schnellem VPN-Schutz, um frei zu surfen und Geo-Beschr\u00e4nkungen zu umgehen.  <\/p>\n<h3>Avast AntiTrack f\u00fcr Anti-Tracking-Schutz<\/h3>\n<p>Daten \u00fcber alle Ihre Online-Aktivit\u00e4ten werden von verschiedenen Websites und Werbetreibenden gesammelt. Avast AntiTrack h\u00e4lt Ihre Online-Identit\u00e4t verborgen, indem es Tracking-Cookies blockiert, Ihren digitalen Fingerabdruck verschleiert und l\u00e4stige Werbung stoppt, die Ihnen im Internet folgt. <\/p>\n<h3>Automatische Software-Updates f\u00fcr Sicherheit<\/h3>\n<p>Veraltete Software kann Sicherheitsl\u00fccken hinterlassen. Avast Ultimate verf\u00fcgt \u00fcber automatische Software-Updates, um Ihre Programme auf dem neuesten Stand zu halten und Ihr Risiko von Cyber-Bedrohungen und Datenschutzverletzungen zu verringern. <\/p>\n<h3>Umfassende Cybersicherheitsabdeckung<\/h3>\n<p>Avast Ultimate bietet ein einziges Abonnement, das alles abdeckt \u2013 Sicherheit, Datenschutz und Leistung. Diese Suite enth\u00e4lt alles, was Sie f\u00fcr Anti-Malware, Systemoptimierung, sicheres Surfen und Anti-Tracking ben\u00f6tigen. <\/p>\n<p data-nodeid=\"7\"><a href=\"https:\/\/www.avast.com\/free-antivirus-download\" target=\"_blank\" rel=\"noopener\">Avast Download-Link<\/a><\/p>\n<p data-nodeid=\"7\"><a href=\"https:\/\/orkza.com\/de\/avast-activation-guide\/\" target=\"_blank\" rel=\"noopener\">Avast Aktivierungsanleitung<\/a><\/p>\n","protected":false},"excerpt":{"rendered":"<p>Avast Ultimate bietet umfassende Sicherheit, Datenschutz und Leistung mit Antivirus, VPN, Bereinigung und Anti-Tracking-Tools. Bleiben Sie gesch\u00fctzt und optimieren Sie Ihr Ger\u00e4t! <\/p>\n","protected":false},"featured_media":17469,"comment_status":"open","ping_status":"closed","template":"","meta":[],"product_brand":[],"product_cat":[234],"product_tag":[250],"class_list":{"0":"post-17468","1":"product","2":"type-product","3":"status-publish","4":"has-post-thumbnail","6":"product_cat-antivirus-sicherheit","7":"product_tag-avast","9":"first","10":"instock","11":"shipping-taxable","12":"purchasable","13":"product-type-variable"},"_links":{"self":[{"href":"https:\/\/orkza.com\/de\/wp-json\/wp\/v2\/product\/17468","targetHints":{"allow":["GET"]}}],"collection":[{"href":"https:\/\/orkza.com\/de\/wp-json\/wp\/v2\/product"}],"about":[{"href":"https:\/\/orkza.com\/de\/wp-json\/wp\/v2\/types\/product"}],"replies":[{"embeddable":true,"href":"https:\/\/orkza.com\/de\/wp-json\/wp\/v2\/comments?post=17468"}],"version-history":[{"count":0,"href":"https:\/\/orkza.com\/de\/wp-json\/wp\/v2\/product\/17468\/revisions"}],"wp:featuredmedia":[{"embeddable":true,"href":"https:\/\/orkza.com\/de\/wp-json\/wp\/v2\/media\/17469"}],"wp:attachment":[{"href":"https:\/\/orkza.com\/de\/wp-json\/wp\/v2\/media?parent=17468"}],"wp:term":[{"taxonomy":"product_brand","embeddable":true,"href":"https:\/\/orkza.com\/de\/wp-json\/wp\/v2\/product_brand?post=17468"},{"taxonomy":"product_cat","embeddable":true,"href":"https:\/\/orkza.com\/de\/wp-json\/wp\/v2\/product_cat?post=17468"},{"taxonomy":"product_tag","embeddable":true,"href":"https:\/\/orkza.com\/de\/wp-json\/wp\/v2\/product_tag?post=17468"}],"curies":[{"name":"wp","href":"https:\/\/api.w.org\/{rel}","templated":true}]}}