{"id":17451,"date":"2025-03-02T14:13:38","date_gmt":"2025-03-02T14:13:38","guid":{"rendered":"https:\/\/orkza.com\/product\/avast-cleanup-premium-multi-device-digital-key\/"},"modified":"2026-02-26T06:01:08","modified_gmt":"2026-02-26T06:01:08","slug":"avast-cleanup-premium-multi-device-digital-key","status":"publish","type":"product","link":"https:\/\/orkza.com\/de\/produkt\/avast-cleanup-premium-multi-device-digital-key\/","title":{"rendered":"Avast Cleanup Premium Multi-Device Digital Key"},"content":{"rendered":"<h2 data-nodeid=\"1\">Avast Cleanup Premium: Optimieren und beschleunigen Sie Ihren PC<\/h2>\n<p data-pm-slice=\"1 1 []\"><a href=\"https:\/\/www.avast.com\/cleanup#pc\" target=\"_blank\" rel=\"noopener\">Avast Cleanup Premium<\/a> ist ein fortschrittliches Tool, das entwickelt wurde, um Ihren PC zu reinigen, zu beschleunigen und zu optimieren. Im Laufe der Jahre sammeln sich auf Computern unter anderem Junk-Dateien, Angebote und im Hintergrund laufende Prozesse an, die sie langsamer machen. Avast Cleanup Premium bringt Ihr Ger\u00e4t wieder auf Touren, verbessert die Effizienz und gibt wertvollen Speicherplatz frei.  <\/p>\n<p data-nodeid=\"1\"><img decoding=\"async\" class=\"alignnone wp-image-3128\" src=\"https:\/\/orkza.com\/wp-content\/uploads\/2024\/10\/Avast-Key-Features-400x147.jpg\" alt=\"Avast Cleanup Premium\" width=\"473\" height=\"174\" title=\"\" srcset=\"https:\/\/orkza.com\/wp-content\/uploads\/2024\/10\/Avast-Key-Features-400x147.jpg 400w, https:\/\/orkza.com\/wp-content\/uploads\/2024\/10\/Avast-Key-Features-430x158.jpg 430w, https:\/\/orkza.com\/wp-content\/uploads\/2024\/10\/Avast-Key-Features-150x55.jpg 150w, https:\/\/orkza.com\/wp-content\/uploads\/2024\/10\/Avast-Key-Features-700x257.jpg 700w, https:\/\/orkza.com\/wp-content\/uploads\/2024\/10\/Avast-Key-Features-768x282.jpg 768w, https:\/\/orkza.com\/wp-content\/uploads\/2024\/10\/Avast-Key-Features.jpg 1200w\" sizes=\"(max-width: 473px) 100vw, 473px\" \/><\/p>\n<h3>Gr\u00fcndliche Junk-Reinigung f\u00fcr einen schnelleren PC<\/h3>\n<p data-pm-slice=\"1 1 []\">Avast Cleanup Premium sp\u00fcrt unn\u00f6tige Dateien, Caches und Protokolle in Ihrem gesamten System auf, die Speicherplatz belegen. Es entfernt tempor\u00e4re Dateien, defekte Verkn\u00fcpfungen und anderen digitalen M\u00fcll, um Festplattenspeicher freizugeben und die Leistung zu steigern. <\/p>\n<h3>Patentierter Schlafmodus f\u00fcr maximale Geschwindigkeit<\/h3>\n<p data-pm-slice=\"1 1 []\">Avast Cleanup Premium ist ein von Avast angebotenes Abonnement, dessen Hauptmerkmal ein patentierter Schlafmodus ist, der ressourcenfressende Apps in den Ruhezustand versetzt. Diese Funktion verbessert die Systemgeschwindigkeit und Reaktionsf\u00e4higkeit erheblich und macht die dauerhafte Deinstallation von Anwendungen \u00fcberfl\u00fcssig, indem Hintergrundprozesse vor\u00fcbergehend ausgesetzt werden, wenn sie nicht in Gebrauch sind. <\/p>\n<h3>Automatische Wartung f\u00fcr problemlose Optimierung<\/h3>\n<p data-pm-slice=\"1 1 []\">Avast Cleanup Premium verf\u00fcgt \u00fcber eine automatische Wartung, die Ihre Browser-Caches reinigt, alte Cookies l\u00f6scht und Registry-Fehler behebt. Dies stellt sicher, dass Ihr System ohne manuelles Eingreifen reibungslos l\u00e4uft. <\/p>\n<h3>Registry Cleaner f\u00fcr ein stabileres System<\/h3>\n<p>Eine \u00fcberladene Windows-Registry kann zu Abst\u00fcrzen, Fehlern und Verlangsamungen f\u00fchren. Avast Cleanup Premium enth\u00e4lt einen Registry Cleaner, der defekte oder veraltete Registry-Eintr\u00e4ge scannt und repariert, damit Ihr System stabil und effizient bleibt. <\/p>\n<h3>Bloatware-Entfernung zur Freigabe von Ressourcen<\/h3>\n<p data-pm-slice=\"1 1 []\">Dies kann zu Abst\u00fcrzen, Fehlern und Verlangsamungen in Windows f\u00fchren. Der Registry Cleaner scannt und repariert defekte oder alte Registry-Eintr\u00e4ge und h\u00e4lt Ihr System stabil und effizient. <\/p>\n<h3>Festplatten- und Browser-Bereinigung f\u00fcr mehr Speicher<\/h3>\n<p data-pm-slice=\"1 1 []\">Viele PCs verf\u00fcgen \u00fcber vorinstallierte Programme, die die Leistung beeintr\u00e4chtigen. Die Bloatware-Erkennung identifiziert und entfernt unn\u00f6tige Apps, Testversionen und veraltete Programme, um Ihre Systemleistung zu beschleunigen. <\/p>\n<h3>Programme mit einem Klick aktualisieren<\/h3>\n<p data-pm-slice=\"1 1 []\">Software-Updates sorgen f\u00fcr Stabilit\u00e4t, w\u00e4hrend veraltete Programme Ihr System tr\u00e4ge und anf\u00e4llig machen k\u00f6nnen. Avast w\u00e4hlt im Software Updater Updates f\u00fcr Sie aus und stellt sicher, dass Ihre Apps auf die neuesten Versionen aktualisiert werden \u2013 f\u00fcr bessere Leistung und Sicherheit. <\/p>\n<p data-nodeid=\"7\"><a href=\"https:\/\/www.avast.com\/cleanup#pc\" target=\"_blank\" rel=\"noopener\">Avast Download-Link<\/a><\/p>\n<p data-nodeid=\"7\"><a href=\"https:\/\/orkza.com\/de\/avast-activation-guide\/\" target=\"_blank\" rel=\"noopener\">Avast Aktivierungsanleitung<\/a><\/p>\n","protected":false},"excerpt":{"rendered":"<p>Steigern Sie die Geschwindigkeit Ihres PCs mit Avast Cleanup Premium. Entfernen Sie Datenm\u00fcll, optimieren Sie die Leistung und geben Sie Speicherplatz mit fortschrittlichen Reinigungstools frei. <\/p>\n","protected":false},"featured_media":17452,"comment_status":"open","ping_status":"closed","template":"","meta":[],"product_brand":[],"product_cat":[238],"product_tag":[250],"class_list":{"0":"post-17451","1":"product","2":"type-product","3":"status-publish","4":"has-post-thumbnail","6":"product_cat-dienstprogramme","7":"product_tag-avast","9":"first","10":"instock","11":"shipping-taxable","12":"purchasable","13":"product-type-variable"},"_links":{"self":[{"href":"https:\/\/orkza.com\/de\/wp-json\/wp\/v2\/product\/17451","targetHints":{"allow":["GET"]}}],"collection":[{"href":"https:\/\/orkza.com\/de\/wp-json\/wp\/v2\/product"}],"about":[{"href":"https:\/\/orkza.com\/de\/wp-json\/wp\/v2\/types\/product"}],"replies":[{"embeddable":true,"href":"https:\/\/orkza.com\/de\/wp-json\/wp\/v2\/comments?post=17451"}],"version-history":[{"count":0,"href":"https:\/\/orkza.com\/de\/wp-json\/wp\/v2\/product\/17451\/revisions"}],"wp:featuredmedia":[{"embeddable":true,"href":"https:\/\/orkza.com\/de\/wp-json\/wp\/v2\/media\/17452"}],"wp:attachment":[{"href":"https:\/\/orkza.com\/de\/wp-json\/wp\/v2\/media?parent=17451"}],"wp:term":[{"taxonomy":"product_brand","embeddable":true,"href":"https:\/\/orkza.com\/de\/wp-json\/wp\/v2\/product_brand?post=17451"},{"taxonomy":"product_cat","embeddable":true,"href":"https:\/\/orkza.com\/de\/wp-json\/wp\/v2\/product_cat?post=17451"},{"taxonomy":"product_tag","embeddable":true,"href":"https:\/\/orkza.com\/de\/wp-json\/wp\/v2\/product_tag?post=17451"}],"curies":[{"name":"wp","href":"https:\/\/api.w.org\/{rel}","templated":true}]}}