{"id":17446,"date":"2025-03-07T19:57:33","date_gmt":"2025-03-07T19:57:33","guid":{"rendered":"https:\/\/orkza.com\/product\/microsoft-windows-11-professional-retail-key\/"},"modified":"2026-02-26T06:00:58","modified_gmt":"2026-02-26T06:00:58","slug":"microsoft-windows-11-professional-retail-key","status":"publish","type":"product","link":"https:\/\/orkza.com\/de\/produkt\/microsoft-windows-11-professional-retail-key\/","title":{"rendered":"Microsoft Windows 11 Professional Retail Key"},"content":{"rendered":"<h2>Microsoft Windows 11 Professional: Das ultimative Betriebssystem f\u00fcr Produktivit\u00e4t &amp; Sicherheit<\/h2>\n<p>Microsoft <a href=\"https:\/\/www.microsoft.com\/en-us\/software-download\/windows11\" target=\"_blank\" rel=\"noopener\">Windows 11<\/a> Professional ist f\u00fcr Gesch\u00e4ftsleute, Power-User und Unternehmen konzipiert. Es bietet erweiterte Sicherheit, Produktivit\u00e4tstools und einfache Leistung. Windows 11 Pro bietet eine moderne und intuitive Benutzererfahrung mit robusten Sicherheitsfunktionen, einer benutzerfreundlichen Oberfl\u00e4che und gesch\u00e4ftsorientierten Funktionen f\u00fcr Desktop- und Mobile-Computing.  <\/p>\n<h2>Windows 11 PRO Hauptfunktionen<\/h2>\n<p><a href=\"https:\/\/orkza.com\/wp-content\/uploads\/2025\/03\/Windows-Key-Features.jpg\"><img decoding=\"async\" class=\"alignnone wp-image-4690\" src=\"https:\/\/orkza.com\/wp-content\/uploads\/2025\/03\/Windows-Key-Features-400x188.jpg\" alt=\"Windows 11 PRO Hauptfunktionen\" width=\"647\" height=\"304\" title=\"\" srcset=\"https:\/\/orkza.com\/wp-content\/uploads\/2025\/03\/Windows-Key-Features-400x188.jpg 400w, https:\/\/orkza.com\/wp-content\/uploads\/2025\/03\/Windows-Key-Features-430x202.jpg 430w, https:\/\/orkza.com\/wp-content\/uploads\/2025\/03\/Windows-Key-Features-150x71.jpg 150w, https:\/\/orkza.com\/wp-content\/uploads\/2025\/03\/Windows-Key-Features-700x329.jpg 700w, https:\/\/orkza.com\/wp-content\/uploads\/2025\/03\/Windows-Key-Features-768x361.jpg 768w, https:\/\/orkza.com\/wp-content\/uploads\/2025\/03\/Windows-Key-Features.jpg 1000w\" sizes=\"(max-width: 647px) 100vw, 647px\" \/><\/a><\/p>\n<h3>Verbesserte Sicherheit durch BitLocker-Verschl\u00fcsselung<\/h3>\n<p>Windows 11 Pro wurde mit Sicherheit als Priorit\u00e4t entwickelt. Die integrierte BitLocker-Verschl\u00fcsselung sch\u00fctzt Ihre sensiblen Daten, sodass selbst bei Verlust oder Diebstahl eines Ger\u00e4ts kein unbefugter Benutzer auf Ihre Dateien zugreifen kann. <\/p>\n<h3>Starker Schutz bei der Anmeldung mit Windows Hello &amp; Secure Boot<\/h3>\n<p>Sie k\u00f6nnen sich mit Gesichtserkennung\/Fingerabdruckscan oder einer PIN \u00fcber Windows Hello anmelden und auf Passw\u00f6rter verzichten. Secure Boot l\u00e4dt beim Start nur vertrauensw\u00fcrdige Software, was Malware-Angriffe auf Ihr System verhindern kann. <\/p>\n<h3>Remotedesktop f\u00fcr Arbeiten von \u00fcberall<\/h3>\n<p>Windows 11 Professional enth\u00e4lt eine Remotedesktop-Funktion, mit der Benutzer von jedem PC aus auf ihren PC zugreifen k\u00f6nnen. Ideal f\u00fcr Remote-Arbeit oder den Wechsel zwischen verschiedenen Systemen \u2013 diese Funktion ist zeitsparend und praktisch. <\/p>\n<h3>Hyper-V-Virtualisierung f\u00fcr Entwickler &amp; IT-Profis<\/h3>\n<p>Hyper-V f\u00fcr Entwickler und IT-Admins Hyper-V hilft Entwicklern und IT-Admins, virtuelle Maschinen zu erstellen. Benutzer k\u00f6nnen damit mehrere Betriebssysteme ausf\u00fchren, was f\u00fcr Softwaretests und -entwicklung hilfreich ist. <\/p>\n<h3>Gesch\u00e4ftsverwaltung mit Gruppenrichtlinien &amp; Dom\u00e4nenbeitritt<\/h3>\n<p>Gruppenrichtlinien und Dom\u00e4nenbeitritt bieten Ihnen mit Windows 11 Pro Kontrolle auf Unternehmensniveau. Diese Funktionen erm\u00f6glichen IT-Admins, Ger\u00e4te zu \u00fcberwachen, Sicherheitsrichtlinien durchzusetzen und die Compliance der Organisation aufrechtzuerhalten. <\/p>\n<h3>Nahtlose Integration mit Microsoft 365 &amp; Cloud-Diensten<\/h3>\n<p>Windows 11 Professional wurde f\u00fcr Microsoft 365 entwickelt und bietet einfachen Zugriff auf OneDrive, Teams und andere Cloud-Dienste. Es verf\u00fcgt \u00fcber integrierte Datenspeicherung und Produktivit\u00e4tstools, die eine effiziente Zusammenarbeit erm\u00f6glichen. <\/p>\n<h3>Multitasking mit Snap-Layouts und virtuellen Desktops<\/h3>\n<p>Windows 11 Pro erleichtert Multitasking mit Snap-Layouts, Snap-Gruppen und virtuellen Desktops, um Benutzern bei der Organisation von Fenstern zu helfen. Dies erm\u00f6glicht auch eine reibungslose und effiziente Verwaltung mehrerer Projekte. <\/p>\n<h3>Verbesserte Leistung &amp; Effizienz<\/h3>\n<p>Windows 11 Professional wurde entwickelt, um bessere Startzeiten, Energieverbrauch und Systemreaktionsf\u00e4higkeit zu bieten. Es ist f\u00fcr hohe Leistung auf moderner Hardware ausgelegt und unterst\u00fctzt Intel-, AMD- und ARM-basierte Prozessoren. <\/p>\n<h2>Warum Sie Windows 11 Professional erwerben sollten?<\/h2>\n<p>Windows 11 Pro wird f\u00fcr Gesch\u00e4ftsanwender, IT-Profis, Entwickler und Unternehmen empfohlen, die von erweiterter Sicherheit, Remotezugriff und Produktivit\u00e4tsfunktionen profitieren. Es bietet eine sichere, schnelle und professionelle Computerumgebung und ist damit eines der besten Betriebssysteme f\u00fcr Arbeits- und Gesch\u00e4ftsanforderungen. <\/p>\n<p><a href=\"https:\/\/www.microsoft.com\/en-us\/software-download\/windows11\" target=\"_blank\" rel=\"noopener\">Windows 11 Download<\/a><\/p>\n<p><a href=\"https:\/\/orkza.com\/de\/microsoft-windows-10-11-activation-guide\/\" target=\"_blank\" rel=\"noopener\">Windows-Aktivierungsanleitung<\/a><\/p>\n","protected":false},"excerpt":{"rendered":"<p>Windows 11 Professional bietet erweiterte Sicherheit, Remotedesktop, BitLocker-Verschl\u00fcsselung und verbesserte Produktivit\u00e4tstools. Upgraden Sie f\u00fcr ein nahtloses professionelles Erlebnis! <\/p>\n<p><a href=\"https:\/\/appsource.microsoft.com\/en-us\/marketplace\/partner-dir\/7b9ef294-bfae-4476-9a8a-aadc60e54e5d\/overview\" target=\"_blank\" rel=\"noopener\"><img decoding=\"async\" class=\"ls-is-cached lazyloaded alignleft\" src=\"https:\/\/orkza.com\/wp-content\/smush-webp\/2023\/07\/Orkza-Microsoft-Certified-Partner-Badge.png.webp\" alt=\"Microsoft Certified Partner\" width=\"157\" height=\"43\" data-src=\"https:\/\/orkza.com\/wp-content\/smush-webp\/2023\/07\/Orkza-Microsoft-Certified-Partner-Badge.png.webp\"><\/a><a href=\"https:\/\/main.prod.marketplacepartnerdirectory.azure.com\/en\/partners\/7b9ef294-bfae-4476-9a8a-aadc60e54e5d\/overview\" target=\"_blank\" rel=\"noopener\"><img decoding=\"async\" class=\"ls-is-cached lazyloaded alignleft\" src=\"https:\/\/orkza.com\/wp-content\/smush-webp\/2023\/07\/microsoft-Azure-Partner.png.webp\" alt=\"Azure Partner\" width=\"153\" height=\"44\" data-src=\"https:\/\/orkza.com\/wp-content\/smush-webp\/2023\/07\/microsoft-Azure-Partner.png.webp\"><\/a><\/p>\n","protected":false},"featured_media":17450,"comment_status":"open","ping_status":"closed","template":"","meta":[],"product_brand":[],"product_cat":[237],"product_tag":[214],"class_list":{"0":"post-17446","1":"product","2":"type-product","3":"status-publish","4":"has-post-thumbnail","6":"product_cat-betriebssystem","7":"product_tag-windows","9":"first","10":"instock","11":"virtual","12":"purchasable","13":"product-type-simple"},"_links":{"self":[{"href":"https:\/\/orkza.com\/de\/wp-json\/wp\/v2\/product\/17446","targetHints":{"allow":["GET"]}}],"collection":[{"href":"https:\/\/orkza.com\/de\/wp-json\/wp\/v2\/product"}],"about":[{"href":"https:\/\/orkza.com\/de\/wp-json\/wp\/v2\/types\/product"}],"replies":[{"embeddable":true,"href":"https:\/\/orkza.com\/de\/wp-json\/wp\/v2\/comments?post=17446"}],"version-history":[{"count":0,"href":"https:\/\/orkza.com\/de\/wp-json\/wp\/v2\/product\/17446\/revisions"}],"wp:featuredmedia":[{"embeddable":true,"href":"https:\/\/orkza.com\/de\/wp-json\/wp\/v2\/media\/17450"}],"wp:attachment":[{"href":"https:\/\/orkza.com\/de\/wp-json\/wp\/v2\/media?parent=17446"}],"wp:term":[{"taxonomy":"product_brand","embeddable":true,"href":"https:\/\/orkza.com\/de\/wp-json\/wp\/v2\/product_brand?post=17446"},{"taxonomy":"product_cat","embeddable":true,"href":"https:\/\/orkza.com\/de\/wp-json\/wp\/v2\/product_cat?post=17446"},{"taxonomy":"product_tag","embeddable":true,"href":"https:\/\/orkza.com\/de\/wp-json\/wp\/v2\/product_tag?post=17446"}],"curies":[{"name":"wp","href":"https:\/\/api.w.org\/{rel}","templated":true}]}}