{"id":17429,"date":"2025-03-02T14:53:33","date_gmt":"2025-03-02T14:53:33","guid":{"rendered":"https:\/\/orkza.com\/product\/avast-driver-updater-multi-device-digital-key\/"},"modified":"2026-02-26T06:00:56","modified_gmt":"2026-02-26T06:00:56","slug":"avast-driver-updater-multi-device-digital-key","status":"publish","type":"product","link":"https:\/\/orkza.com\/de\/produkt\/avast-driver-updater-multi-device-digital-key\/","title":{"rendered":"Avast Driver Updater Multi-Ger\u00e4te Digitale Lizenz"},"content":{"rendered":"<h2 data-nodeid=\"1\">Avast Driver Updater: Halten Sie Ihren PC mit aktuellen Treibern reibungslos am Laufen<\/h2>\n<p data-pm-slice=\"1 1 []\">Veraltete oder fehlende Treiber k\u00f6nnen zu Leistungseinbu\u00dfen, Systemabst\u00fcrzen und Hardwarefehlern f\u00fchren. <a href=\"https:\/\/www.avast.com\/driver-updater\" target=\"_blank\" rel=\"noopener\">Avast Driver Updater<\/a> scannt und repariert veraltete oder besch\u00e4digte Treiber und hilft, Ihren PC reibungslos und kompatibel mit der neuesten Software und Hardware zu halten.<\/p>\n<p data-nodeid=\"1\"><img decoding=\"async\" class=\"alignnone wp-image-3128\" src=\"https:\/\/orkza.com\/wp-content\/uploads\/2024\/10\/Avast-Key-Features-400x147.jpg\" alt=\"Avast Driver Updater\" width=\"473\" height=\"174\" title=\"\" srcset=\"https:\/\/orkza.com\/wp-content\/uploads\/2024\/10\/Avast-Key-Features-400x147.jpg 400w, https:\/\/orkza.com\/wp-content\/uploads\/2024\/10\/Avast-Key-Features-430x158.jpg 430w, https:\/\/orkza.com\/wp-content\/uploads\/2024\/10\/Avast-Key-Features-150x55.jpg 150w, https:\/\/orkza.com\/wp-content\/uploads\/2024\/10\/Avast-Key-Features-700x257.jpg 700w, https:\/\/orkza.com\/wp-content\/uploads\/2024\/10\/Avast-Key-Features-768x282.jpg 768w, https:\/\/orkza.com\/wp-content\/uploads\/2024\/10\/Avast-Key-Features.jpg 1200w\" sizes=\"(max-width: 473px) 100vw, 473px\" \/><\/p>\n<h3>Automatisches Scannen und Aktualisieren der Treiber<\/h3>\n<p>Treiber manuell zu aktualisieren kann zeitaufwendig und m\u00fchsam sein. Der Avast Driver Updater erkennt automatisch veraltete, fehlende oder besch\u00e4digte Treiber auf Ihrem System und bezieht die neuesten Treiber direkt von offiziellen Herstellern, wodurch Hardwarekonflikte und Systemfehler minimiert werden. <\/p>\n<h3>Verbessern Sie die Leistung und Stabilit\u00e4t Ihres PCs<\/h3>\n<p>Alte Treiber k\u00f6nnen Ihren PC verlangsamen, Abst\u00fcrze verursachen und Ihre Hardware besch\u00e4digen. Avast Driver Updater h\u00e4lt alle Treiber auf dem neuesten Stand, optimiert die Systemleistung, erh\u00f6ht die Geschwindigkeit und verbessert die Gesamtstabilit\u00e4t sowohl f\u00fcr die Arbeit als auch f\u00fcr Spiele. <\/p>\n<h3>Konnektivit\u00e4ts- und Soundprobleme beheben<\/h3>\n<p>Haben Sie Probleme mit Ihrem WLAN, Bluetooth oder Audio? Avast Driver Updater behebt Treiberprobleme im Zusammenhang mit Netzwerkadaptern, Soundkarten oder Bluetooth-Ger\u00e4ten und erm\u00f6glicht so eine nahtlose Konnektivit\u00e4t und klaren Sound. <\/p>\n<h3>Minimieren Sie Systemabst\u00fcrze und Fehler<\/h3>\n<p>Besch\u00e4digte oder inkompatible Treiber f\u00fchren zu h\u00e4ufigen Systemabst\u00fcrzen, Blue Screens of Death (BSOD) und Leistungseinbu\u00dfen. Avast Driver Updater scannt nach fehlerhaften Treibern, aktualisiert diese automatisch und behebt Fehler, die Ihrem System schaden. <\/p>\n<h3>Grafik- und Gaming-Leistung verbessern<\/h3>\n<p>Das Aktualisieren von Grafiktreibern verbessert die FPS, minimiert Verz\u00f6gerungen und gew\u00e4hrleistet die Kompatibilit\u00e4t mit neuen Spielen und Software f\u00fcr Gamer und Content-Ersteller. Mit Avast Driver Updater k\u00f6nnen Sie Ihre GPU-Treiber aktuell halten und die Leistung bei Spielen und Videorendering optimieren. <\/p>\n<h3>Updates mit einem Klick f\u00fcr sofortige &amp; alle Ger\u00e4te verwalten<\/h3>\n<p>Es funktioniert mit Tausenden von Hardwarekomponenten, einschlie\u00dflich Druckern, Scannern, Kameras und externen Laufwerken. Es erm\u00f6glicht Ihnen, alle Ger\u00e4te sofort mit einer Ein-Klick-Update-Funktion zu aktualisieren, selbst wenn Sie keine Computerkenntnisse besitzen. <\/p>\n<h3>Treiber einfach sichern und wiederherstellen<\/h3>\n<p>Avast Driver Updater sichert Ihre vorhandenen Treiber, bevor sie aktualisiert werden, sodass Sie bei Bedarf ein Rollback durchf\u00fchren k\u00f6nnen. Dies bietet eine zus\u00e4tzliche Schutzschicht gegen potenzielle Inkompatibilit\u00e4ten nach einem Update. <\/p>\n<p data-nodeid=\"7\"><a href=\"https:\/\/www.avast.com\/driver-updater\" target=\"_blank\" rel=\"noopener\">Avast Download-Link<\/a><\/p>\n<p data-nodeid=\"7\"><a href=\"https:\/\/orkza.com\/de\/avast-activation-guide\/\" target=\"_blank\" rel=\"noopener\">Avast Aktivierungsanleitung<\/a><\/p>\n","protected":false},"excerpt":{"rendered":"<p>Avast Driver Updater scannt, aktualisiert und repariert veraltete Treiber, um die PC-Leistung zu steigern, Fehler zu beheben und die Stabilit\u00e4t zu verbessern. Halten Sie Ihre Treiber einfach auf dem neuesten Stand! <\/p>\n","protected":false},"featured_media":17430,"comment_status":"open","ping_status":"closed","template":"","meta":[],"product_brand":[],"product_cat":[238],"product_tag":[250],"class_list":{"0":"post-17429","1":"product","2":"type-product","3":"status-publish","4":"has-post-thumbnail","6":"product_cat-dienstprogramme","7":"product_tag-avast","9":"first","10":"instock","11":"shipping-taxable","12":"purchasable","13":"product-type-variable"},"_links":{"self":[{"href":"https:\/\/orkza.com\/de\/wp-json\/wp\/v2\/product\/17429","targetHints":{"allow":["GET"]}}],"collection":[{"href":"https:\/\/orkza.com\/de\/wp-json\/wp\/v2\/product"}],"about":[{"href":"https:\/\/orkza.com\/de\/wp-json\/wp\/v2\/types\/product"}],"replies":[{"embeddable":true,"href":"https:\/\/orkza.com\/de\/wp-json\/wp\/v2\/comments?post=17429"}],"version-history":[{"count":0,"href":"https:\/\/orkza.com\/de\/wp-json\/wp\/v2\/product\/17429\/revisions"}],"wp:featuredmedia":[{"embeddable":true,"href":"https:\/\/orkza.com\/de\/wp-json\/wp\/v2\/media\/17430"}],"wp:attachment":[{"href":"https:\/\/orkza.com\/de\/wp-json\/wp\/v2\/media?parent=17429"}],"wp:term":[{"taxonomy":"product_brand","embeddable":true,"href":"https:\/\/orkza.com\/de\/wp-json\/wp\/v2\/product_brand?post=17429"},{"taxonomy":"product_cat","embeddable":true,"href":"https:\/\/orkza.com\/de\/wp-json\/wp\/v2\/product_cat?post=17429"},{"taxonomy":"product_tag","embeddable":true,"href":"https:\/\/orkza.com\/de\/wp-json\/wp\/v2\/product_tag?post=17429"}],"curies":[{"name":"wp","href":"https:\/\/api.w.org\/{rel}","templated":true}]}}