{"id":17412,"date":"2025-03-02T14:53:16","date_gmt":"2025-03-02T14:53:16","guid":{"rendered":"https:\/\/orkza.com\/product\/avast-antitrack-premium-multi-device-digital-key\/"},"modified":"2026-02-26T06:00:54","modified_gmt":"2026-02-26T06:00:54","slug":"avast-antitrack-premium-multi-device-digital-key","status":"publish","type":"product","link":"https:\/\/orkza.com\/de\/produkt\/avast-antitrack-premium-multi-device-digital-key\/","title":{"rendered":"Avast AntiTrack Premium Multi-Ger\u00e4t Digitaler Schl\u00fcssel"},"content":{"rendered":"<h2 data-nodeid=\"1\">Avast AntiTrack Premium: Sch\u00fctzen Sie Ihre Online-Privatsph\u00e4re<\/h2>\n<p data-pm-slice=\"1 1 []\">Denn heutzutage verfolgen Websites und Werbetreibende Ihre Online-Aktivit\u00e4ten und sammeln Ihre Daten. Stellen Sie sich einen m\u00e4chtigen, einbruchsicheren Ninja vor, der Ihre Online-Aktivit\u00e4ten vor unerw\u00fcnschten neugierigen Blicken sch\u00fctzt und Ihre digitale Identit\u00e4t intakt h\u00e4lt \u2013 das ist <a href=\"https:\/\/www.avast.com\/antitrack\" target=\"_blank\" rel=\"noopener\">Avast AntiTrack<\/a> Premium f\u00fcr Sie! <\/p>\n<p data-nodeid=\"1\"><img decoding=\"async\" class=\"alignnone wp-image-3128\" src=\"https:\/\/orkza.com\/wp-content\/uploads\/2024\/10\/Avast-Key-Features-400x147.jpg\" alt=\"Avast AntiTrack\" width=\"473\" height=\"174\" title=\"\" srcset=\"https:\/\/orkza.com\/wp-content\/uploads\/2024\/10\/Avast-Key-Features-400x147.jpg 400w, https:\/\/orkza.com\/wp-content\/uploads\/2024\/10\/Avast-Key-Features-430x158.jpg 430w, https:\/\/orkza.com\/wp-content\/uploads\/2024\/10\/Avast-Key-Features-150x55.jpg 150w, https:\/\/orkza.com\/wp-content\/uploads\/2024\/10\/Avast-Key-Features-700x257.jpg 700w, https:\/\/orkza.com\/wp-content\/uploads\/2024\/10\/Avast-Key-Features-768x282.jpg 768w, https:\/\/orkza.com\/wp-content\/uploads\/2024\/10\/Avast-Key-Features.jpg 1200w\" sizes=\"(max-width: 473px) 100vw, 473px\" \/><\/p>\n<h3>Erschweren Sie die R\u00fcckverfolgung Ihres digitalen Fu\u00dfabdrucks<\/h3>\n<p>Jedes Mal, wenn Sie eine Website besuchen, erstellt Ihr Browser einen einzigartigen Fingerabdruck, den Werbetreibende nutzen, um Sie zu verfolgen und Ihnen gezielte Werbung anzuzeigen. Avast AntiTrack Premium randomisiert Ihren Fingerabdruck, um es Websites zunehmend zu erschweren, Sie zu verfolgen und ein Profil Ihrer Online-Gewohnheiten zu erstellen. <\/p>\n<h3>Online-Tracker in Echtzeit blockieren<\/h3>\n<p>Versteckte Tracker auf vielen Websites \u00fcberwachen auch Ihre Browsing-Aktivit\u00e4ten. Ihre Daten und Privatsph\u00e4re sind mit der Echtzeit-Tracker-Erkennung von Avast AntiTrack Premium und der F\u00e4higkeit, Betrug zu verhindern, gesch\u00fctzt. <\/p>\n<h3>Seien Sie achtsam, welche pers\u00f6nlichen Informationen Sie teilen<\/h3>\n<p>Tracker sammeln Informationen wie Ihre IP-Adresse, Ihren physischen Standort und Ihre Browsing-Aktivit\u00e4ten, die verwendet werden k\u00f6nnen, um Ihnen gezielte Werbung anzuzeigen oder sogar an Dritte verkauft zu werden. Wir alle haben einzigartige Informationen \u00fcber uns selbst, und Avast AntiTrack Premium stellt sicher, dass unbefugter Zugriff auf diese Informationen niemals erfolgt, wodurch Ihre Online-Identit\u00e4t gesch\u00fctzt wird. <\/p>\n<h3>Gezielte Werbung und Preisdiskriminierung stoppen<\/h3>\n<p>Wenn Sie nach einem Produkt suchen, folgt Ihnen Online-Werbung, nicht wahr? Das liegt an Tracking-Cookies. Avast AntiTrack Premium blockiert diese Anzeigen, um zu verhindern, dass Werbetreibende sie mehrfach anzeigen. Gleichzeitig erh\u00f6hen Online-H\u00e4ndler auch nicht die Produktpreise basierend auf Ihrer Browser-Historie.   <\/p>\n<h3>Tracking-Cookies automatisch l\u00f6schen<\/h3>\n<p>Im Gegensatz zu gew\u00f6hnlichen Cookie-Reinigern bereinigt Avast AntiTrack Premium Tracking-Cookies eigenst\u00e4ndig, ohne Ihre wesentlichen Browsing-Daten zu l\u00f6schen. Mit anderen Worten, Sie bleiben privat, ohne Ihre Anmeldesitzungen oder wichtige Website-Einstellungen zu verlieren. <\/p>\n<h3>Benutzerfreundliches Datenschutz-Dashboard<\/h3>\n<p>Avast AntiTrack Premium verf\u00fcgt \u00fcber eine einfache und intuitive Benutzeroberfl\u00e4che, die anzeigt, welche Websites Sie verfolgen, und detaillierte Berichte \u00fcber blockiertes Tracking erstellt, wodurch Sie die vollst\u00e4ndige Kontrolle \u00fcber Ihre Online-Privatsph\u00e4re erhalten.<\/p>\n<p data-nodeid=\"7\"><a href=\"https:\/\/www.avast.com\/antitrack\" target=\"_blank\" rel=\"noopener\">Avast Download-Link<\/a><\/p>\n<p data-nodeid=\"7\"><a href=\"https:\/\/orkza.com\/de\/avast-activation-guide\/\" target=\"_blank\" rel=\"noopener\">Avast Aktivierungsanleitung<\/a><\/p>\n","protected":false},"excerpt":{"rendered":"<p>Avast AntiTrack Premium blockiert Online-Tracker, verbirgt Ihren digitalen Fingerabdruck und stoppt gezielte Werbung. Sch\u00fctzen Sie noch heute Ihre Privatsph\u00e4re und surfen Sie anonym! <\/p>\n","protected":false},"featured_media":17413,"comment_status":"open","ping_status":"closed","template":"","meta":[],"product_brand":[],"product_cat":[238],"product_tag":[250],"class_list":{"0":"post-17412","1":"product","2":"type-product","3":"status-publish","4":"has-post-thumbnail","6":"product_cat-dienstprogramme","7":"product_tag-avast","9":"first","10":"instock","11":"shipping-taxable","12":"purchasable","13":"product-type-variable"},"_links":{"self":[{"href":"https:\/\/orkza.com\/de\/wp-json\/wp\/v2\/product\/17412","targetHints":{"allow":["GET"]}}],"collection":[{"href":"https:\/\/orkza.com\/de\/wp-json\/wp\/v2\/product"}],"about":[{"href":"https:\/\/orkza.com\/de\/wp-json\/wp\/v2\/types\/product"}],"replies":[{"embeddable":true,"href":"https:\/\/orkza.com\/de\/wp-json\/wp\/v2\/comments?post=17412"}],"version-history":[{"count":0,"href":"https:\/\/orkza.com\/de\/wp-json\/wp\/v2\/product\/17412\/revisions"}],"wp:featuredmedia":[{"embeddable":true,"href":"https:\/\/orkza.com\/de\/wp-json\/wp\/v2\/media\/17413"}],"wp:attachment":[{"href":"https:\/\/orkza.com\/de\/wp-json\/wp\/v2\/media?parent=17412"}],"wp:term":[{"taxonomy":"product_brand","embeddable":true,"href":"https:\/\/orkza.com\/de\/wp-json\/wp\/v2\/product_brand?post=17412"},{"taxonomy":"product_cat","embeddable":true,"href":"https:\/\/orkza.com\/de\/wp-json\/wp\/v2\/product_cat?post=17412"},{"taxonomy":"product_tag","embeddable":true,"href":"https:\/\/orkza.com\/de\/wp-json\/wp\/v2\/product_tag?post=17412"}],"curies":[{"name":"wp","href":"https:\/\/api.w.org\/{rel}","templated":true}]}}