{"id":17396,"date":"2025-03-03T18:45:05","date_gmt":"2025-03-03T18:45:05","guid":{"rendered":"https:\/\/orkza.com\/product\/avg-driver-updater-multi-device-digital-key\/"},"modified":"2026-02-26T06:00:20","modified_gmt":"2026-02-26T06:00:20","slug":"avg-driver-updater-multi-device-digital-key","status":"publish","type":"product","link":"https:\/\/orkza.com\/de\/produkt\/avg-driver-updater-multi-device-digital-key\/","title":{"rendered":"AVG Driver Updater Multi-Ger\u00e4te Digitaler Lizenzschl\u00fcssel"},"content":{"rendered":"<h2 data-nodeid=\"1\">AVG Driver Updater: Sorgen Sie f\u00fcr einen reibungslosen Betrieb Ihres PCs<\/h2>\n<p data-pm-slice=\"1 1 []\">Alte oder fehlende Treiber k\u00f6nnen zu Abst\u00fcrzen, Hardwareproblemen und langsamer Leistung f\u00fchren. <a href=\"https:\/\/www.avg.com\/en-au\/avg-driver-updater#pc\" target=\"_blank\" rel=\"noopener\">AVG Driver Updater<\/a> ist ein fortschrittliches Tool, das Treiber scannt und repariert, um maximale Stabilit\u00e4t und Geschwindigkeit zu gew\u00e4hrleisten.<\/p>\n<p data-nodeid=\"1\"><a href=\"https:\/\/orkza.com\/wp-content\/uploads\/2025\/03\/AVG-key-features.jpg\"><img decoding=\"async\" class=\"alignnone wp-image-4546\" src=\"https:\/\/orkza.com\/wp-content\/uploads\/2025\/03\/AVG-key-features-400x225.jpg\" alt=\"AVG Driver Updater Hauptfunktionen\" width=\"596\" height=\"335\" title=\"\" srcset=\"https:\/\/orkza.com\/wp-content\/uploads\/2025\/03\/AVG-key-features-400x225.jpg 400w, https:\/\/orkza.com\/wp-content\/uploads\/2025\/03\/AVG-key-features-430x242.jpg 430w, https:\/\/orkza.com\/wp-content\/uploads\/2025\/03\/AVG-key-features-150x84.jpg 150w, https:\/\/orkza.com\/wp-content\/uploads\/2025\/03\/AVG-key-features-700x394.jpg 700w, https:\/\/orkza.com\/wp-content\/uploads\/2025\/03\/AVG-key-features-1300x731.jpg 1300w, https:\/\/orkza.com\/wp-content\/uploads\/2025\/03\/AVG-key-features-768x432.jpg 768w, https:\/\/orkza.com\/wp-content\/uploads\/2025\/03\/AVG-key-features-1536x864.jpg 1536w, https:\/\/orkza.com\/wp-content\/uploads\/2025\/03\/AVG-key-features.jpg 1920w\" sizes=\"(max-width: 596px) 100vw, 596px\" \/><\/a><\/p>\n<h3>Automatisches Scannen &amp; Aktualisieren von Treibern<\/h3>\n<p>AVG Driver Updater scannt Ihr System automatisch, sodass veraltete Treiber automatisch auf die neuesten Versionen der offiziellen Hersteller aktualisiert werden. Dies erm\u00f6glicht Ihnen den Zugriff auf aktuelle Treiber und verhindert Kompatibilit\u00e4tsprobleme.<\/p>\n<h3>Konnektivit\u00e4ts- &amp; Soundprobleme beheben<\/h3>\n<p>Veraltete Treiber k\u00f6nnen dazu f\u00fchren, dass WLAN, Bluetooth oder Audio nicht richtig funktionieren. AVG Driver Updater identifiziert und repariert fehlerhafte Treiber sofort und sorgt so f\u00fcr eine hervorragende Verbindungs- und Klangqualit\u00e4t. <\/p>\n<h3>Systemabst\u00fcrze &amp; Fehler minimieren<\/h3>\n<p>Fehlerhafte oder veraltete Treiber k\u00f6nnen zu einem Blue Screen of Death (BSOD) und h\u00e4ufigen Abst\u00fcrzen f\u00fchren. AVG Driver Updater h\u00e4lt die Treiber auf dem neuesten Stand und minimiert Systemfehler, die die Systemstabilit\u00e4t beeintr\u00e4chtigen. <\/p>\n<h3>Grafik- &amp; Gaming-Leistung verbessern<\/h3>\n<p>Aktualisierte GPU-Treiber verbessern die Grafikleistung, reduzieren Verz\u00f6gerungen und f\u00f6rdern die Gaming-Geschwindigkeit. AVG Driver Updater h\u00e4lt Ihre Grafiktreiber auf dem neuesten Stand f\u00fcr reibungsloses Video-Rendering und Gaming. <\/p>\n<h3>Treiber einfach sichern &amp; wiederherstellen<\/h3>\n<p>Vor der Aktualisierung sichert AVG Driver Updater Ihre aktuellen Treiber, sodass Sie bei Kompatibilit\u00e4tsproblemen auf fr\u00fchere Versionen zur\u00fcckgreifen k\u00f6nnen.<\/p>\n<p data-nodeid=\"7\"><a href=\"https:\/\/www.avg.com\/en-au\/avg-driver-updater#pc\" target=\"_blank\" rel=\"noopener\">AVG Download-Link<\/a><\/p>\n<p data-nodeid=\"7\"><a href=\"https:\/\/orkza.com\/de\/avg-activation-guide\/\" target=\"_blank\" rel=\"noopener\">AVG-Aktivierungsanleitung<\/a><\/p>\n","protected":false},"excerpt":{"rendered":"<p>AVG Driver Updater scannt, aktualisiert und behebt veraltete Treiber, um die Geschwindigkeit, Stabilit\u00e4t und Leistung Ihres PCs zu verbessern. Sorgen Sie f\u00fcr einen reibungslosen Betrieb Ihres Systems! <\/p>\n","protected":false},"featured_media":17345,"comment_status":"open","ping_status":"closed","template":"","meta":[],"product_brand":[],"product_cat":[234,238],"product_tag":[243],"class_list":{"0":"post-17396","1":"product","2":"type-product","3":"status-publish","4":"has-post-thumbnail","6":"product_cat-antivirus-sicherheit","7":"product_cat-dienstprogramme","8":"product_tag-avg","10":"first","11":"instock","12":"shipping-taxable","13":"purchasable","14":"product-type-variable"},"_links":{"self":[{"href":"https:\/\/orkza.com\/de\/wp-json\/wp\/v2\/product\/17396","targetHints":{"allow":["GET"]}}],"collection":[{"href":"https:\/\/orkza.com\/de\/wp-json\/wp\/v2\/product"}],"about":[{"href":"https:\/\/orkza.com\/de\/wp-json\/wp\/v2\/types\/product"}],"replies":[{"embeddable":true,"href":"https:\/\/orkza.com\/de\/wp-json\/wp\/v2\/comments?post=17396"}],"version-history":[{"count":0,"href":"https:\/\/orkza.com\/de\/wp-json\/wp\/v2\/product\/17396\/revisions"}],"wp:featuredmedia":[{"embeddable":true,"href":"https:\/\/orkza.com\/de\/wp-json\/wp\/v2\/media\/17345"}],"wp:attachment":[{"href":"https:\/\/orkza.com\/de\/wp-json\/wp\/v2\/media?parent=17396"}],"wp:term":[{"taxonomy":"product_brand","embeddable":true,"href":"https:\/\/orkza.com\/de\/wp-json\/wp\/v2\/product_brand?post=17396"},{"taxonomy":"product_cat","embeddable":true,"href":"https:\/\/orkza.com\/de\/wp-json\/wp\/v2\/product_cat?post=17396"},{"taxonomy":"product_tag","embeddable":true,"href":"https:\/\/orkza.com\/de\/wp-json\/wp\/v2\/product_tag?post=17396"}],"curies":[{"name":"wp","href":"https:\/\/api.w.org\/{rel}","templated":true}]}}