{"id":17378,"date":"2025-03-03T17:29:26","date_gmt":"2025-03-03T17:29:26","guid":{"rendered":"https:\/\/orkza.com\/product\/avg-internet-security-multi-device-digital-key\/"},"modified":"2026-02-26T06:00:18","modified_gmt":"2026-02-26T06:00:18","slug":"avg-internet-security-multi-device-digital-key","status":"publish","type":"product","link":"https:\/\/orkza.com\/de\/produkt\/avg-internet-security-multi-device-digital-key\/","title":{"rendered":"AVG Internet Security Multi-Device Digital Key"},"content":{"rendered":"<h2 data-nodeid=\"1\">AVG Internet Security: Erweiterter Schutz f\u00fcr Ihr digitales Leben<\/h2>\n<p data-pm-slice=\"1 1 []\"><a href=\"https:\/\/www.avg.com\/en-us\/installation-files-prd-gsr\" target=\"_blank\" rel=\"noopener\">AVG Internet Security<\/a> ist eine fortschrittliche Cybersicherheits-Suite f\u00fcr PC, Mac und Mobilger\u00e4te zum Schutz vor Viren, Malware, Ransomware und Phishing. AVG sch\u00fctzt Ihre Passw\u00f6rter, pers\u00f6nlichen Informationen und Online-Aktivit\u00e4ten mit erweiterten Sicherheitsfunktionen in Echtzeit \u2013 inklusive leistungsstarker Firewall. <\/p>\n<p data-nodeid=\"1\"><a href=\"https:\/\/orkza.com\/wp-content\/uploads\/2025\/03\/AVG-key-features.jpg\"><img decoding=\"async\" class=\"alignnone wp-image-4546\" src=\"https:\/\/orkza.com\/wp-content\/uploads\/2025\/03\/AVG-key-features-400x225.jpg\" alt=\"Hauptfunktionen von AVG Internet Security\" width=\"596\" height=\"335\" title=\"\" srcset=\"https:\/\/orkza.com\/wp-content\/uploads\/2025\/03\/AVG-key-features-400x225.jpg 400w, https:\/\/orkza.com\/wp-content\/uploads\/2025\/03\/AVG-key-features-430x242.jpg 430w, https:\/\/orkza.com\/wp-content\/uploads\/2025\/03\/AVG-key-features-150x84.jpg 150w, https:\/\/orkza.com\/wp-content\/uploads\/2025\/03\/AVG-key-features-700x394.jpg 700w, https:\/\/orkza.com\/wp-content\/uploads\/2025\/03\/AVG-key-features-1300x731.jpg 1300w, https:\/\/orkza.com\/wp-content\/uploads\/2025\/03\/AVG-key-features-768x432.jpg 768w, https:\/\/orkza.com\/wp-content\/uploads\/2025\/03\/AVG-key-features-1536x864.jpg 1536w, https:\/\/orkza.com\/wp-content\/uploads\/2025\/03\/AVG-key-features.jpg 1920w\" sizes=\"(max-width: 596px) 100vw, 596px\" \/><\/a><\/p>\n<h3>Echtzeit-Schutz vor Viren und Malware<\/h3>\n<p>AVG Internet Security bietet kontinuierliche Scans und Echtzeit-Erkennung von Viren, Spyware und Malware. Die KI-gest\u00fctzte Bedrohungserkennung erkennt und blockiert potenzielle Gefahren, bevor sie Ihrem Ger\u00e4t Schaden zuf\u00fcgen k\u00f6nnen. <\/p>\n<h3>Ransomware-Schutz f\u00fcr pers\u00f6nliche Dateien<\/h3>\n<p>Ransomware verschl\u00fcsselt Ihre Dateien und fordert L\u00f6segeld, um sie zur\u00fcckzubekommen. Der Ransomware-Schutz von AVG sch\u00fctzt Ihre Dokumente, Fotos und Finanzdateien, damit sie nicht angegriffen werden k\u00f6nnen. <\/p>\n<h3>Verbesserte Firewall f\u00fcr mehr Sicherheit<\/h3>\n<p>Die integrierte Advanced Firewall sch\u00fctzt all Ihre privaten Daten und sensiblen Dateien als digitale Barriere vor Hackern. Sie \u00fcberwacht den gesamten ein- und ausgehenden Netzwerkverkehr auf unbefugten Zugriff. <\/p>\n<h3>Sicher online einkaufen und Bankgesch\u00e4fte erledigen<\/h3>\n<p>AVG Internet Security bietet KI-gest\u00fctzten Anti-Phishing-Schutz, der Betrugsversuche erkennt und stoppt, die Ihr Geld durch gef\u00e4lschte Websites stehlen wollen.<\/p>\n<h3>E-Mail- &amp; Webcam-Schutz<\/h3>\n<p>Hacker k\u00f6nnen E-Mail-Anh\u00e4nge f\u00fcr b\u00f6sartige Zwecke ausnutzen und \u00fcber Webcams ausspionieren. AVG bietet Email Shield Technology zum Scannen Ihrer E-Mail-Anh\u00e4nge sowie Webcam Protection, um zu verhindern, dass Hacker auf Ihre Webcam zugreifen. <\/p>\n<h3>Automatische Updates und benutzerfreundliche Oberfl\u00e4che<\/h3>\n<p>AVG Internet Security l\u00e4uft im Hintergrund und bietet eine intuitive Oberfl\u00e4che, aktualisiert sich automatisch und verlangsamt Ihr System in keiner Weise.<\/p>\n<p data-nodeid=\"7\"><a href=\"https:\/\/www.avg.com\/en-us\/installation-files-prd-gsr\" target=\"_blank\" rel=\"noopener\">AVG-Download-Link<\/a><\/p>\n<p data-nodeid=\"7\"><a href=\"https:\/\/orkza.com\/de\/avg-activation-guide\/\" target=\"_blank\" rel=\"noopener\">AVG-Aktivierungsanleitung<\/a><\/p>\n","protected":false},"excerpt":{"rendered":"<p>AVG Internet Security bietet fortschrittlichen Virenschutz, Ransomware-Schutz und eine leistungsstarke Firewall, um Ihre Daten zu sch\u00fctzen. Sichern Sie Ihren PC, Mac und Ihre Online-Privatsph\u00e4re noch heute! <\/p>\n","protected":false},"featured_media":17380,"comment_status":"open","ping_status":"closed","template":"","meta":[],"product_brand":[],"product_cat":[234],"product_tag":[243],"class_list":{"0":"post-17378","1":"product","2":"type-product","3":"status-publish","4":"has-post-thumbnail","6":"product_cat-antivirus-sicherheit","7":"product_tag-avg","9":"first","10":"instock","11":"shipping-taxable","12":"purchasable","13":"product-type-variable"},"_links":{"self":[{"href":"https:\/\/orkza.com\/de\/wp-json\/wp\/v2\/product\/17378","targetHints":{"allow":["GET"]}}],"collection":[{"href":"https:\/\/orkza.com\/de\/wp-json\/wp\/v2\/product"}],"about":[{"href":"https:\/\/orkza.com\/de\/wp-json\/wp\/v2\/types\/product"}],"replies":[{"embeddable":true,"href":"https:\/\/orkza.com\/de\/wp-json\/wp\/v2\/comments?post=17378"}],"version-history":[{"count":0,"href":"https:\/\/orkza.com\/de\/wp-json\/wp\/v2\/product\/17378\/revisions"}],"wp:featuredmedia":[{"embeddable":true,"href":"https:\/\/orkza.com\/de\/wp-json\/wp\/v2\/media\/17380"}],"wp:attachment":[{"href":"https:\/\/orkza.com\/de\/wp-json\/wp\/v2\/media?parent=17378"}],"wp:term":[{"taxonomy":"product_brand","embeddable":true,"href":"https:\/\/orkza.com\/de\/wp-json\/wp\/v2\/product_brand?post=17378"},{"taxonomy":"product_cat","embeddable":true,"href":"https:\/\/orkza.com\/de\/wp-json\/wp\/v2\/product_cat?post=17378"},{"taxonomy":"product_tag","embeddable":true,"href":"https:\/\/orkza.com\/de\/wp-json\/wp\/v2\/product_tag?post=17378"}],"curies":[{"name":"wp","href":"https:\/\/api.w.org\/{rel}","templated":true}]}}