{"id":17362,"date":"2025-03-03T18:46:06","date_gmt":"2025-03-03T18:46:06","guid":{"rendered":"https:\/\/orkza.com\/product\/avg-antivirus-multi-device-digital-key\/"},"modified":"2026-02-26T06:00:06","modified_gmt":"2026-02-26T06:00:06","slug":"avg-antivirus-multi-device-digital-key","status":"publish","type":"product","link":"https:\/\/orkza.com\/de\/produkt\/avg-antivirus-multi-device-digital-key\/","title":{"rendered":"AVG AntiVirus Multi-Ger\u00e4te Digitaler Schl\u00fcssel"},"content":{"rendered":"<h2 data-nodeid=\"1\">AVG AntiVirus: Leistungsstarker Schutz vor Cyber-Bedrohungen<\/h2>\n<p data-pm-slice=\"1 1 []\">Im Zeitalter des Internets sind Viren, Malware, Spyware und Phishing-Angriffe st\u00e4ndig weiterentwickelte Cyber-Bedrohungen. <a href=\"https:\/\/www.avg.com\/en-us\/free-antivirus-download#pc\" target=\"_blank\" rel=\"noopener\">AVG AntiVirus<\/a> bietet Echtzeitsicherheit f\u00fcr Ihren PC, Mac und Ihre Mobilger\u00e4te sowie scharfen Schutz vor Online-Bedrohungen. Seine Erkennungstechnologie ist hochmodern, und AVG AntiVirus geht mit automatischen Updates, die Sie immer auf dem neuesten Stand halten, noch einen Schritt weiter. <\/p>\n<p data-nodeid=\"1\"><a href=\"https:\/\/orkza.com\/wp-content\/uploads\/2025\/03\/AVG-key-features.jpg\"><img decoding=\"async\" class=\"alignnone wp-image-4546\" src=\"https:\/\/orkza.com\/wp-content\/uploads\/2025\/03\/AVG-key-features-400x225.jpg\" alt=\"AVG AntiVirus Hauptfunktionen\" width=\"596\" height=\"335\" data-wp-editing=\"1\" title=\"\" srcset=\"https:\/\/orkza.com\/wp-content\/uploads\/2025\/03\/AVG-key-features-400x225.jpg 400w, https:\/\/orkza.com\/wp-content\/uploads\/2025\/03\/AVG-key-features-430x242.jpg 430w, https:\/\/orkza.com\/wp-content\/uploads\/2025\/03\/AVG-key-features-150x84.jpg 150w, https:\/\/orkza.com\/wp-content\/uploads\/2025\/03\/AVG-key-features-700x394.jpg 700w, https:\/\/orkza.com\/wp-content\/uploads\/2025\/03\/AVG-key-features-1300x731.jpg 1300w, https:\/\/orkza.com\/wp-content\/uploads\/2025\/03\/AVG-key-features-768x432.jpg 768w, https:\/\/orkza.com\/wp-content\/uploads\/2025\/03\/AVG-key-features-1536x864.jpg 1536w, https:\/\/orkza.com\/wp-content\/uploads\/2025\/03\/AVG-key-features.jpg 1920w\" sizes=\"(max-width: 596px) 100vw, 596px\" \/><\/a><\/p>\n<h3>Echtzeit-Viren- und Malware-Schutz<\/h3>\n<p>AVG AntiVirus scannt Ihren Computer st\u00e4ndig nach Viren, Trojanern, Ransomware, Spyware und anderer Malware. Seine KI-gest\u00fctzte Erkennungs-Engine erkennt und eliminiert Bedrohungen, bevor sie Schaden anrichten k\u00f6nnen, und stellt so sicher, dass Ihre Dateien und pers\u00f6nlichen Daten sicher bleiben. <\/p>\n<h3>Erweiterter Ransomware-Schutz<\/h3>\n<p>Eine der gef\u00e4hrlichsten Cyber-Bedrohungen ist Ransomware, die Benutzer von ihren Dateien aussperrt und ein L\u00f6segeld fordert. AVG AntiVirus bietet Ransomware-Schutz, der unbefugte Versuche, pers\u00f6nliche Dokumente, Bilder und Finanzinformationen zu \u00e4ndern oder zu verschl\u00fcsseln, unterbindet. <\/p>\n<h3>Bedrohungserkennung mit KI<\/h3>\n<p>AVG AntiVirus nutzt k\u00fcnstliche Intelligenz und Echtzeit-Scans, um neue und aufkommende Bedrohungen proaktiv zu identifizieren und zu blockieren, sodass Sie sicher sein k\u00f6nnen, dass Ihr Ger\u00e4t vor den neuesten Cyber-Risiken gesch\u00fctzt ist.<\/p>\n<h3>Verbesserter E-Mail- und Anti-Phishing-Schutz<\/h3>\n<p>Hacker nutzen Phishing-E-Mails, um sensible Informationen, einschlie\u00dflich Passw\u00f6rter und Kreditkartendaten, zu stehlen. AVG AntiVirus enth\u00e4lt die E-Mail-Schutz-Technologie, die sowohl eingehende als auch ausgehende E-Mails scannt, um das Risiko zu blockieren, dass betr\u00fcgerische Links oder b\u00f6sartige Anh\u00e4nge in Ihr System gelangen. <\/p>\n<h3>Starke Firewall f\u00fcr zus\u00e4tzliche Sicherheit<\/h3>\n<p>AVG AntiVirus bietet eine effiziente Firewall, die den ein- und ausgehenden Datenverkehr \u00fcberwacht und Ihnen die volle Kontrolle dar\u00fcber gibt. Sie blockiert unbefugten Zugriff und sch\u00fctzt Ihre pers\u00f6nlichen Daten vor Hackern und Cyberkriminellen. <\/p>\n<h3>Web- &amp; WLAN-Sicherheit \u2013 F\u00fcr sichereres Surfen<\/h3>\n<p>AVG AntiVirus verf\u00fcgt \u00fcber Funktionen wie Web Shield und WLAN Inspector, die unsichere Websites, gef\u00e4lschte Anmeldeseiten und ungesicherte Netzwerke identifizieren k\u00f6nnen, damit Sie privat und sicher im Internet surfen k\u00f6nnen.<\/p>\n<h3>Konsistenter Schutz durch automatische Updates<\/h3>\n<p>AVG AntiVirus aktualisiert sich automatisch, um die neuesten Bedrohungen zu bek\u00e4mpfen \u2013 Virendefinitionen und andere Sicherheitspatches werden automatisch installiert, um Ihr System gesch\u00fctzt zu halten.<\/p>\n<p data-nodeid=\"7\"><a href=\"https:\/\/www.avg.com\/en-us\/free-antivirus-download#pc\" target=\"_blank\" rel=\"noopener\">AVG Download-Link<\/a><\/p>\n<p data-nodeid=\"7\"><a href=\"https:\/\/orkza.com\/de\/avg-activation-guide\/\" target=\"_blank\" rel=\"noopener\">AVG-Aktivierungsanleitung<\/a><\/p>\n","protected":false},"excerpt":{"rendered":"<p>AVG AntiVirus bietet Echtzeitschutz vor Viren, Malware und Ransomware. Bleiben Sie sicher dank fortschrittlicher KI-Erkennung, E-Mail-Sicherheit und einer leistungsstarken Firewall. <\/p>\n","protected":false},"featured_media":17344,"comment_status":"open","ping_status":"closed","template":"","meta":[],"product_brand":[],"product_cat":[234],"product_tag":[243],"class_list":{"0":"post-17362","1":"product","2":"type-product","3":"status-publish","4":"has-post-thumbnail","6":"product_cat-antivirus-sicherheit","7":"product_tag-avg","9":"first","10":"instock","11":"shipping-taxable","12":"purchasable","13":"product-type-variable"},"_links":{"self":[{"href":"https:\/\/orkza.com\/de\/wp-json\/wp\/v2\/product\/17362","targetHints":{"allow":["GET"]}}],"collection":[{"href":"https:\/\/orkza.com\/de\/wp-json\/wp\/v2\/product"}],"about":[{"href":"https:\/\/orkza.com\/de\/wp-json\/wp\/v2\/types\/product"}],"replies":[{"embeddable":true,"href":"https:\/\/orkza.com\/de\/wp-json\/wp\/v2\/comments?post=17362"}],"version-history":[{"count":0,"href":"https:\/\/orkza.com\/de\/wp-json\/wp\/v2\/product\/17362\/revisions"}],"wp:featuredmedia":[{"embeddable":true,"href":"https:\/\/orkza.com\/de\/wp-json\/wp\/v2\/media\/17344"}],"wp:attachment":[{"href":"https:\/\/orkza.com\/de\/wp-json\/wp\/v2\/media?parent=17362"}],"wp:term":[{"taxonomy":"product_brand","embeddable":true,"href":"https:\/\/orkza.com\/de\/wp-json\/wp\/v2\/product_brand?post=17362"},{"taxonomy":"product_cat","embeddable":true,"href":"https:\/\/orkza.com\/de\/wp-json\/wp\/v2\/product_cat?post=17362"},{"taxonomy":"product_tag","embeddable":true,"href":"https:\/\/orkza.com\/de\/wp-json\/wp\/v2\/product_tag?post=17362"}],"curies":[{"name":"wp","href":"https:\/\/api.w.org\/{rel}","templated":true}]}}