{"id":17343,"date":"2025-03-03T18:44:37","date_gmt":"2025-03-03T18:44:37","guid":{"rendered":"https:\/\/orkza.com\/product\/avg-ultimate-multi-device-digital-key\/"},"modified":"2026-02-26T06:00:04","modified_gmt":"2026-02-26T06:00:04","slug":"avg-ultimate-multi-device-digital-key","status":"publish","type":"product","link":"https:\/\/orkza.com\/de\/produkt\/avg-ultimate-multi-device-digital-key\/","title":{"rendered":"AVG Ultimate Digitale Mehrger\u00e4te-Lizenz"},"content":{"rendered":"<h2 data-nodeid=\"1\">AVG Ultimate: All-in-One Sicherheits-, Datenschutz- &amp; Leistungsl\u00f6sung<\/h2>\n<p data-pm-slice=\"1 1 []\"><a href=\"https:\/\/www.avg.com\/en-us\/ultimate#pc\" target=\"_blank\" rel=\"noopener\">AVG Ultimate<\/a> ist eine All-in-One Sicherheits- und Optimierungssuite, die AVG Internet Security, AVG TuneUp, AVG Secure VPN und AVG AntiTrack b\u00fcndelt, um erstklassigen Schutz, Datenschutz und eine Steigerung der PC-Leistung in einem einzigen Paket zu bieten.<\/p>\n<p data-nodeid=\"1\"><a href=\"https:\/\/orkza.com\/wp-content\/uploads\/2025\/03\/AVG-key-features.jpg\"><img decoding=\"async\" class=\"alignnone wp-image-4546\" src=\"https:\/\/orkza.com\/wp-content\/uploads\/2025\/03\/AVG-key-features-400x225.jpg\" alt=\"AVG Ultimate Hauptfunktionen\" width=\"596\" height=\"335\" title=\"\" srcset=\"https:\/\/orkza.com\/wp-content\/uploads\/2025\/03\/AVG-key-features-400x225.jpg 400w, https:\/\/orkza.com\/wp-content\/uploads\/2025\/03\/AVG-key-features-430x242.jpg 430w, https:\/\/orkza.com\/wp-content\/uploads\/2025\/03\/AVG-key-features-150x84.jpg 150w, https:\/\/orkza.com\/wp-content\/uploads\/2025\/03\/AVG-key-features-700x394.jpg 700w, https:\/\/orkza.com\/wp-content\/uploads\/2025\/03\/AVG-key-features-1300x731.jpg 1300w, https:\/\/orkza.com\/wp-content\/uploads\/2025\/03\/AVG-key-features-768x432.jpg 768w, https:\/\/orkza.com\/wp-content\/uploads\/2025\/03\/AVG-key-features-1536x864.jpg 1536w, https:\/\/orkza.com\/wp-content\/uploads\/2025\/03\/AVG-key-features.jpg 1920w\" sizes=\"(max-width: 596px) 100vw, 596px\" \/><\/a><\/p>\n<h3>Umfassender Antivirus- &amp; Ransomware-Schutz<\/h3>\n<p>AVG Ultimate beinhaltet Echtzeit-Schutz vor Viren, Malware und Ransomware und entfernt Online-Bedrohungen von Ihrem Ger\u00e4t, um sicheres Surfen und Transaktionen zu gew\u00e4hrleisten.<\/p>\n<h3>AVG TuneUp f\u00fcr Spitzenleistung<\/h3>\n<p>AVG TuneUp kann Ihren PC beschleunigen, Junk-Dateien bereinigen und Leistungsprobleme mit seiner patentierten Sleep-Mode-Technologie beheben, wodurch er schneller und reibungsloser wird.<\/p>\n<h3>AVG VPN f\u00fcr privates Surfen<\/h3>\n<p>AVG Ultimate integriert auch AVG Secure VPN, um Ihre Internetverbindung zu verschl\u00fcsseln und Ihre IP-Adresse f\u00fcr anonymes Surfen zu verbergen, was Sie vor Hackern und Daten-Trackern sch\u00fctzt.<\/p>\n<h3>Anti-Tracking f\u00fcr Online-Privatsph\u00e4re<\/h3>\n<p>Websites \u00fcberwachen Ihre Aktionen, um Ihnen Anzeigen zu zeigen und pers\u00f6nliche Informationen zu sammeln. AVG AntiTrack verhindert, dass Werbetreibende Ihren digitalen Fingerabdruck verfolgen und bewahrt Ihre Anonymit\u00e4t online. <\/p>\n<h3>Ein Abonnement f\u00fcr umfassenden Schutz<\/h3>\n<p>AVG Ultimate ist ein einziges Abonnement, das All-in-One-Schutz kombiniert, um Ihre Sicherheit, Privatsph\u00e4re und Ger\u00e4teleistung optimal zu halten, ohne mehrere Softwarel\u00f6sungen kaufen zu m\u00fcssen.<\/p>\n<p data-nodeid=\"7\"><a href=\"https:\/\/www.avg.com\/en-us\/free-antivirus-download\" target=\"_blank\" rel=\"noopener\">AVG Download-Link<\/a><\/p>\n<p data-nodeid=\"7\"><a href=\"https:\/\/orkza.com\/de\/avg-activation-guide\/\" target=\"_blank\" rel=\"noopener\">AVG-Aktivierungsanleitung<\/a><\/p>\n","protected":false},"excerpt":{"rendered":"<p>AVG Ultimate bietet umfassende Sicherheits-, Datenschutz- und PC-Leistungstools, einschlie\u00dflich Antivirus, VPN und Systemoptimierung. Holen Sie sich jetzt den All-in-One-Schutz! <\/p>\n","protected":false},"featured_media":17346,"comment_status":"open","ping_status":"closed","template":"","meta":[],"product_brand":[],"product_cat":[234],"product_tag":[243],"class_list":{"0":"post-17343","1":"product","2":"type-product","3":"status-publish","4":"has-post-thumbnail","6":"product_cat-antivirus-sicherheit","7":"product_tag-avg","9":"first","10":"instock","11":"shipping-taxable","12":"purchasable","13":"product-type-variable"},"_links":{"self":[{"href":"https:\/\/orkza.com\/de\/wp-json\/wp\/v2\/product\/17343","targetHints":{"allow":["GET"]}}],"collection":[{"href":"https:\/\/orkza.com\/de\/wp-json\/wp\/v2\/product"}],"about":[{"href":"https:\/\/orkza.com\/de\/wp-json\/wp\/v2\/types\/product"}],"replies":[{"embeddable":true,"href":"https:\/\/orkza.com\/de\/wp-json\/wp\/v2\/comments?post=17343"}],"version-history":[{"count":0,"href":"https:\/\/orkza.com\/de\/wp-json\/wp\/v2\/product\/17343\/revisions"}],"wp:featuredmedia":[{"embeddable":true,"href":"https:\/\/orkza.com\/de\/wp-json\/wp\/v2\/media\/17346"}],"wp:attachment":[{"href":"https:\/\/orkza.com\/de\/wp-json\/wp\/v2\/media?parent=17343"}],"wp:term":[{"taxonomy":"product_brand","embeddable":true,"href":"https:\/\/orkza.com\/de\/wp-json\/wp\/v2\/product_brand?post=17343"},{"taxonomy":"product_cat","embeddable":true,"href":"https:\/\/orkza.com\/de\/wp-json\/wp\/v2\/product_cat?post=17343"},{"taxonomy":"product_tag","embeddable":true,"href":"https:\/\/orkza.com\/de\/wp-json\/wp\/v2\/product_tag?post=17343"}],"curies":[{"name":"wp","href":"https:\/\/api.w.org\/{rel}","templated":true}]}}