{"id":17326,"date":"2025-03-03T18:45:34","date_gmt":"2025-03-03T18:45:34","guid":{"rendered":"https:\/\/orkza.com\/product\/avg-secure-vpn-multi-device-digital-key\/"},"modified":"2026-02-26T05:59:52","modified_gmt":"2026-02-26T05:59:52","slug":"avg-secure-vpn-multi-device-digital-key","status":"publish","type":"product","link":"https:\/\/orkza.com\/de\/produkt\/avg-secure-vpn-multi-device-digital-key\/","title":{"rendered":"AVG Secure VPN Digitale Mehrger\u00e4te-Lizenz"},"content":{"rendered":"<h2 data-nodeid=\"1\">AVG Secure VPN: Anonym surfen &amp; online gesch\u00fctzt bleiben<\/h2>\n<p data-pm-slice=\"1 1 []\">Online-Privatsph\u00e4re ist in der heutigen digitalen Welt sehr wichtig. <a href=\"https:\/\/www.avg.com\/en-us\/secure-vpn\" target=\"_blank\" rel=\"noopener\">AVG Secure VPN<\/a> verschl\u00fcsselt Ihre Internetverbindung, verbirgt Ihre IP-Adresse und erm\u00f6glicht sicheren, unbegrenzten Internetzugang \u00fcberall auf der Welt.<\/p>\n<p data-nodeid=\"1\"><a href=\"https:\/\/orkza.com\/wp-content\/uploads\/2025\/03\/AVG-key-features.jpg\"><img decoding=\"async\" class=\"alignnone wp-image-4546\" src=\"https:\/\/orkza.com\/wp-content\/uploads\/2025\/03\/AVG-key-features-400x225.jpg\" alt=\"AVG Secure VPN Hauptfunktionen\" width=\"596\" height=\"335\" title=\"\" srcset=\"https:\/\/orkza.com\/wp-content\/uploads\/2025\/03\/AVG-key-features-400x225.jpg 400w, https:\/\/orkza.com\/wp-content\/uploads\/2025\/03\/AVG-key-features-430x242.jpg 430w, https:\/\/orkza.com\/wp-content\/uploads\/2025\/03\/AVG-key-features-150x84.jpg 150w, https:\/\/orkza.com\/wp-content\/uploads\/2025\/03\/AVG-key-features-700x394.jpg 700w, https:\/\/orkza.com\/wp-content\/uploads\/2025\/03\/AVG-key-features-1300x731.jpg 1300w, https:\/\/orkza.com\/wp-content\/uploads\/2025\/03\/AVG-key-features-768x432.jpg 768w, https:\/\/orkza.com\/wp-content\/uploads\/2025\/03\/AVG-key-features-1536x864.jpg 1536w, https:\/\/orkza.com\/wp-content\/uploads\/2025\/03\/AVG-key-features.jpg 1920w\" sizes=\"(max-width: 596px) 100vw, 596px\" \/><\/a><\/p>\n<h3>Schutz Ihrer Daten mit milit\u00e4rischer Verschl\u00fcsselung<\/h3>\n<p>AVG Secure VPN verwendet AES-256-Bit-Verschl\u00fcsselung, das gleiche Sicherheitsniveau, das Banken und Regierungen nutzen. Dies sch\u00fctzt Ihre pers\u00f6nlichen Daten vor Hackern, ISPs und Cyberangriffen. <\/p>\n<h3>Verbergen Sie Ihre IP-Adresse f\u00fcr anonymes Surfen<\/h3>\n<p>Ihre IP-Adresse kann Ihren Standort und Ihre Online-Aktivit\u00e4ten preisgeben. Mit AVG Secure VPN wird Ihre IP verborgen, sodass Sie anonym im Web surfen k\u00f6nnen, ohne dass l\u00e4stige Websites jede Ihrer Bewegungen verfolgen. <\/p>\n<h3>Geo-Einschr\u00e4nkungen &amp; Zensur umgehen<\/h3>\n<p>Entsperren Sie Websites und Streaming-Dienste von \u00fcberall auf der Welt. AVG Secure VPN bietet Ihnen die Macht eines uneingeschr\u00e4nkten Internets. <\/p>\n<h3>Sichere \u00f6ffentliche WLAN-Verbindungen<\/h3>\n<p>\u00d6ffentliche WLAN-Netzwerke sind anf\u00e4llig f\u00fcr Cyberangriffe. Wenn Sie sich mit \u00f6ffentlichen Hotspots verbinden, sch\u00fctzt AVG Secure VPN Ihre sensiblen Daten, Passw\u00f6rter und sogar Finanztransaktionen. <\/p>\n<h3>Schnelle &amp; zuverl\u00e4ssige VPN-Server weltweit<\/h3>\n<p>AVG Secure VPN verf\u00fcgt \u00fcber Hochgeschwindigkeitsserver an mehr als 30 Standorten und ist nicht wie die kostenlosen, die die Surfgeschwindigkeit reduzieren.<\/p>\n<p data-nodeid=\"7\"><a href=\"https:\/\/www.avg.com\/en-us\/secure-vpn\" target=\"_blank\" rel=\"noopener\">AVG Download-Link<\/a><\/p>\n<p data-nodeid=\"7\"><a href=\"https:\/\/orkza.com\/de\/avg-activation-guide\/\" target=\"_blank\" rel=\"noopener\">AVG-Aktivierungsanleitung<\/a><\/p>\n","protected":false},"excerpt":{"rendered":"<p>AVG Secure VPN verschl\u00fcsselt Ihre Internetverbindung, verbirgt Ihre IP-Adresse und entsperrt eingeschr\u00e4nkte Inhalte. Surfen Sie anonym und bleiben Sie in \u00f6ffentlichen WLANs gesch\u00fctzt! <\/p>\n","protected":false},"featured_media":17327,"comment_status":"open","ping_status":"closed","template":"","meta":[],"product_brand":[],"product_cat":[232],"product_tag":[243],"class_list":{"0":"post-17326","1":"product","2":"type-product","3":"status-publish","4":"has-post-thumbnail","6":"product_cat-vpn","7":"product_tag-avg","9":"first","10":"instock","11":"shipping-taxable","12":"purchasable","13":"product-type-variable"},"_links":{"self":[{"href":"https:\/\/orkza.com\/de\/wp-json\/wp\/v2\/product\/17326","targetHints":{"allow":["GET"]}}],"collection":[{"href":"https:\/\/orkza.com\/de\/wp-json\/wp\/v2\/product"}],"about":[{"href":"https:\/\/orkza.com\/de\/wp-json\/wp\/v2\/types\/product"}],"replies":[{"embeddable":true,"href":"https:\/\/orkza.com\/de\/wp-json\/wp\/v2\/comments?post=17326"}],"version-history":[{"count":0,"href":"https:\/\/orkza.com\/de\/wp-json\/wp\/v2\/product\/17326\/revisions"}],"wp:featuredmedia":[{"embeddable":true,"href":"https:\/\/orkza.com\/de\/wp-json\/wp\/v2\/media\/17327"}],"wp:attachment":[{"href":"https:\/\/orkza.com\/de\/wp-json\/wp\/v2\/media?parent=17326"}],"wp:term":[{"taxonomy":"product_brand","embeddable":true,"href":"https:\/\/orkza.com\/de\/wp-json\/wp\/v2\/product_brand?post=17326"},{"taxonomy":"product_cat","embeddable":true,"href":"https:\/\/orkza.com\/de\/wp-json\/wp\/v2\/product_cat?post=17326"},{"taxonomy":"product_tag","embeddable":true,"href":"https:\/\/orkza.com\/de\/wp-json\/wp\/v2\/product_tag?post=17326"}],"curies":[{"name":"wp","href":"https:\/\/api.w.org\/{rel}","templated":true}]}}