{"id":17309,"date":"2025-03-03T18:45:27","date_gmt":"2025-03-03T18:45:27","guid":{"rendered":"https:\/\/orkza.com\/product\/avg-tune-up-multi-device-digital-key\/"},"modified":"2026-02-26T05:59:50","modified_gmt":"2026-02-26T05:59:50","slug":"avg-tune-up-multi-device-digital-key","status":"publish","type":"product","link":"https:\/\/orkza.com\/de\/produkt\/avg-tune-up-multi-device-digital-key\/","title":{"rendered":"AVG Tune-up Multi-Device Digital Key"},"content":{"rendered":"<h2 data-nodeid=\"1\">AVG TuneUp: Optimieren und beschleunigen Sie Ihren PC<\/h2>\n<p data-pm-slice=\"1 1 []\">Im Laufe der Zeit sammeln sich Datenm\u00fcll, Hintergrund-Apps und veraltete Software auf Computern an und verlangsamen diese. <a href=\"https:\/\/www.avg.com\/en-us\/avg-pctuneup#pc\" target=\"_blank\" rel=\"noopener\">AVG TuneUp<\/a> ist ein fortschrittliches Systemoptimierungs-Tool, das Ihren PC bereinigt, beschleunigt und dessen Effizienz verbessert. Diese leistungsstarke Software h\u00e4lt Ihren PC mit automatisierter Wartung und leistungssteigernden Funktionen wie neu. <\/p>\n<p data-nodeid=\"1\"><a href=\"https:\/\/orkza.com\/wp-content\/uploads\/2025\/03\/AVG-key-features.jpg\"><img decoding=\"async\" class=\"alignnone wp-image-4546\" src=\"https:\/\/orkza.com\/wp-content\/uploads\/2025\/03\/AVG-key-features-400x225.jpg\" alt=\"AVG Tune-up Hauptfunktionen\" width=\"596\" height=\"335\" title=\"\" srcset=\"https:\/\/orkza.com\/wp-content\/uploads\/2025\/03\/AVG-key-features-400x225.jpg 400w, https:\/\/orkza.com\/wp-content\/uploads\/2025\/03\/AVG-key-features-430x242.jpg 430w, https:\/\/orkza.com\/wp-content\/uploads\/2025\/03\/AVG-key-features-150x84.jpg 150w, https:\/\/orkza.com\/wp-content\/uploads\/2025\/03\/AVG-key-features-700x394.jpg 700w, https:\/\/orkza.com\/wp-content\/uploads\/2025\/03\/AVG-key-features-1300x731.jpg 1300w, https:\/\/orkza.com\/wp-content\/uploads\/2025\/03\/AVG-key-features-768x432.jpg 768w, https:\/\/orkza.com\/wp-content\/uploads\/2025\/03\/AVG-key-features-1536x864.jpg 1536w, https:\/\/orkza.com\/wp-content\/uploads\/2025\/03\/AVG-key-features.jpg 1920w\" sizes=\"(max-width: 596px) 100vw, 596px\" \/><\/a><\/p>\n<h3>Automatische Wartung f\u00fcr optimale Leistung<\/h3>\n<p>AVG TuneUp ist ein Programm, das Wartungsaufgaben automatisch nach Zeitplan durchf\u00fchrt und tempor\u00e4re Dateien, Browserverlauf und Registry-Fehler bereinigt. Das garantiert eine reibungslose und schnelle PC-Leistung ohne manuellen Aufwand. <\/p>\n<h3>Sleep-Mode-Technologie zur Geschwindigkeitssteigerung<\/h3>\n<p>Wenn Sie mit mehreren Anwendungen im Hintergrund arbeiten, kann dies Ihr System verlangsamen. Die Sleep-Mode-Technologie von AVG TuneUp erkennt und pausiert inaktive Apps auf Ihrem Rechner, gibt wertvollen Arbeitsspeicher frei und maximiert gleichzeitig die Geschwindigkeit. <\/p>\n<h3>Bloatware und unn\u00f6tige Programme entfernen<\/h3>\n<p>Ungenutzte Programme verbrauchen wertvollen Speicherplatz und k\u00f6nnen Ihren PC verlangsamen. AVG TuneUp identifiziert und entfernt Bloatware, Testversionen und veraltete Apps, die Speicherplatz belegen. <\/p>\n<h3>Tiefenreinigung f\u00fcr mehr Speicherplatz<\/h3>\n<p>Ihr Computer ist \u00fcberladen mit Datenm\u00fcll, altem Cache und tempor\u00e4ren Dateien. AVG TuneUp ist ein Festplattenreiniger, der routinem\u00e4\u00dfig Gigabytes an Speicherplatz freigibt und alle Komponenten optimiert. <\/p>\n<h3>Akkulaufzeit optimieren<\/h3>\n<p>AVG TuneUp verf\u00fcgt au\u00dferdem \u00fcber einen Akkusparmodus, der die Einstellungen Ihres Laptops so anpasst, dass Sie nicht zu schnell Energie verbrauchen. So k\u00f6nnen Sie Ihren Laptop l\u00e4nger ohne Aufladen nutzen und minimieren den Stromverbrauch bei gewohnter Leistung. <\/p>\n<p data-nodeid=\"7\"><a href=\"https:\/\/www.avg.com\/en-ww\/installation-files-prd-gse\" target=\"_blank\" rel=\"noopener\">AVG Download-Link<\/a><\/p>\n<p data-nodeid=\"7\"><a href=\"https:\/\/orkza.com\/de\/avg-activation-guide\/\" target=\"_blank\" rel=\"noopener\">AVG-Aktivierungsanleitung<\/a><\/p>\n","protected":false},"excerpt":{"rendered":"<p>AVG TuneUp beschleunigt Ihren PC, entfernt Datenm\u00fcll und steigert die Leistung durch automatische Wartung. Optimieren Sie Ihr System f\u00fcr schnelleren, reibungsloseren Betrieb! <\/p>\n","protected":false},"featured_media":17310,"comment_status":"open","ping_status":"closed","template":"","meta":[],"product_brand":[],"product_cat":[234],"product_tag":[243],"class_list":{"0":"post-17309","1":"product","2":"type-product","3":"status-publish","4":"has-post-thumbnail","6":"product_cat-antivirus-sicherheit","7":"product_tag-avg","9":"first","10":"instock","11":"shipping-taxable","12":"purchasable","13":"product-type-variable"},"_links":{"self":[{"href":"https:\/\/orkza.com\/de\/wp-json\/wp\/v2\/product\/17309","targetHints":{"allow":["GET"]}}],"collection":[{"href":"https:\/\/orkza.com\/de\/wp-json\/wp\/v2\/product"}],"about":[{"href":"https:\/\/orkza.com\/de\/wp-json\/wp\/v2\/types\/product"}],"replies":[{"embeddable":true,"href":"https:\/\/orkza.com\/de\/wp-json\/wp\/v2\/comments?post=17309"}],"version-history":[{"count":0,"href":"https:\/\/orkza.com\/de\/wp-json\/wp\/v2\/product\/17309\/revisions"}],"wp:featuredmedia":[{"embeddable":true,"href":"https:\/\/orkza.com\/de\/wp-json\/wp\/v2\/media\/17310"}],"wp:attachment":[{"href":"https:\/\/orkza.com\/de\/wp-json\/wp\/v2\/media?parent=17309"}],"wp:term":[{"taxonomy":"product_brand","embeddable":true,"href":"https:\/\/orkza.com\/de\/wp-json\/wp\/v2\/product_brand?post=17309"},{"taxonomy":"product_cat","embeddable":true,"href":"https:\/\/orkza.com\/de\/wp-json\/wp\/v2\/product_cat?post=17309"},{"taxonomy":"product_tag","embeddable":true,"href":"https:\/\/orkza.com\/de\/wp-json\/wp\/v2\/product_tag?post=17309"}],"curies":[{"name":"wp","href":"https:\/\/api.w.org\/{rel}","templated":true}]}}