{"id":17291,"date":"2025-03-03T18:45:49","date_gmt":"2025-03-03T18:45:49","guid":{"rendered":"https:\/\/orkza.com\/product\/avg-antitrack-multi-device-digital-key\/"},"modified":"2026-02-26T05:59:37","modified_gmt":"2026-02-26T05:59:37","slug":"avg-antitrack-multi-device-digital-key","status":"publish","type":"product","link":"https:\/\/orkza.com\/de\/produkt\/avg-antitrack-multi-device-digital-key\/","title":{"rendered":"AVG AntiTrack Multi-Ger\u00e4te Digitaler Schl\u00fcssel"},"content":{"rendered":"<h2 data-nodeid=\"1\">AVG AntiTrack: Tracker stoppen &amp; Ihre digitale Privatsph\u00e4re sch\u00fctzen<\/h2>\n<p>Websites, Werbetreibende und Datenbroker verfolgen Ihre Online-Aktivit\u00e4ten, um Ihre Daten zu verfolgen und zu verkaufen. <a href=\"https:\/\/www.avg.com\/en-us\/antitrack#pc\" target=\"_blank\" rel=\"noopener\">AVG AntiTrack<\/a> identifiziert und blockiert alle Tracking-Versuche, w\u00e4hrend es Ihren digitalen Fingerabdruck maskiert, damit Sie online privat bleiben k\u00f6nnen. <\/p>\n<p data-nodeid=\"1\"><a href=\"https:\/\/orkza.com\/wp-content\/uploads\/2025\/03\/AVG-key-features.jpg\"><img decoding=\"async\" class=\"alignnone wp-image-4546\" src=\"https:\/\/orkza.com\/wp-content\/uploads\/2025\/03\/AVG-key-features-400x225.jpg\" alt=\"AVG AntiTrack Hauptfunktionen\" width=\"596\" height=\"335\" title=\"\" srcset=\"https:\/\/orkza.com\/wp-content\/uploads\/2025\/03\/AVG-key-features-400x225.jpg 400w, https:\/\/orkza.com\/wp-content\/uploads\/2025\/03\/AVG-key-features-430x242.jpg 430w, https:\/\/orkza.com\/wp-content\/uploads\/2025\/03\/AVG-key-features-150x84.jpg 150w, https:\/\/orkza.com\/wp-content\/uploads\/2025\/03\/AVG-key-features-700x394.jpg 700w, https:\/\/orkza.com\/wp-content\/uploads\/2025\/03\/AVG-key-features-1300x731.jpg 1300w, https:\/\/orkza.com\/wp-content\/uploads\/2025\/03\/AVG-key-features-768x432.jpg 768w, https:\/\/orkza.com\/wp-content\/uploads\/2025\/03\/AVG-key-features-1536x864.jpg 1536w, https:\/\/orkza.com\/wp-content\/uploads\/2025\/03\/AVG-key-features.jpg 1920w\" sizes=\"(max-width: 596px) 100vw, 596px\" \/><\/a><\/p>\n<h3>Vermeiden Sie es, verfolgt zu werden &amp; dass Ihre Daten gesammelt werden<\/h3>\n<p>AVG AntiTrack verbirgt diese Tracker und verhindert, dass Websites und Werbetreibende Ihre pers\u00f6nlichen Informationen sammeln und Sie in ihrem digitalen Profil erfassen.<\/p>\n<h3>Verbergen Sie Ihren digitalen Fingerabdruck<\/h3>\n<p>Benutzer werden anhand ihrer Browsereinstellungen, IP-Adresse und anderer Ger\u00e4tedaten identifiziert. AVG AntiTrack verschleiert Ihren digitalen Fingerabdruck und verhindert, dass Unternehmen Sie verfolgen. <\/p>\n<h3>Gezielte Werbung &amp; Preisdiskriminierung stoppen<\/h3>\n<p>Websites verfolgen zunehmend Ihr Verhalten, um ma\u00dfgeschneiderte Werbung anzuzeigen oder Preise basierend auf Ihren Surfgewohnheiten zu erh\u00f6hen. AVG AntiTrack verhindert Preismanipulation und beendet l\u00e4stige gezielte Werbung. <\/p>\n<h3>Automatische L\u00f6schung von Tracking-Cookies<\/h3>\n<p>Dar\u00fcber m\u00fcssen Sie sich keine Sorgen machen, denn AVG AntiTrack l\u00f6scht Tracking-Cookies automatisch, w\u00e4hrend Ihre gespeicherten Passw\u00f6rter und notwendigen Website-Pr\u00e4ferenzen intakt bleiben, wie es bei regul\u00e4ren Browsern der Fall ist.<\/p>\n<h3>Datenschutz-Dashboard<\/h3>\n<p>AVG AntiTrack bietet ein leicht lesbares Dashboard, das die Websites anzeigt, die Sie verfolgen, und Ihnen eine Ein-Klick-Kontrolle \u00fcber Ihre Datenschutzeinstellungen erm\u00f6glicht.<\/p>\n<p data-nodeid=\"7\"><a href=\"https:\/\/support.avg.com\/SupportArticleView?l=en&amp;urlname=install-avg-antitrack\" target=\"_blank\" rel=\"noopener\">AVG Download-Link<\/a><\/p>\n<p data-nodeid=\"7\"><a href=\"https:\/\/orkza.com\/de\/avg-activation-guide\/\" target=\"_blank\" rel=\"noopener\">AVG-Aktivierungsanleitung<\/a><\/p>\n","protected":false},"excerpt":{"rendered":"<p>AVG AntiTrack blockiert Online-Tracker, verbirgt Ihren digitalen Fingerabdruck und stoppt gezielte Werbung. Surfen Sie sicher, ohne verfolgt zu werden! <\/p>\n","protected":false},"featured_media":17292,"comment_status":"open","ping_status":"closed","template":"","meta":[],"product_brand":[],"product_cat":[238],"product_tag":[243],"class_list":{"0":"post-17291","1":"product","2":"type-product","3":"status-publish","4":"has-post-thumbnail","6":"product_cat-dienstprogramme","7":"product_tag-avg","9":"first","10":"instock","11":"shipping-taxable","12":"purchasable","13":"product-type-variable"},"_links":{"self":[{"href":"https:\/\/orkza.com\/de\/wp-json\/wp\/v2\/product\/17291","targetHints":{"allow":["GET"]}}],"collection":[{"href":"https:\/\/orkza.com\/de\/wp-json\/wp\/v2\/product"}],"about":[{"href":"https:\/\/orkza.com\/de\/wp-json\/wp\/v2\/types\/product"}],"replies":[{"embeddable":true,"href":"https:\/\/orkza.com\/de\/wp-json\/wp\/v2\/comments?post=17291"}],"version-history":[{"count":0,"href":"https:\/\/orkza.com\/de\/wp-json\/wp\/v2\/product\/17291\/revisions"}],"wp:featuredmedia":[{"embeddable":true,"href":"https:\/\/orkza.com\/de\/wp-json\/wp\/v2\/media\/17292"}],"wp:attachment":[{"href":"https:\/\/orkza.com\/de\/wp-json\/wp\/v2\/media?parent=17291"}],"wp:term":[{"taxonomy":"product_brand","embeddable":true,"href":"https:\/\/orkza.com\/de\/wp-json\/wp\/v2\/product_brand?post=17291"},{"taxonomy":"product_cat","embeddable":true,"href":"https:\/\/orkza.com\/de\/wp-json\/wp\/v2\/product_cat?post=17291"},{"taxonomy":"product_tag","embeddable":true,"href":"https:\/\/orkza.com\/de\/wp-json\/wp\/v2\/product_tag?post=17291"}],"curies":[{"name":"wp","href":"https:\/\/api.w.org\/{rel}","templated":true}]}}