{"id":17279,"date":"2025-10-03T00:05:07","date_gmt":"2025-10-03T00:05:07","guid":{"rendered":"https:\/\/orkza.com\/product\/ghostrunner-2-steam-account\/"},"modified":"2026-02-26T05:59:05","modified_gmt":"2026-02-26T05:59:05","slug":"ghostrunner-2-steam-account","status":"publish","type":"product","link":"https:\/\/orkza.com\/de\/produkt\/ghostrunner-2-steam-account\/","title":{"rendered":"Ghostrunner 2 Steam-Konto"},"content":{"rendered":"<h2><span data-preserver-spaces=\"true\">Ghostrunner 2 Steam-Konto \u2013 Tauchen Sie ein in Cyberpunk-Action und Pr\u00e4zisionskampf<\/span><\/h2>\n<p><span data-preserver-spaces=\"true\">Betreten Sie die rasante Cyberpunk-Welt von <a href=\"https:\/\/store.steampowered.com\/app\/2144740\/Ghostrunner_2\/\" target=\"_blank\" rel=\"noopener\">Ghostrunner 2<\/a> mit unserem Steam-Konto. Diese Fortsetzung entf\u00fchrt die Serie in eine dystopische Zukunft, in der Spieler hirnverdrehende K\u00e4mpfe und Plattforming-Action auf jedem Zentimeter ihrer gro\u00dfartigen, post-apokalyptischen Welt erleben. Jack ist zur\u00fcck in einem brandneuen Damsel-Abenteuer, das eine einzigartige Mischung aus schnellem Pr\u00e4zisions-Plattforming und frenetischer Action bietet, w\u00e4hrend Sie sich durch originelle Missionen in einer d\u00fcsteren Welt k\u00e4mpfen, um die Menschheit vor den Vampirhorden zu retten. Ghostrunner 2 hebt das geschicklichkeitsbasierte Gameplay auf die n\u00e4chste Stufe und balanciert hochrangige F\u00e4higkeiten wie Geschwindigkeit, Pr\u00e4zision und Strategie aus.   <\/span><\/p>\n<p><img decoding=\"async\" class=\"alignnone wp-image-3713 \" src=\"https:\/\/orkza.com\/wp-content\/uploads\/2024\/10\/Ghostrunner-2-Gameplay-2-400x225.jpg\" alt=\"Ghostrunner 2 Gameplay\" width=\"806\" height=\"453\" title=\"\" srcset=\"https:\/\/orkza.com\/wp-content\/uploads\/2024\/10\/Ghostrunner-2-Gameplay-2-400x225.jpg 400w, https:\/\/orkza.com\/wp-content\/uploads\/2024\/10\/Ghostrunner-2-Gameplay-2-430x242.jpg 430w, https:\/\/orkza.com\/wp-content\/uploads\/2024\/10\/Ghostrunner-2-Gameplay-2-150x84.jpg 150w, https:\/\/orkza.com\/wp-content\/uploads\/2024\/10\/Ghostrunner-2-Gameplay-2-700x394.jpg 700w, https:\/\/orkza.com\/wp-content\/uploads\/2024\/10\/Ghostrunner-2-Gameplay-2-768x432.jpg 768w, https:\/\/orkza.com\/wp-content\/uploads\/2024\/10\/Ghostrunner-2-Gameplay-2.jpg 1024w\" sizes=\"(max-width: 806px) 100vw, 806px\" \/><\/p>\n<h3><span data-preserver-spaces=\"true\">Intensiver Kampf und erweiterte F\u00e4higkeiten<\/span><\/h3>\n<p><span data-preserver-spaces=\"true\">Wie im urspr\u00fcnglichen Ghostrunner bleiben viele Bewegungen diesem Prinzip treu, und Spieler verf\u00fcgen \u00fcber noch gr\u00f6\u00dfere Waffen, um B\u00f6sewichte auszuschalten. Spieler k\u00f6nnen K\u00e4mpfe mit verschiedenen Strategien und Waffen im Nah- oder Fernkampf angehen, sodass Begegnungen stets frisch wirken. Sie k\u00f6nnen auch durch Feinde st\u00fcrmen, eingehenden Kugeln ausweichen und Ihre freigeschalteten F\u00e4higkeiten nutzen, um K\u00e4mpfe und bestimmte Plattforming-Bereiche zu meistern. Ghostrunner 2 fordert Spieler heraus, ihre F\u00e4higkeiten zu verfeinern und mit hochoktaniger Action zu wachsen.   <\/span><\/p>\n<h3><span data-preserver-spaces=\"true\">Neue Umgebungen und erweiterter Weltenbau<\/span><\/h3>\n<p><span data-preserver-spaces=\"true\">In Ghostrunner 2 verlassen Spieler die Turmfestung Dharma und st\u00fcrzen sich kopf\u00fcber in unerforschte Gebiete, wo sie neue Geheimnisse dieser Cyberpunk-Welt aufdecken. Mit einem verbesserten visuellen Stil und Leveldesign bietet Satellite Nomads eine tief atmosph\u00e4rische Welt zum Erkunden, mit dunklen, grotesken Umgebungen, die Levels voller Lore bieten. Zus\u00e4tzlich zu komplexeren Levels und R\u00e4tseln, die Spieler herausfordern werden, bietet diese erweiterte Welt auch einen Einblick in das Cyberpunk-Universum von Ghostrunner.  <\/span><\/p>\n<h3><span data-preserver-spaces=\"true\">Pr\u00e4zisions-Plattforming mit verbesserten Mechaniken<\/span><\/h3>\n<p><span data-preserver-spaces=\"true\">Aufbauend auf dem klassischen Plattforming von Ghostrunner verbessert die Fortsetzung die Bewegungsmechaniken f\u00fcr ein viel sch\u00e4rferes und reaktionsfreudigeres Spielerlebnis. Der Nervenkitzel des Wandlaufs, des Greifens und anderer agilit\u00e4tsbasierter Man\u00f6ver ist zentral f\u00fcr den Fortschritt und ermutigt den Spieler, Geschwindigkeit mit Finesse zu verbinden, w\u00e4hrend er die Levels durchquert. Die Levels sind so konzipiert, dass sie f\u00fcr Gelegenheitsspieler herausfordernd sind, aber nicht so hardcore, dass erfahrenere Spieler sie als zu entmutigend empfinden.  <\/span><\/p>\n<h3>So nutzen Sie Ihr Ghostrunner 2 Steam-Konto<\/h3>\n<p><img decoding=\"async\" class=\"alignnone wp-image-3511\" src=\"https:\/\/orkza.com\/wp-content\/uploads\/2024\/10\/STEAM-ACTIVATION-GUIDE-400x225.jpg\" alt=\"\" width=\"804\" height=\"453\" title=\"\" srcset=\"https:\/\/orkza.com\/wp-content\/uploads\/2024\/10\/STEAM-ACTIVATION-GUIDE-400x225.jpg 400w, https:\/\/orkza.com\/wp-content\/uploads\/2024\/10\/STEAM-ACTIVATION-GUIDE-430x242.jpg 430w, https:\/\/orkza.com\/wp-content\/uploads\/2024\/10\/STEAM-ACTIVATION-GUIDE-150x84.jpg 150w, https:\/\/orkza.com\/wp-content\/uploads\/2024\/10\/STEAM-ACTIVATION-GUIDE-700x394.jpg 700w, https:\/\/orkza.com\/wp-content\/uploads\/2024\/10\/STEAM-ACTIVATION-GUIDE-768x432.jpg 768w, https:\/\/orkza.com\/wp-content\/uploads\/2024\/10\/STEAM-ACTIVATION-GUIDE.jpg 1280w\" sizes=\"(max-width: 804px) 100vw, 804px\" \/><\/p>\n<p>Melde dich nach dem Kauf auf deinem PC mit dem bereitgestellten Steam-Konto an. Sobald du angemeldet bist, navigiere zu deiner Bibliothek, installiere das Spiel und klicke auf den Play-Button.  Nach ein paar Minuten beende das Spiel und schalte Steam in den Offline-Modus \u2013 und schon bist du bereit f\u00fcr stundenlangen, aufregenden Spielspa\u00df!<\/p>\n<p>F\u00fcr einen umfassenden Einrichtungsprozess lesen Sie bitte unsere <a href=\"https:\/\/orkza.com\/de\/steam-account-activation-guide\/\" target=\"_blank\" rel=\"noopener\">vollst\u00e4ndige Aktivierungsanleitung<\/a><\/p>\n<h3><strong>Minimale Systemanforderungen<\/strong><\/h3>\n<ul>\n<li>Betriebssystem: Windows 10 (64-Bit)<\/li>\n<li>Prozessor: Intel Core i5-4590 oder AMD FX 8350<\/li>\n<li>Arbeitsspeicher: 8 GB RAM<\/li>\n<li>Grafikkarte: NVIDIA GTX 960 oder AMD RX 560<\/li>\n<li>Speicherplatz: 25 GB verf\u00fcgbarer Speicher<\/li>\n<\/ul>\n<h3><strong>Empfohlene Systemanforderungen<\/strong><\/h3>\n<ul>\n<li>OS: Windows 10\/11 (64-Bit)<\/li>\n<li>Prozessor: Intel Core i7-6700K oder AMD Ryzen 5 1600<\/li>\n<li>Arbeitsspeicher: 16 GB RAM<\/li>\n<li>Grafikkarte: NVIDIA GTX 1080 oder AMD RX 5700 XT<\/li>\n<li>Speicherplatz: 25 GB verf\u00fcgbarer Speicher<\/li>\n<\/ul>\n<p>Entdecken Sie unsere neuesten <a href=\"https:\/\/orkza.com\/de\/produkt-kategorie\/pc-spiele\/\" target=\"_blank\" rel=\"noopener\">Spiel-Accounts<\/a><\/p>\n","protected":false},"excerpt":{"rendered":"<p>Meistern Sie den Cyber-Kampf in Ghostrunner 2! St\u00fcrmen, schneiden und erkunden Sie eine Cyberpunk-Welt mit intensiver Action auf unserem Steam-Konto. <\/p>\n<p><img decoding=\"async\" class=\"alignnone wp-image-3526\" src=\"https:\/\/orkza.com\/wp-content\/uploads\/2024\/10\/Steam-Account-Notice-min-300x300.png\" alt=\"\" width=\"45\" height=\"45\" srcset=\"https:\/\/orkza.com\/wp-content\/uploads\/2024\/10\/Steam-Account-Notice-min-300x300.png 300w, https:\/\/orkza.com\/wp-content\/uploads\/2024\/10\/Steam-Account-Notice-min-scaled-430x430.png 430w, https:\/\/orkza.com\/wp-content\/uploads\/2024\/10\/Steam-Account-Notice-min-150x150.png 150w, https:\/\/orkza.com\/wp-content\/uploads\/2024\/10\/Steam-Account-Notice-min-scaled-700x700.png 700w, https:\/\/orkza.com\/wp-content\/uploads\/2024\/10\/Steam-Account-Notice-min-800x800.png 800w, https:\/\/orkza.com\/wp-content\/uploads\/2024\/10\/Steam-Account-Notice-min-768x768.png 768w, https:\/\/orkza.com\/wp-content\/uploads\/2024\/10\/Steam-Account-Notice-min-1536x1536.png 1536w, https:\/\/orkza.com\/wp-content\/uploads\/2024\/10\/Steam-Account-Notice-min-2048x2048.png 2048w\" sizes=\"(max-width: 45px) 100vw, 45px\" \/><strong>Hinweis: Kontodaten k\u00f6nnen nicht ge\u00e4ndert werden. Dies ist ein Steam-Konto mit lebenslangem Zugriff, nur f\u00fcr Offline-Spiele. <\/strong><\/p>\n","protected":false},"featured_media":17285,"comment_status":"open","ping_status":"closed","template":"","meta":[],"product_brand":[],"product_cat":[216],"product_tag":[249],"class_list":{"0":"post-17279","1":"product","2":"type-product","3":"status-publish","4":"has-post-thumbnail","6":"product_cat-action","7":"product_tag-steam","9":"first","10":"instock","11":"sale","12":"virtual","13":"purchasable","14":"product-type-simple"},"_links":{"self":[{"href":"https:\/\/orkza.com\/de\/wp-json\/wp\/v2\/product\/17279","targetHints":{"allow":["GET"]}}],"collection":[{"href":"https:\/\/orkza.com\/de\/wp-json\/wp\/v2\/product"}],"about":[{"href":"https:\/\/orkza.com\/de\/wp-json\/wp\/v2\/types\/product"}],"replies":[{"embeddable":true,"href":"https:\/\/orkza.com\/de\/wp-json\/wp\/v2\/comments?post=17279"}],"version-history":[{"count":0,"href":"https:\/\/orkza.com\/de\/wp-json\/wp\/v2\/product\/17279\/revisions"}],"wp:featuredmedia":[{"embeddable":true,"href":"https:\/\/orkza.com\/de\/wp-json\/wp\/v2\/media\/17285"}],"wp:attachment":[{"href":"https:\/\/orkza.com\/de\/wp-json\/wp\/v2\/media?parent=17279"}],"wp:term":[{"taxonomy":"product_brand","embeddable":true,"href":"https:\/\/orkza.com\/de\/wp-json\/wp\/v2\/product_brand?post=17279"},{"taxonomy":"product_cat","embeddable":true,"href":"https:\/\/orkza.com\/de\/wp-json\/wp\/v2\/product_cat?post=17279"},{"taxonomy":"product_tag","embeddable":true,"href":"https:\/\/orkza.com\/de\/wp-json\/wp\/v2\/product_tag?post=17279"}],"curies":[{"name":"wp","href":"https:\/\/api.w.org\/{rel}","templated":true}]}}