{"id":17268,"date":"2025-10-03T00:45:03","date_gmt":"2025-10-03T00:45:03","guid":{"rendered":"https:\/\/orkza.com\/product\/bloons-td-6-steam-account\/"},"modified":"2026-03-08T13:22:35","modified_gmt":"2026-03-08T13:22:35","slug":"bloons-td-6-steam-account","status":"publish","type":"product","link":"https:\/\/orkza.com\/de\/produkt\/bloons-td-6-steam-account\/","title":{"rendered":"Bloons TD 6 Steam-Account"},"content":{"rendered":"<h2>Bloons TD 6 Steam-Account \u2013 Machen Sie sich bereit f\u00fcr Tower-Defense-Gameplay mit Affen und Ballons<\/h2>\n<p>Erleben Sie 5-Sterne-Tower-Defense-Mobile mit <a href=\"https:\/\/store.steampowered.com\/app\/960090\/Bloons_TD_6\/\" target=\"_blank\" rel=\"noopener\">Bloons TD 6<\/a> direkt auf unserem Steam-Account. Bloons TD 6 baut auf dieser Idee mit farbenfroher, unterhaltsamer Grafik und einem fesselnden Spielstil auf, der Fans des Originalspiels \u00fcberraschen wird. Die leuchtende Grafik, einzigartigen Affent\u00fcrme und Upgrades funktionieren auf dieser Plattform noch besser.  <\/p>\n<p><img decoding=\"async\" class=\"alignnone wp-image-3600\" src=\"https:\/\/orkza.com\/wp-content\/uploads\/2024\/10\/Bloons-TD-6-Gameplay-400x225.jpg\" alt=\"\" width=\"809\" height=\"455\" title=\"\" srcset=\"https:\/\/orkza.com\/wp-content\/uploads\/2024\/10\/Bloons-TD-6-Gameplay-400x225.jpg 400w, https:\/\/orkza.com\/wp-content\/uploads\/2024\/10\/Bloons-TD-6-Gameplay-430x242.jpg 430w, https:\/\/orkza.com\/wp-content\/uploads\/2024\/10\/Bloons-TD-6-Gameplay-150x84.jpg 150w, https:\/\/orkza.com\/wp-content\/uploads\/2024\/10\/Bloons-TD-6-Gameplay-700x394.jpg 700w, https:\/\/orkza.com\/wp-content\/uploads\/2024\/10\/Bloons-TD-6-Gameplay-1300x731.jpg 1300w, https:\/\/orkza.com\/wp-content\/uploads\/2024\/10\/Bloons-TD-6-Gameplay-768x432.jpg 768w, https:\/\/orkza.com\/wp-content\/uploads\/2024\/10\/Bloons-TD-6-Gameplay-1536x864.jpg 1536w, https:\/\/orkza.com\/wp-content\/uploads\/2024\/10\/Bloons-TD-6-Gameplay.jpg 1920w\" sizes=\"(max-width: 809px) 100vw, 809px\" \/><\/p>\n<h3>Fesselndes Gameplay mit einzigartigen T\u00fcrmen und F\u00e4higkeiten<\/h3>\n<p>In Bloons TD 6 haben Sie jede Menge strategische Tiefe und Auswahl \u2013 etwas, wovon ein Tower-Defense-Titel leben oder sterben kann, w\u00e4hrend Spieler T\u00fcrme bauen und verbessern, jeder mit einzigartigen Eigenschaften. Mit \u00fcber 20 T\u00fcrmen und Hunderten von Upgrades ist Bloons TD Battles ein Echtzeit-Strategiespiel, in dem Sie Ihre Lieblingsaffenwaffe w\u00e4hlen und gegen die herausforderndsten Spieler der Welt k\u00e4mpfen m\u00fcssen. W\u00e4hrend Sie spielen, werden Ihre F\u00e4higkeiten st\u00e4rker. Die einzigartigen Heldencharaktere mit ihren exklusiven Skins f\u00fcgen eine weitere Ebene neuen Gameplays hinzu. Es gibt unendliche Kombinationen, wenn Sie Ihre Verteidigungen aufbauen, um jeden letzten Bloon zu stoppen, der in Bloons TD 6 existiert.    <\/p>\n<h3>Einzelspieler-, Koop-Modus &amp; Herausforderungsoptionen<\/h3>\n<p>Sie erleben eine ausgearbeitete Welt voller Einzelspieler-Kampagnen, Koop-Action mit Ihren Freunden und einigen Karten-Herausforderungen mit verschiedenen Schwierigkeitsgraden. Diese tiefe Strategie ist gut ausbalanciert mit Updates und Events, da Bloons TD 6 relativ regelm\u00e4\u00dfige Inhalts-Drops wie t\u00e4gliche Herausforderungen bietet. Das Spiel macht allein oder mit Freunden einen Riesenspa\u00df und bietet endlosen, herausfordernden Spa\u00df f\u00fcr Menschen jeden Alters.  <\/p>\n<h3>So verwenden Sie Ihren Bloons TD 6 Steam-Account<\/h3>\n<p><img decoding=\"async\" class=\"alignnone wp-image-3511\" src=\"https:\/\/orkza.com\/wp-content\/uploads\/2024\/10\/STEAM-ACTIVATION-GUIDE-400x225.jpg\" alt=\"\" width=\"804\" height=\"453\" title=\"\" srcset=\"https:\/\/orkza.com\/wp-content\/uploads\/2024\/10\/STEAM-ACTIVATION-GUIDE-400x225.jpg 400w, https:\/\/orkza.com\/wp-content\/uploads\/2024\/10\/STEAM-ACTIVATION-GUIDE-430x242.jpg 430w, https:\/\/orkza.com\/wp-content\/uploads\/2024\/10\/STEAM-ACTIVATION-GUIDE-150x84.jpg 150w, https:\/\/orkza.com\/wp-content\/uploads\/2024\/10\/STEAM-ACTIVATION-GUIDE-700x394.jpg 700w, https:\/\/orkza.com\/wp-content\/uploads\/2024\/10\/STEAM-ACTIVATION-GUIDE-768x432.jpg 768w, https:\/\/orkza.com\/wp-content\/uploads\/2024\/10\/STEAM-ACTIVATION-GUIDE.jpg 1280w\" sizes=\"(max-width: 804px) 100vw, 804px\" \/><\/p>\n<p>Melde dich nach dem Kauf auf deinem PC mit dem bereitgestellten Steam-Konto an. Sobald du angemeldet bist, navigiere zu deiner Bibliothek, installiere das Spiel und klicke auf den Play-Button.  Nach ein paar Minuten beende das Spiel und schalte Steam in den Offline-Modus \u2013 und schon bist du bereit f\u00fcr stundenlangen, aufregenden Spielspa\u00df!<\/p>\n<p>F\u00fcr einen umfassenden Einrichtungsprozess lesen Sie bitte unsere <a href=\"https:\/\/orkza.com\/de\/steam-account-activation-guide\/\" target=\"_blank\" rel=\"noopener\">vollst\u00e4ndige Aktivierungsanleitung<\/a><\/p>\n<h3><strong>Minimale Systemanforderungen<\/strong><\/h3>\n<ul>\n<li>Betriebssystem: Windows 7 (64-Bit)<\/li>\n<li>Prozessor: 1,5 GHz oder besser<\/li>\n<li>Arbeitsspeicher: 4 GB RAM<\/li>\n<li>Grafik: OpenGL 2.0-kompatibel mit 512 MB Video-RAM<\/li>\n<li>Speicherplatz: 2 GB verf\u00fcgbarer Speicherplatz<\/li>\n<\/ul>\n<h3><strong>Empfohlene Systemanforderungen<\/strong><\/h3>\n<ul>\n<li>Betriebssystem: Windows 10 (64-Bit)<\/li>\n<li>Prozessor: Dual Core 2,0 GHz oder besser<\/li>\n<li>Arbeitsspeicher: 8 GB RAM<\/li>\n<li>Grafik: OpenGL 2.0-kompatibel mit 1 GB Video-RAM<\/li>\n<li>Speicherplatz: 2 GB verf\u00fcgbarer Speicherplatz<\/li>\n<\/ul>\n<p>Entdecken Sie unsere neuesten <a href=\"https:\/\/orkza.com\/de\/produkt-kategorie\/pc-spiele\/\" target=\"_blank\" rel=\"noopener\">Spiel-Accounts<\/a><\/p>\n","protected":false},"excerpt":{"rendered":"<p>Verteidigen Sie sich gegen Bloons in Bloons TD 6! Bauen Sie m\u00e4chtige Affent\u00fcrme in diesem unterhaltsamen, strategischen Tower-Defense-Spiel auf Steam! <\/p>\n<p><img decoding=\"async\" class=\"alignnone wp-image-3526\" src=\"https:\/\/orkza.com\/wp-content\/uploads\/2024\/10\/Steam-Account-Notice-min-300x300.png\" alt=\"\" width=\"45\" height=\"45\" srcset=\"https:\/\/orkza.com\/wp-content\/uploads\/2024\/10\/Steam-Account-Notice-min-300x300.png 300w, https:\/\/orkza.com\/wp-content\/uploads\/2024\/10\/Steam-Account-Notice-min-scaled-430x430.png 430w, https:\/\/orkza.com\/wp-content\/uploads\/2024\/10\/Steam-Account-Notice-min-150x150.png 150w, https:\/\/orkza.com\/wp-content\/uploads\/2024\/10\/Steam-Account-Notice-min-scaled-700x700.png 700w, https:\/\/orkza.com\/wp-content\/uploads\/2024\/10\/Steam-Account-Notice-min-800x800.png 800w, https:\/\/orkza.com\/wp-content\/uploads\/2024\/10\/Steam-Account-Notice-min-768x768.png 768w, https:\/\/orkza.com\/wp-content\/uploads\/2024\/10\/Steam-Account-Notice-min-1536x1536.png 1536w, https:\/\/orkza.com\/wp-content\/uploads\/2024\/10\/Steam-Account-Notice-min-2048x2048.png 2048w\" sizes=\"(max-width: 45px) 100vw, 45px\" \/><strong>Hinweis: Kontodaten k\u00f6nnen nicht ge\u00e4ndert werden. Dies ist ein Steam-Konto mit lebenslangem Zugriff, nur f\u00fcr Offline-Spiele. <\/strong><\/p>\n","protected":false},"featured_media":17274,"comment_status":"open","ping_status":"closed","template":"","meta":[],"product_brand":[],"product_cat":[223],"product_tag":[249],"class_list":{"0":"post-17268","1":"product","2":"type-product","3":"status-publish","4":"has-post-thumbnail","6":"product_cat-strategiespiele","7":"product_tag-steam","9":"first","10":"instock","11":"sale","12":"virtual","13":"purchasable","14":"product-type-simple"},"_links":{"self":[{"href":"https:\/\/orkza.com\/de\/wp-json\/wp\/v2\/product\/17268","targetHints":{"allow":["GET"]}}],"collection":[{"href":"https:\/\/orkza.com\/de\/wp-json\/wp\/v2\/product"}],"about":[{"href":"https:\/\/orkza.com\/de\/wp-json\/wp\/v2\/types\/product"}],"replies":[{"embeddable":true,"href":"https:\/\/orkza.com\/de\/wp-json\/wp\/v2\/comments?post=17268"}],"version-history":[{"count":0,"href":"https:\/\/orkza.com\/de\/wp-json\/wp\/v2\/product\/17268\/revisions"}],"wp:featuredmedia":[{"embeddable":true,"href":"https:\/\/orkza.com\/de\/wp-json\/wp\/v2\/media\/17274"}],"wp:attachment":[{"href":"https:\/\/orkza.com\/de\/wp-json\/wp\/v2\/media?parent=17268"}],"wp:term":[{"taxonomy":"product_brand","embeddable":true,"href":"https:\/\/orkza.com\/de\/wp-json\/wp\/v2\/product_brand?post=17268"},{"taxonomy":"product_cat","embeddable":true,"href":"https:\/\/orkza.com\/de\/wp-json\/wp\/v2\/product_cat?post=17268"},{"taxonomy":"product_tag","embeddable":true,"href":"https:\/\/orkza.com\/de\/wp-json\/wp\/v2\/product_tag?post=17268"}],"curies":[{"name":"wp","href":"https:\/\/api.w.org\/{rel}","templated":true}]}}