{"id":17263,"date":"2025-10-03T00:19:03","date_gmt":"2025-10-03T00:19:03","guid":{"rendered":"https:\/\/orkza.com\/product\/god-of-war-steam-account\/"},"modified":"2026-03-08T23:00:56","modified_gmt":"2026-03-08T23:00:56","slug":"god-of-war-steam-account","status":"publish","type":"product","link":"https:\/\/orkza.com\/de\/produkt\/god-of-war-steam-account\/","title":{"rendered":"God of War Steam-Account"},"content":{"rendered":"<h2>God of War Steam-Account \u2013 Begeben Sie sich mit Kratos auf eine mythische Reise<\/h2>\n<p>Treten Sie ein in die Welt der nordischen Mythologie mit <a href=\"https:\/\/store.steampowered.com\/app\/1593500\/God_of_War\/\" target=\"_blank\" rel=\"noopener\">God of War<\/a> \u00fcber unseren Steam-Account. Es ist ein von der Kritik gefeiertes Action-Adventure, in dem der spartanische Krieger Kratos ein neues Abenteuer mit seinem Sohn Atreus beginnt. Mutig, brutal und intensiv: God of War ist ein visuell beeindruckendes Action-Meisterwerk, das Spieler in die unerbittliche Welt der nordischen Mythologie entf\u00fchrt, in der eine neue \u00c4ra des Krieges beginnt. <\/p>\n<p><img decoding=\"async\" class=\"alignnone wp-image-3721\" src=\"https:\/\/orkza.com\/wp-content\/uploads\/2024\/11\/god-of-war--400x225.jpg\" alt=\"God of War\" width=\"802\" height=\"451\" title=\"\" srcset=\"https:\/\/orkza.com\/wp-content\/uploads\/2024\/11\/god-of-war--400x225.jpg 400w, https:\/\/orkza.com\/wp-content\/uploads\/2024\/11\/god-of-war--430x242.jpg 430w, https:\/\/orkza.com\/wp-content\/uploads\/2024\/11\/god-of-war--150x84.jpg 150w, https:\/\/orkza.com\/wp-content\/uploads\/2024\/11\/god-of-war--700x394.jpg 700w, https:\/\/orkza.com\/wp-content\/uploads\/2024\/11\/god-of-war--1300x731.jpg 1300w, https:\/\/orkza.com\/wp-content\/uploads\/2024\/11\/god-of-war--768x432.jpg 768w, https:\/\/orkza.com\/wp-content\/uploads\/2024\/11\/god-of-war--1536x864.jpg 1536w, https:\/\/orkza.com\/wp-content\/uploads\/2024\/11\/god-of-war-.jpg 1920w\" sizes=\"(max-width: 802px) 100vw, 802px\" \/><\/p>\n<h3>Immersives Kampfsystem und fesselnde Geschichte<\/h3>\n<p>God of War bietet ein neues Kampfsystem mit einem ebenso brutalen wie taktischen Arsenal, einschlie\u00dflich Kratos&#8216; ikonischer Leviathan-Axt. Diese l\u00e4sst sich wie Mj\u00f6lnir magisch werfen und nach Belieben wieder zur\u00fcckrufen. Es gibt zahlreiche Fertigkeiten und F\u00e4higkeiten freizuschalten, die es Spielern erm\u00f6glichen, ihren Kampfstil anzupassen \u2013 ob als schlagkr\u00e4ftiger Nahk\u00e4mpfer oder strategischer Fernk\u00e4mpfer. Im Team mit Atreus, der im Kampf unterst\u00fctzt, wird das Spielen dank der fl\u00fcssigen Dynamik und der F\u00e4higkeit, actionreiche Begegnungen zu meistern, zu einer koh\u00e4renten mechanischen und interaktiven Erfahrung.  <\/p>\n<h3>Erkunden Sie eine nordisch inspirierte offene Welt<\/h3>\n<p>Zudem bietet God of War eine gewaltige Welt voller Details und majest\u00e4tisch inspirierter Landschaften, die tief in der nordischen Mythologie verwurzelt sind. Kratos und Atreus begeben sich auf eine gnadenlose Reise durch Midgard, vorbei an d\u00fcsteren Panoramen, uralten Bauwerken und mystischen Orten voller g\u00f6ttlicher Geheimnisse. Das Semi-Open-World-Design belohnt Erkundungen: Spieler k\u00f6nnen Nebenquests annehmen oder Umgebungsr\u00e4tsel l\u00f6sen, um Hintergrundwissen aufzudecken, das die Haupthandlung bereichert.  <\/p>\n<h3>Verbesserte PC-Grafik und Performance<\/h3>\n<p>Die Ver\u00f6ffentlichung von God of War f\u00fcr Steam wurde optimiert, um ein noch immersiveres und visuell beeindruckenderes Erlebnis zu garantieren. Das Spiel unterst\u00fctzt h\u00f6here Aufl\u00f6sungen, unbegrenzte Bildraten und Ultra-Wide-Monitore f\u00fcr die beste visuelle Erfahrung, damit Sie Kratos&#8216; Geschichte mit sch\u00e4rferer Grafik neu erleben und Ihre spielerischen Grenzen ausreizen k\u00f6nnen. Das Spiel bietet zudem anpassbare Steuerungen f\u00fcr ein optimales Erlebnis f\u00fcr Neulinge und Veteranen gleicherma\u00dfen.  <\/p>\n<h3>So nutzen Sie Ihren God of War Steam-Account<\/h3>\n<p><img decoding=\"async\" class=\"alignnone wp-image-3511\" src=\"https:\/\/orkza.com\/wp-content\/uploads\/2024\/10\/STEAM-ACTIVATION-GUIDE-400x225.jpg\" alt=\"\" width=\"804\" height=\"453\" title=\"\" srcset=\"https:\/\/orkza.com\/wp-content\/uploads\/2024\/10\/STEAM-ACTIVATION-GUIDE-400x225.jpg 400w, https:\/\/orkza.com\/wp-content\/uploads\/2024\/10\/STEAM-ACTIVATION-GUIDE-430x242.jpg 430w, https:\/\/orkza.com\/wp-content\/uploads\/2024\/10\/STEAM-ACTIVATION-GUIDE-150x84.jpg 150w, https:\/\/orkza.com\/wp-content\/uploads\/2024\/10\/STEAM-ACTIVATION-GUIDE-700x394.jpg 700w, https:\/\/orkza.com\/wp-content\/uploads\/2024\/10\/STEAM-ACTIVATION-GUIDE-768x432.jpg 768w, https:\/\/orkza.com\/wp-content\/uploads\/2024\/10\/STEAM-ACTIVATION-GUIDE.jpg 1280w\" sizes=\"(max-width: 804px) 100vw, 804px\" \/><\/p>\n<p>Melde dich nach dem Kauf auf deinem PC mit dem bereitgestellten Steam-Konto an. Sobald du angemeldet bist, navigiere zu deiner Bibliothek, installiere das Spiel und klicke auf den Play-Button.  Nach ein paar Minuten beende das Spiel und schalte Steam in den Offline-Modus \u2013 und schon bist du bereit f\u00fcr stundenlangen, aufregenden Spielspa\u00df!<\/p>\n<p>F\u00fcr einen umfassenden Einrichtungsprozess lesen Sie bitte unsere <a href=\"https:\/\/orkza.com\/de\/steam-account-activation-guide\/\" target=\"_blank\" rel=\"noopener\">vollst\u00e4ndige Aktivierungsanleitung<\/a><\/p>\n<h3><strong>Minimale Systemanforderungen<\/strong><\/h3>\n<ul>\n<li>Betriebssystem: Windows 10 (64-Bit)<\/li>\n<li>Prozessor: Intel Core i5-2500K oder AMD Ryzen 3 1200<\/li>\n<li>Arbeitsspeicher: 8 GB RAM<\/li>\n<li>Grafikkarte: NVIDIA GTX 960 oder AMD R9 290X<\/li>\n<li>Speicherplatz: 70 GB verf\u00fcgbarer Speicherplatz<\/li>\n<\/ul>\n<h3><strong>Empfohlene Systemanforderungen<\/strong><\/h3>\n<ul>\n<li>OS: Windows 10\/11 (64-Bit)<\/li>\n<li>Prozessor: Intel Core i7-4770K oder AMD Ryzen 7 2700<\/li>\n<li>Arbeitsspeicher: 16 GB RAM<\/li>\n<li>Grafikkarte: NVIDIA GTX 1060 oder AMD RX 570<\/li>\n<li>Speicherplatz: 70 GB verf\u00fcgbarer Speicherplatz<\/li>\n<\/ul>\n<p>Entdecken Sie unsere neuesten <a href=\"https:\/\/orkza.com\/de\/produkt-kategorie\/pc-spiele\/\" target=\"_blank\" rel=\"noopener\">Spiel-Accounts<\/a><\/p>\n","protected":false},"excerpt":{"rendered":"<p>Begleiten Sie Kratos und Atreus auf ein episches nordisches Abenteuer in God of War! Erleben Sie intensive K\u00e4mpfe und atemberaubende Grafik mit unserem Steam-Account. <\/p>\n<p><img decoding=\"async\" class=\"alignnone wp-image-3526\" src=\"https:\/\/orkza.com\/wp-content\/uploads\/2024\/10\/Steam-Account-Notice-min-300x300.png\" alt=\"\" width=\"45\" height=\"45\" srcset=\"https:\/\/orkza.com\/wp-content\/uploads\/2024\/10\/Steam-Account-Notice-min-300x300.png 300w, https:\/\/orkza.com\/wp-content\/uploads\/2024\/10\/Steam-Account-Notice-min-scaled-430x430.png 430w, https:\/\/orkza.com\/wp-content\/uploads\/2024\/10\/Steam-Account-Notice-min-150x150.png 150w, https:\/\/orkza.com\/wp-content\/uploads\/2024\/10\/Steam-Account-Notice-min-scaled-700x700.png 700w, https:\/\/orkza.com\/wp-content\/uploads\/2024\/10\/Steam-Account-Notice-min-800x800.png 800w, https:\/\/orkza.com\/wp-content\/uploads\/2024\/10\/Steam-Account-Notice-min-768x768.png 768w, https:\/\/orkza.com\/wp-content\/uploads\/2024\/10\/Steam-Account-Notice-min-1536x1536.png 1536w, https:\/\/orkza.com\/wp-content\/uploads\/2024\/10\/Steam-Account-Notice-min-2048x2048.png 2048w\" sizes=\"(max-width: 45px) 100vw, 45px\" \/><strong>Hinweis: Kontodaten k\u00f6nnen nicht ge\u00e4ndert werden. Dies ist ein Steam-Konto mit lebenslangem Zugriff, nur f\u00fcr Offline-Spiele. <\/strong><\/p>\n","protected":false},"featured_media":17264,"comment_status":"open","ping_status":"closed","template":"","meta":[],"product_brand":[],"product_cat":[216],"product_tag":[249],"class_list":{"0":"post-17263","1":"product","2":"type-product","3":"status-publish","4":"has-post-thumbnail","6":"product_cat-action","7":"product_tag-steam","9":"first","10":"instock","11":"sale","12":"virtual","13":"purchasable","14":"product-type-simple"},"_links":{"self":[{"href":"https:\/\/orkza.com\/de\/wp-json\/wp\/v2\/product\/17263","targetHints":{"allow":["GET"]}}],"collection":[{"href":"https:\/\/orkza.com\/de\/wp-json\/wp\/v2\/product"}],"about":[{"href":"https:\/\/orkza.com\/de\/wp-json\/wp\/v2\/types\/product"}],"replies":[{"embeddable":true,"href":"https:\/\/orkza.com\/de\/wp-json\/wp\/v2\/comments?post=17263"}],"version-history":[{"count":0,"href":"https:\/\/orkza.com\/de\/wp-json\/wp\/v2\/product\/17263\/revisions"}],"wp:featuredmedia":[{"embeddable":true,"href":"https:\/\/orkza.com\/de\/wp-json\/wp\/v2\/media\/17264"}],"wp:attachment":[{"href":"https:\/\/orkza.com\/de\/wp-json\/wp\/v2\/media?parent=17263"}],"wp:term":[{"taxonomy":"product_brand","embeddable":true,"href":"https:\/\/orkza.com\/de\/wp-json\/wp\/v2\/product_brand?post=17263"},{"taxonomy":"product_cat","embeddable":true,"href":"https:\/\/orkza.com\/de\/wp-json\/wp\/v2\/product_cat?post=17263"},{"taxonomy":"product_tag","embeddable":true,"href":"https:\/\/orkza.com\/de\/wp-json\/wp\/v2\/product_tag?post=17263"}],"curies":[{"name":"wp","href":"https:\/\/api.w.org\/{rel}","templated":true}]}}