{"id":17237,"date":"2025-10-03T15:20:26","date_gmt":"2025-10-03T15:20:26","guid":{"rendered":"https:\/\/orkza.com\/product\/cities-skylines-ii-steam-account\/"},"modified":"2026-02-26T05:58:17","modified_gmt":"2026-02-26T05:58:17","slug":"cities-skylines-ii-steam-account","status":"publish","type":"product","link":"https:\/\/orkza.com\/de\/produkt\/cities-skylines-ii-steam-account\/","title":{"rendered":"Cities: Skylines II Steam-Account"},"content":{"rendered":"<h2>Cities: Skylines II Steam-Account &#8211; Bauen und verwalten Sie Ihre ultimative Stadt<\/h2>\n<p><span data-preserver-spaces=\"true\">Verf\u00fcgbar auf unserem Steam-Account \u2013 erleben Sie den Nervenkitzel des St\u00e4dtebaus in <a href=\"https:\/\/store.steampowered.com\/app\/949230\/Cities_Skylines_II\/\" target=\"_blank\" rel=\"noopener\">Cities: Skylines II<\/a>. Das Spiel f\u00fchrt die Stadtplanung zu ihren SimCity-Wurzeln zur\u00fcck und gibt Spielern die volle Kontrolle \u00fcber die Stadtplanung \u2013 gestalten Sie Ihre Stra\u00dfen in 3D wie auf einer gew\u00f6hnlichen Karte. Cities: Skylines kombiniert eine neue Freiheit beim Erschaffen Ihrer Wunschstadt mit aufregenden neuen Perspektiven, wie umweltfreundlichen Geb\u00e4uden neben Hochh\u00e4usern.  <\/span><\/p>\n<p><img decoding=\"async\" class=\"alignnone wp-image-3610\" src=\"https:\/\/orkza.com\/wp-content\/uploads\/2024\/10\/cities-skylines-ii-road-tools-thumbnail-400x225.jpg\" alt=\"Cities: Skylines II Stadtsimulation \" width=\"809\" height=\"455\" title=\"\" srcset=\"https:\/\/orkza.com\/wp-content\/uploads\/2024\/10\/cities-skylines-ii-road-tools-thumbnail-400x225.jpg 400w, https:\/\/orkza.com\/wp-content\/uploads\/2024\/10\/cities-skylines-ii-road-tools-thumbnail-scaled-430x242.jpg 430w, https:\/\/orkza.com\/wp-content\/uploads\/2024\/10\/cities-skylines-ii-road-tools-thumbnail-scaled-150x84.jpg 150w, https:\/\/orkza.com\/wp-content\/uploads\/2024\/10\/cities-skylines-ii-road-tools-thumbnail-scaled-700x394.jpg 700w, https:\/\/orkza.com\/wp-content\/uploads\/2024\/10\/cities-skylines-ii-road-tools-thumbnail-1300x731.jpg 1300w, https:\/\/orkza.com\/wp-content\/uploads\/2024\/10\/cities-skylines-ii-road-tools-thumbnail-768x432.jpg 768w, https:\/\/orkza.com\/wp-content\/uploads\/2024\/10\/cities-skylines-ii-road-tools-thumbnail-1536x864.jpg 1536w, https:\/\/orkza.com\/wp-content\/uploads\/2024\/10\/cities-skylines-ii-road-tools-thumbnail-2048x1152.jpg 2048w\" sizes=\"(max-width: 809px) 100vw, 809px\" \/><\/p>\n<h3><span data-preserver-spaces=\"true\">Realistischer St\u00e4dtebau und Verwaltung<\/span><\/h3>\n<p>Cities<strong><span data-preserver-spaces=\"true\">:<\/span><\/strong><span data-preserver-spaces=\"true\">  Skylines II bietet eine tiefgreifendere Simulation und authentische Mechaniken, sodass Spieler alle Aspekte ihrer Stadt kontrollieren k\u00f6nnen, von der Infrastruktur bis zur Zonierung. Die Zufriedenheit der Bewohner beeinflusst Umweltprinzipien. Sie m\u00fcssen Ihr Stadtlayout, Stra\u00dfen und Zugangspunkte planen und \u00f6ffentliche Dienste wie Krankenh\u00e4user, Schulen oder Feuerwehr implementieren. Halten Sie den Verkehr am Laufen, sorgen Sie f\u00fcr funktionierende Versorgungssysteme und schnelle Notdienste, um Ihre Stadtbewohner gl\u00fccklich und Ihre Stadt florierend zu halten. Alle Entscheidungen, die Sie beim Aufbau Ihrer Stadt treffen, wirken sich auf diese Systeme aus und sorgen f\u00fcr ein \u00e4u\u00dferst befriedigendes Spielerlebnis.    <\/span><\/p>\n<h3><span data-preserver-spaces=\"true\">Erweiterte Funktionen und Anpassungsoptionen<\/span><\/h3>\n<p><span data-preserver-spaces=\"true\">Umfangreicher als je zuvor mit Cities: Skylines II. <\/span><span data-preserver-spaces=\"true\">Erschaffen Sie einzigartige Stadtteile, w\u00e4hlen Sie Ihren charakteristischen Architekturstil und errichten Sie \u00f6ffentliche Parks oder Wahrzeichen, um eine optisch ansprechende Stadt zu gestalten. Ausgepr\u00e4gte Wetter- und Jahreszeitenwechsel k\u00f6nnen sich ebenfalls auf Ihre Stadt auswirken und dem Spiel eine zus\u00e4tzliche Ebene an Herausforderung und Realismus verleihen.  <\/span><span data-preserver-spaces=\"true\">Mit neuen KI-Verbesserungen und zahlreichen zus\u00e4tzlichen Bauoptionen in Cities: Skylines II k\u00f6nnen Spieler die Stadt ihrer Tr\u00e4ume erschaffen<\/span><span data-preserver-spaces=\"true\"> \u2013 vollst\u00e4ndig mikroverwaltet<\/span><span data-preserver-spaces=\"true\"> \u2013 eine noch komplexere St\u00e4dtebau-Erweiterung, die sowohl Anf\u00e4nger als auch Veteranen des Genres anspricht.<\/span><\/p>\n<h3><span data-preserver-spaces=\"true\">Kontinuierlicher Zugriff auf Ihre Stadt<\/span><\/h3>\n<p><span data-preserver-spaces=\"true\">Beginnen Sie noch heute Ihren Weg als St\u00e4dtebauer und Verwalter! Cities: Skylines II bietet Ihnen ein nahtloses St\u00e4dteerlebnis direkt nach dem Login auf Ihrem Steam-Account. Erkunden, planen und verwalten Sie Ihre Stadt jederzeit mit allen verf\u00fcgbaren Ressourcen.  <\/span><\/p>\n<h3>So nutzen Sie Ihren Cities: Skylines II Steam-Account<\/h3>\n<p><img decoding=\"async\" class=\"alignnone wp-image-3511\" src=\"https:\/\/orkza.com\/wp-content\/uploads\/2024\/10\/STEAM-ACTIVATION-GUIDE-400x225.jpg\" alt=\"\" width=\"804\" height=\"453\" title=\"\" srcset=\"https:\/\/orkza.com\/wp-content\/uploads\/2024\/10\/STEAM-ACTIVATION-GUIDE-400x225.jpg 400w, https:\/\/orkza.com\/wp-content\/uploads\/2024\/10\/STEAM-ACTIVATION-GUIDE-430x242.jpg 430w, https:\/\/orkza.com\/wp-content\/uploads\/2024\/10\/STEAM-ACTIVATION-GUIDE-150x84.jpg 150w, https:\/\/orkza.com\/wp-content\/uploads\/2024\/10\/STEAM-ACTIVATION-GUIDE-700x394.jpg 700w, https:\/\/orkza.com\/wp-content\/uploads\/2024\/10\/STEAM-ACTIVATION-GUIDE-768x432.jpg 768w, https:\/\/orkza.com\/wp-content\/uploads\/2024\/10\/STEAM-ACTIVATION-GUIDE.jpg 1280w\" sizes=\"(max-width: 804px) 100vw, 804px\" \/><\/p>\n<p>Melde dich nach dem Kauf auf deinem PC mit dem bereitgestellten Steam-Konto an. Sobald du angemeldet bist, navigiere zu deiner Bibliothek, installiere das Spiel und klicke auf den Play-Button.  Nach ein paar Minuten beende das Spiel und schalte Steam in den Offline-Modus \u2013 und schon bist du bereit f\u00fcr stundenlangen, aufregenden Spielspa\u00df!<\/p>\n<p>F\u00fcr einen umfassenden Einrichtungsprozess lesen Sie bitte unsere <a href=\"https:\/\/orkza.com\/de\/steam-account-activation-guide\/\" target=\"_blank\" rel=\"noopener\">vollst\u00e4ndige Aktivierungsanleitung<\/a><\/p>\n<h3><strong>Minimale Systemanforderungen<\/strong><\/h3>\n<ul>\n<li>Betriebssystem: Windows 10 (64-Bit)<\/li>\n<li>Prozessor: Intel Core i7-6700K oder AMD Ryzen 5 2600X<\/li>\n<li>Arbeitsspeicher: 16 GB RAM<\/li>\n<li>Grafik: NVIDIA GeForce GTX 970, 4 GB oder AMD Radeon RX 580<\/li>\n<li>Speicherplatz: 50 GB verf\u00fcgbarer Speicherplatz<\/li>\n<\/ul>\n<h3><strong>Empfohlene Systemanforderungen<\/strong><\/h3>\n<ul>\n<li>OS: Windows 10\/11 (64-Bit)<\/li>\n<li>Prozessor: Intel Core i5-12600K oder AMD Ryzen 7 5800X<\/li>\n<li>Arbeitsspeicher: 32 GB RAM<\/li>\n<li>Grafik: NVIDIA GeForce RTX 3080, 10 GB oder AMD Radeon RX 6800 XT<\/li>\n<li>Speicherplatz: 50 GB verf\u00fcgbarer Speicherplatz<\/li>\n<\/ul>\n<p>Entdecken Sie unsere neuesten <a href=\"https:\/\/orkza.com\/de\/produkt-kategorie\/pc-spiele\/\" target=\"_blank\" rel=\"noopener\">Spiel-Accounts<\/a><\/p>\n","protected":false},"excerpt":{"rendered":"<p>Bauen und verwalten Sie eine lebendige Stadt in Cities: Skylines II! Gestalten Sie Stra\u00dfen, Dienstleistungen und mehr mit realistischer Simulation auf unserem Steam-Account. <\/p>\n<p><img decoding=\"async\" class=\"alignnone wp-image-3526\" src=\"https:\/\/orkza.com\/wp-content\/uploads\/2024\/10\/Steam-Account-Notice-min-300x300.png\" alt=\"\" width=\"45\" height=\"45\" srcset=\"https:\/\/orkza.com\/wp-content\/uploads\/2024\/10\/Steam-Account-Notice-min-300x300.png 300w, https:\/\/orkza.com\/wp-content\/uploads\/2024\/10\/Steam-Account-Notice-min-scaled-430x430.png 430w, https:\/\/orkza.com\/wp-content\/uploads\/2024\/10\/Steam-Account-Notice-min-150x150.png 150w, https:\/\/orkza.com\/wp-content\/uploads\/2024\/10\/Steam-Account-Notice-min-scaled-700x700.png 700w, https:\/\/orkza.com\/wp-content\/uploads\/2024\/10\/Steam-Account-Notice-min-800x800.png 800w, https:\/\/orkza.com\/wp-content\/uploads\/2024\/10\/Steam-Account-Notice-min-768x768.png 768w, https:\/\/orkza.com\/wp-content\/uploads\/2024\/10\/Steam-Account-Notice-min-1536x1536.png 1536w, https:\/\/orkza.com\/wp-content\/uploads\/2024\/10\/Steam-Account-Notice-min-2048x2048.png 2048w\" sizes=\"(max-width: 45px) 100vw, 45px\" \/><strong>Hinweis: Kontodaten k\u00f6nnen nicht ge\u00e4ndert werden. Dies ist ein Steam-Konto mit lebenslangem Zugriff, nur f\u00fcr Offline-Spiele. <\/strong><\/p>\n","protected":false},"featured_media":17238,"comment_status":"open","ping_status":"closed","template":"","meta":[],"product_brand":[],"product_cat":[224],"product_tag":[249],"class_list":{"0":"post-17237","1":"product","2":"type-product","3":"status-publish","4":"has-post-thumbnail","6":"product_cat-simulation","7":"product_tag-steam","9":"first","10":"instock","11":"sale","12":"virtual","13":"purchasable","14":"product-type-simple"},"_links":{"self":[{"href":"https:\/\/orkza.com\/de\/wp-json\/wp\/v2\/product\/17237","targetHints":{"allow":["GET"]}}],"collection":[{"href":"https:\/\/orkza.com\/de\/wp-json\/wp\/v2\/product"}],"about":[{"href":"https:\/\/orkza.com\/de\/wp-json\/wp\/v2\/types\/product"}],"replies":[{"embeddable":true,"href":"https:\/\/orkza.com\/de\/wp-json\/wp\/v2\/comments?post=17237"}],"version-history":[{"count":0,"href":"https:\/\/orkza.com\/de\/wp-json\/wp\/v2\/product\/17237\/revisions"}],"wp:featuredmedia":[{"embeddable":true,"href":"https:\/\/orkza.com\/de\/wp-json\/wp\/v2\/media\/17238"}],"wp:attachment":[{"href":"https:\/\/orkza.com\/de\/wp-json\/wp\/v2\/media?parent=17237"}],"wp:term":[{"taxonomy":"product_brand","embeddable":true,"href":"https:\/\/orkza.com\/de\/wp-json\/wp\/v2\/product_brand?post=17237"},{"taxonomy":"product_cat","embeddable":true,"href":"https:\/\/orkza.com\/de\/wp-json\/wp\/v2\/product_cat?post=17237"},{"taxonomy":"product_tag","embeddable":true,"href":"https:\/\/orkza.com\/de\/wp-json\/wp\/v2\/product_tag?post=17237"}],"curies":[{"name":"wp","href":"https:\/\/api.w.org\/{rel}","templated":true}]}}